{"id":935,"date":"2021-01-20T09:17:35","date_gmt":"2021-01-20T09:17:35","guid":{"rendered":"https:\/\/ftd.cognihealth.in\/?page_id=935"},"modified":"2024-09-10T17:28:04","modified_gmt":"2024-09-10T17:28:04","slug":"symptoms","status":"publish","type":"page","link":"https:\/\/neurosymptoms.org\/sv_SE\/symptoms\/","title":{"rendered":"Symtom"},"content":{"rendered":"\n<p>De flesta patienter med funktionella eller dissociativa symtom har mer \u00e4n ett symtom.&nbsp; Att ha m\u00e5nga olika symtom p\u00e5 samma g\u00e5ng kan vara s\u00e4rskilt f\u00f6rbryllande med de h\u00e4r tillst\u00e5nden.<\/p>\n\n\n\n<hr class=\"wp-block-separator\"\/>\n\n\n\n<p>I det h\u00e4r avsnittet skiljer vi p\u00e5 k\u00e4rnsymtomen vid FNS och andra symtom, som sm\u00e4rta och tr\u00f6tthet &#8211; vilket personer med FNS ofta ocks\u00e5 har. Ofta kan det vara b\u00e4ttre att se alla de h\u00e4r symtomen som delar av samma tillst\u00e5nd snarare \u00e4n att tolka dem som flera olika tillst\u00e5nd, \u00e4ven om de kan ben\u00e4mnas annorlunda. S\u00e5 till exempel <em>l\u00e5ngvarig sm\u00e4rta<\/em> definieras inte som en del av FNS men f\u00f6rekommer ofta tillsammans och kan ha gemensamma orsaksfaktorer.<\/p>\n","protected":false},"excerpt":{"rendered":"<p><!-- wp:paragraph --><\/p>\n<p>De flesta patienter med funktionella eller dissociativa symtom har mer \u00e4n ett symtom.&nbsp; Att ha m\u00e5nga olika symtom p\u00e5 samma g\u00e5ng kan vara s\u00e4rskilt f\u00f6rbryllande med de h\u00e4r tillst\u00e5nden.<\/p>\n<p><!-- \/wp:paragraph --><\/p>\n<p><!-- wp:se...\n<\/p>\n","protected":false},"author":65,"featured_media":0,"parent":0,"menu_order":265,"comment_status":"closed","ping_status":"closed","template":"page-template\/symtoms.php","meta":[],"_links":{"self":[{"href":"https:\/\/neurosymptoms.org\/sv_SE\/wp-json\/wp\/v2\/pages\/935"}],"collection":[{"href":"https:\/\/neurosymptoms.org\/sv_SE\/wp-json\/wp\/v2\/pages"}],"about":[{"href":"https:\/\/neurosymptoms.org\/sv_SE\/wp-json\/wp\/v2\/types\/page"}],"author":[{"embeddable":true,"href":"https:\/\/neurosymptoms.org\/sv_SE\/wp-json\/wp\/v2\/users\/65"}],"replies":[{"embeddable":true,"href":"https:\/\/neurosymptoms.org\/sv_SE\/wp-json\/wp\/v2\/comments?post=935"}],"version-history":[{"count":87,"href":"https:\/\/neurosymptoms.org\/sv_SE\/wp-json\/wp\/v2\/pages\/935\/revisions"}],"predecessor-version":[{"id":15342,"href":"https:\/\/neurosymptoms.org\/sv_SE\/wp-json\/wp\/v2\/pages\/935\/revisions\/15342"}],"wp:attachment":[{"href":"https:\/\/neurosymptoms.org\/sv_SE\/wp-json\/wp\/v2\/media?parent=935"}],"curies":[{"name":"wp","href":"https:\/\/api.w.org\/{rel}","templated":true}]}}