{"id":655,"date":"2020-12-01T05:07:39","date_gmt":"2020-12-01T05:07:39","guid":{"rendered":"https:\/\/ftd.cognihealth.in\/?page_id=655"},"modified":"2024-02-02T11:36:33","modified_gmt":"2024-02-02T11:36:33","slug":"treatment-of-limb-weakness","status":"publish","type":"page","link":"https:\/\/neurosymptoms.org\/sv_SE\/treatment\/treatment-of-limb-weakness\/","title":{"rendered":"Behandling av svaghet"},"content":{"rendered":"\n<blockquote class=\"wp-block-quote\"><p><em>\u2026..En av de saker som patienter med funktionell svaghet ofta m\u00e4rker \u00e4r att det varierar hur uttalad svagheten \u00e4r vid olika tillf\u00e4llen \u2026..<\/em><\/p><\/blockquote>\n\n\n\n<p>Det h\u00e4r avsnittet baseras framf\u00f6rallt p\u00e5 f\u00f6rfattarnas egna erfarenheter av att ha f\u00f6rs\u00f6kt hj\u00e4lpa m\u00e5nga hundra patienter med funktionell svaghet att bli b\u00e4ttre.<\/p>\n\n\n\n<p>Om du inte har l\u00e4st dem, ta g\u00e4rna en titt p\u00e5 de h\u00e4r avsnitten innan du l\u00e4ser vidare:<\/p>\n\n\n\n<ol><li><a href=\"https:\/\/www.neurosymptoms.org\/symptoms\/fnd-symptoms\/functional-limb-weakness\/\">Funktionell svaghet<\/a>: Det \u00e4r verkligen viktigt att f\u00f6rst\u00e5 att de h\u00e4r symtomen \u00e4r vanliga, att de inte betyder att du \u00e4r p\u00e5 v\u00e4g att bli tokig eller \u201ctappa greppet\u201d, och att de kan vara m\u00f6jliga att behandla utan l\u00e4kemedel.<\/li><li><a href=\"https:\/\/www.neurosymptoms.org\/treatment-2\/understanding-your-condition\/\">Att f\u00f6rst\u00e5 FNS<\/a>: Det \u00e4r n\u00f6dv\u00e4ndigt att du k\u00e4nner att din l\u00e4kare har ringat in ditt problem p\u00e5 r\u00e4tt s\u00e4tt och kommit fram till r\u00e4tt diagnos.<\/li><li><a href=\"https:\/\/www.neurosymptoms.org\/treatment-2\/physiotherapy-exercise\/\">Fysioterapi och tr\u00e4ning<\/a>: H\u00e4r f\u00f6rklaras vissa grundl\u00e4ggande principer vid rehabilitering och tr\u00e4ning vid funktionella symtom som svaghet, sm\u00e4rta och tr\u00f6tthet.<\/li><li><a href=\"https:\/\/www.neurosymptoms.org\/treatment-2\/psychological-therapy\/\">Psykologisk behandling<\/a>: Om din l\u00e4kare har h\u00e4nvisat dig till en psykolog kanske du undrar varf\u00f6r. Att l\u00e4sa det h\u00e4r avsnittet kanske kan hj\u00e4lpa f\u00f6r att f\u00f6rst\u00e5.<\/li><\/ol>\n\n\n\n<h3><strong>Att l\u00e4ra sig att bem\u00e4stra funktionell svaghet \u2026<\/strong><\/h3>\n\n\n\n<p>Vi l\u00e4r oss fortfarande mer om vilka typer av behandlingar som fungerar b\u00e4st f\u00f6r patienter med funktionell svaghet.<\/p>\n\n\n\n<p><strong>Att f\u00f6rst\u00e5 det<\/strong><\/p>\n\n\n\n<p>Det kan vara f\u00f6rv\u00e5nande hur stor betydelse det har bara att f\u00e5 en en tydlig och begriplig f\u00f6rklaring av ett symtom. Patienter med funktionell svaghet kan ha g\u00e5tt i m\u00e5nader eller till och med \u00e5r utan en diagnos (eller ibland med en annan diagnos som MS).<\/p>\n\n\n\n<p>Det kan ta l\u00e5ng tid innan man verkligen begripit vad&nbsp;funktionell svaghet \u00e4r. F\u00f6r patienter som b\u00f6rjat bli b\u00e4ttre verkar det ha betydelse att det har gjort det.<\/p>\n\n\n\n<p>Att f\u00e5 klart f\u00f6r sig hur det h\u00e4nger ihop med alla andra <a href=\"https:\/\/www.neurosymptoms.org\/symptoms\/\">symtom<\/a> kan vara en viktig del av att f\u00f6rst\u00e5. Det kan hj\u00e4lpa att f\u00f6rst\u00e5 att din svaghet \u00e4r ett av m\u00e5nga symtom (vanligtvis sm\u00e4rta, tr\u00f6tthet och s\u00f6mnst\u00f6rning) och att du har ett sjukdomstillst\u00e5nd med m\u00e5nga olika symtom &#8211; inte m\u00e5nga symtom som orsakas av olika sjukdomar.<\/p>\n\n\n\n<p>Det \u00e4r troligen d\u00e4rf\u00f6r vissa av de behandlingar som har visat sig vara effektiva f\u00f6r patienter med <a href=\"https:\/\/www.neurosymptoms.org\/symptoms\/common-associated-symptoms\/fatigue\/\">l\u00e5ngvarig tr\u00f6tthet\/ME\/CFS<\/a> och <a href=\"https:\/\/www.neurosymptoms.org\/symptoms\/common-associated-symptoms\/pain\/\">l\u00e5ngvarig sm\u00e4rta<\/a> ocks\u00e5 kan hj\u00e4lpa patienter med funktionell svaghet.<\/p>\n\n\n\n<p>Dessa innefattar<\/p>\n\n\n\n<ol><li><a href=\"https:\/\/neurosymptoms.org\/sv_SE\/treatment-2\/physiotherapy-exercise\/\">Fysioterapi<\/a><\/li><li><a href=\"https:\/\/prod.neurosymptoms.org\/en_US\/treatment-2\/psychological-therapy\/\">Psykologisk behandling<\/a><\/li><li><a href=\"https:\/\/www.neurosymptoms.org\/treatment-2\/medication\/\">L\u00e4kemedel mot sm\u00e4rta och s\u00f6mnproblem<\/a><\/li><\/ol>\n\n\n\n<h3><strong>S\u00e4rskilda saker som \u00e4r viktiga vid funktionell svaghet<\/strong><\/h3>\n\n\n\n<blockquote class=\"wp-block-quote\"><p><em>\u2026F\u00f6rs\u00f6k, s\u00e5 mycket du kan, att t\u00e4nka p\u00e5 annat n\u00e4r du g\u00e5r\u2026.&nbsp;<\/em><\/p><\/blockquote>\n\n\n\n<p>En sak som patienter med funktionell svaghet ofta m\u00e4rker \u00e4r att det varierar hur uttalad svagheten \u00e4r vid olika tillf\u00e4llen. P\u00e5 tisdagen kan ditt ben k\u00e4nnas riktigt tungt och sl\u00e4pande, men p\u00e5 onsdagen \u00e4r symtomen mycket mer i bakgrunden. Just variationen i symtomen \u00e4r ett vanligt k\u00e4nnetecken f\u00f6r m\u00e5nga funktionella symtom. Om du t\u00e4nker efter s\u00e5 \u00e4r det en av anledningarna till att diagnosen \u00e4r vettig och begriplig. Om det skulle vara en strukturell skada p\u00e5 nervsystemet, skulle symtomen kunna variera lite grann, men inte s\u00e5 dramatiskt som det kan g\u00f6ra vid funktionell svaghet.<\/p>\n\n\n\n<p>Det finns flera anledningar till att funktionella r\u00f6relserubbningar kan variera i sv\u00e5righetsgrad:<\/p>\n\n\n\n<ol><li>Vid \u00f6kad <a href=\"https:\/\/www.neurosymptoms.org\/symptoms\/common-associated-symptoms\/fatigue\/\">tr\u00f6tthet<\/a><\/li><li>Vid \u00f6kad <a href=\"https:\/\/www.neurosymptoms.org\/symptoms\/common-associated-symptoms\/pain\/\">sm\u00e4rta<\/a><\/li><li>N\u00e4r du t\u00e4nker medvetet p\u00e5 dina r\u00f6relser.<\/li><\/ol>\n\n\n\n<p>Det h\u00e4r sista f\u00f6rtj\u00e4nar lite eftertanke. Du kan ha m\u00e4rkt att ju mer du t\u00e4nker p\u00e5 att r\u00f6ra din kroppsdel, desto tyngre och sv\u00e5rare kan det vara att r\u00f6ra den.<\/p>\n\n\n\n<p>Det h\u00e4r beror p\u00e5 att r\u00f6relser fungerar b\u00e4st n\u00e4r de sker automatiskt. Normalt t\u00e4nker du inte p\u00e5 att g\u00e5 n\u00e4r du g\u00e5r uppf\u00f6r trappor eller i aff\u00e4rer. Om friska personer b\u00f6rjar t\u00e4nka p\u00e5 hur de g\u00e5r blir det faktiskt ofta fel.&nbsp;<\/p>\n\n\n\n<p>Att p\u00e5minna sig om det h\u00e4r kan vara till hj\u00e4lp i behandlingen av FNS.<\/p>\n\n\n\n<p>F\u00f6rs\u00f6k, s\u00e5 mycket det g\u00e5r, att inte t\u00e4nka p\u00e5 dina r\u00f6relser n\u00e4r du g\u00e5r. M\u00e5nga fysioterapeuter vet inte riktigt hur de ska kunna hj\u00e4lpa patienter med FNS. I de flesta fall fungerar \u00f6vningar som aktiverar b\u00e4gge armarna eller b\u00e4gge benen b\u00e4ttre \u00e4n \u00f6vningar som fokuserar p\u00e5 den svaga kroppsdelen.<\/p>\n\n\n\n<p>Kom ih\u00e5g att du ska f\u00f6rs\u00f6ka \u00e5terf\u00e5 kontroll \u00f6ver en kroppsdel som inte helt och h\u00e5llet \u201ck\u00e4nns som din\u201d. Du kan ha vant dig vid att h\u00e5lla kroppsdelen i en speciell position.<\/p>\n\n\n\n<p>Personer med funktionell svaghet i en arm brukar ofta l\u00e4gga den i kn\u00e4t, s\u00e4rskilt om man ocks\u00e5 har ont.<\/p>\n\n\n\n<p>Personer med funktionell svaghet i ett ben m\u00e4rker ibland att de sitter med vristen in\u00e5tv\u00e4nd.<\/p>\n\n\n\n<p>De h\u00e4r st\u00e4llningarna kan k\u00e4nnas naturliga, men det \u00e4r de inte. Din hj\u00e4rna tror att det \u00e4r normala positioner, och kan ha vant sig vid f\u00f6rest\u00e4llningen att din ena kroppshalva inte k\u00e4nns som den andra.<\/p>\n\n\n\n<p>M\u00e5let med behandlingen \u00e4r att f\u00f6rs\u00f6ka f\u00e5 din hj\u00e4rna att uppleva normala, naturliga r\u00f6relser igen.<\/p>\n\n\n\n<h3><strong>Andra behandlingar<\/strong><\/h3>\n\n\n\n<p>Om du absolut inte blir b\u00e4ttre i din funktionella svaghet kan det vara v\u00e4rt att prova hypnos. Ibland kan normala r\u00f6relser \u00e5terkomma under hypnos.<\/p>\n\n\n\n<p>Enstaka patienter med funktionell svaghet har f\u00f6rb\u00e4ttrats under s\u00f6vning med narkosmedel. Det h\u00e4r ska bara utf\u00f6ras om det finns en total f\u00f6rlamning och din l\u00e4kare har erfarenhet av den h\u00e4r tekniken. Det \u00e4r inte en universall\u00f6sning f\u00f6r funktionell svaghet!<\/p>\n\n\n\n<h2><strong>&nbsp;<\/strong><\/h2>\n","protected":false},"excerpt":{"rendered":"<p>N\u00e5gra tips vid behandling av Funktionell svaghet.<\/p>\n","protected":false},"author":65,"featured_media":0,"parent":1012,"menu_order":305,"comment_status":"closed","ping_status":"closed","template":"page-template\/symptom-details-page-template.php","meta":[],"_links":{"self":[{"href":"https:\/\/neurosymptoms.org\/sv_SE\/wp-json\/wp\/v2\/pages\/655"}],"collection":[{"href":"https:\/\/neurosymptoms.org\/sv_SE\/wp-json\/wp\/v2\/pages"}],"about":[{"href":"https:\/\/neurosymptoms.org\/sv_SE\/wp-json\/wp\/v2\/types\/page"}],"author":[{"embeddable":true,"href":"https:\/\/neurosymptoms.org\/sv_SE\/wp-json\/wp\/v2\/users\/65"}],"replies":[{"embeddable":true,"href":"https:\/\/neurosymptoms.org\/sv_SE\/wp-json\/wp\/v2\/comments?post=655"}],"version-history":[{"count":74,"href":"https:\/\/neurosymptoms.org\/sv_SE\/wp-json\/wp\/v2\/pages\/655\/revisions"}],"predecessor-version":[{"id":14295,"href":"https:\/\/neurosymptoms.org\/sv_SE\/wp-json\/wp\/v2\/pages\/655\/revisions\/14295"}],"up":[{"embeddable":true,"href":"https:\/\/neurosymptoms.org\/sv_SE\/wp-json\/wp\/v2\/pages\/1012"}],"wp:attachment":[{"href":"https:\/\/neurosymptoms.org\/sv_SE\/wp-json\/wp\/v2\/media?parent=655"}],"curies":[{"name":"wp","href":"https:\/\/api.w.org\/{rel}","templated":true}]}}