{"id":645,"date":"2020-12-01T04:37:22","date_gmt":"2020-12-01T04:37:22","guid":{"rendered":"https:\/\/ftd.cognihealth.in\/?page_id=645"},"modified":"2024-02-02T11:56:18","modified_gmt":"2024-02-02T11:56:18","slug":"family-and-work","status":"publish","type":"page","link":"https:\/\/neurosymptoms.org\/sv_SE\/treatment\/family-and-work\/","title":{"rendered":"Familj och jobb"},"content":{"rendered":"\n<h2><strong>Vad ska du s\u00e4ga till din familj och p\u00e5 jobbet om dina symtom?<\/strong><\/h2>\n\n\n\n<p>Det kan vara sv\u00e5rt nog att sj\u00e4lv f\u00f6rst\u00e5 vad funktionella symtom \u00e4r, utan att beh\u00f6va f\u00f6rklara det f\u00f6r andra.<\/p>\n\n\n\n<p>Om du har drabbats av till exempel svaghet i ett ben och folk f\u00e5r h\u00f6ra att alla unders\u00f6kningar \u00e4r normala, s\u00e5 kan det tyv\u00e4rr visa sig att folk visar mindre medk\u00e4nsla eller till och med b\u00f6rjar undra om du verkligen har symtomet.<\/p>\n\n\n\n<p>Det h\u00e4r kan vara otroligt sv\u00e5rt att hantera som patient. Du <em>vet <\/em>att symtomen \u00e4r p\u00e5 riktigt och att du inte k\u00e4nner att du har kontroll \u00f6ver din kropp. Det blir \u00e4nnu v\u00e4rre av att t\u00e4nka att andra tror att du kanske har kontroll trots allt.<\/p>\n\n\n\n<p>Det kan vara v\u00e4rt att fundera \u00f6ver hur du ska f\u00f6rklara det h\u00e4r f\u00f6r dina v\u00e4nner, familj eller arbetsgivare.<\/p>\n\n\n\n<p>Ett pragmatiskt s\u00e4tt \u00e4r f\u00f6ljande:<\/p>\n\n\n\n<ol><li><strong>F\u00f6rklara vad FNS \u00e4r f\u00f6r dina n\u00e4ra v\u00e4nner och familj.<\/strong> De kan vara v\u00e4ldigt oroliga f\u00f6r dig och fundera \u00f6ver om du har multipel skleros eller epilepsi. Om de blir mindre oroliga kanske det i slut\u00e4ndan kan hj\u00e4lpa dig att k\u00e4nna dig mer positiv kring ditt tillst\u00e5nd. De kanske kan hj\u00e4lpa dig att ta reda p\u00e5 mer om tillst\u00e5ndet och uppmuntra dig i behandlingen.<\/li><\/ol>\n\n\n\n<p>Du kanske vill rekommendera att de l\u00e4ser p\u00e5 den h\u00e4r hemsidan.<\/p>\n\n\n\n<ol start=\"2\"><li><strong>F\u00f6r nyfikna och fr\u00e5gvisa<\/strong> &#8211; ett svar som \u201c<em>Jag har kontakt med en neurolog och f\u00f6rhoppningsvis b\u00f6rjar det snart g\u00e5 \u00e5t r\u00e4tt h\u00e5ll<\/em>\u201d kan vara tillr\u00e4ckligt f\u00f6r att f\u00e5 tyst p\u00e5 dem!<\/li><li><strong>F\u00f6r arbetsgivare \/ F\u00f6rs\u00e4kringskassan \/ F\u00f6rs\u00e4kringsbolag<\/strong>&nbsp; &#8211; beroende p\u00e5 omst\u00e4ndigheterna kan du beh\u00f6va ber\u00e4tta f\u00f6r din arbetsgivare vad du har f\u00f6r tillst\u00e5nd, s\u00e4rskilt om du har varit tvungen att vara borta fr\u00e5n arbetet ett tag. Det \u00e4r inte alltid de kan kr\u00e4va att f\u00e5 information, utan ditt samtycke kan beh\u00f6vas.<\/li><li><strong>F\u00f6r skolan<\/strong>&nbsp; \u2013 ett brev till din l\u00e4rare som f\u00f6rklarar hur ditt tillst\u00e5nd fungerar kan hj\u00e4lpa. Det g\u00e4ller s\u00e4rskilt vid anfall, d\u00e4r de som bevittnar anfallet ibland kan bli r\u00e4dda och \u00f6verreagerar.<\/li><\/ol>\n\n\n\n<p>De kan ocks\u00e5 ha nytta av att l\u00e4sa p\u00e5 den h\u00e4r hemsidan.<\/p>\n\n\n\n<p>Det kan vara s\u00e5 att ditt st\u00f6rsta problem \u00e4r tr\u00f6tthet och att du har f\u00e5tt diagnosen Kroniskt tr\u00f6tthetssyndrom. I s\u00e5 fall kanske du tycker att det k\u00e4nns b\u00e4st att f\u00f6rklara detta som huvudorsaken till dina sv\u00e5righeter.<\/p>\n\n\n\n<p>Likadant om ditt st\u00f6rsta problem \u00e4r sm\u00e4rta, och du har f\u00e5tt diagnosen Fibromyalgi eller L\u00e5ngvarig sm\u00e4rta, s\u00e5 kan det bli tydligast att lyfta fram detta som huvudorsak.<\/p>\n\n\n\n<p>Problemet med FNS \u00e4r att diagnosen fortfarande \u00e4r ok\u00e4nd hos m\u00e5nga, vilket g\u00f6r att diagnosen inte f\u00f6rst\u00e5s p\u00e5 r\u00e4tt s\u00e4tt och ibland leder det till att den inte betraktas som en riktig orsak till nedsatt funktion eller sv\u00e5righeter. Det d\u00e4r h\u00e5ller l\u00e5ngsamt p\u00e5 att f\u00f6r\u00e4ndras.<\/p>\n\n\n\n<figure class=\"wp-block-image size-large is-resized\"><img loading=\"lazy\" src=\"https:\/\/pre-prod.neurosymptoms.org\/wp-content\/uploads\/2022\/02\/Svensk-flagga.jpg\" alt=\"\" class=\"wp-image-5918\" width=\"46\" height=\"31\" srcset=\"https:\/\/neurosymptoms.org\/wp-content\/uploads\/2022\/02\/Svensk-flagga.jpg 510w, https:\/\/neurosymptoms.org\/wp-content\/uploads\/2022\/02\/Svensk-flagga-300x200.jpg 300w\" sizes=\"(max-width: 46px) 100vw, 46px\" \/><\/figure>\n\n\n\n<p>Om du enbart har symtom som svaghet eller anfall \u00e4r den officiella termen f\u00f6r tillst\u00e5ndet, som godk\u00e4nns av t ex F\u00f6rs\u00e4kringskassan, \u201cFunktionell Neurologisk Symtomst\u00f6rning (Konversionstillst\u00e5nd)\u201d (Diagnoskod DSM 5: 300.11, ICD 10: F44.1-9). Funktionella Neurologiska Symtom (FNS) har nu f\u00e5tt ett stort erk\u00e4nnande som begrepp.<\/p>\n","protected":false},"excerpt":{"rendered":"<p>N\u00e5gra tips om hur man kan f\u00f6rklara FNS f\u00f6r familj och v\u00e4nner.<\/p>\n","protected":false},"author":65,"featured_media":0,"parent":1012,"menu_order":303,"comment_status":"closed","ping_status":"closed","template":"page-template\/symptom-details-page-template.php","meta":[],"_links":{"self":[{"href":"https:\/\/neurosymptoms.org\/sv_SE\/wp-json\/wp\/v2\/pages\/645"}],"collection":[{"href":"https:\/\/neurosymptoms.org\/sv_SE\/wp-json\/wp\/v2\/pages"}],"about":[{"href":"https:\/\/neurosymptoms.org\/sv_SE\/wp-json\/wp\/v2\/types\/page"}],"author":[{"embeddable":true,"href":"https:\/\/neurosymptoms.org\/sv_SE\/wp-json\/wp\/v2\/users\/65"}],"replies":[{"embeddable":true,"href":"https:\/\/neurosymptoms.org\/sv_SE\/wp-json\/wp\/v2\/comments?post=645"}],"version-history":[{"count":81,"href":"https:\/\/neurosymptoms.org\/sv_SE\/wp-json\/wp\/v2\/pages\/645\/revisions"}],"predecessor-version":[{"id":14302,"href":"https:\/\/neurosymptoms.org\/sv_SE\/wp-json\/wp\/v2\/pages\/645\/revisions\/14302"}],"up":[{"embeddable":true,"href":"https:\/\/neurosymptoms.org\/sv_SE\/wp-json\/wp\/v2\/pages\/1012"}],"wp:attachment":[{"href":"https:\/\/neurosymptoms.org\/sv_SE\/wp-json\/wp\/v2\/media?parent=645"}],"curies":[{"name":"wp","href":"https:\/\/api.w.org\/{rel}","templated":true}]}}