{"id":631,"date":"2020-12-01T02:51:31","date_gmt":"2020-12-01T02:51:31","guid":{"rendered":"https:\/\/ftd.cognihealth.in\/?page_id=631"},"modified":"2024-11-01T03:45:31","modified_gmt":"2024-11-01T03:45:31","slug":"understanding-fnd","status":"publish","type":"page","link":"https:\/\/neurosymptoms.org\/sv_SE\/treatment\/understanding-fnd\/","title":{"rendered":"Att f\u00f6rst\u00e5 FNS + Arbetsbok"},"content":{"rendered":"\n<p>Om du inte l\u00e4st sidan om \u2018<a href=\"https:\/\/prod.neurosymptoms.org\/en_US\/causes\/\">orsaker<\/a>\u2018 \u00e4n, kan det vara till hj\u00e4lp f\u00f6r dig innan du forts\u00e4tter att l\u00e4sa.<\/p>\n\n\n\n<p>Det finns s\u00e4llan \u201cgenv\u00e4gar\u201d f\u00f6r FNS, men det finns v\u00e4gar att g\u00e5 och med tid och anstr\u00e4ngning kan symtomen bli mindre p\u00e5tagliga och du kan d\u00e5 m\u00e5 b\u00e4ttre.&nbsp;<\/p>\n\n\n\n<p>Personer som vi tr\u00e4ffat och som har f\u00f6rb\u00e4ttrats s\u00e4ger att en av de viktigaste faktorerna f\u00f6r att f\u00f6rb\u00e4ttras verkar vara huruvida diagnosen och f\u00f6rklaringen som de f\u00e5tt var rimlig och begriplig f\u00f6r dem, kanske inte omedelbart men \u00e5tminstone efter ett tag.&nbsp;<\/p>\n\n\n\n<p>De viktigaste delarna av f\u00f6rklaringen verkar vara dessa:<\/p>\n\n\n\n<ol><li>Du har n\u00e5got som \u00e4r vanligt \u2013 du \u00e4r <strong>inte konstig<\/strong><\/li><li>Du har n\u00e5gonting verkligt \u2013 du <strong>inbillar dig inte<\/strong><\/li><li>Du har symtom som \u00e4r <strong>potentiellt botbara<\/strong><\/li><li>Det \u00e4r <strong>inte ditt fel<\/strong> att du har symtomen<\/li><li>Men du <strong>kommer att beh\u00f6va anstr\u00e4nga dig f\u00f6r att bli b\u00e4ttre<\/strong><\/li><\/ol>\n\n\n\n<p>Om du har tillg\u00e5ng till din journal, l\u00e4s den och f\u00f6rs\u00f6k att f\u00f6rst\u00e5 den. Att l\u00e4sa igenom den h\u00e4r hemsidan kan hj\u00e4lpa dig att f\u00f6rst\u00e5 ditt tillst\u00e5nd \u00e4nnu b\u00e4ttre.<\/p>\n\n\n\n<p>Om du kommer till en punkt d\u00e4r du tycker att diagnosen verkar rimlig, d\u00e4r du inte oroar dig f\u00f6r att diagnosen \u00e4r felaktig, du inser att m\u00e5nga har samma problem och att det finns hopp f\u00f6r b\u00e4ttring, d\u00e5 \u00e4r det en utm\u00e4rkt startpunkt f\u00f6r behandling.<\/p>\n\n\n\n<p>Att tr\u00e4ffa sjukv\u00e5rdspersonal som f\u00f6rst\u00e5r FNS-diagnosen och kan skapa trygghet kring varf\u00f6r den st\u00e4llts tror vi \u00e4r en viktig <em>startpunkt <\/em>f\u00f6r behandlingen. Men f\u00f6r de flesta \u00e4r det bara en startpunkt. Som vid alla tillst\u00e5nd beh\u00f6ver du ocks\u00e5 information om vad som \u00e4r fel s\u00e5 att du kan p\u00e5b\u00f6rja behandling.&nbsp;<\/p>\n\n\n\n<p>Nedan kan du eller din behandlare ladda ned en Arbetsbok som kan vara bra att anv\u00e4nda under din behandling. Den kommer fr\u00e5n den australiensiska organisationen <em><a href=\"https:\/\/fndaustralia.com.au\/\">Australian FND Network<\/a><\/em> och har \u00f6versatts till svenska 2023. <\/p>\n\n\n\n<figure class=\"wp-block-image size-large is-resized\"><img loading=\"lazy\" src=\"https:\/\/pre-prod.neurosymptoms.org\/wp-content\/uploads\/2023\/02\/Framsida-Arbetsbok-FNS-SWE-2023.jpg\" alt=\"\" class=\"wp-image-13398\" width=\"264\" height=\"375\" srcset=\"https:\/\/neurosymptoms.org\/wp-content\/uploads\/2023\/02\/Framsida-Arbetsbok-FNS-SWE-2023.jpg 591w, https:\/\/neurosymptoms.org\/wp-content\/uploads\/2023\/02\/Framsida-Arbetsbok-FNS-SWE-2023-211x300.jpg 211w\" sizes=\"(max-width: 264px) 100vw, 264px\" \/><\/figure>\n\n\n\n<div class=\"wp-block-file\"><a href=\"https:\/\/pre-prod.neurosymptoms.org\/wp-content\/uploads\/2023\/02\/Arbetsbok-FNS-SWE-2023.pdf\">Arbetsbok-FNS-SWE-2023<\/a><\/div>\n","protected":false},"excerpt":{"rendered":"<p>Att f\u00f6rst\u00e5 hur diagnosen har st\u00e4llts \u00e4r en viktig startpunkt f\u00f6r behandlingen.<\/p>\n","protected":false},"author":65,"featured_media":0,"parent":1012,"menu_order":296,"comment_status":"closed","ping_status":"closed","template":"page-template\/symptom-details-page-template.php","meta":[],"_links":{"self":[{"href":"https:\/\/neurosymptoms.org\/sv_SE\/wp-json\/wp\/v2\/pages\/631"}],"collection":[{"href":"https:\/\/neurosymptoms.org\/sv_SE\/wp-json\/wp\/v2\/pages"}],"about":[{"href":"https:\/\/neurosymptoms.org\/sv_SE\/wp-json\/wp\/v2\/types\/page"}],"author":[{"embeddable":true,"href":"https:\/\/neurosymptoms.org\/sv_SE\/wp-json\/wp\/v2\/users\/65"}],"replies":[{"embeddable":true,"href":"https:\/\/neurosymptoms.org\/sv_SE\/wp-json\/wp\/v2\/comments?post=631"}],"version-history":[{"count":102,"href":"https:\/\/neurosymptoms.org\/sv_SE\/wp-json\/wp\/v2\/pages\/631\/revisions"}],"predecessor-version":[{"id":15675,"href":"https:\/\/neurosymptoms.org\/sv_SE\/wp-json\/wp\/v2\/pages\/631\/revisions\/15675"}],"up":[{"embeddable":true,"href":"https:\/\/neurosymptoms.org\/sv_SE\/wp-json\/wp\/v2\/pages\/1012"}],"wp:attachment":[{"href":"https:\/\/neurosymptoms.org\/sv_SE\/wp-json\/wp\/v2\/media?parent=631"}],"curies":[{"name":"wp","href":"https:\/\/api.w.org\/{rel}","templated":true}]}}