{"id":629,"date":"2020-12-01T02:49:15","date_gmt":"2020-12-01T02:49:15","guid":{"rendered":"https:\/\/ftd.cognihealth.in\/?page_id=629"},"modified":"2023-02-17T22:30:11","modified_gmt":"2023-02-17T22:30:11","slug":"treatment-overview","status":"publish","type":"page","link":"https:\/\/neurosymptoms.org\/sv_SE\/treatment-overview\/","title":{"rendered":"Treatment Overview"},"content":{"rendered":"\n<p>N\u00e4r du k\u00e4nner att du har b\u00f6rjat f\u00f6rst\u00e5 ditt tillst\u00e5nd lite b\u00e4ttre kan du l\u00e4sa om olika typer av behandling nedan. <\/p>\n","protected":false},"excerpt":{"rendered":"<p><!-- wp:paragraph --><\/p>\n<p>N\u00e4r du k\u00e4nner att du har b\u00f6rjat f\u00f6rst\u00e5 ditt tillst\u00e5nd lite b\u00e4ttre kan du l\u00e4sa om olika typer av behandling nedan. <\/p>\n<p><!-- \/wp:paragraph -->&#8230;<\/p>\n","protected":false},"author":65,"featured_media":0,"parent":0,"menu_order":310,"comment_status":"closed","ping_status":"closed","template":"","meta":[],"_links":{"self":[{"href":"https:\/\/neurosymptoms.org\/sv_SE\/wp-json\/wp\/v2\/pages\/629"}],"collection":[{"href":"https:\/\/neurosymptoms.org\/sv_SE\/wp-json\/wp\/v2\/pages"}],"about":[{"href":"https:\/\/neurosymptoms.org\/sv_SE\/wp-json\/wp\/v2\/types\/page"}],"author":[{"embeddable":true,"href":"https:\/\/neurosymptoms.org\/sv_SE\/wp-json\/wp\/v2\/users\/65"}],"replies":[{"embeddable":true,"href":"https:\/\/neurosymptoms.org\/sv_SE\/wp-json\/wp\/v2\/comments?post=629"}],"version-history":[{"count":19,"href":"https:\/\/neurosymptoms.org\/sv_SE\/wp-json\/wp\/v2\/pages\/629\/revisions"}],"predecessor-version":[{"id":13420,"href":"https:\/\/neurosymptoms.org\/sv_SE\/wp-json\/wp\/v2\/pages\/629\/revisions\/13420"}],"wp:attachment":[{"href":"https:\/\/neurosymptoms.org\/sv_SE\/wp-json\/wp\/v2\/media?parent=629"}],"curies":[{"name":"wp","href":"https:\/\/api.w.org\/{rel}","templated":true}]}}