{"id":621,"date":"2020-12-01T02:39:19","date_gmt":"2020-12-01T02:39:19","guid":{"rendered":"https:\/\/ftd.cognihealth.in\/?page_id=621"},"modified":"2024-11-01T03:26:28","modified_gmt":"2024-11-01T03:26:28","slug":"why-has-it-happened","status":"publish","type":"page","link":"https:\/\/neurosymptoms.org\/sv_SE\/causes\/why-has-it-happened\/","title":{"rendered":"Varf\u00f6r har det uppst\u00e5tt?"},"content":{"rendered":"\n<p>Vilka orsaker kan d\u00e5 finnas till att det blir den f\u00f6r\u00e4ndring i nervsystemets funktion som beskrivits p\u00e5 <a href=\"https:\/\/www.neurosymptoms.org\/causes\/4594358020\">f\u00f6rra sidan?<\/a><\/p>\n\n\n\n<p>Svaret verkar vara att det finns m\u00e5nga t\u00e4nkbara orsaker till att en individ kan bli s\u00e5rbar f\u00f6r att utveckla funktionella symtom. Orsakerna kan delas in i:&nbsp;<\/p>\n\n\n\n<ul><li><strong>Predisponerande Faktorer:<\/strong> saker som fanns innan symtomen b\u00f6rjade<\/li><li><strong>Utl\u00f6sande faktorer: <\/strong>saker som fanns vid tidpunkten n\u00e4r symtomen b\u00f6rjade<\/li><li><strong>Vidmakth\u00e5llande Faktorer<\/strong>: saker som h\u00e4nt efter att symtomen b\u00f6rjade<\/li><\/ul>\n\n\n\n<p>&nbsp;De h\u00e4r faktorerna kan vara<\/p>\n\n\n\n<ul><li><strong>Biologiska:<\/strong> till exempel finns en det troligen en genetisk s\u00e5rbarhet f\u00f6r de h\u00e4r symtomen<\/li><li><strong>Psykologiska:<\/strong> till exempel n\u00e4r du oroar dig f\u00f6r att en huvudv\u00e4rk kan bero p\u00e5 en hj\u00e4rntum\u00f6r s\u00e5 brukar det g\u00f6ra huvudv\u00e4rken v\u00e4rre<\/li><li><strong>Sociala: <\/strong>till exempel om du inte trivs p\u00e5 jobbet och din chef behandlar dig illa, s\u00e5 brukar du m\u00e5 s\u00e4mre<\/li><\/ul>\n\n\n\n<p>Det h\u00e4r kallas den \u201cbiopsykosociala sjukdomsmodellen\u201d. Den g\u00e4ller inte bara funktionella tillst\u00e5nd. All sjukdom har en medicinsk, en psykologisk och en social dimension. N\u00e5gon med Multipel skleros som k\u00e4nner sig usel eller har hamnat i skulder brukar uppleva sv\u00e5rare symtom \u00e4n n\u00e5gon med Multipel skleros som <em>inte <\/em>\u00e4r olycklig och <em>inte <\/em>har n\u00e5gra andra stressande saker i livet.<\/p>\n\n\n\n<p>V\u00e5ra modeller kring varf\u00f6r m\u00e4nniskor f\u00e5r funktionella symtom \u00e4r inte kompletta. M\u00e5nga av de faktorer som verkar vara viktiga, verkar ocks\u00e5 vara viktiga f\u00f6r en m\u00e4ngd andra symtom.<\/p>\n\n\n\n<p>Det \u00e4r fortfarande ofta oklart varf\u00f6r n\u00e5gon med dessa s\u00e5rbarheter till exempel just blir svag i en kroppshalva, eller b\u00f6rjar utveckla en tremor.<\/p>\n\n\n\n<p>&nbsp;Vi har f\u00f6rklarat n\u00e5gra id\u00e9er om varf\u00f6r de h\u00e4r individuella symtomen kan uppst\u00e5 p\u00e5 respektive sidor (se<a href=\"https:\/\/www.neurosymptoms.org\/functional-limb-weakness\/4594357994\"> svaghet,<\/a><a href=\"https:\/\/www.neurosymptoms.org\/sensory-symptoms\/4594357996\"> sensoriska symtom<\/a>,<a href=\"https:\/\/www.neurosymptoms.org\/blackoutsattacks\/4594357995\"> anfall<\/a>,<a href=\"https:\/\/www.neurosymptoms.org\/movement-disorders\/4594357997\"> r\u00f6relserubbning)<\/a>.<\/p>\n\n\n\n<p>Bilden nedan visar n\u00e5gra faktorer som kan vara viktiga n\u00e4r funktionella symtom uppst\u00e5r. Men n\u00e4r du tittar p\u00e5 den, kom ih\u00e5g att det varierar enormt mycket i hur m\u00e5nga av dessa faktorer som \u00e4r relevanta f\u00f6r olika personer. F\u00f6r vissa \u00e4r flera faktorer relevanta. F\u00f6r andra \u00e4r det bara en eller ett par.<\/p>\n\n\n\n<p>Det \u00e4r s\u00e4rskilt viktigt att p\u00e5peka att:<\/p>\n\n\n\n<blockquote class=\"wp-block-quote\"><p>DU BEH\u00d6VER INTE VARA STRESSAD, DEPRIMERAD ELLER HA \u00c5NGEST F\u00d6R ATT UTVECKLA FNS<\/p><p>DU BEH\u00d6VER INTE HA HAFT EN NEGATIV BARNDOM F\u00d6R ATT UTVECKLA FNS<\/p><\/blockquote>\n\n\n\n<figure class=\"wp-block-image size-large\"><img loading=\"lazy\" width=\"1024\" height=\"676\" src=\"https:\/\/pre-prod.neurosymptoms.org\/wp-content\/uploads\/2022\/02\/Hjarna-1-6-1024x676.jpg\" alt=\"\" class=\"wp-image-6098\" srcset=\"https:\/\/neurosymptoms.org\/wp-content\/uploads\/2022\/02\/Hjarna-1-6-1024x676.jpg 1024w, https:\/\/neurosymptoms.org\/wp-content\/uploads\/2022\/02\/Hjarna-1-6-300x198.jpg 300w, https:\/\/neurosymptoms.org\/wp-content\/uploads\/2022\/02\/Hjarna-1-6-768x507.jpg 768w, https:\/\/neurosymptoms.org\/wp-content\/uploads\/2022\/02\/Hjarna-1-6-1536x1014.jpg 1536w, https:\/\/neurosymptoms.org\/wp-content\/uploads\/2022\/02\/Hjarna-1-6-2048x1352.jpg 2048w\" sizes=\"(max-width: 1024px) 100vw, 1024px\" \/><figcaption><em>En modell \u00f6ver hur olika riskfaktorer leder till och uppr\u00e4tth\u00e5ller FNS &#8211; ett tillst\u00e5nd som p\u00e5g\u00e5r i hj\u00e4rnan.&nbsp;<\/em><\/figcaption><\/figure>\n\n\n\n<p><\/p>\n\n\n\n<p>L\u00e5t oss titta p\u00e5 n\u00e5gra av de h\u00e4r faktorerna mer i detalj.<\/p>\n\n\n\n<h3><strong>Predisponerande faktorer (saker som \u00f6kar s\u00e5rbarhet)<\/strong><\/h3>\n\n\n\n<p>Vi vet fr\u00e5n studier att det \u00e4r runt 2-4 g\u00e5nger mer sannolikt att personer med FNS har negativa erfarenheter under uppv\u00e4xten eller i vuxenlivet, s\u00e5som fysiska eller sexuella \u00f6vergrepp. Det betyder fortfarande att de flesta inte har upplevt det. Men hur kan det g\u00f6ra att man blir med s\u00e5rbar f\u00f6r att utveckla FNS? Det kommer sig troligen av flera orsaker:<\/p>\n\n\n\n<ul><li>Att ha negativa erfarenheter \u00f6kar k\u00e4nsligheten i dina \u201cfight or flight\u201d- responser s\u00e5 att de \u201clarmar\u201d l\u00e4ttare senare i livet &#8211; \u00e4ven n\u00e4r det bara r\u00f6r sig om en mindre skada eller sjukdom.<\/li><li>Skada och \u00f6vergrepp f\u00f6rst\u00e4rker en tendens att \u201cdissociera\u201d som en reaktion p\u00e5 hemska, hotande och sm\u00e4rtsamma upplevelser. Det h\u00e4r \u201creaktionsm\u00f6nstret\u201d kan \u00e5teraktiveras senare i livet n\u00e4r det h\u00e4nder n\u00e5got annat hotfullt.<\/li><\/ul>\n\n\n\n<p>Om du har upplevt negativa saker tidigare i livet kanske du k\u00e4nner hoppl\u00f6shet \u00f6ver att \u201cskadan redan \u00e4r skedd\u201d. S\u00e5 \u00e4r det inte. Behandling kan fokusera p\u00e5 den h\u00e4r typen av faktorer om de finns, och hj\u00e4lpa dig att \u201c\u00e5tertr\u00e4na\u201d de h\u00e4r l\u00e5ngvariga reaktionsm\u00f6nstren. Det h\u00e4r kan hj\u00e4lpa dig att bearbeta vad som har h\u00e4nt, men ocks\u00e5 g\u00f6ra att du kan hantera \u201chot\u201d mot din kropp enklare.&nbsp;<\/p>\n\n\n\n<p>Det finns andra predisponerande faktorer som \u00e4r precis lika viktiga. Andra vanliga fysiska sjukdomar som Migr\u00e4n eller \u00d6verr\u00f6rlighetssyndrom\/Ehlers Danlos syndrom verkar g\u00f6ra personer mer ben\u00e4gna att f\u00e5 FNS. Andra medicinska tillst\u00e5nd \u00e4r faktiskt en av de vanligaste riskfaktorerna f\u00f6r FNS generellt.<\/p>\n\n\n\n<p>Det finns vissa bel\u00e4gg f\u00f6r att personer med FNS har en st\u00f6rre ben\u00e4genhet att vara tv\u00e5ngsm\u00e4ssiga, vilket g\u00f6r dem noggranna och ofta bra p\u00e5 sitt arbete, men ocks\u00e5 inte s\u00e5 bra p\u00e5 att \u201csl\u00e4ppa taget\u201d n\u00e4r ett felaktigt program kommit in i hj\u00e4rnan vid FNS. Det finns ocks\u00e5 en koppling till en tendens att \u201calltid vara p\u00e5 spr\u00e5ng\u201d. Personer som \u201calltid \u00e4r p\u00e5 spr\u00e5nget\u201d \u00e4r oftast inte s\u00e5 bra p\u00e5 att vara sjuka n\u00e4r de har drabbats av n\u00e5gon lindrig \u00e5komma, eller kanske inte m\u00e4rker n\u00e4r de b\u00f6rjar bli slitna. Det \u00e4r ibland en anledning till att man kollapsar.<\/p>\n\n\n\n<h3><strong>Utl\u00f6sande eller triggande faktorer<\/strong><\/h3>\n\n\n\n<p>P\u00e5 den h\u00e4r hemsidan har vi diskuterat olika utl\u00f6sande faktorer som kan vara viktiga vid FNS. Till exempel:<\/p>\n\n\n\n<ul><li>Skada p\u00e5 en kroppsdel som utl\u00f6ser Funktionell svaghet&nbsp;<\/li><li>Svimningar eller panikattacker som utl\u00f6ser Funktionella anfall<\/li><li>L\u00e4kemedelsbiverkningar som utl\u00f6ser Funktionell tremor<\/li><li>L\u00e5ngvarig tr\u00f6tthet<\/li><li>Migr\u00e4n<\/li><li>Infektionssjukdomar<\/li><li>Extrem stress<\/li><\/ul>\n\n\n\n<h3><strong>Vidmakth\u00e5llande faktorer (saker som g\u00f6r att det inte g\u00e5r \u00f6ver)<\/strong><\/h3>\n\n\n\n<p>Det h\u00e4r handlar om saker som g\u00f6r saken v\u00e4rre n\u00e4r du v\u00e4l har b\u00f6rjat m\u00e5 d\u00e5ligt, till exempel:<\/p>\n\n\n\n<ul><li>Att inte f\u00e5 en diagnos<\/li><li>Att inte bli trodd av sjukv\u00e5rdspersonal, v\u00e4nner eller familj<\/li><li>Att st\u00e5 p\u00e5 starka mediciner som opiater, som brukar g\u00f6ra FNS v\u00e4rre<\/li><li>Att bli deprimerad eller f\u00e5 \u00e5ngest av situationen du har hamnat i<\/li><\/ul>\n\n\n\n<p>Du kanske vill kolla p\u00e5 bilden ovan och avg\u00f6ra vilka dina personliga riskfaktorer \u00e4r, och om <a href=\"https:\/\/www.neurosymptoms.org\/treatment-2\/\">det g\u00e5r att g\u00f6ra n\u00e5got \u00e5t dem. <\/a>L\u00e4s mer om personliga ber\u00e4ttelser <a href=\"https:\/\/www.neurosymptoms.org\/stories\/\">h\u00e4r<\/a>.&nbsp;<\/p>\n\n\n\n<h2><strong><\/strong><\/h2>\n","protected":false},"excerpt":{"rendered":"<p><!-- wp:paragraph --><\/p>\n<p>Vilka orsaker kan d\u00e5 finnas till att det blir den f\u00f6r\u00e4ndring i nervsystemets funktion som beskrivits p\u00e5 <a href=\"https:\/\/www.neurosymptoms.org\/causes\/4594358020\">f\u00f6rra sidan?<\/a><\/p>\n<p><!-- \/wp:paragraph --><\/p>\n<p><!-- wp:paragraph ...\n<\/p>\n","protected":false},"author":65,"featured_media":0,"parent":1010,"menu_order":156,"comment_status":"closed","ping_status":"closed","template":"page-template\/symptom-details-page-template.php","meta":[],"_links":{"self":[{"href":"https:\/\/neurosymptoms.org\/sv_SE\/wp-json\/wp\/v2\/pages\/621"}],"collection":[{"href":"https:\/\/neurosymptoms.org\/sv_SE\/wp-json\/wp\/v2\/pages"}],"about":[{"href":"https:\/\/neurosymptoms.org\/sv_SE\/wp-json\/wp\/v2\/types\/page"}],"author":[{"embeddable":true,"href":"https:\/\/neurosymptoms.org\/sv_SE\/wp-json\/wp\/v2\/users\/65"}],"replies":[{"embeddable":true,"href":"https:\/\/neurosymptoms.org\/sv_SE\/wp-json\/wp\/v2\/comments?post=621"}],"version-history":[{"count":189,"href":"https:\/\/neurosymptoms.org\/sv_SE\/wp-json\/wp\/v2\/pages\/621\/revisions"}],"predecessor-version":[{"id":15587,"href":"https:\/\/neurosymptoms.org\/sv_SE\/wp-json\/wp\/v2\/pages\/621\/revisions\/15587"}],"up":[{"embeddable":true,"href":"https:\/\/neurosymptoms.org\/sv_SE\/wp-json\/wp\/v2\/pages\/1010"}],"wp:attachment":[{"href":"https:\/\/neurosymptoms.org\/sv_SE\/wp-json\/wp\/v2\/media?parent=621"}],"curies":[{"name":"wp","href":"https:\/\/api.w.org\/{rel}","templated":true}]}}