{"id":616,"date":"2020-11-06T17:36:02","date_gmt":"2020-11-06T17:36:02","guid":{"rendered":"https:\/\/ftd.cognihealth.in\/?page_id=616"},"modified":"2025-09-06T10:10:38","modified_gmt":"2025-09-06T10:10:38","slug":"how-was-it-happened","status":"publish","type":"page","link":"https:\/\/neurosymptoms.org\/sv_SE\/causes\/how-was-it-happened\/","title":{"rendered":"Hur har det uppst\u00e5tt?"},"content":{"rendered":"\n<p>N\u00e4r man har ett problem \u00e4r det naturligt att st\u00e4lla fr\u00e5gan \u201cVarf\u00f6r har det uppst\u00e5tt?\u201d. Men vid funktionella symtom \u00e4r det viktigt att inte blanda ihop fr\u00e5gan \u201cVarf\u00f6r har det uppst\u00e5tt?\u201d med fr\u00e5gan \u201cVad \u00e4r felet i min kropp som orsakar dessa symtom?\u201d<\/p>\n\n\n\n<p>Det \u00e4r tv\u00e5 separata fr\u00e5gor som har tv\u00e5 olika svar.<\/p>\n\n\n\n<h3><strong>Hur har det uppst\u00e5tt?<\/strong><\/h3>\n\n\n\n<p>Vi tar den andra fr\u00e5gan f\u00f6rst &#8211; \u201cVad \u00e4r felet i min kropp som orsakar dessa symtom?\u201d eller \u201cHur har det uppst\u00e5tt?\u201d<\/p>\n\n\n\n<p>F\u00f6r alla olika funktionella symtom som beskrivs p\u00e5 denna hemsida, \u00e4r det enkla svaret att det \u00e4r ett problem i nervsystemets <em>funktion<\/em>.&nbsp;<\/p>\n\n\n\n<p>Vid symtom som svaghet och funktionell r\u00f6relserubbning finns det problem med s\u00e4ttet som hj\u00e4rnan skickar signaler om r\u00f6relser till kroppen .&nbsp;<\/p>\n\n\n\n<p>Vid symtom som k\u00e4nselst\u00f6rning och sm\u00e4rta&nbsp; finns det problem med hur hj\u00e4rnan tar emot kroppens signaler.&nbsp;<\/p>\n\n\n\n<p>Under funktionella kramper eller dissociativa symtom \u00e4r hj\u00e4rnan i ett transliknande tillst\u00e5nd, lite som hypnos.&nbsp;<\/p>\n\n\n\n<p>Vi b\u00f6rjar f\u00f6rst\u00e5 komplexiteten i det som blivit fel i nervsystemet hos patienter med funktionella symtom och vid liknande tillst\u00e5nd, som l\u00e5ngvarig sm\u00e4rta.<\/p>\n\n\n\n<p>Funktionsunders\u00f6kningar av hj\u00e4rnan kan visa hur vissa delar av hj\u00e4rnan \u00e4r aktiva eller inaktiva n\u00e4r patienter har funktionella neurologiska symtom.&nbsp;&nbsp;<\/p>\n\n\n\n<p>L\u00e5t oss f\u00f6rklara vad n\u00e5gra av de h\u00e4r studierna kommit fram till.&nbsp;<\/p>\n\n\n\n<h3><strong>Omr\u00e5den med underaktivitet i hj\u00e4rnan vid funktionella sensoriska symtom<\/strong><\/h3>\n\n\n\n<p>I den h\u00e4r studien unders\u00f6ktes fyra personer som hade k\u00e4nselneds\u00e4ttning och svaghet i ena kroppshalvan med en apparat som kallas SPECT, och som m\u00e4ter blodfl\u00f6den i hj\u00e4rnan.&nbsp;<\/p>\n\n\n\n<div class=\"wp-block-image\"><figure class=\"aligncenter size-large\"><img loading=\"lazy\" width=\"336\" height=\"362\" src=\"https:\/\/pre-prod.neurosymptoms.org\/wp-content\/uploads\/2021\/06\/Hemi.jpg\" alt=\"\" class=\"wp-image-2675\" srcset=\"https:\/\/neurosymptoms.org\/wp-content\/uploads\/2021\/06\/Hemi.jpg 336w, https:\/\/neurosymptoms.org\/wp-content\/uploads\/2021\/06\/Hemi-278x300.jpg 278w\" sizes=\"(max-width: 336px) 100vw, 336px\" \/><figcaption><em>Halvsidigt k\u00e4nselbortfall<\/em><\/figcaption><\/figure><\/div>\n\n\n\n<p>Patienterna unders\u00f6ktes n\u00e4r de hade symtom, och sedan unders\u00f6ktes de igen n\u00e4r de inte hade symtom. <\/p>\n\n\n\n<p>Det \u00e4r viktigt att ha klart f\u00f6r sig att det h\u00e4r \u00e4r en unders\u00f6kning som tittar p\u00e5 FUNKTIONEN i hj\u00e4rnan, inte STRUKTUREN &#8211; som en vanlig MRT-unders\u00f6kning g\u00f6r. <\/p>\n\n\n\n<p>Unders\u00f6kningarna visade att n\u00e4r de hade symtomen var det en del av hj\u00e4rnan som kallas Thalamus som inte fungerade som den skulle. Du kan se den i gult p\u00e5 bilden nedan. Om du skulle ha f\u00e5tt en stroke i det omr\u00e5det skulle du ha en k\u00e4nselneds\u00e4ttning p\u00e5 den motsatta sidan av kroppen.&nbsp;<\/p>\n\n\n\n<div class=\"wp-block-image\"><figure class=\"aligncenter size-large\"><img loading=\"lazy\" width=\"249\" height=\"234\" src=\"\/wp-content\/uploads\/2020\/11\/Not-Imagined-1.jpg\" alt=\"\" class=\"wp-image-617\"\/><figcaption><em>I den h\u00e4r studien \u00e4r omr\u00e5det i gult underaktivt hos personer som har FNS med p\u00e5verkan p\u00e5 den motsatta kroppshalvan. Vuillumier P, et al. Brain 2001; 124:1077-1090<\/em><\/figcaption><\/figure><\/div>\n\n\n\n<p>N\u00e4r patienternas symtom f\u00f6rb\u00e4ttrades, blev unders\u00f6kningsresultatet f\u00f6rb\u00e4ttrat ocks\u00e5.&nbsp;<\/p>\n\n\n\n<h3><strong>N\u00e4tverket f\u00f6r sj\u00e4lvkontroll i hj\u00e4rnan<\/strong><\/h3>\n\n\n\n<p>En annan viktig studie av FNS unders\u00f6kte 8 personer med funktionell tremor och tittade p\u00e5 deras hj\u00e4rnaktivitet med en metod som kallas fMRI (funktionell magnetkameraunders\u00f6kning). Unders\u00f6kningen beskriver hj\u00e4rnans funktion, inte struktur. I den h\u00e4r studien som leddes av professor Valerie Voon och professor Mark Hallett j\u00e4mf\u00f6rdes hj\u00e4rnans aktivitet n\u00e4r patienterna hade sin funktionella tremor med n\u00e4r de blev ombedda att g\u00f6ra sin tremor med flit. fMRI-unders\u00f6kningarna j\u00e4mf\u00f6rdes f\u00f6r att se vad skillnaderna var.&nbsp;<\/p>\n\n\n\n<div class=\"wp-block-image\"><figure class=\"aligncenter size-large\"><img loading=\"lazy\" width=\"426\" height=\"386\" src=\"https:\/\/pre-prod.neurosymptoms.org\/wp-content\/uploads\/2021\/06\/Voon-brain.jpg\" alt=\"\" class=\"wp-image-2676\" srcset=\"https:\/\/neurosymptoms.org\/wp-content\/uploads\/2021\/06\/Voon-brain.jpg 426w, https:\/\/neurosymptoms.org\/wp-content\/uploads\/2021\/06\/Voon-brain-300x272.jpg 300w\" sizes=\"(max-width: 426px) 100vw, 426px\" \/><figcaption><em>Underaktivitet i den h\u00f6gra temporoparietala \u00f6verg\u00e5ngen hos personer med Funktionell tremor. Voon et al. Neurology 2010;74:223-228<\/em><\/figcaption><\/figure><\/div>\n\n\n\n<p>Resultaten var verkligen intressanta. De uppt\u00e4ckte att ett omr\u00e5de i hj\u00e4rnan som kallas temporoparietala hj\u00e4rnbarken var underaktivt p\u00e5 h\u00f6ger sida hos patienterna med funktionell tremor. Det h\u00e4r \u00e4r en viktig knutpunkt i ett n\u00e4tverk i hj\u00e4rnan som hj\u00e4lper oss att uppfatta att vi har kontroll \u00f6ver v\u00e5ra aktiviteter. Vi kallar funktionen i det h\u00e4r n\u00e4tverket f\u00f6r <em>sj\u00e4lvkontroll <\/em>(\u2018self-agency\u2019). Det h\u00e4r n\u00e4tverket fungerar inte s\u00e5 bra vid FNS. Det h\u00e4r kan f\u00f6rklara varf\u00f6r det kan <em>se ut<\/em> som att personer vid FNS anv\u00e4nder sina medvetna r\u00f6relser, medan det i sj\u00e4lva verket \u00e4r s\u00e5 att det patienten upplever \u00e4r sant &#8211; det sker utan att personen har kontroll \u00f6ver sina r\u00f6relser.&nbsp;<\/p>\n\n\n\n<h3><strong>FNS \u00e4r motsatsen till Fantomsm\u00e4rta<\/strong><\/h3>\n\n\n\n<p>Du kanske har h\u00f6rt talas om Fantomsm\u00e4rta. Det \u00e4r n\u00e4r n\u00e5gon som genomg\u00e5tt en amputation \u00e4nd\u00e5 k\u00e4nner att kroppsdelen finns kvar.&nbsp; Studier av Fantomsm\u00e4rta har visat att det som blivit fel n\u00e4stan s\u00e4kert \u00e4r att \u201ckartan\u201d \u00f6ver kroppsdelar i hj\u00e4rnan har blivit felaktig.&nbsp;<\/p>\n\n\n\n<p>Din hj\u00e4rnas karta \u00f6ver din kropp borde uppdateras n\u00e4r det finns ny information. S\u00e5 om du f\u00f6rlorar ditt v\u00e4nstra ben borde din hj\u00e4rna registrera detta som &#8211; \u201cUppdatera! &#8211; inget v\u00e4nsterben l\u00e4ngre\u201d. Vid Fantomsm\u00e4rta har inte uppdateringen fungerat. Neuroforskare tror att hj\u00e4rnan g\u00f6r ett v\u00e4ldigt starkt \u201cantagande\u201d att benet \u00e4r kvar. Hj\u00e4rnan antar detta s\u00e5 starkt, och har gjort det s\u00e5 l\u00e4nge, att inte ens fr\u00e5nvaron av benet f\u00e5r hj\u00e4rnan att sluta anta att benet finns d\u00e4r. Och om hj\u00e4rnan antar att benet finns d\u00e4r, s\u00e5 kommer personen att k\u00e4nna att det \u00e4r d\u00e4r!<\/p>\n\n\n\n<div class=\"wp-block-image\"><figure class=\"aligncenter size-large\"><img loading=\"lazy\" width=\"250\" height=\"326\" src=\"https:\/\/pre-prod.neurosymptoms.org\/wp-content\/uploads\/2021\/06\/Phantom-Limb.jpg\" alt=\"\" class=\"wp-image-2678\" srcset=\"https:\/\/neurosymptoms.org\/wp-content\/uploads\/2021\/06\/Phantom-Limb.jpg 250w, https:\/\/neurosymptoms.org\/wp-content\/uploads\/2021\/06\/Phantom-Limb-230x300.jpg 230w\" sizes=\"(max-width: 250px) 100vw, 250px\" \/><figcaption><em>Fantomsm\u00e4rta<\/em><\/figcaption><\/figure><\/div>\n\n\n\n<p>Vi tror att n\u00e5got liknande kan h\u00e4nda vid FNS. Men ist\u00e4llet f\u00f6r ett starkt antagande om att benet \u00c4R D\u00c4R, s\u00e5 utvecklar hj\u00e4rnan av olika anledningar ett antagande om att benet INTE \u00e4r d\u00e4r. \u00c5terigen \u00e4r problemet att trots att hj\u00e4rnan f\u00e5r sinnessignaler om att benet finns d\u00e4r, s\u00e5 \u00e4r antagandet att det INTE \u00e4r d\u00e4r f\u00f6r starkt. Hj\u00e4rnan uppdaterar inte, precis som vid Fantomsm\u00e4rta, och personen upplever antagandet men inte sinnessignalerna.<\/p>\n\n\n\n<p>Varf\u00f6r skulle en hj\u00e4rna best\u00e4mma sig f\u00f6r att anta att en kroppsdel INTE finns d\u00e4r? Av m\u00e5nga anledningar.<\/p>\n\n\n\n<ul><li>f\u00f6r att det \u00e4r sm\u00e4rtsamt och hj\u00e4rnan f\u00f6rs\u00f6ker bli av med k\u00e4nslan<\/li><li>f\u00f6r att det har funnits migr\u00e4n eller andra neurologiska symtom som har gjort att hj\u00e4rnan g\u00e5tt in i ett alarmtillst\u00e5nd och hj\u00e4rnan f\u00f6rs\u00f6ker st\u00e4nga ned den delen av kroppen<\/li><li>f\u00f6r att hj\u00e4rnan har blivit van vid att st\u00e4nga ned delar av kroppen som reaktion p\u00e5 hotande h\u00e4ndelser.<\/li><\/ul>\n\n\n\n<h3><strong>L\u00e5ngvarig sm\u00e4rta och hj\u00e4rnan<\/strong><\/h3>\n\n\n\n<p>Vid <a href=\"https:\/\/www.neurosymptoms.org\/symptoms\/common-associated-symptoms\/pain\">l\u00e5ngvarig sm\u00e4rta<\/a> vet vi att m\u00e5nga f\u00f6r\u00e4ndringar uppst\u00e5r i nervsystemet, men att de inte kan ses p\u00e5 vanliga unders\u00f6kningar. De h\u00e4r f\u00f6r\u00e4ndringarna uppst\u00e5r vid nerv\u00e4ndar, i ryggm\u00e4rgen och framf\u00f6rallt i hj\u00e4rnan.<\/p>\n\n\n\n<p>Det finns flera processer i nervsystemet som fungerar som sm\u00e5 volymrattar. N\u00e4r man har l\u00e5ngvarig sm\u00e4rta skruvas de h\u00e4r volymrattarna upp s\u00e5 att ens k\u00e4nslighet f\u00f6r sm\u00e4rta \u00f6kar.&nbsp;<\/p>\n\n\n\n<div class=\"wp-block-image\"><figure class=\"aligncenter size-large\"><img loading=\"lazy\" width=\"200\" height=\"200\" src=\"https:\/\/pre-prod.neurosymptoms.org\/wp-content\/uploads\/2020\/11\/Volume.jpg\" alt=\"\" class=\"wp-image-618\" srcset=\"https:\/\/neurosymptoms.org\/wp-content\/uploads\/2020\/11\/Volume.jpg 200w, https:\/\/neurosymptoms.org\/wp-content\/uploads\/2020\/11\/Volume-150x150.jpg 150w\" sizes=\"(max-width: 200px) 100vw, 200px\" \/><figcaption><em>&#8230;det \u00e4r lite som att ha ett mjukvarufel snarare \u00e4n ett h\u00e5rdvarufel&#8230;<\/em><\/figcaption><\/figure><\/div>\n\n\n\n<p>P\u00e5 <a href=\"https:\/\/prod.neurosymptoms.org\/en_US\/fnd-videos\/\">mediadelen<\/a> av hemsidan finns n\u00e5gra videos som f\u00f6rklarar neuroforskning vid l\u00e5ngvarig sm\u00e4rta.&nbsp;<\/p>\n\n\n\n<h3><strong>Kan jag g\u00f6ra en unders\u00f6kning f\u00f6r att \u201cbevisa\u201d att min hj\u00e4rna inte fungerar som den ska?<\/strong><\/h3>\n\n\n\n<p>\u00c4n s\u00e5 l\u00e4nge l\u00e4mpar sig alla de h\u00e4r unders\u00f6kningarna bara f\u00f6r studier. Vi \u00e4r inte i ett l\u00e4ge d\u00e4r det g\u00e5r att anv\u00e4nda funktionell bildunders\u00f6kning f\u00f6r att \u201cbevisa\u201d FNS.&nbsp;<\/p>\n\n\n\n<p>Det \u00e4r begripligt att personer med FNS vill ha bevis p\u00e5 vad som \u00e4r fel. Det kan hj\u00e4lpa f\u00f6r att minska stigmatisering eller att folk inte tror p\u00e5 att symtomen \u00e4r VERKLIGA.&nbsp;<\/p>\n\n\n\n<p>Men en neurolog som tr\u00e4ffar personer med FNS beh\u00f6ver inte en r\u00f6ntgenunders\u00f6kning f\u00f6r att tro p\u00e5 patienten. M\u00e5nga patienter med andra neurologiska sjukdomar har normala r\u00f6ntgenunders\u00f6kningar ocks\u00e5.&nbsp;<\/p>\n\n\n\n<h3><strong>Mjukvaran, inte h\u00e5rdvaran<\/strong><\/h3>\n\n\n\n<p>Det finns mycket som fortfarande \u00e4r ok\u00e4nt om vad som blivit fel i nervsystemet vid FNS, men det \u00e4r \u00e4nd\u00e5 inte ett totalt mysterium.<\/p>\n\n\n\n<p>Vid m\u00e5nga andra neurologiska sjukdomar kan man se vad som \u00e4r problemet, antingen med avbildningstekniker som vid Multipel skleros, eller i ett mikroskop som vid Parkinsons sjukdom.&nbsp;<\/p>\n\n\n\n<p>Patienter med FNS har ingen skada i nervsystemet, s\u00e5 det \u00e4r inte f\u00f6rv\u00e5nande att man inte kan se det p\u00e5 bild. Ist\u00e4llet \u00e4r det s\u00e5 att nervsystemet inte fungerar som det ska.<\/p>\n\n\n\n<p>Om man vore en dator skulle det vara som att ha ett mjukvaruproblem snarare \u00e4n ett h\u00e5rdvaruproblem. Om man har en bugg i mjukvaran p\u00e5 sin dator, kan den krascha hela tiden eller arbeta v\u00e4ldigt l\u00e5ngsamt. Det problemet kan inte l\u00f6sas genom att \u00f6ppna datorn och unders\u00f6ka datorns komponenter. Man skulle inte heller hitta n\u00e5got fel om man gjorde en \u201cr\u00f6ntgenunders\u00f6kning\u201d av datorn.<\/p>\n\n\n\n<p>Man skulle beh\u00f6va l\u00f6sa det genom att omprogrammera datorn och lista ut vilka program som orsakar problemen.<\/p>\n\n\n\n<p>M\u00e4nniskor \u00e4r s\u00e5klart mer komplicerade \u00e4n datorer. Samtidigt kan man \u00e4nd\u00e5 likna v\u00e5ra tankar, beteenden, upplevelser och k\u00e4nslor vid just program.<\/p>\n\n\n\n<p>Detta leder oss in p\u00e5 n\u00e4sta avsnitt <a href=\"https:\/\/www.neurosymptoms.org\/causes\/why-has-it-happened\">Varf\u00f6r har det uppst\u00e5tt?<\/a> som beskriver n\u00e5gra av de saker som g\u00f6r oss mottagliga f\u00f6r att f\u00e5 funktionella symtom.<\/p>\n","protected":false},"excerpt":{"rendered":"<p>Det enkla svaret \u00e4r att det finns ett problem med funktionen i nervsystemet.<\/p>\n","protected":false},"author":65,"featured_media":0,"parent":1010,"menu_order":155,"comment_status":"closed","ping_status":"closed","template":"page-template\/symptom-details-page-template.php","meta":[],"_links":{"self":[{"href":"https:\/\/neurosymptoms.org\/sv_SE\/wp-json\/wp\/v2\/pages\/616"}],"collection":[{"href":"https:\/\/neurosymptoms.org\/sv_SE\/wp-json\/wp\/v2\/pages"}],"about":[{"href":"https:\/\/neurosymptoms.org\/sv_SE\/wp-json\/wp\/v2\/types\/page"}],"author":[{"embeddable":true,"href":"https:\/\/neurosymptoms.org\/sv_SE\/wp-json\/wp\/v2\/users\/65"}],"replies":[{"embeddable":true,"href":"https:\/\/neurosymptoms.org\/sv_SE\/wp-json\/wp\/v2\/comments?post=616"}],"version-history":[{"count":228,"href":"https:\/\/neurosymptoms.org\/sv_SE\/wp-json\/wp\/v2\/pages\/616\/revisions"}],"predecessor-version":[{"id":15789,"href":"https:\/\/neurosymptoms.org\/sv_SE\/wp-json\/wp\/v2\/pages\/616\/revisions\/15789"}],"up":[{"embeddable":true,"href":"https:\/\/neurosymptoms.org\/sv_SE\/wp-json\/wp\/v2\/pages\/1010"}],"wp:attachment":[{"href":"https:\/\/neurosymptoms.org\/sv_SE\/wp-json\/wp\/v2\/media?parent=616"}],"curies":[{"name":"wp","href":"https:\/\/api.w.org\/{rel}","templated":true}]}}