{"id":611,"date":"2020-11-30T16:10:36","date_gmt":"2020-11-30T16:10:36","guid":{"rendered":"https:\/\/ftd.cognihealth.in\/?page_id=611"},"modified":"2024-11-01T03:39:37","modified_gmt":"2024-11-01T03:39:37","slug":"ibs-chest-and-other-symptoms","status":"publish","type":"page","link":"https:\/\/neurosymptoms.org\/sv_SE\/symptoms\/common-associated-symptoms\/ibs-chest-and-other-symptoms\/","title":{"rendered":"Andra symtom (IBS, Dyspepsi, Br\u00f6stsm\u00e4rta)"},"content":{"rendered":"\n<p>Studier har visat att personer med FNS i st\u00f6rre utstr\u00e4ckning har funktionella symtom fr\u00e5n andra delar av kroppen.<\/p>\n\n\n\n<p>Dessa kan r\u00f6ra sig om:<\/p>\n\n\n\n<ul><li>Irritable Bowel Syndrome (IBS, Colon Irritabile)<\/li><li>Of\u00f6rklarad br\u00f6stsm\u00e4rta och matsm\u00e4ltningssv\u00e5righeter (Funktionell dyspepsi)<\/li><li>Fibromyalgi (se <a href=\"https:\/\/www.neurosymptoms.org\/symptoms\/common-associated-symptoms\/pain\/\">sm\u00e4rta<\/a>)<\/li><li>Temporomandibul\u00e4r leddysfunktion<\/li><li>Atypisk ansiktssm\u00e4rta<\/li><li>Loin Pain Haematuria Syndrome (Mikroskopisk hematuri)<\/li><li>L\u00e5ngvarig of\u00f6rklarad tr\u00f6tthet (se <a href=\"https:\/\/www.neurosymptoms.org\/symptoms\/common-associated-symptoms\/fatigue\/\">tr\u00f6tthet<\/a>)<\/li><li>L\u00e5ngvarig b\u00e4ckensm\u00e4rta<\/li><li>Atypisk br\u00f6stsm\u00e4rta<\/li><li>Dysfunktionell andning<\/li><\/ul>\n\n\n\n<p>Ibland \u00e5terspeglar detta en l\u00e5ngvarig s\u00e5rbarhet f\u00f6r dessa symtom, d\u00e4r olika symtom kommer och g\u00e5r sedan sena ton\u00e5r\/unga vuxen\u00e5r.&nbsp;<\/p>\n\n\n\n<p>Det \u00e4r inte alltid s\u00e5. Du kan ha vilket som helst av alla symtom p\u00e5 den h\u00e4r hemsidan ensamt, och du kan vara v\u00e4ldigt frisk i 40 eller 50 \u00e5r f\u00f6r att sedan f\u00e5 m\u00e5nga funktionella symtom \u00e4ven om du aldrig har haft det f\u00f6rut.&nbsp;<\/p>\n\n\n\n<p>Men det kan vara bra att veta att om du s\u00f6ker hos din allm\u00e4nl\u00e4kare eller olika andra specialister med olika, genuina symtom och \u201cman inte f\u00e5r n\u00e5got napp\u201d, s\u00e5 \u00e4r du inte ensam och det h\u00e4r sjukdomsm\u00f6nstret \u00e4r v\u00e4lk\u00e4nt.<\/p>\n\n\n\n<figure class=\"wp-block-image size-large is-resized\"><img loading=\"lazy\" src=\"https:\/\/pre-prod.neurosymptoms.org\/wp-content\/uploads\/2022\/02\/Den-storre-bilden-671x1024.jpg\" alt=\"\" class=\"wp-image-6033\" width=\"374\" height=\"571\" srcset=\"https:\/\/neurosymptoms.org\/wp-content\/uploads\/2022\/02\/Den-storre-bilden-671x1024.jpg 671w, https:\/\/neurosymptoms.org\/wp-content\/uploads\/2022\/02\/Den-storre-bilden-197x300.jpg 197w, https:\/\/neurosymptoms.org\/wp-content\/uploads\/2022\/02\/Den-storre-bilden-768x1172.jpg 768w, https:\/\/neurosymptoms.org\/wp-content\/uploads\/2022\/02\/Den-storre-bilden-1007x1536.jpg 1007w, https:\/\/neurosymptoms.org\/wp-content\/uploads\/2022\/02\/Den-storre-bilden.jpg 1139w\" sizes=\"(max-width: 374px) 100vw, 374px\" \/><figcaption>Funktionella symtom och tillst\u00e5nd uppst\u00e5r ofta i flera kroppsdelar men kan ses som delar av samma sjukdom<\/figcaption><\/figure>\n\n\n\n<p>Det h\u00e4r avsnittet finns med f\u00f6r att hj\u00e4lpa till att \u201cknyta ihop tr\u00e5darna\u201d mellan olika specialiteter, som tenderar att t\u00e4nka p\u00e5 bara \u201csina tillst\u00e5nd\u201d.&nbsp; Det \u00e4r s\u00e5klart viktigt att diagnoserna nedan st\u00e4lls av kvalificerad personal. Anta inte att du har dem, bara f\u00f6r att du har FNS.<\/p>\n\n\n\n<h3><strong>Irritable Bowel Syndrome (IBS, Colon irritabile)<\/strong><\/h3>\n\n\n\n<p>Detta vanliga tillst\u00e5nd ger vanligtvis uppbl\u00e5sthet i buken eller sm\u00e4rta i samband med f\u00f6rstoppning och\/eller diarr\u00e9. Tillsammans med andra funktionella magproblem svarar det f\u00f6r en tredjedel till h\u00e4lften av alla patienter som ses p\u00e5 gastroenterologiska kliniker p\u00e5 sjukhus. Liksom vid funktionella neurologiska symptom finns ingen strukturell sjukdomsprocess som orsakar symtomen. Gastroenterologer ser IBS som ett \u00e4kta problem som orsakas av en st\u00f6rning i mag-tarmkanalen. Man har fokuserat p\u00e5 att titta p\u00e5 st\u00f6rningar i tarmens nervkontroll (inklusive hj\u00e4rnan).<\/p>\n\n\n\n<p>Irritable Bowel Syndrome har definierats av gastrointestinala specialister som:<\/p>\n\n\n\n<p>Minst 3 m\u00e5nader, med minst 6 m\u00e5nader tidigare \u00e5terkommande buksm\u00e4rtor eller obehag* f\u00f6rknippat med 2 eller flera av f\u00f6ljande:<\/p>\n\n\n\n<ul><li>F\u00f6rb\u00e4ttring vid avf\u00f6ring och\/eller<\/li><li>Uppkomst i samband med f\u00f6r\u00e4ndring i frekvens av avf\u00f6ring, och\/eller<\/li><li>Uppkomst i samband med f\u00f6r\u00e4ndring i avf\u00f6ringens form (utseende)<\/li><\/ul>\n\n\n\n<p>*Obehag betyder en obehaglig k\u00e4nsla som inte beskrivs som sm\u00e4rta<\/p>\n\n\n\n<div class=\"wp-container-2 wp-block-group\"><div class=\"wp-block-group__inner-container\">\n<div class=\"wp-container-1 wp-block-group\"><div class=\"wp-block-group__inner-container\">\n<p><a href=\"https:\/\/theromefoundation.org\/\">The Rome Foundation<\/a> \u2013 \u00e4r en internationell organisation f\u00f6r v\u00e5rdpersonal som arbetar med funktionella gastrointestinala rubbningar.<\/p>\n\n\n\n<p><\/p>\n\n\n\n<figure class=\"wp-block-image is-resized\"><img loading=\"lazy\" src=\"https:\/\/pre-prod.neurosymptoms.org\/wp-content\/uploads\/2022\/02\/Svensk-flagga.jpg\" alt=\"This image has an empty alt attribute; its file name is Svensk-flagga.jpg\" width=\"44\" height=\"30\"\/><\/figure>\n<\/div><\/div>\n<\/div><\/div>\n\n\n\n<p>F\u00f6r mer information kring IBS bes\u00f6k 1177:s sida <a href=\"https:\/\/www.1177.se\/sjukdomar--besvar\/mage-och-tarm\/tarmbesvar\/ibs--kanslig-tarm\/\">IBS \u2013 k\u00e4nslig tarm &#8211; 1177 V\u00e5rdguiden<\/a><\/p>\n\n\n\n<p><\/p>\n\n\n\n<h3><strong>Funktionell Dyspepsi (IBS)<\/strong><\/h3>\n\n\n\n<p>Det h\u00e4r handlar om n\u00e4r m\u00e4nniskor har h\u00f6ga magsm\u00e4rtor, halsbr\u00e4nna eller matsm\u00e4ltningsbesv\u00e4r, men d\u00e4r man inte kan hitta n\u00e5gon f\u00f6rklaring till besv\u00e4ren med gastroskopi eller andra unders\u00f6kningar. Funktionell dyspepsi har definierats av Gastroenterologer som:&nbsp;<\/p>\n\n\n\n<p>Symtomen skall ha f\u00f6rekommit under de senaste tre m\u00e5naderna och debuterat f\u00f6r mer \u00e4n sex m\u00e5nader sedan. Minst ett av f\u00f6ljande symtom kr\u00e4vs f\u00f6r att uppfylla kriterierna f\u00f6r funktionell dyspepsi.<\/p>\n\n\n\n<ul><li>Postprandiell uppk\u00f6rdhet &#8211; En obehaglig k\u00e4nsla av vidmakth\u00e5llen \u00f6verfyllnad av magen fr\u00e5n den mat man har \u00e4tit.<\/li><li>Tidig m\u00e4ttnadsk\u00e4nsla &#8211; En k\u00e4nsla av att magen blir \u00f6verfull redan tidigt under en m\u00e5ltid, utan proportion till m\u00e5ltidens storlek, s\u00e5 att m\u00e5ltiden inte kan \u00e4tas f\u00e4rdigt.<\/li><li>Epigastrisk sm\u00e4rta &#8211; sm\u00e4rta som lokaliseras till \u00f6vre magregionen. Med sm\u00e4rta avses en subjektivt obehaglig och sm\u00e4rtsam k\u00e4nsla; n\u00e5gra kan uppleva det som att v\u00e4vnadsskada intr\u00e4ffar.<\/li><li>Epigastrisk br\u00e4nna &#8211; Br\u00e4nnande k\u00e4nsla som lokaliseras till \u00f6vre magregionen. Med br\u00e4nna avses en subjektivt obehaglig k\u00e4nsla av v\u00e4rme.<\/li><li>Inga bel\u00e4gg f\u00f6r strukturell sjukdom (inklusive vid gastroskopi) som kan f\u00f6rklara symtomen.<\/li><\/ul>\n\n\n\n<figure class=\"wp-block-image size-large is-resized\"><img loading=\"lazy\" src=\"https:\/\/pre-prod.neurosymptoms.org\/wp-content\/uploads\/2022\/02\/Svensk-flagga.jpg\" alt=\"\" class=\"wp-image-5918\" width=\"48\" height=\"32\" srcset=\"https:\/\/neurosymptoms.org\/wp-content\/uploads\/2022\/02\/Svensk-flagga.jpg 510w, https:\/\/neurosymptoms.org\/wp-content\/uploads\/2022\/02\/Svensk-flagga-300x200.jpg 300w\" sizes=\"(max-width: 48px) 100vw, 48px\" \/><\/figure>\n\n\n\n<p>F\u00f6r mer information kring dyspepsi bes\u00f6k 1177:s sida <a href=\"https:\/\/www.1177.se\/sjukdomar--besvar\/mage-och-tarm\/magsack-och-matstrupe\/dyspepsi--kanslig-mage\/\">Dyspepsi \u2013 k\u00e4nslig mage &#8211; 1177 V\u00e5rdguiden<\/a><\/p>\n\n\n\n<h3><strong>L\u00e5ngvarig b\u00e4ckensm\u00e4rta<\/strong><\/h3>\n\n\n\n<p>Hos kvinnor med funktionella neurologiska symtom finns det en tydligt \u00f6kad f\u00f6rekomst av tidigare gynekologiska problem. Det kan r\u00f6ra sig om:<\/p>\n\n\n\n<ul><li>Uttalade menssm\u00e4rtor<\/li><li>Kraftiga menstruationer<\/li><li>L\u00e5ngvarig b\u00e4ckensm\u00e4rta<\/li><\/ul>\n\n\n\n<p>P\u00e5 grund av dessa symtom \u00e4r det en mycket h\u00f6gre f\u00f6rekomst av hysterektomi (borttagande av livmodern) hos patienter med FNS \u00e4n i \u00f6vriga befolkningen.&nbsp;<\/p>\n\n\n\n<p>\u00c4ven om det finns en klar koppling till de h\u00e4r gynekologiska problemen s\u00e5 \u00e4r det inte k\u00e4nt vad som ligger bakom det. En s\u00e5rbarhet f\u00f6r sm\u00e4rtsymtom och sm\u00e4rtsyndrom kan vara viktig. Det kan vara s\u00e5 att de saker som orsakar b\u00e4ckensm\u00e4rta som t.ex. endometrios, skapar f\u00f6ruts\u00e4ttningar f\u00f6r l\u00e5ngvarig sm\u00e4rta fram\u00f6ver.<\/p>\n\n\n\n<p>Det viktigaste att veta i det h\u00e4r sammanhanget \u00e4r att om du har haft gynekologiska besv\u00e4r och nu har FNS, s\u00e5 kanske det inte \u00e4r en ren slump.&nbsp;<\/p>\n\n\n\n<p>M\u00e4n med funktionella neurologiska symtom har troligen ocks\u00e5 en \u00f6kad ben\u00e4genhet att utveckla testikelsm\u00e4rta p\u00e5 ett liknande s\u00e4tt, men h\u00e4r finns det inte lika mycket litteratur i \u00e4mnet.<\/p>\n\n\n\n<h3><strong>Atypisk Br\u00f6stsm\u00e4rta<\/strong><\/h3>\n\n\n\n<p>Bland patienter som s\u00f6ker f\u00f6r br\u00f6stsm\u00e4rta har runt en tredjedel inga tecken p\u00e5 sjukdom i hj\u00e4rtats kransk\u00e4rl, fel i mags\u00e4cken eller matstrupen eller n\u00e5gon annan k\u00e4nd orsak till sm\u00e4rtan. Deras sm\u00e4rta \u00e4r i allra h\u00f6gsta grad verklig \u00e4nd\u00e5, kan \u00e5terkomma och vara skr\u00e4mmande eftersom det k\u00e4nns som symtom p\u00e5 k\u00e4rlkramp eller en hj\u00e4rtinfarkt.<\/p>\n\n\n\n<p>Ofta kallas den h\u00e4r yttringen \u201catypisk br\u00f6stsm\u00e4rta\u201d. Det \u00e4r ytterligare ett funktionellt symtom som b\u00e4st kan f\u00f6rst\u00e5s som ett sm\u00e4rtsyndrom som p\u00e5verkar br\u00f6stkorgen (se sm\u00e4rta). Sm\u00e4rta i br\u00f6stet k\u00e4nns alarmerande. Alarmtillst\u00e5nd i form av sv\u00e5r akut \u00e5ngest (som kallas <a href=\"https:\/\/prod.neurosymptoms.org\/en_US\/symptoms\/common-associated-symptoms\/worry-panic\/\">panikattack<\/a>), brukar oftast orsaka en k\u00e4nsla av tr\u00e5nghet i br\u00f6stet. S\u00e5 det \u00e4r l\u00e4tt att f\u00f6rst\u00e5 hur de h\u00e4r tv\u00e5 tillst\u00e5nden kan f\u00f6rv\u00e4rra varandra i en ond cirkel.<\/p>\n\n\n\n<p>Det \u00e4r viktigt att p\u00e5peka att m\u00e5nga med atypisk br\u00f6stsm\u00e4rta inte har \u00e5ngest eller f\u00e5r panikattacker.<\/p>\n\n\n\n<h3><strong>Dysfunktionell Andning<\/strong><\/h3>\n\n\n\n<p>Personer med dysfunktionell andning (att andas f\u00f6r snabbt och\/eller f\u00f6r djupt) kan f\u00e5 olika neurologiska symtom som yrsel, domningar, tr\u00f6tthet och andf\u00e5ddhet. De m\u00e4rker ofta att de f\u00e5r andn\u00f6d eller att de tar \u201csuckande\u201d andetag. Patienter kan f\u00e5 en l\u00e5g koldioxidhalt i blodet genom att andas f\u00f6r mycket, och detta f\u00f6rst\u00e4rker symtomen p\u00e5 fysiologisk v\u00e4g.&nbsp;<\/p>\n\n\n\n<p>Behandling utformad f\u00f6r att f\u00f6rb\u00e4ttra andningen kallas ibland andnings\u00e5tertr\u00e4ning och kan vara en bra hj\u00e4lp f\u00f6r att f\u00f6rb\u00e4ttra symtomen.<\/p>\n","protected":false},"excerpt":{"rendered":"<p>IBS, dyspepsi, atypisk br\u00f6stsm\u00e4rta och andra symtom \u00e4r vanliga vid FNS.<\/p>\n","protected":false},"author":65,"featured_media":0,"parent":939,"menu_order":277,"comment_status":"closed","ping_status":"closed","template":"page-template\/symptom-details-page-template.php","meta":[],"_links":{"self":[{"href":"https:\/\/neurosymptoms.org\/sv_SE\/wp-json\/wp\/v2\/pages\/611"}],"collection":[{"href":"https:\/\/neurosymptoms.org\/sv_SE\/wp-json\/wp\/v2\/pages"}],"about":[{"href":"https:\/\/neurosymptoms.org\/sv_SE\/wp-json\/wp\/v2\/types\/page"}],"author":[{"embeddable":true,"href":"https:\/\/neurosymptoms.org\/sv_SE\/wp-json\/wp\/v2\/users\/65"}],"replies":[{"embeddable":true,"href":"https:\/\/neurosymptoms.org\/sv_SE\/wp-json\/wp\/v2\/comments?post=611"}],"version-history":[{"count":131,"href":"https:\/\/neurosymptoms.org\/sv_SE\/wp-json\/wp\/v2\/pages\/611\/revisions"}],"predecessor-version":[{"id":15602,"href":"https:\/\/neurosymptoms.org\/sv_SE\/wp-json\/wp\/v2\/pages\/611\/revisions\/15602"}],"up":[{"embeddable":true,"href":"https:\/\/neurosymptoms.org\/sv_SE\/wp-json\/wp\/v2\/pages\/939"}],"wp:attachment":[{"href":"https:\/\/neurosymptoms.org\/sv_SE\/wp-json\/wp\/v2\/media?parent=611"}],"curies":[{"name":"wp","href":"https:\/\/api.w.org\/{rel}","templated":true}]}}