{"id":606,"date":"2020-11-30T16:08:47","date_gmt":"2020-11-30T16:08:47","guid":{"rendered":"https:\/\/ftd.cognihealth.in\/?page_id=606"},"modified":"2025-10-16T08:53:14","modified_gmt":"2025-10-16T08:53:14","slug":"visuals-symptoms","status":"publish","type":"page","link":"https:\/\/neurosymptoms.org\/sv_SE\/symptoms\/fnd-symptoms\/visuals-symptoms\/","title":{"rendered":"Funktionella synrubbningar"},"content":{"rendered":"\n<p>Synen kan drabbas vid funktionella eller dissociativa tillst\u00e5nd. De vanligaste typerna av synrubbningar \u00e4r f\u00f6ljande:<\/p>\n\n\n\n<h3><strong>Oskarp\/grumlig syn<\/strong><\/h3>\n\n\n\n<div class=\"wp-block-image\"><figure class=\"alignright size-large\"><img loading=\"lazy\" width=\"418\" height=\"325\" src=\"https:\/\/pre-prod.neurosymptoms.org\/wp-content\/uploads\/2022\/02\/Tunnelfalt.jpg\" alt=\"\" class=\"wp-image-6302\" srcset=\"https:\/\/neurosymptoms.org\/wp-content\/uploads\/2022\/02\/Tunnelfalt.jpg 418w, https:\/\/neurosymptoms.org\/wp-content\/uploads\/2022\/02\/Tunnelfalt-300x233.jpg 300w\" sizes=\"(max-width: 418px) 100vw, 418px\" \/><figcaption><em>Tunnelf\u00e4lt \u00e4r ett tecken p\u00e5 funktionell synrubbning<\/em><\/figcaption><\/figure><\/div>\n\n\n\n<p>Det \u00e4r vanligt att patienter beskriver att synbilden ibland blir \u201csuddig\u201d och att de tvingas sp\u00e4nna \u00f6gonen f\u00f6r att f\u00e5 tillbaka normal synsk\u00e4rpa. Ibland kan man b\u00f6rja se dubbelt. Symtomet beror ofta p\u00e5 en \u201cackomodationsspasm\u201d, vilket sker n\u00e4r n\u00e5got av \u00f6gonen f\u00f6r aktivt riktas in mot n\u00e4san. Ackomodation \u00e4r en normal \u00f6gonr\u00f6relse, men det kan ibland bli \u00f6veraktivt hos patienter med funktionella symtom.<\/p>\n\n\n\n<h3><strong>Ljusk\u00e4nslighet (Fotofobi)<\/strong><\/h3>\n\n\n\n<p>Symptomet f\u00f6rekommer ofta hos personer som lider av <a href=\"https:\/\/www.neurosymptoms.org\/fatigue\/4594358000\">kroniskt tr\u00f6tthetssyndrom<\/a>. Det kan ocks\u00e5 upptr\u00e4da hos personer med <a href=\"https:\/\/www.neurosymptoms.org\/functional-limb-weakness\/4594357994\">funktionell svaghet<\/a> och <a href=\"https:\/\/www.neurosymptoms.org\/sensory-symptoms\/4594357996\">k\u00e4nselst\u00f6rning<\/a>. Ofta \u00e4r man mer k\u00e4nslig f\u00f6r ljus p\u00e5 samma sida av kroppen som man har svagheten i. Starkt ljust kan till och med f\u00f6rv\u00e4rra svagheten i vissa fall.<\/p>\n\n\n\n<p>Som reaktion p\u00e5 detta symptom b\u00f6rjar man kanske b\u00e4ra m\u00f6rka glas\u00f6gon. Problemet \u00e4r att detta ofta leder till att \u00f6gonen blir \u00e4nnu mer ljusk\u00e4nsliga. Det \u00e4r b\u00e4ttre att under en tid gradvist uts\u00e4tta \u00f6gonen f\u00f6r mer och mer ljus. Det f\u00e5r ta tid; ta det i lagom takt.<\/p>\n\n\n\n<h3><strong>Nedsatt syn\/f\u00f6rlust av syn<\/strong><\/h3>\n\n\n\n<div class=\"wp-block-image\"><figure class=\"alignright size-large\"><img loading=\"lazy\" width=\"313\" height=\"277\" src=\"https:\/\/pre-prod.neurosymptoms.org\/wp-content\/uploads\/2020\/11\/Visual-Symptom-Image-2.png\" alt=\"\" class=\"wp-image-608\" srcset=\"https:\/\/neurosymptoms.org\/wp-content\/uploads\/2020\/11\/Visual-Symptom-Image-2.png 313w, https:\/\/neurosymptoms.org\/wp-content\/uploads\/2020\/11\/Visual-Symptom-Image-2-300x265.png 300w\" sizes=\"(max-width: 313px) 100vw, 313px\" \/><figcaption><em>&#8220;Spiralf\u00e4lt&#8221; ses vid synf\u00e4ltsunders\u00f6kningar och kan vara ett tecken p\u00e5 funktionell synrubbning<\/em><\/figcaption><\/figure><\/div>\n\n\n\n<p>Detta symtom f\u00f6rekommer mera s\u00e4llan. Personen som lider av detta kan uppleva att de f\u00f6rlorar synen i ett av \u00f6gonen, eller i b\u00e5da \u00f6gonen. Ibland blir patienten helt f\u00f6rblindad. F\u00f6r att st\u00e4lla diagnosen &#8220;funktionell blindhet&#8221; m\u00e5ste ett antal test g\u00f6ras, som visar att pupillerna reagerar p\u00e5 ett normalt s\u00e4tt, att \u00f6gonen reagerar p\u00e5 r\u00f6rliga stimuli och att de omr\u00e5den i hj\u00e4rnan som behandlar synintryck \u00e4r oskadda.<\/p>\n\n\n\n<p>Personer som lider av funktionella synrubbningar kan uppvisa speciella tecken i synf\u00e4ltstest, till exempel tunnelseende eller n\u00e5got som kallas &#8220;spiralsynf\u00e4lt&#8221; (se bilderna ovan).&nbsp;<\/p>\n\n\n\n<p>Den vanligaste typen av funktionell synrubbning m\u00e4rks oftast av personen enbart som en tillf\u00e4llig grumling av synen &#8211; eller att inte se s\u00e5 bra p\u00e5 ett \u00f6ga n\u00e4r man h\u00e5ller f\u00f6r det andra. Det \u00e4r v\u00e4ldigt vanligt att man upplever att synen verkar mycket s\u00e4mre n\u00e4r man g\u00f6r ett syntest eller blir unders\u00f6kt av en l\u00e4kare, \u00e4n i det dagliga livet. Det \u00e4r ett vanligt drag hos funktionella symtom att de f\u00f6rv\u00e4rras n\u00e4r man fokuserar p\u00e5 det.<\/p>\n\n\n\n<p>&nbsp;Det finns inte mycket forskning om behandling f\u00f6r funktionella synrubbningar.<\/p>\n\n\n\n<p>Jon Stone har skrivit ned sina erfarenheter fr\u00e5n behandling av tv\u00e5 patienter med funktionell blindhet i den h\u00e4r artikeln: <a href=\"https:\/\/pn.bmj.com\/content\/19\/2\/168.long\">Seeing again: treatment of functional visual loss<\/a>.<\/p>\n\n\n\n<h3><strong>Brus eller \u201csn\u00f6\u201d i synf\u00e4ltet, \u201cVisual Persistence Phenomena\u201d<\/strong><\/h3>\n\n\n\n<p>Ibland kan man bli varse att synf\u00e4ltet fylls av n\u00e5got som ser ut som prickar eller sn\u00f6flingor. Detta kan bero p\u00e5 \u00f6gon- eller hj\u00e4rnsjukdomar, men det kan ocks\u00e5 vara ett helt ofarligt, normalt fenomen. Alla som tittat l\u00e4nge p\u00e5 en starkt lysande bakgrund kan b\u00f6rja se &#8220;ludd&#8221; eller &#8220;brus&#8221; som r\u00f6r sig i synf\u00e4ltet. Hos vissa personer f\u00f6rsvinner inte detta. Normalt filtrerar hj\u00e4rnan bort den h\u00e4r typen av \u00f6verfl\u00f6dig syninformation. Forskning har kopplat \u201csn\u00f6 i synf\u00e4ltet\u201d till migr\u00e4n.&nbsp;<\/p>\n\n\n\n<p>Vissa kan ocks\u00e5 uppleva att synintryck dr\u00f6jer sig kvar, s\u00e4rskilt efter att tittat p\u00e5 n\u00e5got en l\u00e4ngre tid eller n\u00e4r man f\u00f6rs\u00f6ker f\u00f6lja n\u00e5got som r\u00f6r sig snabbt med blicken. Precis som vid \u201csn\u00f6 i synf\u00e4ltet\u201d \u00e4r det viktigt att utesluta att en neurologisk skada eller \u00f6gonsjukdom orsakar detta, men det kan precis som vid \u201csn\u00f6 i synf\u00e4ltet\u201d uppst\u00e5 som ett symtom utan neurologisk sjukdom. Det kan d\u00e5 \u00e5terigen bero p\u00e5 att den normala mekanismen i hj\u00e4rnan som ska filtrera bort \u00f6verfl\u00f6dig syninformation inte fungerar som den ska.<\/p>\n\n\n\n<figure class=\"wp-block-image size-large\"><img loading=\"lazy\" width=\"217\" height=\"99\" src=\"https:\/\/pre-prod.neurosymptoms.org\/wp-content\/uploads\/2020\/11\/Visual-Symptom-Image-3.jpg\" alt=\"\" class=\"wp-image-609\"\/><figcaption><em>Det finns en organisation som intresserar sig f\u00f6r och arbetar f\u00f6r att \u00f6ka kunskaperna om \u201csn\u00f6 i synf\u00e4ltet\u201d:&nbsp; <a href=\"https:\/\/www.visualsnowinitiative.org\/\">https:\/\/www.visualsnowinitiative.org\/<\/a><\/em><\/figcaption><\/figure>\n\n\n\n<h2><strong><\/strong><\/h2>\n","protected":false},"excerpt":{"rendered":"<p>Synsymtom som \u00e4r funktionella eller dissociativa.<\/p>\n","protected":false},"author":65,"featured_media":0,"parent":937,"menu_order":293,"comment_status":"closed","ping_status":"closed","template":"page-template\/symptom-details-page-template.php","meta":[],"_links":{"self":[{"href":"https:\/\/neurosymptoms.org\/sv_SE\/wp-json\/wp\/v2\/pages\/606"}],"collection":[{"href":"https:\/\/neurosymptoms.org\/sv_SE\/wp-json\/wp\/v2\/pages"}],"about":[{"href":"https:\/\/neurosymptoms.org\/sv_SE\/wp-json\/wp\/v2\/types\/page"}],"author":[{"embeddable":true,"href":"https:\/\/neurosymptoms.org\/sv_SE\/wp-json\/wp\/v2\/users\/65"}],"replies":[{"embeddable":true,"href":"https:\/\/neurosymptoms.org\/sv_SE\/wp-json\/wp\/v2\/comments?post=606"}],"version-history":[{"count":113,"href":"https:\/\/neurosymptoms.org\/sv_SE\/wp-json\/wp\/v2\/pages\/606\/revisions"}],"predecessor-version":[{"id":15829,"href":"https:\/\/neurosymptoms.org\/sv_SE\/wp-json\/wp\/v2\/pages\/606\/revisions\/15829"}],"up":[{"embeddable":true,"href":"https:\/\/neurosymptoms.org\/sv_SE\/wp-json\/wp\/v2\/pages\/937"}],"wp:attachment":[{"href":"https:\/\/neurosymptoms.org\/sv_SE\/wp-json\/wp\/v2\/media?parent=606"}],"curies":[{"name":"wp","href":"https:\/\/api.w.org\/{rel}","templated":true}]}}