{"id":602,"date":"2020-11-30T15:56:29","date_gmt":"2020-11-30T15:56:29","guid":{"rendered":"https:\/\/ftd.cognihealth.in\/?page_id=602"},"modified":"2024-01-12T22:47:47","modified_gmt":"2024-01-12T22:47:47","slug":"low-mood","status":"publish","type":"page","link":"https:\/\/neurosymptoms.org\/sv_SE\/symptoms\/common-associated-symptoms\/low-mood\/","title":{"rendered":"Nedst\u00e4mdhet"},"content":{"rendered":"\n<p>Depression och nedst\u00e4mdhet \u00e4r vanligt hos patienter med funktionella och dissociativa neurologiska symtom.&nbsp;<\/p>\n\n\n\n<p>Den h\u00e4r hemsidan \u00e4r inte gjord f\u00f6r att g\u00e5 igenom dessa symtom i detalj. N\u00e5gra anv\u00e4ndbara l\u00e4nkar finns nedan.<\/p>\n\n\n\n<p class=\"has-text-align-center has-small-font-size\">.. <em>Depression kan diagnostiseras hos n\u00e5gon som \u00e4r nedst\u00e4md och har f\u00f6rlorat intresset i saker, \u00e4r tr\u00f6tt, har koncentrationssv\u00e5righeter, s\u00f6mnsv\u00e5righeter och f\u00f6r\u00e4ndrad aptit <\/em>\u2026<\/p>\n\n\n\n<p>Tre saker \u00e4r dock viktiga att reda ut n\u00e4r det g\u00e4ller funktionella tillst\u00e5nd:<\/p>\n\n\n\n<p>\u2022 Om du \u00e4r deprimerad eller nedst\u00e4md, betyder inte det att det \u00e4r orsaken till dina symtom. Det kan vara k\u00e4nsligt n\u00e4r en l\u00e4kare eller n\u00e5gon annan fr\u00e5gar om s\u00e5dant, men en bra l\u00e4kare ska alltid fr\u00e5ga om det, oavsett diagnos. Till exempel kan patienter med Multipel Skleros (MS) lida av \u00e5ngest eller depression, och d\u00e5 p\u00e5verkas deras livskvalitet s\u00e5 mycket att det \u00e4r viktigt att g\u00f6ra vad man kan f\u00f6r att f\u00f6rb\u00e4ttra. Det ska inte vara annorlunda vid funktionella symtom.<\/p>\n\n\n\n<p>\u2022 Att ta h\u00e4nsyn till att du \u00e4r deprimerad eller nedst\u00e4md betyder inte att du \u00e4r \u201csinnessjuk\u201d \/ \u201char tappat f\u00f6rst\u00e5ndet\u201d \/ \u201cviljesvag\u201d eller n\u00e5got annat som vissa personer (kanske ocks\u00e5 du!) t\u00e4nker. Det finns mycket stigmatisering kring de h\u00e4r problemen som inte alltid \u00e4r s\u00e5 l\u00e4tta att handskas med.<\/p>\n\n\n\n<p>\u2022 Den vanligaste orsaken till nedst\u00e4mdhet hos patienter med FNS \u00e4r nedst\u00e4mdhet kring sj\u00e4lva symtomen. Vad beror de p\u00e5? Varf\u00f6r verkar ingen tro p\u00e5 mig? H\u00e5ller jag p\u00e5 att bli galen? Kommer det att hindra mig fram\u00f6ver? Bara f\u00f6r att det \u00e4r nedst\u00e4mdhet kring symtomen betyder det inte att det inte \u00e4r \u201cnedst\u00e4mdhet\u201d.<\/p>\n\n\n\n<p>M\u00e5nga patienter k\u00e4nner inte till vad som utg\u00f6r en depressionsdiagnos. Nedan finns de kriterier fr\u00e5n Amerikanska Psykiatriska F\u00f6reningen (APA) som brukar anv\u00e4ndas f\u00f6r att st\u00e4lla diagnosen.<\/p>\n\n\n\n<p>En sak som kan verka lite f\u00f6rv\u00e5nande \u00e4r att det \u00e4r m\u00f6jligt att ha en depression <em>utan <\/em>att k\u00e4nna sig deprimerad eller ledsen. Depression kan diagnostiseras hos n\u00e5gon som inte k\u00e4nner sig ledsen om personen har tappat intresset f\u00f6r saker, \u00e4r tr\u00f6tt, har koncentrationssv\u00e5righeter, s\u00f6mnsv\u00e5righeter och f\u00f6r\u00e4ndrad aptit.<\/p>\n\n\n\n<p>Depression kan ocks\u00e5 yttra sig som starka k\u00e4nslor av frustration och ilska.<\/p>\n\n\n\n<p>Ta kontakt med sjukv\u00e5rden om tror att du kan ha en depression, eftersom det finns flera m\u00f6jliga behandlingsalternativ. Behandling av depression hos n\u00e5gon som ocks\u00e5 har FNS brukar ibland f\u00f6rb\u00e4ttra vissa FNS-symtom.<\/p>\n\n\n\n<div class=\"wp-container-1 wp-block-group has-background\" style=\"background-color:#e3e5e6\"><div class=\"wp-block-group__inner-container\">\n<h3><strong>Egentlig depression <\/strong><\/h3>\n\n\n\n<h4><strong>(Kriterier enligt den psykiatriska diagnosmanualen DSM-5)<\/strong><\/h4>\n\n\n\n<p><em>Svensk version: MINI-D 5 Diagnostiska kriterier enligt DSM-5, Svensk \u00f6vers\u00e4ttning J\u00f6rgen Herlofson, Pilgrim Press AB 2014, ISBN 978-91-980079-1-6<\/em><\/p>\n\n\n\n<p>A. Minst fem av f\u00f6ljande symtom har f\u00f6relegat under samma 2-veckorsperiod. Detta har inneburit en f\u00f6r\u00e4ndring av personens tillst\u00e5nd. Minst ett av symtomen (1) nedst\u00e4mdhet eller (2) minskat intresse eller gl\u00e4dje m\u00e5ste f\u00f6religga.&nbsp;<\/p>\n\n\n\n<p>(1) Nedst\u00e4mdhet under st\u00f6rre delen av dagen s\u00e5 gott som dagligen, vilket bekr\u00e4ftas antingen av personen sj\u00e4lv (t ex k\u00e4nner sig ledsen, tom eller hoppl\u00f6s till sinnes) eller av andra t ex ser ut att vilja gr\u00e5ta). (<strong>Obs: <\/strong>hos barn eller ungdomar kan irritabilitet f\u00f6rekomma)<\/p>\n\n\n\n<p>(2) P\u00e5tagligt minskat intresse f\u00f6r eller minskad gl\u00e4dje av alla eller n\u00e4stan alla aktiviteter under st\u00f6rre delen av dagen s\u00e5 gott som dagligen (vilket bekr\u00e4ftas antingen av personen sj\u00e4lv eller av andra).<\/p>\n\n\n\n<p>(3) Betydande viktnedg\u00e5ng (utan att avsiktligt banta) eller viktuppg\u00e5ng (t ex en mer \u00e4n 5-procentig f\u00f6r\u00e4ndring av kroppsvikten under en m\u00e5nad), eller minskad alternativt \u00f6kad aptit, s\u00e5 gott som dagligen. (<strong>Obs: <\/strong>Ta ocks\u00e5 med i ber\u00e4kningen om f\u00f6rv\u00e4ntad viktuppg\u00e5ng hos barn uteblivit)<\/p>\n\n\n\n<p>(4) S\u00f6mnst\u00f6rning (f\u00f6r mycket eller f\u00f6r lite s\u00f6mn s\u00e5 gott som varje natt).&nbsp;<\/p>\n\n\n\n<p>(5) Psykomotorisk agitation eller h\u00e4mning s\u00e5 gott som dagligen (tydligt m\u00e4rkbar f\u00f6r omgivningen och inte enbart en subjektiv upplevelse av rastl\u00f6shet eller tr\u00f6ghet).&nbsp;<\/p>\n\n\n\n<p>(6) Svaghetsk\u00e4nsla eller brist p\u00e5 energi s\u00e5 gott som dagligen.<\/p>\n\n\n\n<p>(7) K\u00e4nsla av v\u00e4rdel\u00f6shet eller \u00f6verdrivna eller obefogade skuldk\u00e4nslor (vilka kan ha vanf\u00f6rst\u00e4llningskarakt\u00e4r) s\u00e5 gott som dagligen (inte enbart sj\u00e4lvf\u00f6rebr\u00e5elser eller skuldk\u00e4nslor f\u00f6r att vara sjuk).<\/p>\n\n\n\n<p>(8) Minskad tanke- eller koncentrationsf\u00f6rm\u00e5ga eller obeslutsamhet, s\u00e5 gott som dagligen (vilket bekr\u00e4ftas antingen av personen sj\u00e4lv eller av andra).<\/p>\n\n\n\n<p>(9) \u00c5terkommande tankar p\u00e5 d\u00f6den (inte enbart r\u00e4dsla f\u00f6r att d\u00f6), \u00e5terkommande sj\u00e4lvmordstankar utan n\u00e5gon s\u00e4rskild plan, gjort sj\u00e4lvmordsf\u00f6rs\u00f6k eller har planerat f\u00f6r sj\u00e4lvmord.<\/p>\n\n\n\n<p>B. Symtomen orsakar kliniskt signifikant lidande eller f\u00f6rs\u00e4mrad funktion socialt, i arbete eller inom andra viktiga funktionsomr\u00e5den.<\/p>\n\n\n\n<p>C. Episoden kan inte tillskrivas fysiologiska effekter av n\u00e5gon substans eller n\u00e5got annat medicinskt tillst\u00e5nd.<\/p>\n\n\n\n<p>D. Den egentliga depressionsepisoden f\u00f6rklaras inte b\u00e4ttre med schizoaffektivt syndrom, schizofreni, schizofreniformt syndrom, vanf\u00f6rest\u00e4llningar eller annat specificerat eller ospecificerat schizofrenispektrumsyndrom samt andra psykoser.<\/p>\n\n\n\n<p>E. Det har aldrig f\u00f6rekommit n\u00e5gon manisk eller hypoman episod.<\/p>\n<\/div><\/div>\n\n\n\n<h2><strong>&nbsp;<\/strong><\/h2>\n\n\n\n<div class=\"wp-block-image\"><figure class=\"alignleft size-large is-resized\"><img loading=\"lazy\" src=\"https:\/\/pre-prod.neurosymptoms.org\/wp-content\/uploads\/2022\/02\/Svensk-flagga.jpg\" alt=\"\" class=\"wp-image-5918\" width=\"117\" height=\"78\" srcset=\"https:\/\/neurosymptoms.org\/wp-content\/uploads\/2022\/02\/Svensk-flagga.jpg 510w, https:\/\/neurosymptoms.org\/wp-content\/uploads\/2022\/02\/Svensk-flagga-300x200.jpg 300w\" sizes=\"(max-width: 117px) 100vw, 117px\" \/><\/figure><\/div>\n\n\n\n<p>L\u00e4nk om du beh\u00f6ver l\u00e4sa mer:&nbsp;<\/p>\n\n\n\n<p><a href=\"https:\/\/www.1177.se\/sjukdomar--besvar\/psykiska-sjukdomar-och-besvar\/depression\/depression\/\">Depression &#8211; 1177 V\u00e5rdguiden<\/a><\/p>\n","protected":false},"excerpt":{"rendered":"<p>Depression, nedst\u00e4mdhet och f\u00f6rlorat intresse kan finnas samtidigt som FNS.<\/p>\n","protected":false},"author":65,"featured_media":0,"parent":939,"menu_order":276,"comment_status":"closed","ping_status":"closed","template":"page-template\/symptom-details-page-template.php","meta":[],"_links":{"self":[{"href":"https:\/\/neurosymptoms.org\/sv_SE\/wp-json\/wp\/v2\/pages\/602"}],"collection":[{"href":"https:\/\/neurosymptoms.org\/sv_SE\/wp-json\/wp\/v2\/pages"}],"about":[{"href":"https:\/\/neurosymptoms.org\/sv_SE\/wp-json\/wp\/v2\/types\/page"}],"author":[{"embeddable":true,"href":"https:\/\/neurosymptoms.org\/sv_SE\/wp-json\/wp\/v2\/users\/65"}],"replies":[{"embeddable":true,"href":"https:\/\/neurosymptoms.org\/sv_SE\/wp-json\/wp\/v2\/comments?post=602"}],"version-history":[{"count":68,"href":"https:\/\/neurosymptoms.org\/sv_SE\/wp-json\/wp\/v2\/pages\/602\/revisions"}],"predecessor-version":[{"id":14181,"href":"https:\/\/neurosymptoms.org\/sv_SE\/wp-json\/wp\/v2\/pages\/602\/revisions\/14181"}],"up":[{"embeddable":true,"href":"https:\/\/neurosymptoms.org\/sv_SE\/wp-json\/wp\/v2\/pages\/939"}],"wp:attachment":[{"href":"https:\/\/neurosymptoms.org\/sv_SE\/wp-json\/wp\/v2\/media?parent=602"}],"curies":[{"name":"wp","href":"https:\/\/api.w.org\/{rel}","templated":true}]}}