{"id":600,"date":"2020-11-30T15:53:53","date_gmt":"2020-11-30T15:53:53","guid":{"rendered":"https:\/\/ftd.cognihealth.in\/?page_id=600"},"modified":"2025-05-11T12:16:32","modified_gmt":"2025-05-11T12:16:32","slug":"health-anxiety","status":"publish","type":"page","link":"https:\/\/neurosymptoms.org\/sv_SE\/symptoms\/common-associated-symptoms\/health-anxiety\/","title":{"rendered":"Sjukdoms\u00e5ngest"},"content":{"rendered":"\n<p>Den h\u00e4r sidan utforskar begreppet \u201csjukdoms\u00e5ngest\u201d lite mer. Du kan l\u00e4sa mer allm\u00e4nt om <a href=\"https:\/\/www.neurosymptoms.org\/symptoms\/common-associated-symptoms\/worry-panic\/\">\u00e5ngest och oro<\/a> om du inte redan gjort det.&nbsp;<\/p>\n\n\n\n<p>Den vanligaste orsaken till \u00e5ngest eller oro hos patienter med funktionella symtom \u00e4r symtomen i sig sj\u00e4lva. Vad beror de p\u00e5? Varf\u00f6r verkar ingen tro mig? H\u00e5ller jag p\u00e5 att bli galen? \u00c4r det n\u00e5got allvarligt? Kommer jag att bli hindrad i framtiden?<\/p>\n\n\n\n<p class=\"has-text-align-center has-small-font-size\"><em>..patienten \u00e4r medveten om att oron kring allvarlig sjukdom \u00e4r irrationell, men kan inte skaka av sig den\u2026&nbsp;<\/em><\/p>\n\n\n\n<p>Det \u00e4r fullt begripligt att personer med symtom st\u00e4ller sig de h\u00e4r fr\u00e5gorna. N\u00e4r du g\u00e5r till en l\u00e4kare hoppas du p\u00e5 att f\u00e5 en f\u00f6rklaring till vad som \u00e4r fel.<\/p>\n\n\n\n<p>Det blir ofta sv\u00e5rt n\u00e4r<\/p>\n\n\n\n<ol><li><strong>L\u00e4karen inte ger en f\u00f6rklaring.<\/strong> L\u00e4karen kan s\u00e4ga \u201cdet \u00e4r inget att oroa sig \u00f6ver\u201d, eller \u201cdet beror p\u00e5 att du \u00e4r stressad\u201d (vilket kanske inte l\u00e5ter som en bra f\u00f6rklaring om du inte k\u00e4nner dig stressad). De h\u00e4r f\u00f6rklaringarna l\u00e4mnar patienten kvar med en undran \u00f6ver vad som \u00e4r fel.&nbsp;<\/li><li><strong>Patienten inte tror p\u00e5 f\u00f6rklaringen som har getts. <\/strong>Till exempel kan l\u00e4karen f\u00f6rklara f\u00f6r en patient att huvudv\u00e4rken beror p\u00e5 migr\u00e4n eller att man tar f\u00f6r mycket sm\u00e4rtstillande, men f\u00f6r patienten k\u00e4nns sm\u00e4rtan mycket v\u00e4rre \u00e4n s\u00e5, och hen forts\u00e4tter att vara \u00f6vertygad om att hen har en hj\u00e4rntum\u00f6r.<\/li><li><strong>Patienten tror p\u00e5 f\u00f6rklaringen men s\u00e5 kommer en irrationell \u00e5ngest hela tiden tillbaka (Sjukdoms\u00e5ngest).<\/strong> Vissa patienter har f\u00e5tt en begriplig f\u00f6rklaring till sina symtom, och de k\u00e4nner sig lugnade f\u00f6r tillf\u00e4llet. Men det \u00e4r typiskt att detta bara varar n\u00e5gra dagar innan tvivel p\u00e5 diagnosen och alla fr\u00e5gorna ovan kommer upp till ytan igen.<\/li><\/ol>\n\n\n\n<p>Oftast vet patienten att oron kring en allvarlig sjukdom \u00e4r irrationell, men den g\u00e5r inte att skaka av sig. Oron \u00f6ver vad som \u00e4r fel kan \u00f6ka, och patienten kan b\u00f6rja s\u00f6ka olika l\u00e4kare f\u00f6r att f\u00e5 andra bed\u00f6mningar eller helt enkelt f\u00f6r att stilla sin oro. Man kan b\u00f6rja s\u00f6ka v\u00e5rd p\u00e5 akutmottagningar eller p\u00e5 andra st\u00e4llen som har \u00f6ppet p\u00e5 kv\u00e4llar och helger.&nbsp;<\/p>\n\n\n\n<p>Allteftersom \u00e5ngestniv\u00e5n \u00f6ver symtomen \u00f6kar blir man s\u00e4mre, ofta med f\u00f6rv\u00e4rrad yrsel, huvudv\u00e4rk och tr\u00f6tthet.<\/p>\n\n\n\n<p>\u00d6kande symtom kan driva vissa patienter att f\u00f6rs\u00f6ka att st\u00e4lla diagnos p\u00e5 sig sj\u00e4lv p\u00e5 n\u00e4tet. Detta kan \u00f6ppna upp nya och \u00e4nnu mer skr\u00e4mmande alternativ.<\/p>\n\n\n\n<p>Det h\u00e4r sista f\u00f6rloppet kallas sjukdoms\u00e5ngest. Det \u00e4r faktiskt ganska vanligt, men sv\u00e5rt f\u00f6r patienter och l\u00e4kare att prata om. Att vara \u201chypokondrisk\u201d \u00e4r generellt ganska stigmatiserat i v\u00e5rt samh\u00e4lle.&nbsp;<\/p>\n\n\n\n<p>Men att ha sjukdoms\u00e5ngest kan vara v\u00e4ldigt pl\u00e5gsamt f\u00f6r den det drabbar. Symtomen \u00e4r verkligen p\u00e5 riktigt, annars skulle de inte orsaka s\u00e5 mycket oro.&nbsp;<\/p>\n\n\n\n<p>Bara en liten del av patienter med funktionella tillst\u00e5nd har en h\u00f6g niv\u00e5 av sjukdoms\u00e5ngest. Mycket av det som l\u00e4kare bed\u00f6mer som sjukdoms\u00e5ngest hos patienter med funktionella tillst\u00e5nd handlar egentligen om det faktum att patienterna aldrig har f\u00e5tt n\u00e5gon som helst f\u00f6rklaring till sina symtom (s\u00e5 det \u00e4r knappast \u00f6verraskande att de forts\u00e4tter att vara oroliga \u00f6ver dem).<\/p>\n\n\n\n<h3><strong>Behandling<\/strong><\/h3>\n\n\n\n<p>Sjukdoms\u00e5ngest kan behandlas f\u00f6rst n\u00e4r patienten och l\u00e4karen \u00e4r \u00f6verens om att det f\u00f6religger.<\/p>\n\n\n\n<p>N\u00e4r man har kommit fram till det, \u00e4r det viktigt att l\u00e4karen upph\u00f6r att komma med enkla f\u00f6rs\u00e4kringar eller lugnande ord. De kommer bara att ha en tillf\u00e4llig effekt och beh\u00f6ver upprepas hela tiden.&nbsp;<\/p>\n\n\n\n<p>Ist\u00e4llet beh\u00f6ver l\u00e4karen f\u00f6rklara p\u00e5 ett s\u00e5dant s\u00e4tt att patienten f\u00e5r en f\u00f6rklaring som kan \u201ckonkurrera bort\u201d andra, mer alarmerande f\u00f6rklaringar.&nbsp;<\/p>\n\n\n\n<p>Patienten \u00e5 sin sida m\u00e5ste g\u00e5 med p\u00e5 att inte leta h\u00e4lsoinformation p\u00e5 n\u00e4tet eller i b\u00f6cker och att inte s\u00f6ka l\u00e4kare f\u00f6r andra f\u00f6rklaringar.<\/p>\n\n\n\n<p>Ibland kan sjukdoms\u00e5ngest upph\u00f6ra r\u00e4tt snabbt och framg\u00e5ngsrikt s\u00e5 fort patienten vet vad det \u00e4r. Men att komma till det stadiet kan vara sv\u00e5rt.<\/p>\n\n\n\n<p>L\u00e4s <a href=\"https:\/\/www.neurosymptoms.org\/sv_SE\/stories\/headache-dizziness-and-health-anxiety\/ians-first-letter-1\/\">Ians ber\u00e4ttelse<\/a> f\u00f6r en beskrivning av hur det kan vara att leva med sjukdoms\u00e5ngest.<\/p>\n\n\n\n<p>Radio 4 i Storbritannien har s\u00e4nt ett program om sjukdoms\u00e5ngest som en del av sin serie \u201c<a href=\"https:\/\/www.bbc.co.uk\/programmes\/b00rbkyk\">Am I Normal<\/a>\u201d. I programmet beskrivs n\u00e5gra bra patientber\u00e4ttelser om tillst\u00e5ndet och hur det kan f\u00f6rb\u00e4ttras (engelska).&nbsp;<\/p>\n\n\n\n<p>Det finns mer information p\u00e5 engelska p\u00e5 <a href=\"http:\/\/www.anxietyuk.org.uk\/condition_health.php\">Anxiety UK<\/a>&nbsp; och i patientinformationsmaterialet <a href=\"https:\/\/www.neurosymptoms.org\/wp-content\/uploads\/2020\/11\/HealthAnxiety.pdf\">Health Anxiety (neurosymptoms.org)<\/a> fr\u00e5n NHS l\u00e4ngst upp p\u00e5 den h\u00e4r sidan.<\/p>\n\n\n\n<p>Videon nedan \u00e4r ett avsnitt av \u201cInsight\u201d fr\u00e5n den Australiensiska TV-kanalen SBS som s\u00e4ndes 13 september 2016. Under de f\u00f6rsta tjugo minutrarna belyser det tv\u00e5 patienter med sjukdoms\u00e5ngest av en \u201ckognitiv\u201d typ &#8211; det vill s\u00e4ga de l\u00e4gger mycket tid och oro kring tankar om sjukdom.<\/p>\n\n\n\n<figure class=\"wp-block-embed-youtube wp-block-embed is-type-video is-provider-youtube wp-embed-aspect-16-9 wp-has-aspect-ratio\"><div class=\"wp-block-embed__wrapper\">\n<iframe loading=\"lazy\" title=\"Can you think yourself sick?\" width=\"745\" height=\"419\" src=\"https:\/\/www.youtube.com\/embed\/3QLKJszJRaQ?feature=oembed\" frameborder=\"0\" allow=\"accelerometer; autoplay; clipboard-write; encrypted-media; gyroscope; picture-in-picture; web-share\" referrerpolicy=\"strict-origin-when-cross-origin\" allowfullscreen><\/iframe>\n<\/div><\/figure>\n\n\n\n<p><\/p>\n\n\n\n<div class=\"wp-block-image\"><figure class=\"alignleft size-large is-resized\"><img loading=\"lazy\" src=\"https:\/\/pre-prod.neurosymptoms.org\/wp-content\/uploads\/2022\/02\/Svensk-flagga.jpg\" alt=\"\" class=\"wp-image-5918\" width=\"30\" height=\"20\" srcset=\"https:\/\/neurosymptoms.org\/wp-content\/uploads\/2022\/02\/Svensk-flagga.jpg 510w, https:\/\/neurosymptoms.org\/wp-content\/uploads\/2022\/02\/Svensk-flagga-300x200.jpg 300w\" sizes=\"(max-width: 30px) 100vw, 30px\" \/><\/figure><\/div>\n\n\n\n<p>Region Stockholm erbjuder internetbehandling vid Sjukdoms\u00e5ngest f\u00f6r boende i hela Sverige, och deras hemsida inneh\u00e5ller information om tillst\u00e5ndet och hur behandling kan g\u00e5 till <a href=\"https:\/\/www.internetpsykiatri.se\/behandling\/halsoangest\/\">H\u00e4lso\u00e5ngest (internetpsykiatri.se)<\/a>.<\/p>\n","protected":false},"excerpt":{"rendered":"<p>Sjukdoms\u00e5ngest handlar om stark och besv\u00e4rande oro kring h\u00e4lsa och sjukdom.<\/p>\n","protected":false},"author":65,"featured_media":1636,"parent":939,"menu_order":274,"comment_status":"closed","ping_status":"closed","template":"page-template\/symptom-details-page-template.php","meta":[],"_links":{"self":[{"href":"https:\/\/neurosymptoms.org\/sv_SE\/wp-json\/wp\/v2\/pages\/600"}],"collection":[{"href":"https:\/\/neurosymptoms.org\/sv_SE\/wp-json\/wp\/v2\/pages"}],"about":[{"href":"https:\/\/neurosymptoms.org\/sv_SE\/wp-json\/wp\/v2\/types\/page"}],"author":[{"embeddable":true,"href":"https:\/\/neurosymptoms.org\/sv_SE\/wp-json\/wp\/v2\/users\/65"}],"replies":[{"embeddable":true,"href":"https:\/\/neurosymptoms.org\/sv_SE\/wp-json\/wp\/v2\/comments?post=600"}],"version-history":[{"count":94,"href":"https:\/\/neurosymptoms.org\/sv_SE\/wp-json\/wp\/v2\/pages\/600\/revisions"}],"predecessor-version":[{"id":15700,"href":"https:\/\/neurosymptoms.org\/sv_SE\/wp-json\/wp\/v2\/pages\/600\/revisions\/15700"}],"up":[{"embeddable":true,"href":"https:\/\/neurosymptoms.org\/sv_SE\/wp-json\/wp\/v2\/pages\/939"}],"wp:featuredmedia":[{"embeddable":true,"href":"https:\/\/neurosymptoms.org\/sv_SE\/wp-json\/wp\/v2\/media\/1636"}],"wp:attachment":[{"href":"https:\/\/neurosymptoms.org\/sv_SE\/wp-json\/wp\/v2\/media?parent=600"}],"curies":[{"name":"wp","href":"https:\/\/api.w.org\/{rel}","templated":true}]}}