{"id":596,"date":"2020-11-30T15:10:22","date_gmt":"2020-11-30T15:10:22","guid":{"rendered":"https:\/\/ftd.cognihealth.in\/?page_id=596"},"modified":"2025-05-30T10:31:28","modified_gmt":"2025-05-30T10:31:28","slug":"bladder-symptoms-and-fnd","status":"publish","type":"page","link":"https:\/\/neurosymptoms.org\/sv_SE\/symptoms\/fnd-symptoms\/bladder-symptoms-and-fnd\/","title":{"rendered":"Bl\u00e5ssymtom och FNS"},"content":{"rendered":"\n<p>Bl\u00e5ssymtom kan ibland f\u00f6rekomma tillsammans med andra funktionella symtom, s\u00e4rskilt ryggsm\u00e4rta. Vanliga symtom \u00e4r:<\/p>\n\n\n\n<ul><li>Frekventa bl\u00e5st\u00f6mningar (att ofta beh\u00f6va g\u00e5 p\u00e5 toa)<\/li><li>Urintr\u00e4ngningar (att ha br\u00e5ttom att hinna dit)<\/li><li>Enstaka olyckor<\/li><li>T\u00f6mningssv\u00e5righeter (att ha sv\u00e5rt att komma ig\u00e5ng att kissa eller inte kunna kissa alls)<\/li><\/ul>\n\n\n\n<p>&nbsp;Som vid alla funktionella symtom \u00e4r det viktigt att s\u00e5dana h\u00e4r symtom unders\u00f6ks ordentligt. Det kr\u00e4vs ofta att en urolog bed\u00f6mer bl\u00e5ssymtomen tillsammans med en neurolog f\u00f6r att avg\u00f6ra om det finns en strukturell skada eller n\u00e5gon neurologisk sjukdom som orsakar symtomen.<\/p>\n\n\n\n<p>Det \u00e4r dock vanligt att man inte hittar n\u00e5gon sjukdom som kan f\u00f6rklara symtomen.<\/p>\n\n\n\n<p>Ofta tyder unders\u00f6kningar p\u00e5 ett tillst\u00e5nd som kallas <strong>detrusorinstabilitet<\/strong>, <strong>\u00f6veraktiv bl\u00e5sa <\/strong>eller <strong>irritabel bl\u00e5sa<\/strong>. D\u00e5 \u00e4r bl\u00e5sans muskel ovanligt aktiv, vilket leder till behov att kissa ofta och att det blir br\u00e5ttom.<\/p>\n\n\n\n<p>Det h\u00e4r \u00e4r bl\u00e5sans motsvarighet till Irritable bowel syndrome (IBS). Det \u00e4r ett riktigt tillst\u00e5nd, men ett som inte g\u00e5r att koppla till n\u00e5gon specifik sjukdomsorsak. D\u00e4remot verkar det finnas problem som har att g\u00f6ra med nervernas kontroll \u00f6ver bl\u00e5san.<\/p>\n\n\n\n<p>Det \u00e4r kanske inte sv\u00e5rt att f\u00f6rst\u00e5 varf\u00f6r detrusorinstabilitet \/ irritabel bl\u00e5sa ibland ses tillsammans med funktionella symtom i benen. Om n\u00e5gon har en funktionell svaghet i benen beror det ocks\u00e5 p\u00e5 ett problem med nervernas kontroll.<\/p>\n\n\n\n<h3><strong>Kronisk urinretention&nbsp;<\/strong><\/h3>\n\n\n\n<p>Kronisk urinretention \u00e4r n\u00e4r din bl\u00e5sa fyller p\u00e5 sig och du inte kan kissa alls, eller bara kan kissa lite s\u00e5 att det blir mycket urin kvar i bl\u00e5san.<\/p>\n\n\n\n<p>Det finns m\u00e5nga orsaker till kronisk urinretention, som prostataf\u00f6rstoring hos m\u00e4n eller tr\u00e5ngt urinr\u00f6r, vilket b\u00e4gge begr\u00e4nsar utfl\u00f6det av urin fr\u00e5n bl\u00e5san. Neurologiska sjukdomar som p\u00e5verkar ryggm\u00e4rgen kan ocks\u00e5 orsaka f\u00f6rlamning i bl\u00e5san.<\/p>\n\n\n\n<p>Vi l\u00e4r oss fortfarande mycket om kronisk urinretention, men hos vissa verkar det finnas tillsammans med FNS och andra funktionella tillst\u00e5nd.<\/p>\n\n\n\n<p>Det finns mycket information om det h\u00e4r omr\u00e5det i det h\u00e4r <a href=\"https:\/\/www.neurosymptoms.org\/download\/i\/mark_dl\/u\/4013612269\/4635389355\/Chronic%20Urinary%20Retention%20-%20Fowlers%20Syndrome%20information%20sheet%20v8.pdf\">faktabladet<\/a> som du kan ladda ned h\u00e4r bredvid.<\/p>\n\n\n\n<h3><strong>Akut rygg- och bensm\u00e4rta med bl\u00e5ssymtom (Cauda equinasyndrom utan radiologiska fynd)<\/strong><\/h3>\n\n\n\n<p>En vanlig situation med bl\u00e5ssymtom d\u00e4r man inte hittar n\u00e5got tydligt bel\u00e4gg f\u00f6r neurologisk sjukdom \u00e4r hos patienter som kommer in till sjukhus med misstanke om diskf\u00f6r\u00e4ndringar i ryggen. Patienter med sv\u00e5r ryggsm\u00e4rta utvecklar ibland svaghet i benen, domningar i underlivet och bl\u00e5ssymtom som leder till stark klinisk misstanke om tryck p\u00e5 en nerv fr\u00e5n en disk. Detta kan vara ett allvarligt tillst\u00e5nd som kr\u00e4ver akut ryggoperation f\u00f6r att f\u00f6rhindra nervskada.<\/p>\n\n\n\n<p>Men n\u00e4r man g\u00f6r en r\u00f6ntgenunders\u00f6kning s\u00e5 hittar man hos ungef\u00e4r h\u00e4lften av patienterna inget som kan f\u00f6rklara symtomen. Ibland visar det sig bero p\u00e5 n\u00e5gon annan neurologisk sjukdom, men ofta identifierar man ingen orsak. I m\u00e5nga fall verkar det som att den sv\u00e5ra ryggsm\u00e4rtan i sig \u00e4r tillr\u00e4cklig f\u00f6r att leda till bensvaghet, domning och bl\u00e5ssymtom.<\/p>\n\n\n\n<p>&nbsp;Det h\u00e4r faktabladet \u00e4r baserat p\u00e5 den senaste forskningen (2020).&nbsp;<\/p>\n\n\n\n<p><\/p>\n\n\n\n<h3><strong>Behandling<\/strong><\/h3>\n\n\n\n<p>Irritabel bl\u00e5sa kan ofta behandlas ganska effektivt med l\u00e4kemedel som f\u00e5r bl\u00e5sv\u00e4ggen att slappna av.<\/p>\n\n\n\n<p>Det kan hj\u00e4lpa att f\u00f6rst\u00e5 att om du har detrusorinstabilitet \/ irritabel bl\u00e5sa tillsammans med andra symtom som ryggsm\u00e4rta och bensvaghet (och dina unders\u00f6kningar \u00e4r normala) s\u00e5 kan de h\u00e4nga ihop med varann.&nbsp;<\/p>\n\n\n\n<p>Ut\u00f6ver att f\u00e5 hj\u00e4lp av en urolog kan du ha nytta av att tr\u00e4ffa en inkontinenssk\u00f6terska om du har de h\u00e4r besv\u00e4ren.&nbsp;<\/p>\n","protected":false},"excerpt":{"rendered":"<p>\u00d6veraktiv bl\u00e5sa, Kronisk urinretention och Cauda equinasymtom utan radiologiska fynd.<\/p>\n","protected":false},"author":65,"featured_media":1627,"parent":937,"menu_order":291,"comment_status":"closed","ping_status":"closed","template":"page-template\/symptom-details-page-template.php","meta":[],"_links":{"self":[{"href":"https:\/\/neurosymptoms.org\/sv_SE\/wp-json\/wp\/v2\/pages\/596"}],"collection":[{"href":"https:\/\/neurosymptoms.org\/sv_SE\/wp-json\/wp\/v2\/pages"}],"about":[{"href":"https:\/\/neurosymptoms.org\/sv_SE\/wp-json\/wp\/v2\/types\/page"}],"author":[{"embeddable":true,"href":"https:\/\/neurosymptoms.org\/sv_SE\/wp-json\/wp\/v2\/users\/65"}],"replies":[{"embeddable":true,"href":"https:\/\/neurosymptoms.org\/sv_SE\/wp-json\/wp\/v2\/comments?post=596"}],"version-history":[{"count":124,"href":"https:\/\/neurosymptoms.org\/sv_SE\/wp-json\/wp\/v2\/pages\/596\/revisions"}],"predecessor-version":[{"id":15738,"href":"https:\/\/neurosymptoms.org\/sv_SE\/wp-json\/wp\/v2\/pages\/596\/revisions\/15738"}],"up":[{"embeddable":true,"href":"https:\/\/neurosymptoms.org\/sv_SE\/wp-json\/wp\/v2\/pages\/937"}],"wp:featuredmedia":[{"embeddable":true,"href":"https:\/\/neurosymptoms.org\/sv_SE\/wp-json\/wp\/v2\/media\/1627"}],"wp:attachment":[{"href":"https:\/\/neurosymptoms.org\/sv_SE\/wp-json\/wp\/v2\/media?parent=596"}],"curies":[{"name":"wp","href":"https:\/\/api.w.org\/{rel}","templated":true}]}}