{"id":593,"date":"2020-11-30T15:08:03","date_gmt":"2020-11-30T15:08:03","guid":{"rendered":"https:\/\/ftd.cognihealth.in\/?page_id=593"},"modified":"2024-11-01T03:37:36","modified_gmt":"2024-11-01T03:37:36","slug":"post-concussion-syndrome","status":"publish","type":"page","link":"https:\/\/neurosymptoms.org\/sv_SE\/symptoms\/common-associated-symptoms\/post-concussion-syndrome\/","title":{"rendered":"Postcommotiosyndrom"},"content":{"rendered":"\n<div class=\"wp-block-file\"><a href=\"https:\/\/pre-prod.neurosymptoms.org\/wp-content\/uploads\/2023\/02\/Faktablad-Postcommotiosyndrom.pdf\">H\u00e4r kan du ladda ned en svensk version av faktabladet till h\u00f6ger.<\/a><\/div>\n\n\n\n<p>Postcommotiosyndrom \/ Minor traumatic brain injury beskriver en samling fysiska och kognitiva symtom som ibland uppkommer efter en mindre skallskada. Dessa kan vara<\/p>\n\n\n\n<p><a href=\"https:\/\/www.neurosymptoms.org\/en_GB\/symptoms\/fnd-symptoms\/dizziness-including-pppd-persistent-postural-perceptual-dizziness\/\">Yrsel<\/a><\/p>\n\n\n\n<p><a href=\"https:\/\/www.neurosymptoms.org\/symptoms\/fnd-symptoms\/functional-cognitive-disorder-functional-memory-and-concentration-symptoms\/\">F\u00f6rs\u00e4mrat minne och koncentration<\/a><\/p>\n\n\n\n<p><a href=\"https:\/\/www.neurosymptoms.org\/symptoms\/common-associated-symptoms\/headache\/\">Huvudv\u00e4rk<\/a><\/p>\n\n\n\n<p><a href=\"https:\/\/www.neurosymptoms.org\/symptoms\/common-associated-symptoms\/fatigue\/\">Tr\u00f6tthet<\/a><\/p>\n\n\n\n<p><a href=\"https:\/\/www.neurosymptoms.org\/symptoms\/common-associated-symptoms\/sleep-problems\/\">S\u00f6mnst\u00f6rning<\/a><\/p>\n\n\n\n<p><a href=\"https:\/\/www.neurosymptoms.org\/symptoms\/fnd-symptoms\/visual-symptoms\/\">Ljusk\u00e4nslighet<\/a><\/p>\n\n\n\n<p>Tinnitus<\/p>\n\n\n\n<p><a href=\"https:\/\/www.neurosymptoms.org\/symptoms\/common-associated-symptoms\/pain\/\">Nacksm\u00e4rta<\/a><\/p>\n\n\n\n<p>Irritabilitet<\/p>\n\n\n\n<p>En forskargrupp vid University of Edinburgh har gjort en ny <a href=\"https:\/\/headinjurysymptoms.org\/\">hemsida<\/a> s\u00e4rskilt f\u00f6r patienter med en lindrig skallskada eller symtom efter en hj\u00e4rnskakning.&nbsp;<\/p>\n\n\n\n<p>N\u00e4r l\u00e4kare pratar om en <strong>lindrig skallskada<\/strong> syftar man inte p\u00e5 vilket slag mot huvudet som helst. En lindrig skallskada betyder att det har funnits en kort medvetsl\u00f6shet (mindre \u00e4n 15 minuter) och en mindre minneslucka efter olyckan (mindre \u00e4n en timme).<\/p>\n\n\n\n<p><strong>Hj\u00e4rnskakning<\/strong> \u00e4r inte allm\u00e4nt definierat, men vanligen menas ett slag mot huvudet d\u00e4r man inte drabbats av medvetandef\u00f6rlust eller minneslucka, men som ger symtom direkt efter\u00e5t.&nbsp;<\/p>\n\n\n\n<p><em>Under de f\u00f6rsta dagarna efter en hj\u00e4rnskakning \u00e4r det normalt att ha yrsel, koncentrationssv\u00e5righeter och andra symtom i listan ovan.<\/em><\/p>\n\n\n\n<p>Men vi vet fr\u00e5n stora studier att symtomen efter en lindrig skallskada eller hj\u00e4rnskakning vanligen l\u00e4gger sig inom dagar, veckor eller som mest n\u00e5gra m\u00e5nader.<\/p>\n\n\n\n<p>Det finns ibland s\u00e4rskilda orsaker till vissa symtom.<\/p>\n\n\n\n<p>Till exempel s\u00e5 kan alla slag mot huvudet g\u00f6ra s\u00e5 att \u201cgrus\u201d i b\u00e5gg\u00e5ngarna i \u00f6rats balansorgan kan lossna och orsaka yrsel (ett tillst\u00e5nd som kallas godartad l\u00e4gesyrsel &#8211; BPPV).&nbsp; Det finns andra t\u00e4nkbara komplikationer efter en skallskada som en l\u00e4kare kan beh\u00f6va unders\u00f6ka, men ofta hittar man ingen specifik orsak till symtomen och unders\u00f6kningar som MRT \u00e4r normala.<\/p>\n\n\n\n<p>Hj\u00e4rnan har en bra kapacitet att \u00e5terh\u00e4mta sig fr\u00e5n s\u00e5dana h\u00e4r slag mot huvudet, s\u00e5 l\u00e4nge de inte upprepas.<\/p>\n\n\n\n<p>Vid postcommotiosyndrom finns symtomen kvar l\u00e4ngre \u00e4n de borde utifr\u00e5n skadans natur. De blir ofta V\u00c4RRE \u00f6ver tid, medan symtom som \u00e4r direkt kopplade till skadan \u00e4r v\u00e4rst i b\u00f6rjan och l\u00e5ngsamt blir B\u00c4TTRE.&nbsp;<\/p>\n\n\n\n<p><\/p>\n\n\n\n<h3><strong>S\u00e5 vad \u00e4r det som orsakar postcommotiosyndrom?<\/strong><\/h3>\n\n\n\n<p>Det som h\u00e4nder \u00e4r att \u201cvolymrattar\u201d i vissa av nervsystemets bansystem kan \u201cskruvas upp\u201d efter att man har varit med om en skada. Det g\u00e4ller b\u00e5de banor som hanterar sm\u00e4rta och s\u00e5dana som hanterar sensoriska intryck och som \u00e4r inblandade i symtom som yrsel. Hj\u00e4rnan \u00e4r normalt v\u00e4ldigt bra p\u00e5 att filtrera bort intryck s\u00e5 att vi kan koncentrera oss p\u00e5 det vi beh\u00f6ver. Efter en sm\u00e4ll mot huvudet kan det h\u00e4r av flera sk\u00e4l fungera s\u00e4mre, och extra mycket signaler om sm\u00e4rta och andra sensoriska intryck sl\u00e4pps igenom.<\/p>\n\n\n\n<p>Normalt skruvas \u201cvolymrattarna\u201d ned och hj\u00e4rnans \u201cfilter\u201d \u00e5terst\u00e4lls i takt med att du l\u00e5ngsamt f\u00f6rb\u00e4ttras, men vid postcommotiosyndrom forts\u00e4tter de att vara \u201cuppskruvade\u201d, eller till och med blir \u00e4nnu mer uppskruvade med tiden.<\/p>\n\n\n\n<p>Om du dessutom har blivit psykiskt omskakad av att ha f\u00e5tt ett slag mot huvudet och \u00e4r orolig \u00f6ver att det \u00e4r n\u00e5gon form av hj\u00e4rnskada, s\u00e5 \u00e4r det det inte sv\u00e5rt att se hur detta kan f\u00f6rv\u00e4rra saken. Men som vid alla funktionella tillst\u00e5nd beh\u00f6ver du inte vara orolig eller k\u00e4nna dig l\u00e5g f\u00f6r att ha det, det \u00e4r bara det att oro eller att k\u00e4nna dig l\u00e5g brukar g\u00f6ra det s\u00e4mre.<\/p>\n\n\n\n<p><\/p>\n\n\n\n<h3><strong>S\u00e5 \u00e4r postcommotiosyndrom orsakat av en hj\u00e4rnskada, d\u00e5?<\/strong><\/h3>\n\n\n\n<p>Det korta svaret \u00e4r nej.<\/p>\n\n\n\n<p>Det TRIGGAS av ett slag mot huvudet, d\u00e5 det kan ha blivit en minimal skada i hj\u00e4rnan. Men kom ih\u00e5g att vuxna f\u00f6rlorar hj\u00e4rnceller varje dag.<\/p>\n\n\n\n<p>Om det var en liten hj\u00e4rnskada, s\u00e5 \u00e4r det v\u00e4ldigt osannolikt att symtom som fortfarande finns kvar efter 8-12 veckor skulle vara orsakade av hj\u00e4rnskadan. Symtomen uppst\u00e5r snarare fr\u00e5n att nervsystemet och hj\u00e4rnan inte <em>fungerar <\/em>normalt. Med andra ord r\u00f6r det sig om <em>funktionella <\/em>neurologiska symtom.&nbsp;<\/p>\n\n\n\n<p>Symtom som yrsel, koncentrationssv\u00e5righeter och tr\u00f6tthet \u00e4r identiska med dem man ser hos patienter med funktionella neurologiska symtom som inte har f\u00e5tt n\u00e5got slag mot huvudet. S\u00e5 de r\u00e5d som ges om funktionella tillst\u00e5nd p\u00e5 den h\u00e4r hemsidan \u00e4r relevanta f\u00f6r dig om du \u00e4r i den h\u00e4r situationen.<\/p>\n\n\n\n<p><strong>Postcommotiosyndrom eller Post-traumatiskt syndrom?<\/strong><\/p>\n\n\n\n<p>I en av de mest anm\u00e4rkningsv\u00e4rda forskningsartiklarna om det h\u00e4r \u00e4mnet fr\u00e5n de senaste \u00e5ren visade en forskargrupp fr\u00e5n Australien att andelen patienter som beh\u00f6vde sjukhusv\u00e5rd p\u00e5 grund av postcommotiosyndrom efter en lindrig skallskada var precis lika stor som den andel som beh\u00f6vde sjukhusv\u00e5rd efter ett slag mot sitt ben, sin arm eller n\u00e5gon annan del av kroppen f\u00f6rutom huvudet. (Meares et al. Mild traumatic brain injury does not predict acute postconcussion syndrome. JNNP 2008;79:300\u20136)<\/p>\n\n\n\n<p>Forskningsresultatet tyder p\u00e5 att det finns ett \u201dpost-traumatiskt syndrom\u201d, d\u00e4r personer utvecklar huvudsakligen funktionella, och naturligtvis verkliga, symtom. Det visar ocks\u00e5 att \u2018hj\u00e4rnskada\u2019, vilket \u00e4r det som man av f\u00f6rklarliga sk\u00e4l vanligen \u00e4r r\u00e4dd f\u00f6r &#8211; inte \u00e4r orsak till besv\u00e4ren.&nbsp;&nbsp;<\/p>\n\n\n\n<p><\/p>\n\n\n\n<h3><strong>Ett s\u00e4tt att se p\u00e5 behandling av postcommotiosyndrom&nbsp;<\/strong><\/h3>\n\n\n\n<p>De flesta symtomen vid postcommotiosyndrom kan betraktas som funktionella symtom som kan uppst\u00e5 <em>utan <\/em>ett v\u00e5ld mot huvudet.&nbsp;&nbsp;<\/p>\n\n\n\n<p>Titta p\u00e5 sidorna om <a href=\"https:\/\/www.neurosymptoms.org\/symptoms\/fnd-symptoms\/dizziness-including-pppd-persistent-postural-perceptual-dizziness\/\"><strong>yrsel<\/strong><\/a><strong>, <\/strong><a href=\"https:\/\/www.neurosymptoms.org\/symptoms\/common-associated-symptoms\/fatigue\/\"><strong>tr\u00f6tthet<\/strong><\/a><strong>, <\/strong><a href=\"https:\/\/www.neurosymptoms.org\/symptoms\/fnd-symptoms\/functional-cognitive-disorder-functional-memory-and-concentration-symptoms\/\"><strong>minnessv\u00e5righeter, koncentrationssv\u00e5righeter<\/strong><\/a><strong>, <\/strong><a href=\"https:\/\/www.neurosymptoms.org\/symptoms\/common-associated-symptoms\/sleep-problems\/\"><strong>s\u00f6mnsv\u00e5righeter<\/strong><\/a><strong>, <\/strong><a href=\"https:\/\/www.neurosymptoms.org\/symptoms\/common-associated-symptoms\/headache\/\"><strong>huvudv\u00e4rk<\/strong><\/a><strong>, <\/strong><a href=\"https:\/\/www.neurosymptoms.org\/en_US\/symptoms\/common-associated-symptoms\/health-anxiety\/\"><strong>\u00e5ngest<\/strong><\/a><strong>, <\/strong><a href=\"https:\/\/www.neurosymptoms.org\/symptoms\/fnd-symptoms\/functional-sensory-symptoms\/\"><strong>sensoriska symptom<\/strong><\/a><strong> och <\/strong><a href=\"https:\/\/www.neurosymptoms.org\/symptoms\/\"><strong>andra symtom <\/strong><\/a>f\u00f6r mer information.<\/p>\n\n\n\n<p>Det finns n\u00e5gra viktiga aspekter av behandling vid postcommotiosyndrom som \u00e4r bra att t\u00e4nka p\u00e5:<\/p>\n\n\n\n<ol><li><strong>Se till att du f\u00f6rst\u00e5tt diagnosen p\u00e5 r\u00e4tt s\u00e4tt.<\/strong> Eftersom symtomen triggades av ett slag mot huvudet och har funnits kvar sedan dess, \u00e4r det ofta rimligt att uppfatta att skadan&nbsp; \u201corsakade\u201d symtomen. Det kan p\u00e5 ett s\u00e4tt vara sant. Men om du har blivit \u00f6vertygad om att symtomen beror p\u00e5 en hj\u00e4rnskada, d\u00e5 \u00e4r det troligt att det hindrar din \u00e5terh\u00e4mtning. Om symtomen blir v\u00e4rre n\u00e4r du f\u00f6rs\u00f6ker att g\u00f6ra n\u00e5got kan du bli f\u00f6rtvivlad \u00f6ver att du \u00e4r \u201cskadad\u201d och att det inte finns n\u00e5got hopp om f\u00f6rb\u00e4ttring. Om du d\u00e4remot k\u00e4nner dig \u00f6vertygad om att det finns en m\u00f6jlighet att dina symtom kan bli b\u00e4ttre, s\u00e5 kommer din rehabilitering att bli enklare.<\/li><\/ol>\n\n\n\n<ol start=\"2\"><li><strong>Andra orsaker till symtom efter skallskada kan beh\u00f6va unders\u00f6kas, eftersom det kan finnas specifik behandling f\u00f6r dessa, <\/strong>till exempel:<\/li><\/ol>\n\n\n\n<ul><li><strong>Migr\u00e4n<\/strong> kan ibland f\u00f6rv\u00e4rras eller triggas av ett slag mot huvudet. N\u00e4r det h\u00e4nder ska det behandlas som migr\u00e4n.<\/li><li><strong>Godartad l\u00e4gesyrsel (BPPY).<\/strong> Som n\u00e4mnts tidigare s\u00e5 kan en ganska liten sm\u00e4ll mot huvudet ge upphov till den slags yrsel som orsakas av att sm\u00e5grus i \u00f6rats balansorgan ruckas. Symtomen vid BPPY \u00e4r tillf\u00e4llen med vertigo (en k\u00e4nsla av att det snurrar). Behandlingen \u00e4r en \u201cman\u00f6ver\u201d (Epley\u00b4s man\u00f6ver) som din l\u00e4kare eller fysioterapeut kan g\u00f6ra, eller \u00f6vningar som de kan visa dig. Den h\u00e4r typen av balans\u00f6vningar hj\u00e4lper ocks\u00e5 vid l\u00e5ngvarig yrsel.<\/li><li><a href=\"https:\/\/prod.neurosymptoms.org\/wp-content\/uploads\/2021\/06\/PTSD-1.pdf\"><strong>Post-traumatiskt Stressyndrom (PTSD)<\/strong><\/a> beskriver en samling psykologiska symtom som upprepade \u00e5terupplevanden av ett trauma, mardr\u00f6mmar, att vara \u00f6verdrivet vaksam eller \u201cspr\u00e4ttig\u201d och att k\u00e4nna \u00e5ngest. Efter en allvarlig traumatisk h\u00e4ndelse kan vissa av de h\u00e4r symtomen vara normala, men om de forts\u00e4tter eller blir v\u00e4rre b\u00f6r du ta upp det med din l\u00e4kare eftersom det finns specifika behandlingar.<\/li><li><a href=\"https:\/\/www.neurosymptoms.org\/symptoms\/common-associated-symptoms\/worry-panic\/\"><strong>\u00c5ngest<\/strong><\/a> eller <a href=\"https:\/\/www.neurosymptoms.org\/symptoms\/common-associated-symptoms\/low-mood\/\"><strong>Depression<\/strong><\/a>. B\u00e5de att f\u00e5 en skallskada och att f\u00e5 symtom efter\u00e5t kan leda till \u00e5ngest och depression, s\u00e4rskilt om du inte kunnat arbeta. Det \u00e4r bra att komma ih\u00e5g att tr\u00f6tthet, s\u00f6mnst\u00f6rning, minnes- och koncentrationssv\u00e5righeter kan tyda p\u00e5 b\u00e5de \u00e5ngest och depression, och det \u00e4r bra att ta upp med sin l\u00e4kare.<\/li><\/ul>\n\n\n\n<ol start=\"3\"><li><strong>F\u00f6rs\u00e4krings\u00e4rende<\/strong><strong>.<\/strong> Du kan ha ett f\u00f6rs\u00e4krings\u00e4rende efter din skada. Det \u00e4r inget fel med det, men det \u00e4r bra att k\u00e4nna till hur detta ibland kan p\u00e5verka h\u00e4lsan. M\u00e5nga patienter som g\u00e5r igenom en f\u00f6rs\u00e4kringsprocess k\u00e4nner inte till hur l\u00e5ng tid detta ibland tar (\u00e5r i vissa fall). M\u00e5nga k\u00e4nner inte heller till att man som en del av sitt \u00e4rende m\u00e5ste upprepa sin historia m\u00e5nga g\u00e5nger, ibland inf\u00f6r skeptiska handl\u00e4ggare. Det h\u00e4r kan bli stressande f\u00f6r vissa. Det tvingar en ocks\u00e5 att blicka bak\u00e5t, ibland med ilska, frustration och bitterhet inf\u00f6r det som h\u00e4nt, och detta kan ibland ligga i v\u00e4gen f\u00f6r f\u00f6rs\u00f6k att rehabilitera sig, \u00e4ven fast symtomen \u00e4r \u00e4kta.&nbsp;<\/li><\/ol>\n\n\n\n<p>Den h\u00e4r hemsidan varken uppmuntrar till eller avr\u00e5der fr\u00e5n att \u00f6ppna ett f\u00f6rs\u00e4krings\u00e4rende, men det kan hj\u00e4lpa att f\u00f6rst\u00e5 hur detta kan samverka med postcommotiosyndromet.<\/p>\n\n\n\n<h3><strong>Om du vill veta mer\u2026.<\/strong><\/h3>\n\n\n\n<p>Det finns mer information om Postcommotiosyndrom p\u00e5 dessa l\u00e4nkar (engelska):&nbsp;<\/p>\n\n\n\n<p><a href=\"https:\/\/www.mayoclinic.org\/diseases-conditions\/post-concussion-syndrome\/symptoms-causes\/syc-20353352\">Mayo Clinic \u2013 information on Post Concussion Syndrome<\/a><\/p>\n\n\n\n<p><a href=\"https:\/\/www.headway.org.uk\/about-brain-injury\/individuals\/types-of-brain-injury\/mild-head-injury-and-concussion\/\">Headway \u2013 UK Brain injury charity information on Minor Head injury and concussion<\/a><\/p>\n\n\n\n<p><a href=\"https:\/\/www.nhs.uk\/conditions\/concussion\/\">NHS choices \u2013 UK<\/a><\/p>\n","protected":false},"excerpt":{"rendered":"<p>Postcommotiosyndrom beskriver en samling fysiska och kognitiva symtom efter ett slag mot huvudet.<\/p>\n","protected":false},"author":65,"featured_media":1638,"parent":939,"menu_order":272,"comment_status":"closed","ping_status":"closed","template":"page-template\/symptom-details-page-template.php","meta":[],"_links":{"self":[{"href":"https:\/\/neurosymptoms.org\/sv_SE\/wp-json\/wp\/v2\/pages\/593"}],"collection":[{"href":"https:\/\/neurosymptoms.org\/sv_SE\/wp-json\/wp\/v2\/pages"}],"about":[{"href":"https:\/\/neurosymptoms.org\/sv_SE\/wp-json\/wp\/v2\/types\/page"}],"author":[{"embeddable":true,"href":"https:\/\/neurosymptoms.org\/sv_SE\/wp-json\/wp\/v2\/users\/65"}],"replies":[{"embeddable":true,"href":"https:\/\/neurosymptoms.org\/sv_SE\/wp-json\/wp\/v2\/comments?post=593"}],"version-history":[{"count":172,"href":"https:\/\/neurosymptoms.org\/sv_SE\/wp-json\/wp\/v2\/pages\/593\/revisions"}],"predecessor-version":[{"id":15598,"href":"https:\/\/neurosymptoms.org\/sv_SE\/wp-json\/wp\/v2\/pages\/593\/revisions\/15598"}],"up":[{"embeddable":true,"href":"https:\/\/neurosymptoms.org\/sv_SE\/wp-json\/wp\/v2\/pages\/939"}],"wp:featuredmedia":[{"embeddable":true,"href":"https:\/\/neurosymptoms.org\/sv_SE\/wp-json\/wp\/v2\/media\/1638"}],"wp:attachment":[{"href":"https:\/\/neurosymptoms.org\/sv_SE\/wp-json\/wp\/v2\/media?parent=593"}],"curies":[{"name":"wp","href":"https:\/\/api.w.org\/{rel}","templated":true}]}}