{"id":577,"date":"2020-11-30T02:48:52","date_gmt":"2020-11-30T02:48:52","guid":{"rendered":"https:\/\/ftd.cognihealth.in\/?page_id=577"},"modified":"2024-09-08T16:15:49","modified_gmt":"2024-09-08T16:15:49","slug":"functional-gait-disorder","status":"publish","type":"page","link":"https:\/\/neurosymptoms.org\/sv_SE\/symptoms\/fnd-symptoms\/functional-gait-disorder\/","title":{"rendered":"Funktionell g\u00e5ngrubbning"},"content":{"rendered":"\n<h3><strong>Vad \u00e4r Funktionell g\u00e5ngrubbning?&nbsp;<\/strong><\/h3>\n\n\n\n<p>En funktionell r\u00f6relserubbning betyder att det finns en onormal r\u00f6relse eller positionering av en del av kroppen, beroende p\u00e5 att nervsystemet inte fungerar som det ska (men inte p\u00e5 en bakomliggande neurologisk sjukdom).<\/p>\n\n\n\n<p>Flera olika g\u00e5ngst\u00f6rningar kan finnas som en del av en funktionell st\u00f6rning. Som med alla funktionella st\u00f6rningar uppst\u00e5r de inte p\u00e5 grund av att man g\u00e5r s\u00e5 h\u00e4r med flit. R\u00f6relsen och g\u00e5ngen \u00e4r ofrivillig.&nbsp;<\/p>\n\n\n\n<p>2016 gjorde Miranda Licence fr\u00e5n Queensland i Australien, tillsammans med sin farbror Jeff Licence fr\u00e5n TV-kanalen ABC Open, en kort film som beskriver hennes erfarenheter med en funktionell g\u00e5ngst\u00f6rning.<\/p>\n\n\n\n<p>Vi \u00e4r verkligen tacksamma f\u00f6r att Jeff och Miranda l\u00e5ter oss dela deras ber\u00e4ttelse p\u00e5 den h\u00e4r sidan. Du kan l\u00e4sa en text om ber\u00e4ttelsen h\u00e4r.&nbsp;<\/p>\n\n\n\n<p>Den h\u00e4r filmen (p\u00e5 engelska) beskriver en hel del om hur det \u00e4r att ha en funktionell g\u00e5ngst\u00f6rning och hur behandling kan hj\u00e4lpa. H\u00e4r nedanf\u00f6r kan du l\u00e4sa mer om olika typer av funktionell g\u00e5ngst\u00f6rning och deras behandling.<\/p>\n\n\n\n<figure class=\"wp-block-embed-youtube wp-block-embed is-type-video is-provider-youtube wp-embed-aspect-16-9 wp-has-aspect-ratio\"><div class=\"wp-block-embed__wrapper\">\n<iframe loading=\"lazy\" title=\"How am I running when I cant walk ? Recovery from FND gait disorder\" width=\"745\" height=\"419\" src=\"https:\/\/www.youtube.com\/embed\/Y2kwQrhxttU?feature=oembed\" frameborder=\"0\" allow=\"accelerometer; autoplay; clipboard-write; encrypted-media; gyroscope; picture-in-picture; web-share\" allowfullscreen><\/iframe>\n<\/div><\/figure>\n\n\n\n<p>Detta \u00e4r de vanligaste typerna av funktionell g\u00e5ngst\u00f6rning:&nbsp;<\/p>\n\n\n\n<ol><li><strong>Sl\u00e4pande g\u00e5ng vid Funktionell bensvaghet<\/strong><\/li><\/ol>\n\n\n\n<p>En av de vanligaste funktionella g\u00e5ngst\u00f6rningarna \u00e4r den \u201csl\u00e4pande\u201d g\u00e5ng som ses hos patienter med funktionell svaghet i ett ben. Du kan l\u00e4sa mer om funktionell bensvaghet <a href=\"https:\/\/www.neurosymptoms.org\/sv_SE\/symptoms\/fnd-symptoms\/functional-limb-weakness\/\">h\u00e4r<\/a>.&nbsp;<\/p>\n\n\n\n<figure class=\"wp-block-image size-large\"><img loading=\"lazy\" width=\"402\" height=\"251\" src=\"https:\/\/pre-prod.neurosymptoms.org\/wp-content\/uploads\/2022\/03\/Funktionell-bensvaghet-2-bilder.jpg\" alt=\"\" class=\"wp-image-7601\" srcset=\"https:\/\/neurosymptoms.org\/wp-content\/uploads\/2022\/03\/Funktionell-bensvaghet-2-bilder.jpg 402w, https:\/\/neurosymptoms.org\/wp-content\/uploads\/2022\/03\/Funktionell-bensvaghet-2-bilder-300x187.jpg 300w\" sizes=\"(max-width: 402px) 100vw, 402px\" \/><\/figure>\n\n\n\n<p>Personer med den h\u00e4r typen av bensvaghet m\u00e4rker att benet sl\u00e4pas l\u00e4ngs marken. Det ser ofta inte s\u00e5 dramatiskt ut som p\u00e5 den h\u00e4r bilden, d\u00e4r man ocks\u00e5 ser att foten \u00e4r vriden, vilket \u00e4r vanligt. F\u00f6r vissa k\u00e4nns det som att deras fot sitter fast mot marken som en magnet.&nbsp;<\/p>\n\n\n\n<ol start=\"2\"><li><strong>Kn\u00e4t viker sig pl\u00f6tsligt. <\/strong>I typfallet hittar man vid detta ocks\u00e5 en funktionell svaghet i ett eller b\u00e4gge benen. Ibland om b\u00e4gge benen viker sig samtidigt leder det till en <a href=\"https:\/\/www.neurosymptoms.org\/symptoms\/fnd-symptoms\/drop-attacks\/\"><strong>\u2018dropattack\u2019<\/strong><\/a><strong>,<\/strong> \u00e4ven om det kan vara viktigt att utesluta andra orsaker till detta, s\u00e5som kn\u00e4problem.<\/li><li><strong>Sm\u00e5 l\u00e5ngsamma steg.<\/strong> (\u2018g\u00e5 p\u00e5 hal is\u2019). Det h\u00e4r \u00e4r en allm\u00e4nt ostadig g\u00e5ng d\u00e4r personen tar sm\u00e5 steg n\u00e4stan som om man \u201cgick p\u00e5 hal is\u201d. Benen \u00e4r ganska stela och f\u00f6tterna l\u00e5ngt is\u00e4r. Att personer hamnar i det h\u00e4r g\u00e5ngm\u00f6nstret beror ofta p\u00e5 att de har ramlat tidigare och \u00e4r bekymrade \u00f6ver att ramla igen.&nbsp;<\/li><li><strong>Sv\u00e4ngande g\u00e5ng.<\/strong> Det h\u00e4r \u00e4r en g\u00e5ngstil d\u00e4r personen sv\u00e4nger fr\u00e5n sida till sida, s\u00e4rskilt i \u00f6verkroppen, och benen brukar korrigera r\u00f6relserna. Personen ser ut att vara p\u00e5 v\u00e4g att ramla men klarar av att f\u00e5nga upp sig.<\/li><li><strong>Hyperkinetisk g\u00e5ng.<\/strong> Funktionella r\u00f6relserubbningar kan ibland orsaka ganska dramatiska \u00f6verdrivna r\u00f6relser i armarna, b\u00e5len eller benen. Vissa har detta s\u00e4rskilt n\u00e4r de g\u00e5r.&nbsp;<\/li><li><strong>Hukande g\u00e5ng<\/strong>. Det h\u00e4r \u00e4r en ovanlig funktionell g\u00e5ngst\u00f6rning d\u00e4r personen ser ut att huka sig. Det h\u00e4nger ofta ihop med en r\u00e4dsla f\u00f6r att falla.&nbsp;<\/li><\/ol>\n\n\n\n<h3><strong>Funktionella St\u00e5sv\u00e5righeter<\/strong><\/h3>\n\n\n\n<p>Det h\u00e4r problemet kallas astasi. Det betyder att personen har sv\u00e5righeter att st\u00e5 still men kan g\u00e5 normalt. Det kan diagnostiseras om man ser att sv\u00e5righeterna att st\u00e5 f\u00f6rsvinner n\u00e4r personen blir distraherad (till exempel spelar ett spel p\u00e5 mobilen eller gissar siffror som skrivs p\u00e5 ryggen).&nbsp;<\/p>\n\n\n\n<h3><strong>Hur st\u00e4lls diagnosen?<\/strong><\/h3>\n\n\n\n<p>Diagnosen p\u00e5 en funktionell g\u00e5ngst\u00f6rning st\u00e4lls oftast av en neurolog. Det kan vara sv\u00e5rt att st\u00e4lla diagnosen, eftersom det kr\u00e4vs expertkunskap om alla de r\u00f6relserubbningar som kan orsakas av neurologisk sjukdom, varav en del \u00e4r ovanliga eller kan verka m\u00e4rkliga.&nbsp;<\/p>\n\n\n\n<p>\u00c4ven neurologer ska vara s\u00e4rskilt noggranna vid diagnostiken av en funktionell g\u00e5ngrubbning. Vi vet fr\u00e5n studier att det \u00e4r vanligare vid g\u00e5ngrubbningar \u00e4n vid andra funktionella st\u00f6rningar att de feldiagnostiseras som funktionella.<\/p>\n\n\n\n<p>Men det betyder inte att diagnosen inte kan st\u00e4llas.<\/p>\n\n\n\n<p>N\u00e5gra typiska drag som hj\u00e4lper till i diagnostiken \u00e4r:<\/p>\n\n\n\n<ol><li>S\u00e4kra positiva tecken p\u00e5 funktionell tremor eller funktionell svaghet vid unders\u00f6kning.<\/li><li>Frekventa sidosteg och en g\u00e5ng som \u00e4r \u201coekonomisk\u201d (d.v.s. faktiskt \u00e4r mer energikr\u00e4vande \u00e4n en normal g\u00e5ng).<\/li><li>G\u00e5ngen f\u00f6rb\u00e4ttras n\u00e4r man g\u00e5r bakl\u00e4nges.<\/li><li>G\u00e5ngen f\u00f6rb\u00e4ttras n\u00e4r man \u00e4ndrar rytm eller fart p\u00e5 g\u00e5ngen.<\/li><li>G\u00e5ngen f\u00f6rb\u00e4ttras n\u00e4r man lyssnar p\u00e5 musik.<\/li><li>Balansproblem i st\u00e5ende som f\u00f6rb\u00e4ttras n\u00e4r personen f\u00e5r utf\u00f6ra ett uppdrag, som att gissa siffror som skrivs p\u00e5 ryggen eller spela ett spel p\u00e5 mobilen.&nbsp;<\/li><\/ol>\n\n\n\n<h3><strong>Behandling av Funktionella G\u00e5ngrubbningar&nbsp;<\/strong><\/h3>\n\n\n\n<p><a href=\"https:\/\/www.neurosymptoms.org\/sv_SE\/treatment-2\/physiotherapy-exercise\/\">Fysioterapi<\/a> tillsammans med n\u00e5gon som f\u00f6rst\u00e5r funktionella neurologiska tillst\u00e5nd \u00e4r den viktigaste delen av behandlingen.&nbsp;<\/p>\n\n\n\n<p>Vissa av de saker som kan hj\u00e4lpa kan verka lite galna n\u00e4r man l\u00e4ser om dem. Men alla metoder \u00e4r utformade f\u00f6r att hj\u00e4lpa hj\u00e4rnan att \u00e5terf\u00e5 \u201cautomatiska\u201d r\u00f6relser i en situation d\u00e4r de normala r\u00f6relsem\u00f6nstren har blivit st\u00f6rda.<\/p>\n\n\n\n<p>Det h\u00e4r \u00e4r ett bra exempel p\u00e5 varf\u00f6r det \u00e4r viktigt att lita p\u00e5 diagnosen f\u00f6r att behandlingen ska kunna hj\u00e4lpa. Om du trodde att ingen visste vad som var felet skulle det vara begripligt om du vore tveksam till att prova de saker som beskrivs nedan.<\/p>\n\n\n\n<ol><li>Prova att nynna en melodi eller sjunga en s\u00e5ng (inne i huvudet om det beh\u00f6vs!) medan du g\u00e5r. G\u00f6r detta att det blir l\u00e4ttare att g\u00e5?&nbsp;<\/li><li>Prova att g\u00e5 bakl\u00e4nges om du har sv\u00e5rt att g\u00e5. Att g\u00e5 bakl\u00e4nges \u00e4r ett annat \u201cprogram\u201d i hj\u00e4rnan och du kan bli f\u00f6rv\u00e5nad \u00f6ver att m\u00e4rka att det \u00e4r l\u00e4ttare \u00e4n att g\u00e5 framl\u00e4nges.<\/li><li>Att springa. F\u00f6r patienter som har m\u00f6jlighet kan ibland en kort joggning g\u00f6ra det l\u00e4ttare att r\u00f6ra sig. Det h\u00e4r \u00e4r lite som att n\u00e5gon som stammar kan ha sv\u00e5rt att prata, men kan sjunga normalt.&nbsp;<\/li><li>Om du har sv\u00e5rt att komma ig\u00e5ng att g\u00e5, prova att st\u00e5 still och \u00e4ndra belastningen fr\u00e5n sida till sida under n\u00e5gra sekunder innan du f\u00f6rs\u00f6ker igen.<\/li><li>Prova att glida med f\u00f6tterna som om du \u00e5kte skridskor. G\u00f6r detta att det k\u00e4nns l\u00e4ttare att g\u00e5?&nbsp;<\/li><li>Vilka fysiska aktiviteter har du tyckt om tidigare i livet? Tyckte du om att dansa eller idrotta? Kan du anv\u00e4nda n\u00e5gra av de h\u00e4r \u201cinl\u00e4rda\u201d r\u00f6relserna f\u00f6r att underl\u00e4tta f\u00f6r de automatiska r\u00f6relserna att \u00e5terkomma?&nbsp;<\/li><\/ol>\n","protected":false},"excerpt":{"rendered":"<p>G\u00e5ngsv\u00e5righeter.<\/p>\n","protected":false},"author":65,"featured_media":0,"parent":937,"menu_order":286,"comment_status":"closed","ping_status":"closed","template":"page-template\/symptom-details-page-template.php","meta":[],"_links":{"self":[{"href":"https:\/\/neurosymptoms.org\/sv_SE\/wp-json\/wp\/v2\/pages\/577"}],"collection":[{"href":"https:\/\/neurosymptoms.org\/sv_SE\/wp-json\/wp\/v2\/pages"}],"about":[{"href":"https:\/\/neurosymptoms.org\/sv_SE\/wp-json\/wp\/v2\/types\/page"}],"author":[{"embeddable":true,"href":"https:\/\/neurosymptoms.org\/sv_SE\/wp-json\/wp\/v2\/users\/65"}],"replies":[{"embeddable":true,"href":"https:\/\/neurosymptoms.org\/sv_SE\/wp-json\/wp\/v2\/comments?post=577"}],"version-history":[{"count":146,"href":"https:\/\/neurosymptoms.org\/sv_SE\/wp-json\/wp\/v2\/pages\/577\/revisions"}],"predecessor-version":[{"id":15290,"href":"https:\/\/neurosymptoms.org\/sv_SE\/wp-json\/wp\/v2\/pages\/577\/revisions\/15290"}],"up":[{"embeddable":true,"href":"https:\/\/neurosymptoms.org\/sv_SE\/wp-json\/wp\/v2\/pages\/937"}],"wp:attachment":[{"href":"https:\/\/neurosymptoms.org\/sv_SE\/wp-json\/wp\/v2\/media?parent=577"}],"curies":[{"name":"wp","href":"https:\/\/api.w.org\/{rel}","templated":true}]}}