{"id":561,"date":"2020-11-29T13:53:58","date_gmt":"2020-11-29T13:53:58","guid":{"rendered":"https:\/\/ftd.cognihealth.in\/?page_id=561"},"modified":"2024-11-01T03:42:39","modified_gmt":"2024-11-01T03:42:39","slug":"functional-dizziness-pppd","status":"publish","type":"page","link":"https:\/\/neurosymptoms.org\/sv_SE\/symptoms\/fnd-symptoms\/functional-dizziness-pppd\/","title":{"rendered":"Funktionell yrsel (PPPY)"},"content":{"rendered":"\n<h3><strong>Yrsel <\/strong><\/h3>\n\n\n\n<p>Yrsel \u00e4r ett vanligt symtom inom neurologin och har en m\u00e4ngd orsaker &#8211; migr\u00e4n, mellan\u00f6reproblem (\u201cvestibul\u00e4ra st\u00f6rningar\u201d, som benign paroxysmal l\u00e4gesyrsel eller labyrintit) &#8211; och l\u00e4kemedelsbiverkningar. Yrsel som en del av ett funktionellt tillst\u00e5nd \u00e4r ocks\u00e5 relativt vanligt och utg\u00f6r upp till 20% av patienterna som kommer till en yrselspecialist. N\u00e4r yrsel f\u00f6rekommer som en funktionell st\u00f6rning kallas det&nbsp;<\/p>\n\n\n\n<h3><strong>Persisterande Postural Perceptuell Yrsel (PPPY)<\/strong><\/h3>\n\n\n\n<p>Andra namn f\u00f6r detta \u00e4r Fobisk (postural) yrsel, Visuell yrsel, Funktionell yrsel, Psykogen yrsel, Sp\u00e4nningsyrsel, Ostadighetssyndrom.&nbsp;<\/p>\n\n\n\n<p>PPPY har nyligen definierats av V\u00e4rldsh\u00e4lsoorganisationen (WHO) som&nbsp;<\/p>\n\n\n\n<ul><li><em>Kvarst\u00e5ende icke-svindlande yrsel, ostadighet eller b\u00e5da som varar i tre m\u00e5nader eller l\u00e4ngre.<\/em><\/li><li><em>Symtom f\u00f6religger de flesta dagar, ofta \u00f6kande under dagen, men kan komma och g\u00e5. Tillf\u00e4lliga f\u00f6rs\u00e4mringar kan komma spontant eller vid pl\u00f6tsliga r\u00f6relser.<\/em><\/li><li><em>Drabbade individer m\u00e5r s\u00e4mst i uppr\u00e4tt st\u00e4llning, n\u00e4r man uts\u00e4tts f\u00f6r r\u00f6rliga eller komplexa visuella stimuli och vid aktiv eller passiv huvudr\u00f6relse. Det \u00e4r inte s\u00e4kert att alla dessa situationer provocerar fram symtom i samma utstr\u00e4ckning.<\/em><\/li><li><em>I typfallet uppst\u00e5r st\u00f6rningen i efterf\u00f6rloppet till en akut eller \u00f6verg\u00e5ende vestibul\u00e4r eller annan balansst\u00f6rning. Symtomen kan vara attackvisa i b\u00f6rjan, f\u00f6r att sedan bli ih\u00e5llande.<\/em><\/li><\/ul>\n\n\n\n<p>L\u00e5t oss ta del av en typisk ber\u00e4ttelse fr\u00e5n en person med PPPY.<\/p>\n\n\n\n<div class=\"wp-container-1 wp-block-group has-background\" style=\"background-color:#f5f5f5\"><div class=\"wp-block-group__inner-container\">\n<h3>Claras historia med PPPY<\/h3>\n\n\n\n<p>Clara \u00e4r en 24-\u00e5rig kvinna som har haft en ih\u00e5llande yrsel under de senaste tv\u00e5 \u00e5ren. I b\u00f6rjan av sjukdomen snurrade allting runt v\u00e4ldigt mycket (vertigo), hon k\u00e4nde sig illam\u00e5ende och kunde knappt komma upp ur s\u00e4ngen p\u00e5 en vecka. L\u00e4karen st\u00e4llde diagnosen viruslabyrintit (\u201cvirus p\u00e5 balansnerven\u201d) &#8211; det \u00e4r en virusinfektion som orsakar yrsel och som oftast g\u00e5r \u00f6ver p\u00e5 en till tv\u00e5 veckor.<\/p>\n\n\n\n<p>N\u00e4r hon \u00e5terh\u00e4mtade sig \u00f6vergick hennes yrselbesv\u00e4r till en mer ospecifik yrselk\u00e4nsla som hon tyckte var v\u00e4ldigt sv\u00e5r att beskriva f\u00f6r andra. Det var inte l\u00e4ngre den d\u00e4r snurrande k\u00e4nslan. Hon beskrev det som att hon k\u00e4nde sig vimmelkantig, som att hon svajade och att det k\u00e4ndes som att hon r\u00f6rde sig \u00e4ven n\u00e4r hon stod eller till och med l\u00e5g i s\u00e4ngen.<\/p>\n\n\n\n<p>D\u00e5 och d\u00e5 k\u00e4nde hon sig <a href=\"https:\/\/www.neurosymptoms.org\/symptoms\/common-associated-symptoms\/dissociative-symptoms-feeling-spaced-out\/\">\u2018fr\u00e5nvarande\u2019<\/a> som om hon fl\u00f6t och folk k\u00e4ndes l\u00e5ngt borta, vilket hon tyckte var skr\u00e4mmande.<\/p>\n\n\n\n<p>Hon m\u00e4rkte ocks\u00e5 att hon kunde bli v\u00e4ldigt k\u00e4nslig f\u00f6r att f\u00f6rem\u00e5l i hennes omgivning r\u00f6rde sig n\u00e4r hon var stilla. Det var j\u00e4ttesv\u00e5rt f\u00f6r henne att anv\u00e4nda en dator eller att vistas i st\u00f6kiga milj\u00f6er som en aff\u00e4r. Hon t\u00e4nkte ofta att hon var p\u00e5 v\u00e4g att ramla. Hon hade bara ramlat en enda g\u00e5ng, men k\u00e4nt att det vissa g\u00e5nger varit \u2018n\u00e4ra \u00f6gat\u2019.<\/p>\n\n\n\n<p>Tanken p\u00e5 att g\u00f6ra bort sig genom att ramla utomhus v\u00e4ckte \u00e5ngest, s\u00e5 hon b\u00f6rjade s\u00e5 mycket som m\u00f6jligt att undvika att vara p\u00e5 st\u00e4llen med mycket folk och att vara utomhus.&nbsp;<\/p>\n\n\n\n<p>Med tiden m\u00e4rkte hon att yrseln hade b\u00f6rjat att ta \u00f6ver hennes liv. I b\u00f6rjan hade hon varit <a href=\"https:\/\/www.neurosymptoms.org\/symptoms\/common-associated-symptoms\/health-anxiety\/\">orolig \u00f6ver att det kunde vara en allvarlig orsak<\/a> och hon \u00e4gnade mycket tid \u00e5t att kolla upp t\u00e4nkbara orsaker p\u00e5 internet. Sedan tr\u00e4ffade hon l\u00e4kare som gjorde noggranna balanstester och hon gjorde en MRT-unders\u00f6kning av hj\u00e4rnan som var normal.<\/p>\n\n\n\n<p>\u00c4ven n\u00e4r hon k\u00e4nde sig tryggare med att det inte fanns en allvarlig orsak till symtomen s\u00e5 hade hon v\u00e4ldigt sv\u00e5rt att hantera dem. Hon utvecklade <a href=\"https:\/\/www.neurosymptoms.org\/symptoms\/common-associated-symptoms\/fatigue\/\">tr\u00f6tthetssymtom<\/a> och <a href=\"https:\/\/www.neurosymptoms.org\/symptoms\/fnd-symptoms\/functional-cognitive-disorder-functional-memory-and-concentration-symptoms\/\">koncentrationssv\u00e5righeter<\/a> och var i perioder sjukskriven. Alltihop blev v\u00e4rre av allt mer frekventa <a href=\"https:\/\/www.neurosymptoms.org\/symptoms\/common-associated-symptoms\/headache\/\">migr\u00e4nattacker<\/a> d\u00e5 hennes yrsel ofta blev v\u00e4rre.<\/p>\n\n\n\n<p>Hon visste inte vad hon skulle ta sig till l\u00e4ngre. Vad orsakade hennes yrsel, varf\u00f6r kunde ingen s\u00e4ga vad det var f\u00f6r fel och hur skulle hon g\u00f6ra f\u00f6r att bli b\u00e4ttre?&nbsp;<\/p>\n<\/div><\/div>\n\n\n\n<h3><strong>Hur utvecklas PPPY \/ Funktionell yrsel?<\/strong><\/h3>\n\n\n\n<p>Claras ber\u00e4ttelse \u00e4r v\u00e4ldigt typisk. Allt b\u00f6rjade med en virusp\u00e5verkan p\u00e5 balansnerven som st\u00f6rde hennes balanssystem. Hos andra med PPPY b\u00f6rjar det med yrsel vid migr\u00e4n eller yrsel efter en <a href=\"https:\/\/www.neurosymptoms.org\/symptoms\/common-associated-symptoms\/post-concussion-syndrome\/\">lindrig skallskada<\/a>.<\/p>\n\n\n\n<p>De h\u00e4r orsakerna till yrsel st\u00f6r alla de normala processer som din hj\u00e4rna anv\u00e4nder f\u00f6r att hindra att du upplever yrsel. V\u00e5ra hj\u00e4rnor arbetar faktiskt hela tiden f\u00f6r att f\u00f6rhindra att vi k\u00e4nner oss yra.<\/p>\n\n\n\n<p>V\u00e5rt huvud, v\u00e5r kropp och v\u00e5ra \u00f6gon kan r\u00f6ra sig oberoende av varandra. \u00c4nd\u00e5 har v\u00e5r hj\u00e4rna m\u00f6jlighet att sortera upp allt det h\u00e4r, s\u00e5 att de flesta av oss inte f\u00e5r onormala upplevelser av r\u00f6relse.&nbsp;<\/p>\n\n\n\n<p>Detta sker genom en otroligt komplicerad process d\u00e4r hj\u00e4rnan anv\u00e4nder information fr\u00e5n mellan\u00f6rat, v\u00e5ra f\u00f6tter och synintryck, och neuroforskare h\u00e5ller fortfarande p\u00e5 att kartl\u00e4gga detta i detalj. Det \u00e4r otroligt att det inte blir fel oftare!<\/p>\n\n\n\n<div class=\"wp-container-2 wp-block-group has-background\" style=\"background-color:#f5f5f5\"><div class=\"wp-block-group__inner-container\">\n<p>Om du vill l\u00e4sa mer om PPPY finns h\u00e4r en l\u00e4nk till en artikel skriven f\u00f6r neurologer om detta (p\u00e5 engelska) <a href=\"https:\/\/pn.bmj.com\/content\/practneurol\/18\/1\/5.full.pdf\">Persistent postural-perceptual dizziness (PPPD): a common, characteristic and treatable cause of chronic dizziness<\/a><\/p>\n<\/div><\/div>\n\n\n\n<p>Det som h\u00e4nder vid PPPY \u00e4r att det normala \u201cfilter\u201d som hj\u00e4rnan anv\u00e4nder f\u00f6r att filtrera bort r\u00f6relsek\u00e4nsla inte fungerar. Ist\u00e4llet f\u00f6r att hj\u00e4rnan som vanligt klarar av att balansera alla intryck och ge dig en mjuk, behaglig k\u00e4nsla n\u00e4r du r\u00f6r dig, s\u00e5 f\u00e5r du en k\u00e4nsla av r\u00f6relse n\u00e4r du inte borde f\u00e5 det.&nbsp;<\/p>\n\n\n\n<p>Eftersom man efterhand blir v\u00e4ldigt uppm\u00e4rksam p\u00e5 detta b\u00f6rjar funderingar \u00f6ver vad det \u00e4r dyka upp. Att t\u00e4nka p\u00e5 yrsel, eller oroa sig \u00f6ver det, \u201cskruvar upp volymratten\u201d p\u00e5 upplevelsen. Detta g\u00f6r det \u00e4nnu starkare, och s\u00e5 har en ond cirkel b\u00f6rjat. Vi har f\u00f6rs\u00f6kt visa detta i bilden nedan.<\/p>\n\n\n\n<p>Precis som vid alla funktionella tillst\u00e5nd \u00e4r detta inte yrsel som \u201cbara sitter i huvudet\u201d. Personen som drabbats kan inte bara st\u00e4nga av det. Efter ett tag blir det en konstant p\u00e5tr\u00e4ngande f\u00f6rnimmelse &#8211; lite som balansmotsvarigheten till tinnitus.<\/p>\n\n\n\n<figure class=\"wp-block-image size-large\"><img loading=\"lazy\" width=\"637\" height=\"602\" src=\"https:\/\/pre-prod.neurosymptoms.org\/wp-content\/uploads\/2022\/02\/SW-Bollar-PPPY.jpg\" alt=\"\" class=\"wp-image-6253\" srcset=\"https:\/\/neurosymptoms.org\/wp-content\/uploads\/2022\/02\/SW-Bollar-PPPY.jpg 637w, https:\/\/neurosymptoms.org\/wp-content\/uploads\/2022\/02\/SW-Bollar-PPPY-300x284.jpg 300w\" sizes=\"(max-width: 637px) 100vw, 637px\" \/><\/figure>\n\n\n\n<p>Vid PPPY leder en sak till n\u00e4sta. Att st\u00e4ndigt k\u00e4nna sig yr kan fullt begripligt leda till \u00e5ngest. <a href=\"https:\/\/www.neurosymptoms.org\/symptoms\/common-associated-symptoms\/worry-panic\/\">\u00c5ngest<\/a> \u00f6ver yrsel handlar ofta om oro kring orsaken, s\u00e5 kallad <a href=\"https:\/\/www.neurosymptoms.org\/symptoms\/common-associated-symptoms\/health-anxiety\/\">sjukdoms\u00e5ngest<\/a>, men om ingen ber\u00e4ttar f\u00f6r dig vad det \u00e4r f\u00f6r fel s\u00e5 \u00e4r det inte riktigt samma sak. Sjukdoms\u00e5ngest \u00e4r n\u00e4r man inte kan sluta oroa sig \u00f6ver en allvarlig orsak trots att en del av en sj\u00e4lv vet att det \u00e4r en irrationell r\u00e4dsla. \u00c5ngest vid PPPY kan ocks\u00e5 handla om r\u00e4dsla f\u00f6r vad som skulle h\u00e4nda om man ramlar, t.ex. att det skulle vara pinsamt. Inte alla med PPPY har \u00e5ngest, men det \u00e4r vanligt. N\u00e4tverken f\u00f6r yrsel och \u00e5ngest i hj\u00e4rnan har visat sig vara v\u00e4ldigt lika.&nbsp;<\/p>\n\n\n\n<p>\u00c5ngest \u00e4r verkligen utmattande f\u00f6r hj\u00e4rnan. Tr\u00f6tthet \u00e4r vanligt vid PPPY.<\/p>\n\n\n\n<div class=\"wp-block-image\"><figure class=\"alignright size-large\"><img loading=\"lazy\" width=\"155\" height=\"232\" src=\"https:\/\/pre-prod.neurosymptoms.org\/wp-content\/uploads\/2021\/08\/Russian-3.png\" alt=\"\" class=\"wp-image-3245\"\/><figcaption><em>Vid PPPY upplever man ofta obehag p\u00e5 platser med m\u00f6nstrade ytor<\/em><\/figcaption><\/figure><\/div>\n\n\n\n<p>Ofta flyter tr\u00f6tthetsk\u00e4nslor och yrsel ihop med en \u201cbomullsk\u00e4nsla\u201d i huvudet som vissa ibland kallar \u201chj\u00e4rndimma\u201d. Det \u00e4r en k\u00e4nsla som h\u00e4nger ihop med alla dessa symtom men ocks\u00e5 med <a href=\"https:\/\/www.neurosymptoms.org\/symptoms\/fnd-symptoms\/functional-cognitive-disorder-functional-memory-and-concentration-symptoms\/\">koncentrationssv\u00e5righeter<\/a><\/p>\n\n\n\n<p>M\u00e4nniskor med PPPY utvecklar en k\u00e4nslighet inte bara f\u00f6r sina egna r\u00f6relser, utan ocks\u00e5 f\u00f6r saker som r\u00f6r sig runt omkring dem. Detta har kallats visuell vertigo &#8211; men om man ska vara noggrann s\u00e5 \u00e4r yrseln vid PPPY egentligen inte vertigo. De kan k\u00e4nna ett intensivt obehag p\u00e5 platser som aff\u00e4rer, kollektivtrafik eller d\u00e4r det finns m\u00f6nstrade ytor. Obehaget kan g\u00f6ra att man undviker s\u00e5dana platser och en r\u00e4dsla n\u00e4r man f\u00f6rs\u00f6ker att st\u00e5 ut med dem.&nbsp;<\/p>\n\n\n\n<p>PPPY kan ocks\u00e5 leda till <a href=\"https:\/\/www.neurosymptoms.org\/symptoms\/common-associated-symptoms\/dissociative-symptoms-feeling-spaced-out\/\">Dissociation<\/a>. Det h\u00e4r beskrivs mer detaljerat p\u00e5 <a href=\"https:\/\/www.neurosymptoms.org\/symptoms\/common-associated-symptoms\/dissociative-symptoms-feeling-spaced-out\/\">en egen sida<\/a> men det r\u00f6r sig om en k\u00e4nsla av att bli fr\u00e5nvarande eller att glida iv\u00e4g. Vissa beskriver det ibland som att att bli fr\u00e5nkopplad eller att flyta ut. Patienter med PPPY kan k\u00e4nna det som att de g\u00e5r p\u00e5 en svampig mark eller att deras egna f\u00f6tter k\u00e4nns svampiga. Det kan finnas andra orsaker till detta symtom men PPPY \u00e4r en av dem.<\/p>\n\n\n\n<p>Nackr\u00f6relser kan trigga yrselk\u00e4nsla hos vissa med PPPY (och absolut \u00e4ven andra balansproblem). Om du undviker nackr\u00f6relser under en l\u00e4ngre tid kan det sluta med att du blir stel och f\u00e5r ont i nacken och i huvudet. F\u00f6rv\u00e4rrad <a href=\"https:\/\/www.neurosymptoms.org\/symptoms\/common-associated-symptoms\/headache\/\">huvudv\u00e4rk<\/a> tillsammans med yrseln g\u00f6r allting \u00e4nnu v\u00e4rre.<\/p>\n\n\n\n<p>PPPY \u00e4r ett problem med r\u00f6relsek\u00e4nslighet. Problem med ljus- och ljudk\u00e4nslighet och illam\u00e5ende vid luktk\u00e4nslighet \u00e4r vanligare hos patienter med PPPY. PPPY kan vara en del av ett kroniskt tr\u00f6tthetstillst\u00e5nd.<\/p>\n\n\n\n<h3><strong>Behandling av PPPY \/ Funktionell yrsel<\/strong><\/h3>\n\n\n\n<p>Specifik behandling av PPPY tar tid och det finns ingen \u2018quick fix\u2019, men god \u00e5terh\u00e4mtning \u00e4r verkligen m\u00f6jlig \u00e4ven efter m\u00e5nader eller \u00e5r av symtom. Behandlingen inneh\u00e5ller<strong>&nbsp;<\/strong><\/p>\n\n\n\n<ol><li><strong>En tydlig, positiv diagnostik och f\u00f6rklaring <\/strong>som du kan arbeta vidare utifr\u00e5n. En f\u00f6rst\u00e5else f\u00f6r hur nervsystemet har blivit sensitiserat kan hj\u00e4lpa dig att \u00e5terst\u00e4lla det.<\/li><li><strong>Att uppm\u00e4rksamma alla olika \u00f6vriga symtom <\/strong>som kan finnas samtidigt som din PPPY &#8211; dissociation, nacksm\u00e4rta, \u00e5ngest, tr\u00f6tthet och koncentrationssv\u00e5righeter. En del av de h\u00e4r problemen kan ha egna, specifika behandlingsuppl\u00e4gg.<\/li><li><strong>Fysioterapi \/ Desensitisering av r\u00f6relse<\/strong>. N\u00e4r symtomen p\u00e5 PPPY byggs upp b\u00f6rjar de flesta att undvika att r\u00f6ra \u00f6gon, nacke och kropp s\u00e5 mycket som man brukar. Fysioterapi och specifik vestibul\u00e4r fysioterapi kan vara anv\u00e4ndbart f\u00f6r att desensitiera nervsystemet och b\u00f6rja p\u00e5verka invanda r\u00f6relsem\u00f6nster. L\u00e4s p\u00e5 fysioterapisidan f\u00f6r att se allm\u00e4nna principer f\u00f6r fysioterapi vid funktionella tillst\u00e5nd. Det finns ocks\u00e5 andra, speciella \u00f6vningar f\u00f6r yrsel som en specialintresserad fysioterapeut kan visa dig.<\/li><li><strong>L\u00e4kemedel.<\/strong> En del av l\u00e4kemedlen p\u00e5 den h\u00e4r <a href=\"https:\/\/www.neurosymptoms.org\/treatment-2\/medication\/\">sidan<\/a> kan vara anv\u00e4ndbara &#8211; s\u00e4rskilt s\u00e5 kallade antidepressiva. Det kan ocks\u00e5 fungera hos patienter med PPPY som inte har \u00e5ngest eller depression, men fler studier beh\u00f6vs f\u00f6r att bekr\u00e4fta det helt.<\/li><li><strong>Psykologisk behandling <\/strong>kan vara hj\u00e4lpsamt f\u00f6r att bli av med en obefogad r\u00e4dsla f\u00f6r att falla, eller andra orsaker till \u00e5ngest. <a href=\"https:\/\/www.neurosymptoms.org\/treatment-2\/psychological-therapy\/\">Behandling med en psykoterapeut<\/a> som f\u00f6rst\u00e5r PPPY kan hj\u00e4lpa f\u00f6r att bryta d\u00e5liga vanor som patienter med PPPY hamnar i p\u00e5 grund av sina symtom.&nbsp;<\/li><\/ol>\n\n\n\n<p>Matthew Whalley, en brittisk psykolog fr\u00e5n Manchester Centre for Audiology har publicerat en verkligen anv\u00e4ndbar guide f\u00f6r psykologisk behandling av PPPY. Om du \u00e4r patient eller terapeut som vill ha mer v\u00e4gledning kan detta vara v\u00e4rdefull <a href=\"https:\/\/www.researchgate.net\/publication\/301303291_A_Cognitive-Behavioral_Model_of_Persistent_Postural-Perceptual_Dizziness\">l\u00e4sning<\/a>.<\/p>\n\n\n\n<p>Bara f\u00f6r att du tr\u00e4ffar en psykolog betyder det inte att dina symtom \u201csitter i huvudet\u201d.&nbsp;<\/p>\n\n\n\n<p>Titta p\u00e5 det h\u00e4r diagrammet igen och fundera \u00f6ver saker som skulle kunna f\u00f6r\u00e4ndras med hj\u00e4lp av behandlingarna som beskrivs ovan.<\/p>\n\n\n\n<figure class=\"wp-block-image size-large\"><img loading=\"lazy\" width=\"717\" height=\"677\" src=\"https:\/\/pre-prod.neurosymptoms.org\/wp-content\/uploads\/2022\/02\/SW-Bollar-PPPY-med-behandling.jpg\" alt=\"\" class=\"wp-image-6254\" srcset=\"https:\/\/neurosymptoms.org\/wp-content\/uploads\/2022\/02\/SW-Bollar-PPPY-med-behandling.jpg 717w, https:\/\/neurosymptoms.org\/wp-content\/uploads\/2022\/02\/SW-Bollar-PPPY-med-behandling-300x283.jpg 300w\" sizes=\"(max-width: 717px) 100vw, 717px\" \/><\/figure>\n\n\n\n<h3><strong>Skilj p\u00e5 olika anledningar till yrsel<\/strong><\/h3>\n\n\n\n<p>Yrsel \u00e4r verkligen ett sv\u00e5rt symtom att beskriva f\u00f6r alla, \u00e4ven l\u00e4kare.<\/p>\n\n\n\n<p>Detta avsnitt har lagts till f\u00f6r att hj\u00e4lpa patienter att enklare prata om sin yrsel med deras l\u00e4kare. De flesta patienter med PPPY har en blandning mellan olika typer av yrsel och det kan hj\u00e4lpa att t\u00e4nka p\u00e5 hur man ska f\u00f6rklara det.&nbsp;<\/p>\n\n\n\n<p>Ett enkelt s\u00e4tt att dela upp symtom av yrsel \u00e4r i f\u00f6ljande grupper:<\/p>\n\n\n\n<ol><li><strong>Yrselk\u00e4nsla som att du \u00e4r n\u00e4ra till att svimma (presyncope)<\/strong> &#8211; om du n\u00e5gonsin har svimmat vet du vad detta \u00e4r. Om du inte har svimmat tidigare kan detta vara en ny upplevelse f\u00f6r dig. Vanligtvis uppkommer detta symtom n\u00e4r man st\u00e4ller sig upp eller precis har st\u00e4llt sig upp. Yrseln kommer ibland med pip eller brus i \u00f6ronen, dimsyn och ofta illam\u00e5ende. L\u00e4kare kallar denna upplevelse <strong><em>presyncope<\/em><\/strong>. N\u00e4r n\u00e5gon verkligen svimmar kallas det synkope.&nbsp;<\/li><\/ol>\n\n\n\n<p>Orsakerna till det h\u00e4r kan vara att man st\u00e4ller sig upp f\u00f6r snabbt, eller sm\u00e4rtsamma stimuli (som att ta ett blodprov eller vara hos tandl\u00e4karen). Det h\u00e4nder oftare p\u00e5 platser d\u00e4r det \u00e4r varmt eller n\u00e4r man \u00e4ter. M\u00e4n har en s\u00e4rskild risk f\u00f6r att r\u00e5ka ut f\u00f6r detta n\u00e4r de st\u00e5r upp och kissar (s\u00e4rskilt mitt i natten).&nbsp;<\/p>\n\n\n\n<p>Det kan ocks\u00e5 k\u00e4nnas som att man \u00e4r p\u00e5 v\u00e4g att svimma om man hyperventilerar. Det kan ske vid <a href=\"https:\/\/www.neurosymptoms.org\/symptoms\/common-associated-symptoms\/worry-panic\/\">panikattacker<\/a> men ocks\u00e5 finnas som ett mer utdraget symtom kopplat till att man andas f\u00f6r fort eller djupt (hyperventilering).<\/p>\n\n\n\n<p>Presyncope \u00e4r inte ett funktionellt symtom, men det \u00e4r bra att k\u00e4nna till eftersom presyncope kan trigga funktionella symtom.&nbsp;&nbsp;<\/p>\n\n\n\n<ol start=\"2\"><li><strong>En k\u00e4nsla av r\u00f6relse (Vertigo) \u2013<\/strong> Detta \u00e4r n\u00e4r m\u00e4nniskor beskriver en k\u00e4nsla av r\u00f6relse fast man \u00e4r stilla. R\u00f6relsen kan vara en snurrande roterande r\u00f6relse eller en gungande r\u00f6relse som att vara p\u00e5 en b\u00e5t. Den medicinska termen f\u00f6r detta \u00e4r <strong><em>vertigo<\/em><\/strong>.<\/li><\/ol>\n\n\n\n<p>Vertigo kan ha m\u00e5nga orsaker. Den vanligaste h\u00e4nger ihop med problem i de omr\u00e5den i inner\u00f6rat som kontrollerar balans. De kallas b\u00e5gg\u00e5ngar. Vi har en upps\u00e4ttning b\u00e5gg\u00e5ngar i varje \u00f6ra. Det vanligaste \u00e4r att \u201dsm\u00e5kristaller\u201d fastnar i b\u00e5gg\u00e5ngarna och orsakar vertigo (detta kallas benign paroxysmal l\u00e4gesyrsel).<\/p>\n\n\n\n<p>Migr\u00e4n kan ocks\u00e5 orsaka vertigo.&nbsp;<\/p>\n\n\n\n<p>Vertigo \u00e4r inte ett funktionellt symtom, men precis som med presyncope kan det hj\u00e4lpa att k\u00e4nna till det. Vissa utvecklar f\u00f6rst vertigo, som sedan triggar funktionella symtom.&nbsp;<\/p>\n\n\n\n<p>Det \u00e4r vanligt att Vertigo leder till \u00e5<a href=\"https:\/\/www.neurosymptoms.org\/symptoms\/common-associated-symptoms\/worry-panic\/\">ngest<\/a> hos den som drabbas.<\/p>\n\n\n\n<p>Patienter med vertigo utvecklar ofta en motvilja mot att r\u00f6ra sitt huvud, eftersom huvudr\u00f6relser kan leda till vertigo. Problemet \u00e4r att ju mindre man r\u00f6r huvudet, desto st\u00f6rre risk \u00e4r det att man blir stel i nacken, vilket i sin tur kan leda till <a href=\"https:\/\/www.neurosymptoms.org\/symptoms\/common-associated-symptoms\/headache\/\">huvudv\u00e4rk<\/a>.<\/p>\n\n\n\n<p>M\u00e5nga utvecklar allts\u00e5 en kombination av nacksm\u00e4rta, huvudv\u00e4rk och yrsel som kan ha b\u00f6rjat med vertigo men som fortfarande finns kvar n\u00e4r vertigon har f\u00f6rsvunnit. Se nedan.&nbsp;&nbsp;<\/p>\n\n\n\n<ol start=\"3\"><li><strong>En k\u00e4nsla av att f\u00f6rsvinna iv\u00e4g (Dissociation) \u2013<\/strong> Det h\u00e4r kan vara dissociation, en k\u00e4nsla av att du \u00e4r avl\u00e4gsen eller bortkopplad fr\u00e5n din omgivning eller din kropp. Det h\u00e4r beskrivs i detalj p\u00e5 sidan om <a href=\"https:\/\/www.neurosymptoms.org\/symptoms\/common-associated-symptoms\/dissociative-symptoms-feeling-spaced-out\/\">dissociation<\/a> p\u00e5 den h\u00e4r hemsidan.<\/li><\/ol>\n\n\n\n<p>Patienter med yrsel kan ha en eller flera av de h\u00e4r olika typerna av yrsel. S\u00e4rskilt patienter med tr\u00f6tthet kan ibland beskriva \u00e4nnu mer otydliga symtom som \u201dhj\u00e4rndimma\u201d eller att det k\u00e4nns som att man har \u201dbomull i hj\u00e4rnan\u201d.&nbsp;<\/p>\n\n\n\n<ol start=\"4\"><li><strong>En k\u00e4nsla av ostadighet i kroppen (Dysequilibrium).<\/strong> Det h\u00e4r \u00e4r en k\u00e4nsla som ibland j\u00e4mf\u00f6rs med att vara ute p\u00e5 hal is. Det \u00e4r inte lika mycket en k\u00e4nsla av yrsel i huvudet, utan mer en allm\u00e4n k\u00e4nsla av n\u00e5gonting vinglar omkring inuti och kan leda till att man ramlar.&nbsp;<\/li><\/ol>\n\n\n\n<h2><strong><\/strong><\/h2>\n","protected":false},"excerpt":{"rendered":"<p>PPPY \u00e4r en ih\u00e5llande yrsel som kan vara en del av FNS. <\/p>\n","protected":false},"author":65,"featured_media":1639,"parent":937,"menu_order":287,"comment_status":"closed","ping_status":"closed","template":"page-template\/symptom-details-page-template.php","meta":[],"_links":{"self":[{"href":"https:\/\/neurosymptoms.org\/sv_SE\/wp-json\/wp\/v2\/pages\/561"}],"collection":[{"href":"https:\/\/neurosymptoms.org\/sv_SE\/wp-json\/wp\/v2\/pages"}],"about":[{"href":"https:\/\/neurosymptoms.org\/sv_SE\/wp-json\/wp\/v2\/types\/page"}],"author":[{"embeddable":true,"href":"https:\/\/neurosymptoms.org\/sv_SE\/wp-json\/wp\/v2\/users\/65"}],"replies":[{"embeddable":true,"href":"https:\/\/neurosymptoms.org\/sv_SE\/wp-json\/wp\/v2\/comments?post=561"}],"version-history":[{"count":202,"href":"https:\/\/neurosymptoms.org\/sv_SE\/wp-json\/wp\/v2\/pages\/561\/revisions"}],"predecessor-version":[{"id":15606,"href":"https:\/\/neurosymptoms.org\/sv_SE\/wp-json\/wp\/v2\/pages\/561\/revisions\/15606"}],"up":[{"embeddable":true,"href":"https:\/\/neurosymptoms.org\/sv_SE\/wp-json\/wp\/v2\/pages\/937"}],"wp:featuredmedia":[{"embeddable":true,"href":"https:\/\/neurosymptoms.org\/sv_SE\/wp-json\/wp\/v2\/media\/1639"}],"wp:attachment":[{"href":"https:\/\/neurosymptoms.org\/sv_SE\/wp-json\/wp\/v2\/media?parent=561"}],"curies":[{"name":"wp","href":"https:\/\/api.w.org\/{rel}","templated":true}]}}