{"id":559,"date":"2020-11-29T13:33:25","date_gmt":"2020-11-29T13:33:25","guid":{"rendered":"https:\/\/ftd.cognihealth.in\/?page_id=559"},"modified":"2024-11-01T03:45:02","modified_gmt":"2024-11-01T03:45:02","slug":"functional-speech-swallowing-symptoms","status":"publish","type":"page","link":"https:\/\/neurosymptoms.org\/sv_SE\/symptoms\/fnd-symptoms\/functional-speech-swallowing-symptoms\/","title":{"rendered":"Funktionella tal- och sv\u00e4ljsymtom"},"content":{"rendered":"\n<p><a href=\"https:\/\/tinyurl.com\/Sltfnd\">Klicka h\u00e4r<\/a> f\u00f6r att l\u00e4sa Internationella konsensusrekommendationer om Tal- och spr\u00e5ktr\u00e4ning.<\/p>\n\n\n\n<p>De vanligaste funktionella tal- och sv\u00e4ljsymtomen \u00e4r:<\/p>\n\n\n\n<h3><strong>Sluddrigt tal<\/strong><\/h3>\n\n\n\n<p>Sluddrigt eller otydligt tal (dysartri) kan ibland vara normalt och ibland inte. Det kan l\u00e5ta ungef\u00e4r som n\u00e4r man \u00e4r \u201cfull\u201d \u00e4ven om du inte har druckit n\u00e5got. Om det blir s\u00e4mre med \u00f6kad tr\u00f6tthet brukar neurologer ofta \u00f6verv\u00e4ga om du har sjukdomen Myastenia gravis, men det kan ocks\u00e5 f\u00f6rekomma som ett funktionellt symtom.&nbsp;<\/p>\n\n\n\n<h3><strong>Stammande tal<\/strong><\/h3>\n\n\n\n<p>N\u00e5gon som aldrig har stammat tidigare kan utveckla en f\u00f6rv\u00e4rvad stamning. Talet kan vara tvekande, ofta med uppeh\u00e5ll i mitten snarare \u00e4n i slutet av orden. Det kan vara s\u00e5 att man tvekar i b\u00f6rjan av vartenda ord. Eller s\u00e5 kan det vara en \u201ctelegramstil\u201d p\u00e5 talet d\u00e4r man utel\u00e4mnar ord som \u201coch\u201d och best\u00e4md \u00e4ndelse (-n, -en, -t, -et) ur meningar.<\/p>\n\n\n\n<h3><strong>Sv\u00e5righeter att finna ord<\/strong><\/h3>\n\n\n\n<p>Det h\u00e4r \u00e4r egentligen mer ett kognitivt (tanke-) symtom \u00e4n ett talsymtom. Du kan m\u00e4rka att:<\/p>\n\n\n\n<ul><li>Du letar efter det r\u00e4tta ordet men bara inte kan komma p\u00e5 det<\/li><li>Du blandar ihop ord i en mening<\/li><li>Ord kommer ut fel eller som nonsensord &#8211; t.ex. \u201cvar \u00e4r t\u00e5gstationen\u201d ist\u00e4llet f\u00f6r \u201ct\u00e5gstation\u201d.&nbsp;<\/li><\/ul>\n\n\n\n<h3><strong>Viskande\/hest tal (Dysfoni)<\/strong><\/h3>\n\n\n\n<p>Det h\u00e4r l\u00e5ter ungef\u00e4r som det tal man f\u00e5r n\u00e4r man har halsont av en virusinfektion (laryngit), men det beror inte p\u00e5 en hals\u00e5komma eller n\u00e5gon synlig f\u00f6r\u00e4ndring p\u00e5 st\u00e4mbanden, och det brukar h\u00e5lla i sig mycket l\u00e4ngre. Det kallas ofta <strong>funktionell \u201cdysfoni\u201d<\/strong>. \u00d6ron- n\u00e4sa- hals-l\u00e4kare brukar utreda detta f\u00f6r att utesluta att det finns n\u00e5gon annan orsak. Det kan komma och g\u00e5, och ibland till och med triggas av en laryngit, men st\u00e4mbanden \u201cgl\u00f6mmer\u201d att \u00e5terg\u00e5 till normal funktion n\u00e4r viruset \u00e4r borta.<\/p>\n\n\n\n<p>Vid vissa tillf\u00e4llen kan talet f\u00f6rsvinna helt, detta kallas <strong>funktionell \u201cafoni\u201d<\/strong>. Ibland fungerar talet b\u00e4ttre i vissa situationer \u00e4n i andra.<\/p>\n\n\n\n<h3><strong>\u201cForeign Accent Syndrome\u201d<\/strong><\/h3>\n\n\n\n<p>En annan ovanlig funktionell talst\u00f6rning kallas <strong>\u201cForeign accent syndrome\u201d<\/strong> (\u201cFr\u00e4mmande spr\u00e5k-syndromet\u201d). Detta kan orsakas av flera neurologiska tillst\u00e5nd, men ocks\u00e5 vara ett funktionellt neurologiskt symtom. Det finns tv\u00e5 slutna facebookgrupper <a href=\"https:\/\/www.facebook.com\/groups\/1566472570311497\/\">h\u00e4r<\/a> och <a href=\"https:\/\/www.facebook.com\/groups\/153559698055621\/\">h\u00e4r<\/a> som drivs av patienter med de h\u00e4r problemen. Det finns ocks\u00e5 en <a href=\"https:\/\/www.utdallas.edu\/research\/FAS\/index.html\">hemsida<\/a> om Foreign accent syndrome som drivs av Bill Katz vid University of Texas i Dallas.<\/p>\n\n\n\n<h3><strong>Sv\u00e4ljningsproblem (globus)<\/strong><\/h3>\n\n\n\n<p>I typfallet upplever en person med sv\u00e4ljningssv\u00e5righeter relaterade till FNS en k\u00e4nsla av att n\u00e5got fastnat i \u00f6vre delen av svalget. Detta kan f\u00f6rekomma \u00e4ven n\u00e4r man inte sv\u00e4ljer n\u00e5got, men det kan ocks\u00e5 g\u00f6ra det sv\u00e5rt att sv\u00e4lja. Det h\u00e4r symtomet kallas <strong>globus <\/strong>(som betyder klump). Sv\u00e4ljproblem brukar oftast f\u00f6rst unders\u00f6kas av en \u00d6ron- n\u00e4sa- hals-l\u00e4kare eller logoped f\u00f6r att utesluta att det inte finns n\u00e5gon annan orsak. Personer med globus har ofta \u00e4ven sura uppst\u00f6tningar (reflux) som det kan hj\u00e4lpa att behandla, \u00e4ven om det inte \u00e4r hela orsaken till symtomet.<\/p>\n\n\n\n<h3><strong>Hosta<\/strong><\/h3>\n\n\n\n<p>Det finns m\u00e5nga typer av hosta. Funktionell hosta kan vara en h\u00f6g, sk\u00e4llande hosta eller en \u201c\u00f6verk\u00e4nslig\u201d rethosta. Hosta unders\u00f6ks oftast f\u00f6rst av en allm\u00e4nl\u00e4kare eller lungl\u00e4kare f\u00f6r att utesluta att det inte r\u00f6r sig om n\u00e5gon lungsjukdom.<\/p>\n\n\n\n<h3><strong>Varf\u00f6r \u00e4r mina prover och unders\u00f6kningar normala?<\/strong><\/h3>\n\n\n\n<p>Vid den h\u00e4r sortens tal- och sv\u00e4ljsv\u00e5righeter \u00e4r alla delar av nervsystemet intakta, men de fungerar inte som de ska vid vissa tillf\u00e4llen.<\/p>\n\n\n\n<p>Din l\u00e4kare st\u00e4ller diagnosen efter att ha lyssnat till dina symtom och unders\u00f6kt dig. Diagnosen baseras p\u00e5 f\u00f6rekomsten av typiska symtom och unders\u00f6kningsfynd som bara finns just vid funktionella tillst\u00e5nd.<\/p>\n\n\n\n<p>Normala prover och unders\u00f6kningar hj\u00e4lper till i diagnostiken, men diagnosen st\u00e4lls vanligtvis av en neurolog, en \u00f6ron- n\u00e4sa hals-l\u00e4kare (vid funktionell dysfoni) eller lungl\u00e4kare (vid hosta). Specialister p\u00e5 r\u00f6st-, tal-, och sv\u00e4ljst\u00f6rningar (foniater eller logoped) har s\u00e4rskild expertis i att unders\u00f6ka tal och sv\u00e4ljning, och \u00e4r p\u00e5 m\u00e5nga h\u00e5ll inblandade i diagnostiken.<\/p>\n\n\n\n<h3><strong>Hur behandlas det?<\/strong><\/h3>\n\n\n\n<p>L\u00e4s mer om betydelsen av r\u00f6st- och spr\u00e5ktr\u00e4ning p\u00e5 den h\u00e4r <a href=\"https:\/\/www.neurosymptoms.org\/treatment-2\/speech-and-language-therapy\/\">sidan<\/a>.<br \/><\/p>\n","protected":false},"excerpt":{"rendered":"<p>Sv\u00e5righeter att tala normalt eller st\u00f6rningar av sv\u00e4ljfunktionen. <\/p>\n","protected":false},"author":65,"featured_media":2724,"parent":937,"menu_order":294,"comment_status":"closed","ping_status":"closed","template":"page-template\/symptom-details-page-template.php","meta":[],"_links":{"self":[{"href":"https:\/\/neurosymptoms.org\/sv_SE\/wp-json\/wp\/v2\/pages\/559"}],"collection":[{"href":"https:\/\/neurosymptoms.org\/sv_SE\/wp-json\/wp\/v2\/pages"}],"about":[{"href":"https:\/\/neurosymptoms.org\/sv_SE\/wp-json\/wp\/v2\/types\/page"}],"author":[{"embeddable":true,"href":"https:\/\/neurosymptoms.org\/sv_SE\/wp-json\/wp\/v2\/users\/65"}],"replies":[{"embeddable":true,"href":"https:\/\/neurosymptoms.org\/sv_SE\/wp-json\/wp\/v2\/comments?post=559"}],"version-history":[{"count":117,"href":"https:\/\/neurosymptoms.org\/sv_SE\/wp-json\/wp\/v2\/pages\/559\/revisions"}],"predecessor-version":[{"id":15612,"href":"https:\/\/neurosymptoms.org\/sv_SE\/wp-json\/wp\/v2\/pages\/559\/revisions\/15612"}],"up":[{"embeddable":true,"href":"https:\/\/neurosymptoms.org\/sv_SE\/wp-json\/wp\/v2\/pages\/937"}],"wp:featuredmedia":[{"embeddable":true,"href":"https:\/\/neurosymptoms.org\/sv_SE\/wp-json\/wp\/v2\/media\/2724"}],"wp:attachment":[{"href":"https:\/\/neurosymptoms.org\/sv_SE\/wp-json\/wp\/v2\/media?parent=559"}],"curies":[{"name":"wp","href":"https:\/\/api.w.org\/{rel}","templated":true}]}}