{"id":543,"date":"2020-11-29T13:16:43","date_gmt":"2020-11-29T13:16:43","guid":{"rendered":"https:\/\/ftd.cognihealth.in\/?page_id=543"},"modified":"2024-11-01T03:36:28","modified_gmt":"2024-11-01T03:36:28","slug":"sleep-problems","status":"publish","type":"page","link":"https:\/\/neurosymptoms.org\/sv_SE\/symptoms\/common-associated-symptoms\/sleep-problems\/","title":{"rendered":"S\u00f6mnproblem"},"content":{"rendered":"\n<p>Precis som tr\u00f6tthet \u00e4r s\u00f6mnproblem vanliga hos patienter med funktionella neurologiska symtom.&nbsp;<\/p>\n\n\n\n<p><strong>Insomni \u2013<\/strong> kan best\u00e5 av sv\u00e5righeter att somna, att man vaknar f\u00f6r ofta eller vaknar f\u00f6r tidigt.&nbsp;<\/p>\n\n\n\n<p><strong>Hypersomni \u2013<\/strong> betyder att man sover \u00f6verdrivet mycket, men \u00e4nd\u00e5 vaknar tr\u00f6tt.<\/p>\n\n\n\n<p>S\u00f6mnproblem kan uppst\u00e5 som en del av \u00e5ngest eller depression, men det \u00e4r viktigt att p\u00e5peka att du inte beh\u00f6ver ha \u00e5ngest eller depression f\u00f6r att ha s\u00f6mnproblem.<\/p>\n\n\n\n<p>H\u00e4r kommer n\u00e5gra tips f\u00f6r s\u00f6mnen. Detta kallas ibland \u201cs\u00f6mnhygien\u201d.<\/p>\n\n\n\n<h3><strong>Grundtips f\u00f6r en b\u00e4ttre natts\u00f6mn<\/strong><\/h3>\n\n\n\n<p>\u2022 H\u00e5ll dig till regelbundna tider. Att l\u00e4gga sig och stiga upp vid ungef\u00e4r samma tider varje dag programmerar din kropp till att sova b\u00e4ttre.<\/p>\n\n\n\n<p>\u2022 Skapa en vilsam sovmilj\u00f6. I ditt sovrum ska du bara vila och sova. Det ska inte vara f\u00f6r varmt eller kallt, och s\u00e5 m\u00f6rkt och tyst som m\u00f6jligt.<\/p>\n\n\n\n<p>\u2022 F\u00f6rs\u00e4kra dig om att du har en bekv\u00e4m s\u00e4ng. Det \u00e4r sv\u00e5rt att f\u00e5 djup, vilsam s\u00f6mn i en s\u00e4ng som \u00e4r f\u00f6r mjuk, f\u00f6r h\u00e5rd, f\u00f6r liten eller f\u00f6r gammal.<\/p>\n\n\n\n<p>\u2022 R\u00f6r dig mer. Regelbunden, lindrig fysisk aktivitet som simning eller promenad kan f\u00e5 dagens stress och belastningar att sl\u00e4ppa. Men om du \u00e4r aktiv f\u00f6r n\u00e4ra inp\u00e5 att du ska l\u00e4gga dig kan det bli sv\u00e5rt att sova.<\/p>\n\n\n\n<p>\u2022 Minska p\u00e5 uppiggande medel som koffein i te eller kaffe &#8211; s\u00e4rskilt p\u00e5 kv\u00e4llen. De st\u00f6r insomnandet och f\u00f6rhindrar djups\u00f6mn. Drick varm mj\u00f6lk eller \u00f6rtte ist\u00e4llet.<\/p>\n\n\n\n<p>\u2022 \u00c4t och drick inte f\u00f6r mycket. F\u00f6r mycket mat eller alkohol, s\u00e4rskilt sent p\u00e5 kv\u00e4llen precis innan du ska l\u00e4gga dig, kan ha f\u00f6r\u00f6dande effekt p\u00e5 din s\u00f6mnrytm. Alkohol kan hj\u00e4lpa dig att somna till en b\u00f6rjan, men kommer att st\u00f6ra din s\u00f6mn senare under natten.<\/p>\n\n\n\n<p>\u2022 R\u00f6k inte. Ja, det \u00e4r d\u00e5ligt f\u00f6r s\u00f6mnen ocks\u00e5. R\u00f6kare tar l\u00e4ngre tid p\u00e5 sig att somna, vaknar oftare och har en mer avbruten s\u00f6mn.<\/p>\n\n\n\n<p>\u2022 F\u00f6rs\u00f6k att slappna av innan du g\u00e5r och l\u00e4gger dig. Ta ett varmt bad, lyssna p\u00e5 lugn musik, g\u00f6r yoga &#8211; allt hj\u00e4lper b\u00e5de kropp och sj\u00e4l att slappna av. Din l\u00e4kare eller fysioterapeut kanske kan rekommendera avslappnings\u00f6vningar, ocks\u00e5.<\/p>\n\n\n\n<p>\u2022 G\u00f6r n\u00e5got \u00e5t oro eller att du har mycket att g\u00f6ra genom att g\u00f6ra listor p\u00e5 saker som du ska ta tag i n\u00e4sta dag.<\/p>\n\n\n\n<p>\u2022 Om du inte kan somna, ligg inte kvar och oroa dig \u00f6ver det. G\u00e5 upp och g\u00f6r n\u00e5got som du tycker \u00e4r avslappnande tills du k\u00e4nner dig s\u00f6mnig igen &#8211; d\u00e5 g\u00e5r du och l\u00e4gger dig igen.<\/p>\n\n\n\n<h3><strong>Insomni \u2013 att oroa sig \u00f6ver att inte kunna somna<\/strong><\/h3>\n\n\n\n<p>En av de vanligaste orsakerna till insomni \u00e4r att man utvecklat en <strong>\u00e5ngest f\u00f6r att sova<\/strong><strong>.<\/strong><\/p>\n\n\n\n<p>Det som ofta h\u00e4nder \u00e4r att man kan k\u00e4nna sig riktigt tr\u00f6tt, men s\u00e5 fort man g\u00e5r och l\u00e4gger sig s\u00e5 b\u00f6rjar man oroa sig f\u00f6r att inte kunna somna och f\u00f6r vilken hemsk natt det kommer att bli.&nbsp;<\/p>\n\n\n\n<p>Att somna ska vara en <strong><em>automatisk<\/em><\/strong> process. Om du b\u00f6rjar t\u00e4nka p\u00e5 det f\u00f6r mycket s\u00e5 kommer det inte fungera lika bra. P\u00e5 ett s\u00e4tt p\u00e5minner det om problemet vid <a href=\"https:\/\/www.neurosymptoms.org\/symptoms\/fnd-symptoms\/functional-limb-weakness\/\">funktionell svaghet<\/a> d\u00e4r benet blir svagare ju mer du t\u00e4nker p\u00e5 det.<\/p>\n\n\n\n<p>Att l\u00e4ra sig att sluta med detta kan vara sv\u00e5rt, men att f\u00f6rst\u00e5 vad som har g\u00e5tt snett \u00e4r det f\u00f6rsta steget.<\/p>\n\n\n\n<p>Vi rekommenderar den approach som Professor Colin Espie beskriver i <a href=\"https:\/\/www.theguardian.com\/lifeandstyle\/2011\/jan\/29\/how-to-improve-your-sleep\">den h\u00e4r artikeln<\/a> i The Guardian (engelska).<\/p>\n\n\n\n<figure class=\"wp-block-image size-large is-resized\"><img loading=\"lazy\" src=\"https:\/\/pre-prod.neurosymptoms.org\/wp-content\/uploads\/2022\/02\/Svensk-flagga.jpg\" alt=\"\" class=\"wp-image-5918\" width=\"54\" height=\"36\" srcset=\"https:\/\/neurosymptoms.org\/wp-content\/uploads\/2022\/02\/Svensk-flagga.jpg 510w, https:\/\/neurosymptoms.org\/wp-content\/uploads\/2022\/02\/Svensk-flagga-300x200.jpg 300w\" sizes=\"(max-width: 54px) 100vw, 54px\" \/><\/figure>\n\n\n\n<p>Sjukv\u00e5rdsr\u00e5dgivningen 1177 har en gratis bok om s\u00f6mnsv\u00e5righeter som kan laddas ned. <a href=\"https:\/\/www.1177.se\/globalassets\/1177\/regional\/gavleborg\/media\/dokument\/halsa\/sov-gott.pdf\">Sov gott (1177.se)<\/a><\/p>\n","protected":false},"excerpt":{"rendered":"<p>S\u00f6mnproblem som insomni (f\u00f6r lite s\u00f6mn) och hypersomni (f\u00f6r mycket s\u00f6mn) \u00e4r vanligt vid FNS.<\/p>\n","protected":false},"author":65,"featured_media":1905,"parent":939,"menu_order":270,"comment_status":"closed","ping_status":"closed","template":"page-template\/symptom-details-page-template.php","meta":[],"_links":{"self":[{"href":"https:\/\/neurosymptoms.org\/sv_SE\/wp-json\/wp\/v2\/pages\/543"}],"collection":[{"href":"https:\/\/neurosymptoms.org\/sv_SE\/wp-json\/wp\/v2\/pages"}],"about":[{"href":"https:\/\/neurosymptoms.org\/sv_SE\/wp-json\/wp\/v2\/types\/page"}],"author":[{"embeddable":true,"href":"https:\/\/neurosymptoms.org\/sv_SE\/wp-json\/wp\/v2\/users\/65"}],"replies":[{"embeddable":true,"href":"https:\/\/neurosymptoms.org\/sv_SE\/wp-json\/wp\/v2\/comments?post=543"}],"version-history":[{"count":106,"href":"https:\/\/neurosymptoms.org\/sv_SE\/wp-json\/wp\/v2\/pages\/543\/revisions"}],"predecessor-version":[{"id":15596,"href":"https:\/\/neurosymptoms.org\/sv_SE\/wp-json\/wp\/v2\/pages\/543\/revisions\/15596"}],"up":[{"embeddable":true,"href":"https:\/\/neurosymptoms.org\/sv_SE\/wp-json\/wp\/v2\/pages\/939"}],"wp:featuredmedia":[{"embeddable":true,"href":"https:\/\/neurosymptoms.org\/sv_SE\/wp-json\/wp\/v2\/media\/1905"}],"wp:attachment":[{"href":"https:\/\/neurosymptoms.org\/sv_SE\/wp-json\/wp\/v2\/media?parent=543"}],"curies":[{"name":"wp","href":"https:\/\/api.w.org\/{rel}","templated":true}]}}