{"id":541,"date":"2020-11-29T12:41:43","date_gmt":"2020-11-29T12:41:43","guid":{"rendered":"https:\/\/ftd.cognihealth.in\/?page_id=541"},"modified":"2024-11-01T03:34:50","modified_gmt":"2024-11-01T03:34:50","slug":"fatigue","status":"publish","type":"page","link":"https:\/\/neurosymptoms.org\/sv_SE\/symptoms\/common-associated-symptoms\/fatigue\/","title":{"rendered":"Tr\u00f6tthet\/Fatigue"},"content":{"rendered":"\n<p>Tr\u00f6tthet, utmattning och energibrist \u00e4r v\u00e4ldigt vanliga symtom vid FNS. Det typiska \u00e4r att personer med FNS upplever en tr\u00f6tthet som blir mycket v\u00e4rre efter att de har varit v\u00e4ldigt lite aktiva. Antingen direkt efter &#8211; eller ibland n\u00e4sta dag.&nbsp;<\/p>\n\n\n\n<p>Trots att andra symtom ofta \u00e4r tydligare ber\u00e4ttar m\u00e5nga patienter med FNS att det \u00e4r utmattningen och tr\u00f6ttheten som \u00e4r det st\u00f6rsta dagliga hindret. Flera studier har visat att tr\u00f6tthet \u00e4r den enskilt viktigaste faktorn f\u00f6r att avg\u00f6ra livskvalitet hos personer med FNS.&nbsp;<\/p>\n\n\n\n<p>Tr\u00f6tthet i det h\u00e4r sammanhanget kan betraktas som \u00e4nnu ett tillst\u00e5nd som har med funktionen i nervsystemet att g\u00f6ra.&nbsp;<\/p>\n\n\n\n<p>Kroniskt tr\u00f6tthetssyndrom (ME\/CFS) \u00e4r erk\u00e4nt som en genuin sjukdom av nationella och internationella h\u00e4lsoorganisationer \u00f6ver hela v\u00e4rlden.&nbsp;<\/p>\n\n\n\n<p>Den h\u00e4r hemsidan \u00e4r inte gjord f\u00f6r att g\u00e5 n\u00e4rmare in p\u00e5 att diskutera Kroniskt tr\u00f6tthetssyndrom.&nbsp;<\/p>\n\n\n\n<p>Tr\u00f6tthet kan ocks\u00e5 f\u00f6rekomma som en del av \u00e5ngest eller depression, \u00e4ven om det \u00e4r viktigt att p\u00e5peka att du beh\u00f6ver inte ha \u00e5ngest eller depression f\u00f6r att ha en ih\u00e5llande och sv\u00e5r tr\u00f6tthet.&nbsp;<\/p>\n\n\n\n<p>Vissa som blir deprimerade utvecklar anhedoni \u2014 det betyder att man tappar f\u00f6rm\u00e5gan att k\u00e4nna lust och tillfredsst\u00e4llelse \u2014 vilket ibland kan f\u00f6rv\u00e4xlas med tr\u00f6tthet, trots att det \u00e4r helt skilda saker.<\/p>\n\n\n\n<p>Tr\u00f6tthet \u00e4r ocks\u00e5 ett k\u00e4nnetecken p\u00e5 ett antal andra medicinska tillst\u00e5nd. Det \u00e4r s\u00e4rskilt viktigt att t\u00e4nka p\u00e5 behandlingsbara tillst\u00e5nd som:&nbsp;<\/p>\n\n\n\n<ul><li>Migr\u00e4n \u2013 (det \u00e4r vanligast i uppbyggnaden av ett migr\u00e4nanfall, och efter\u00e5t).<\/li><li>S\u00f6mnapn\u00e9 \u2013 en vanlig s\u00f6mnst\u00f6rning d\u00e4r luftv\u00e4garna blockeras flera g\u00e5nger per natt. F\u00f6rknippas med snarkning, viktuppg\u00e5ng, dagtr\u00f6tthet och morgonhuvudv\u00e4rk.&nbsp;<\/li><li>Anemi (\u201dBlodbrist\u201d)<\/li><li>Njur- och leversjukdomar&nbsp;<\/li><li>Underfunktion i sk\u00f6ldk\u00f6rteln&nbsp;<\/li><\/ul>\n\n\n\n<h3>Be<strong>r\u00e4ttelser om \u00e5terh\u00e4mtning fr\u00e5n Kroniskt tr\u00f6tthetssyndrom (ME\/CFS)&nbsp;<\/strong><\/h3>\n\n\n\n<p>Dr Henrik Vogt \u00e4r en norsk allm\u00e4nl\u00e4kare med ett forskningsintresse f\u00f6r funktionella tillst\u00e5nd.&nbsp;<\/p>\n\n\n\n<p>Begreppet Kroniskt tr\u00f6tthetssyndrom (ME\/CFS) beskriver en ih\u00e5llande och funktionsneds\u00e4ttande tr\u00f6tthet, ofta tillsammans med m\u00e5nga andra symtom som f\u00f6rs\u00e4mrad koncentration. Det finns m\u00e5nga ber\u00e4ttelser p\u00e5 n\u00e4tet fr\u00e5n patienter och organisationer som vittnar om hur besv\u00e4rligt och l\u00e5ngvarigt ME\/CFS kan vara.&nbsp;<\/p>\n\n\n\n<p>Men patienter som drabbats av ME\/CFS har ofta m\u00e4rkt att det varit sv\u00e5rt att hitta ber\u00e4ttelser d\u00e4r de har kunnat l\u00e4ra sig om \u00e5terh\u00e4mtning.<\/p>\n\n\n\n<p>Henrik Vogts hemsida Recovery Norway \u2013 <a href=\"http:\/\/www.recoverynorway.org\/\">www.recoverynorway.org<\/a> \u2013 syftar till att publicera ber\u00e4ttelser om f\u00f6rb\u00e4ttring, och kan hj\u00e4lpa l\u00e4sare av den h\u00e4r hemsidan att f\u00e5 en balanserad bild.<\/p>\n","protected":false},"excerpt":{"rendered":"<p>Tr\u00f6tthet\/fatigue, energibrist och utmattning kan vara en del av FNS.<\/p>\n","protected":false},"author":65,"featured_media":0,"parent":939,"menu_order":267,"comment_status":"closed","ping_status":"closed","template":"page-template\/symptom-details-page-template.php","meta":[],"_links":{"self":[{"href":"https:\/\/neurosymptoms.org\/sv_SE\/wp-json\/wp\/v2\/pages\/541"}],"collection":[{"href":"https:\/\/neurosymptoms.org\/sv_SE\/wp-json\/wp\/v2\/pages"}],"about":[{"href":"https:\/\/neurosymptoms.org\/sv_SE\/wp-json\/wp\/v2\/types\/page"}],"author":[{"embeddable":true,"href":"https:\/\/neurosymptoms.org\/sv_SE\/wp-json\/wp\/v2\/users\/65"}],"replies":[{"embeddable":true,"href":"https:\/\/neurosymptoms.org\/sv_SE\/wp-json\/wp\/v2\/comments?post=541"}],"version-history":[{"count":94,"href":"https:\/\/neurosymptoms.org\/sv_SE\/wp-json\/wp\/v2\/pages\/541\/revisions"}],"predecessor-version":[{"id":15593,"href":"https:\/\/neurosymptoms.org\/sv_SE\/wp-json\/wp\/v2\/pages\/541\/revisions\/15593"}],"up":[{"embeddable":true,"href":"https:\/\/neurosymptoms.org\/sv_SE\/wp-json\/wp\/v2\/pages\/939"}],"wp:attachment":[{"href":"https:\/\/neurosymptoms.org\/sv_SE\/wp-json\/wp\/v2\/media?parent=541"}],"curies":[{"name":"wp","href":"https:\/\/api.w.org\/{rel}","templated":true}]}}