{"id":539,"date":"2020-11-29T12:37:13","date_gmt":"2020-11-29T12:37:13","guid":{"rendered":"https:\/\/ftd.cognihealth.in\/?page_id=539"},"modified":"2024-11-01T03:35:22","modified_gmt":"2024-11-01T03:35:22","slug":"dissociative-symptoms","status":"publish","type":"page","link":"https:\/\/neurosymptoms.org\/sv_SE\/symptoms\/common-associated-symptoms\/dissociative-symptoms\/","title":{"rendered":"Dissociativa symtom"},"content":{"rendered":"\n<h3><strong>Vad \u00e4r dissociativa symtom &#8211; att k\u00e4nna sig fr\u00e5nvarande?&nbsp;<\/strong><\/h3>\n\n\n\n<p>Det \u00e4r vanligt att man upplever Dissociativa symtom tillsammans med andra FNS som beskrivs p\u00e5 den h\u00e4r hemsidan. Det kan vara till stor hj\u00e4lp att identifiera och f\u00f6rst\u00e5 dem b\u00e5de f\u00f6r att f\u00f6rst\u00e5 hur dina symtom uppkommer och hur du kan \u00e5terta kontrollen \u00f6ver din kropp.<\/p>\n\n\n\n<p>Dissociativa symtom best\u00e5r av:&nbsp;<\/p>\n\n\n\n<p><strong>Depersonalisation<\/strong>\u2013 en k\u00e4nsla av att din kropp inte riktigt tillh\u00f6r dig eller \u00e4r bortkopplad fr\u00e5n dig.&nbsp;<\/p>\n\n\n\n<p><strong>Derealisation<\/strong>\u2013 en k\u00e4nsla av att du \u00e4r bortkopplad fr\u00e5n v\u00e4rlden runt omkring eller att du k\u00e4nner dig fr\u00e5nvarande.<\/p>\n\n\n\n<p>H\u00e4r \u00e4r n\u00e5gra exempel p\u00e5 hur personer brukar beskriva depersonalisation och derealisation:&nbsp;<\/p>\n\n\n\n<figure class=\"wp-block-image\"><img src=\"https:\/\/lh4.googleusercontent.com\/dCfQjBS0NfRkP_0sa32NI5IXR5haW9-LhA7xukj7oS9kJBsO3Fj63NtYTlKmPS-OoprUZC9RfxKmqJtokTSS3K6MOQElKo2CTa_A_gJfNaev1W_0GrOZMzhUC1MQjlh5XSOGqZG8\" alt=\"\"\/><\/figure>\n\n\n\n<h3><strong>Hur kan det hj\u00e4lpa att veta mer om dissociativa symtom?&nbsp;<\/strong><\/h3>\n\n\n\n<p>De h\u00e4r symtomen dyker upp i alla m\u00f6jliga situationer. De flesta m\u00e4nniskor har upplevt dem i n\u00e5gon utstr\u00e4ckning n\u00e4r de \u00e4r sjuka eller inte har sovit p\u00e5 mycket l\u00e4nge.<\/p>\n\n\n\n<p>Att f\u00f6rst\u00e5 vad dissociativa symtom \u00e4r, att det finns ett namn f\u00f6r dem och att de inte betyder att du \u201ch\u00e5ller p\u00e5 att bli galen\u201d, kan ofta hj\u00e4lpa personer med funktionella symtom som har dessa symtom som en del av sitt tillst\u00e5nd.<\/p>\n\n\n\n<p>R\u00e4dsla och \u00e5ngest kan f\u00f6rst\u00e4rka dissociativa symtom, s\u00e5 om du vet mer om symtomen kan det g\u00f6ra s\u00e5 att symtomen blir mindre p\u00e5tagliga.&nbsp;<\/p>\n\n\n\n<p>Upplevelsen av att vara liksom bortkopplad fr\u00e5n din egen kropp kan ocks\u00e5 f\u00f6rklara varf\u00f6r din kropp vid vissa tillf\u00e4llen kan k\u00e4nnas fr\u00e5nkopplad eller svag i ena sidan. Detta \u00e4r orsaken till att <a href=\"https:\/\/www.neurosymptoms.org\/symptoms\/fnd-symptoms\/functional-limb-weakness\/\">funktionell svaghet<\/a>&nbsp; ibland kallas \u2018dissociativ motorisk st\u00f6rning\u2019 och att vi har begreppet <a href=\"https:\/\/www.neurosymptoms.org\/symptoms\/fnd-symptoms\/dissociative-non-epileptic-attacks-blackouts\/\">\u2018dissociativa anfall\u2019<\/a>.<\/p>\n\n\n\n<h3><strong>Mer information<\/strong><\/h3>\n\n\n\n<p>Det finns massor med resurser, videos och l\u00e4nkar p\u00e5 <a href=\"http:\/\/www.unrealuk.org\">www.unrealuk.org<\/a> &#8211; en brittisk v\u00e4lg\u00f6renhetsorganisation f\u00f6r depersonalisation\/derealisation (engelska).<\/p>\n\n\n\n<figure class=\"wp-block-image\"><img src=\"https:\/\/lh6.googleusercontent.com\/4Poo7IBNa5aKS2t9St84sibmami_H-rfKj-zHTyyKJxtsBctf8mA28j48jAqU6KyQ7D6SzxzRsTQSfNkiG_i7T6XuYqM1iY5Dlfk0DWCGCuDdrGhcyl9eZORuPAedCbN6GB-2JAT\" alt=\"\"\/><\/figure>\n\n\n\n<p>F\u00f6r en detaljerad beskrivning av dissociativa symtom kan du ladda ned artikeln till h\u00f6ger, d\u00e4r de beskrivs i en neurologisk vetenskaplig tidskrift (engelska).<\/p>\n\n\n\n<p>Den h\u00e4r <a href=\"http:\/\/www.bmj.com\/content\/356\/bmj.j745\">artikeln<\/a> fr\u00e5n The British Medical Journal (BMJ), skriven av en psykolog (Elaine Hunter), en patient som har besv\u00e4ren (Jane Charlton) och en professor i kognitiv neuropsykiatri (Prof David) ger en suver\u00e4n sammanfattning av depersonalisation och derealisation (engelska). Det finns ocks\u00e5 en <a href=\"\nhttps:\/\/soundcloud.com\/bmjpodcasts\/watching-the-world-through-a-clear-fog-recognising-depersonalisation-and-derealisation\">podcast\n<\/a> och en <a href=\"\nhttps:\/\/www.youtube.com\/watch?v=GWyidaGteGg\">youtubevideo\n<\/a> d\u00e4r redakt\u00f6ren f\u00f6r BMJ (Fiona Godlee) diskuterar sina egna erfarenheter av depersonalisation \u2013 b\u00e5da rekommenderas varmt (engelska).&nbsp;<\/p>\n\n\n\n<p><a href=\"https:\/\/www.bmj.com\/content\/356\/bmj.j745\">https:\/\/www.bmj.com\/content\/356\/bmj.j745<\/a><\/p>\n\n\n\n<p>Det finns ocks\u00e5 mycket information om depersonalisation att h\u00e4mta fr\u00e5n Twitterkontot <a href=\"https:\/\/twitter.com\/unrealcharity\">@unrealcharity<\/a>. Nedan finns en video fr\u00e5n Unreal som ger en bild av dessa symtom.<\/p>\n\n\n\n<p><a href=\"\nhttps:\/\/twitter.com\/unrealcharity\/status\/1381173832187322368?ref_src=twsrc%5Etfw%7Ctwcamp%5Etweetembed%7Ctwterm%5E1381173832187322368%7Ctwgr%5E%7Ctwcon%5Es1_&amp;ref_url=https%3A%2F%2Fwww.neurosymptoms.org%2Fen_GB%2Fsymptoms%2Fcommon-associated-symptoms%2Fdissociative-symptoms-feeling-spaced-out%2F\">Unreal\n p\u00e5 Twitter<\/a><\/p>\n","protected":false},"excerpt":{"rendered":"<p>Att k\u00e4nna sig fr\u00e5nvarande, \u201cinte riktigt d\u00e4r\u201d eller inte riktigt \u201ci din kropp\u201d.<\/p>\n","protected":false},"author":65,"featured_media":1901,"parent":939,"menu_order":268,"comment_status":"closed","ping_status":"closed","template":"page-template\/symptom-details-page-template.php","meta":[],"_links":{"self":[{"href":"https:\/\/neurosymptoms.org\/sv_SE\/wp-json\/wp\/v2\/pages\/539"}],"collection":[{"href":"https:\/\/neurosymptoms.org\/sv_SE\/wp-json\/wp\/v2\/pages"}],"about":[{"href":"https:\/\/neurosymptoms.org\/sv_SE\/wp-json\/wp\/v2\/types\/page"}],"author":[{"embeddable":true,"href":"https:\/\/neurosymptoms.org\/sv_SE\/wp-json\/wp\/v2\/users\/65"}],"replies":[{"embeddable":true,"href":"https:\/\/neurosymptoms.org\/sv_SE\/wp-json\/wp\/v2\/comments?post=539"}],"version-history":[{"count":163,"href":"https:\/\/neurosymptoms.org\/sv_SE\/wp-json\/wp\/v2\/pages\/539\/revisions"}],"predecessor-version":[{"id":15594,"href":"https:\/\/neurosymptoms.org\/sv_SE\/wp-json\/wp\/v2\/pages\/539\/revisions\/15594"}],"up":[{"embeddable":true,"href":"https:\/\/neurosymptoms.org\/sv_SE\/wp-json\/wp\/v2\/pages\/939"}],"wp:featuredmedia":[{"embeddable":true,"href":"https:\/\/neurosymptoms.org\/sv_SE\/wp-json\/wp\/v2\/media\/1901"}],"wp:attachment":[{"href":"https:\/\/neurosymptoms.org\/sv_SE\/wp-json\/wp\/v2\/media?parent=539"}],"curies":[{"name":"wp","href":"https:\/\/api.w.org\/{rel}","templated":true}]}}