{"id":532,"date":"2020-11-29T09:51:38","date_gmt":"2020-11-29T09:51:38","guid":{"rendered":"https:\/\/ftd.cognihealth.in\/?page_id=532"},"modified":"2024-11-01T03:42:06","modified_gmt":"2024-11-01T03:42:06","slug":"functional-sensory-symptoms","status":"publish","type":"page","link":"https:\/\/neurosymptoms.org\/sv_SE\/symptoms\/fnd-symptoms\/functional-sensory-symptoms\/","title":{"rendered":"Funktionella sensoriska symtom"},"content":{"rendered":"\n<h3><strong>Vad \u00e4r Funktionella sensoriska symtom?&nbsp;<\/strong><\/h3>\n\n\n\n<p>Funktionella sensoriska symtom \u00e4r sensoriska (k\u00e4nsel-) symtom var som helst i kroppen som beror p\u00e5 att nervsystemet inte fungerar som det ska. De orsakas inte av n\u00e5gon skada eller sjukdom i nervsystemet.&nbsp;<\/p>\n\n\n\n<p>Patienter med funktionella sensoriska symtom kan uppleva:&nbsp;<\/p>\n\n\n\n<ol><li>En upplevelse av f\u00f6r\u00e4ndrad k\u00e4nsel i en sida av kroppen (vanligast v\u00e4nster) &#8211; ofta i ansiktet, en arm eller ett ben, i olika kombinationer. Det h\u00e4r kallas ibland \u201chemisensoriska symtom\u201d. Att ha k\u00e4nselst\u00f6rning bara i ansiktet \u00e4r ganska vanligt.&nbsp;<\/li><li>En upplevelse av att en kroppsdel \u00e4r fr\u00e4mmande eller inte \u201ch\u00f6r till en sj\u00e4lv\u201d.<\/li><li>Flyktiga upplevelser \u2013 som ryckningar, surr eller elst\u00f6tar.<\/li><li>Ibland kan det ocks\u00e5 f\u00f6rekomma synsymtom som tillf\u00e4llig dimsyn och dubbelseende eller svaghet (se \u2018<a href=\"https:\/\/www.neurosymptoms.org\/symptoms\/fnd-symptoms\/functional-limb-weakness\/\">Funktionell svaghet<\/a>\u2018 ) p\u00e5 samma sida som de sensoriska symtomen.<\/li><\/ol>\n\n\n\n<p>De h\u00e4r symtomen kan vara oroande f\u00f6r b\u00e5de patient och l\u00e4kare och leda till misstanke om Stroke eller MS.<\/p>\n\n\n\n<p>Funktionella sensoriska symtom beror dock inte p\u00e5 en skada i nervsystemet, vilket betyder att de kan f\u00f6rb\u00e4ttras eller bli helt bra. Vid funktionella sensoriska symtom finns alla delar av nervsystemet d\u00e4r de ska, men de fungerar inte p\u00e5 r\u00e4tt s\u00e4tt f\u00f6r att din hj\u00e4rna ska kunna ta emot signaler p\u00e5 normalt vis.&nbsp;<\/p>\n\n\n\n<h3><strong>Hur st\u00e4lls diagnosen?<\/strong><\/h3>\n\n\n\n<p>Diagnosen vid funktionella sensoriska symtom st\u00e4lls vanligtvis av en neurolog.<\/p>\n\n\n\n<p>N\u00e4r l\u00e4karen lyssnar p\u00e5 din beskrivning och unders\u00f6ker dig kan typiska funktionella sensoriska symtom k\u00e4nnas igen. Vid unders\u00f6kningen kan l\u00e4karen m\u00e4rka att k\u00e4nseln i det p\u00e5verkade omr\u00e5det \u00e4r nedsatt. Det kan ocks\u00e5 finnas en l\u00e4tt svaghet kopplad till k\u00e4nselst\u00f6rningen. Typen av svaghet och reaktioner i vissa speciella tester i unders\u00f6kningen kan hj\u00e4lpa l\u00e4karen att st\u00e4lla en \u201cpositiv diagnos\u201d av ditt tillst\u00e5nd d\u00e4r typiska uttryck f\u00f6r FNS kan konstateras.&nbsp;<\/p>\n\n\n\n<p>Normala fynd p\u00e5 r\u00f6ntgen och andra unders\u00f6kningar kan hj\u00e4lpa till i diagnostiken, men diagnosen st\u00e4lls oftast av en neurolog som tr\u00e4ffar dig.<\/p>\n\n\n\n<h3><strong>Hur uppst\u00e5r funktionella sensoriska symtom?&nbsp;<\/strong><\/h3>\n\n\n\n<p>Funktionella sensoriska symtom uppst\u00e5r av olika anledningar hos olika personer. Orsakerna \u00e4r v\u00e4ldigt lika dem som orsakar funktionell svaghet:<\/p>\n\n\n\n<ol><li><strong>Efter en skada \/ Vid sm\u00e4rta <\/strong>\u2014 Vi verkar vara s\u00e4rskilt s\u00e5rbara f\u00f6r funktionella sensoriska symtom efter en fysisk skada eller om vi har mycket sm\u00e4rta. Studier av patienter med l\u00e5ngvarig sm\u00e4rta visar att ov\u00e4ntade funktionella sensoriska st\u00f6rningar (oftast i ena kroppshalvan) \u00e4r ganska vanligt.&nbsp; Ibland uppst\u00e5r funktionella sensoriska symtom som en del av ett tillst\u00e5nd som kallas <a href=\"https:\/\/www.neurosymptoms.org\/symptoms\/common-associated-symptoms\/complex-regional-pain-syndrome\/\">Complex Regional Pain Syndrome<\/a> Typ 1. Klicka p\u00e5 l\u00e4nken f\u00f6r att f\u00e5 veta mer.<\/li><li><strong>Vid hyperventilation<\/strong> \u2013 Funktionella sensoriska symtom \u00e4r ocks\u00e5 vanliga tillsammans med symtom som <a href=\"https:\/\/www.neurosymptoms.org\/symptoms\/fnd-symptoms\/dissociative-symptoms-feeling-spaced-out\/\">yrsel<\/a> och \u00f6verg\u00e5ende andn\u00f6d. Studier p\u00e5 frivilliga har visat att om du ber 100 personer att andas snabbt en stund (hyperventilera) s\u00e5 f\u00e5r de flesta sensoriska symtom. Oftast uppst\u00e5r stickningar i fingrarna eller runt munnen. Man tror att detta beror p\u00e5 att nerv\u00e4ndar reagerar p\u00e5 koldioxid som bildas vid hyperventilering. En liten del av f\u00f6rs\u00f6kspersonerna reagerar med domningar i ena kroppshalvan.&nbsp;<\/li><li><strong>Sjukdomsperiod med mycket tr\u00f6tthet och s\u00e4ngvila <\/strong>\u2014 Funktionella sensoriska symtom kan utvecklas l\u00e5ngsamt hos personer som lider av mycket tr\u00f6tthet eller utmattning. Hos vissa patienter kan f\u00f6r mycket vila framkalla symtomen. Det kan finnas \u00f6verlappning till <a href=\"https:\/\/www.neurosymptoms.org\/sv_SE\/symptoms\/common-associated-symptoms\/fatigue\/\">Kroniskt tr\u00f6tthetssyndrom<\/a>. Klicka p\u00e5 l\u00e4nken f\u00f6r att ta reda p\u00e5 mer.<\/li><li><strong>Efter en dissociativ episod eller panikattack <\/strong>\u2013 Funktionella sensoriska symtom som domning eller stickningar kan ofta uppst\u00e5 tillsammans med yrsel och dissociation (en k\u00e4nsla av att saker runt omkring dig \u00e4r avl\u00e4gsna eller fr\u00e5nkopplade).&nbsp; <a href=\"https:\/\/www.neurosymptoms.org\/symptoms\/common-associated-symptoms\/dissociative-symptoms-feeling-spaced-out\/\">Dissociation<\/a> \u00e4r lite som trans och beskrivs p\u00e5 annat h\u00e5ll p\u00e5 hemsidan. Ibland \u00e4r de h\u00e4r h\u00e4ndelserna v\u00e4ldigt skr\u00e4mmande, s\u00e4rskilt om de kommer \u201csom en blixt fr\u00e5n en klar himmel\u201d, och kan leda till en panikattack. Efter en <a href=\"https:\/\/www.neurosymptoms.org\/symptoms\/common-associated-symptoms\/worry-panic\/\">panikattack<\/a> kan det finnas kvar en k\u00e4nsla av att ena kroppshalvan k\u00e4nns \u201ckonstig\u201d, kanske tung eller stickande.<\/li><li><strong>Efter en migr\u00e4nattack<\/strong> \u2013 Vissa personer med migr\u00e4n upplever sensoriska symtom som en del av sina migr\u00e4nattacker. Ibland beskriver patienter med funktionella sensoriska symtom en attack som l\u00e5ter som migr\u00e4n, men d\u00e4r de sensoriska symtomen stannar kvar. I de fallen har migr\u00e4nen triggat de funktionella sensoriska symtomen.<\/li><li><strong>Utan uppenbar orsak.<\/strong> Precis som vid migr\u00e4n f\u00e5r vissa anfall bara n\u00e4r de \u00e4r tr\u00f6tta eller stressade, medan andra f\u00e5r dem utan n\u00e5got utl\u00f6sande.<\/li><\/ol>\n","protected":false},"excerpt":{"rendered":"<p>Sensoriska (k\u00e4nsel-) symtom som beror p\u00e5 att nervsystemet inte fungerar som det ska<\/p>\n","protected":false},"author":65,"featured_media":0,"parent":937,"menu_order":282,"comment_status":"closed","ping_status":"closed","template":"page-template\/symptom-details-page-template.php","meta":[],"_links":{"self":[{"href":"https:\/\/neurosymptoms.org\/sv_SE\/wp-json\/wp\/v2\/pages\/532"}],"collection":[{"href":"https:\/\/neurosymptoms.org\/sv_SE\/wp-json\/wp\/v2\/pages"}],"about":[{"href":"https:\/\/neurosymptoms.org\/sv_SE\/wp-json\/wp\/v2\/types\/page"}],"author":[{"embeddable":true,"href":"https:\/\/neurosymptoms.org\/sv_SE\/wp-json\/wp\/v2\/users\/65"}],"replies":[{"embeddable":true,"href":"https:\/\/neurosymptoms.org\/sv_SE\/wp-json\/wp\/v2\/comments?post=532"}],"version-history":[{"count":118,"href":"https:\/\/neurosymptoms.org\/sv_SE\/wp-json\/wp\/v2\/pages\/532\/revisions"}],"predecessor-version":[{"id":15605,"href":"https:\/\/neurosymptoms.org\/sv_SE\/wp-json\/wp\/v2\/pages\/532\/revisions\/15605"}],"up":[{"embeddable":true,"href":"https:\/\/neurosymptoms.org\/sv_SE\/wp-json\/wp\/v2\/pages\/937"}],"wp:attachment":[{"href":"https:\/\/neurosymptoms.org\/sv_SE\/wp-json\/wp\/v2\/media?parent=532"}],"curies":[{"name":"wp","href":"https:\/\/api.w.org\/{rel}","templated":true}]}}