{"id":512,"date":"2020-10-16T14:23:48","date_gmt":"2020-10-16T14:23:48","guid":{"rendered":"https:\/\/ftd.cognihealth.in\/?page_id=512"},"modified":"2024-08-20T14:19:41","modified_gmt":"2024-08-20T14:19:41","slug":"functional-limb-weakness","status":"publish","type":"page","link":"https:\/\/neurosymptoms.org\/sv_SE\/symptoms\/fnd-symptoms\/functional-limb-weakness\/","title":{"rendered":"Funktionell svaghet"},"content":{"rendered":"\n<h3><strong>Vad \u00e4r funktionell svaghet?<\/strong><\/h3>\n\n\n\n<p>Funktionell svaghet \u00e4r svaghet i en kroppsdel som beror p\u00e5 att nervsystemet inte fungerar som det ska, men inte p\u00e5 grund av en skada eller sjukdom i nervsystemet.&nbsp;<\/p>\n\n\n\n<p>Patienter med funktionell svaghet upplever svaghetssymtom som kan vara handikappande och skr\u00e4mmande, s\u00e5som g\u00e5ngsv\u00e5righeter, tyngdk\u00e4nsla p\u00e5 ena sidan, att tappa saker eller en k\u00e4nsla av att en kroppsdel bara inte k\u00e4nns normal eller \u201dh\u00f6r till en sj\u00e4lv\u201d.&nbsp;<\/p>\n\n\n\n<p>F\u00f6r b\u00e5de patienten och l\u00e4karen kan det ofta verka som att man har f\u00e5tt en stroke eller har symtom p\u00e5 MS. Men till skillnad fr\u00e5n vid de tillst\u00e5nden finns det ingen best\u00e5ende skada i nervsystemet vid funktionell svaghet, vilket betyder att symtomen kan f\u00f6rb\u00e4ttras eller f\u00f6rsvinna helt.&nbsp;<\/p>\n\n\n\n<h3><strong>Hur st\u00e4lls diagnosen vid funktionell svaghet?&nbsp;<\/strong><\/h3>\n\n\n\n<p>Diagnosen st\u00e4lls ofta av en neurolog eller strokel\u00e4kare.&nbsp;<\/p>\n\n\n\n<p>Vid unders\u00f6kningen hittar l\u00e4karen ofta ett symtomm\u00f6nster som \u00e4r typiskt f\u00f6r det h\u00e4r tillst\u00e5ndet (&#8220;positiva tecken&#8221;), medan det saknas f\u00f6r\u00e4ndrade reflexer eller andra tecken p\u00e5 en strukturell neurologisk sjukdom (som stroke).&nbsp;<\/p>\n\n\n\n<p>Detta beror p\u00e5 att alla delar av nervsystemet \u00e4r bevarade vid funktionell svaghet, de fungerar bara inte som de ska. Vilket betyder att n\u00e4r du f\u00f6rs\u00f6ker att r\u00f6ra din arm eller ditt ben kan inte nervsystemet utf\u00f6ra det s\u00e5 bra som det borde.&nbsp;<\/p>\n\n\n\n<p>Vid unders\u00f6kningen kan din l\u00e4kare hitta s\u00e4rskilda fysiska tecken p\u00e5 funktionell svaghet, och st\u00e4lla diagnosen p\u00e5 samma s\u00e4tt som man skulle g\u00f6ra vid en sjukdom som migr\u00e4n (som inte heller har n\u00e5got blodprov eller r\u00f6ntgenunders\u00f6kning som leder fram till diagnos).&nbsp;<\/p>\n\n\n\n<p>Om du vore en dator skulle det vara lite som att ha ett mjukvaruproblem snarare \u00e4n ett h\u00e5rdvaruproblem.&nbsp;<\/p>\n\n\n\n<p>Positiva tecken p\u00e5 funktionell svaghet kan vara f\u00f6ljande, \u00e4ven om inget av dem \u00e4r 100% tillf\u00f6rlitligt och kan anv\u00e4ndas ensamt:&nbsp;<\/p>\n\n\n\n<ul><li><strong>Kollapsande svaghet <\/strong>\u2013 en tendens att armen eller benet \u201dkollapsar\u201d n\u00e4r styrkan testas. Det h\u00e4r kan en l\u00e4kare uppfatta som att man \u201dinte f\u00f6rs\u00f6ker\u201d, men det \u00e4r vanligt att patienter med funktionell svaghet m\u00e4rker \u00f6kad svaghet ju mer man f\u00f6rs\u00f6ker.<\/li><\/ul>\n\n\n\n<ul><li><strong>Hoovers tecken<\/strong> \u2013 i den h\u00e4r unders\u00f6kningen kan ditt p\u00e5verkade ben vara svagt n\u00e4r du f\u00f6rs\u00f6ker pressa din fot ned i britsen. N\u00e4r l\u00e4karen sedan ber dig att lyfta upp ditt friska ben \u00e5terkommer kraften i ditt svaga ben. Vissa patienter med funktionell svaghet anv\u00e4nder det h\u00e4r som en slags fysioterapi f\u00f6r att tr\u00e4na tillbaka den normala funktionen i sitt svaga ben (och f\u00f6r att p\u00e5minna sig om att diagnosen \u00e4r korrekt).&nbsp;<\/li><\/ul>\n\n\n\n<div class=\"wp-block-image\"><figure class=\"aligncenter size-large\"><img loading=\"lazy\" width=\"419\" height=\"318\" src=\"https:\/\/pre-prod.neurosymptoms.org\/wp-content\/uploads\/2020\/10\/HooverSign.jpg\" alt=\"\" class=\"wp-image-513\" srcset=\"https:\/\/neurosymptoms.org\/wp-content\/uploads\/2020\/10\/HooverSign.jpg 419w, https:\/\/neurosymptoms.org\/wp-content\/uploads\/2020\/10\/HooverSign-300x228.jpg 300w\" sizes=\"(max-width: 419px) 100vw, 419px\" \/><figcaption><strong>Hoovers tecken \u00e4r ett positivt tecken vid Funktionell svaghet<\/strong><\/figcaption><\/figure><\/div>\n\n\n\n<p>Videon nedan visar n\u00e4r Dr Jon Stone unders\u00f6ker Lucy som har en funktionell svaghet i sin h\u00f6gra sida. Du kan ocks\u00e5 se henne <a href=\"https:\/\/www.neurosymptoms.org\/sv_SE\/symptoms\/fnd-symptoms\/functional-facial-spasm\/\">ber\u00e4tta om sina ansiktsryckningar p\u00e5 en annan del av hemsidan.<\/a> Tack Lucy f\u00f6r att du till\u00e5ter delning av den h\u00e4r videon.<\/p>\n\n\n\n<figure class=\"wp-block-embed-youtube wp-block-embed is-type-video is-provider-youtube wp-embed-aspect-16-9 wp-has-aspect-ratio\"><div class=\"wp-block-embed__wrapper\">\n<iframe loading=\"lazy\" title=\"Hoovers 2013\" width=\"745\" height=\"419\" src=\"https:\/\/www.youtube.com\/embed\/ylQ_CF8XWnk?feature=oembed\" frameborder=\"0\" allow=\"accelerometer; autoplay; clipboard-write; encrypted-media; gyroscope; picture-in-picture; web-share\" allowfullscreen><\/iframe>\n<\/div><\/figure>\n\n\n\n<p><\/p>\n\n\n\n<p>Videon med Hoovers tecken visar att Lucy \u00e4r svag i sitt h\u00f6gra ben. N\u00e4r hon f\u00f6rs\u00f6ker h\u00e5lla benet mot golvet g\u00e5r det inte. Men n\u00e4r l\u00e4karen ber henne lyfta sitt friska ben och koncentrera sig p\u00e5 att h\u00e5lla kvar det i luften s\u00e5 f\u00f6rsvinner svagheten i det h\u00f6gra benet en stund.&nbsp;<\/p>\n\n\n\n<p>F\u00f6rklaringen till detta \u00e4r att n\u00e4r Lucy verkligen f\u00f6rs\u00f6ker att r\u00f6ra sitt h\u00f6gra ben och det inte lyder henne, s\u00e5 ligger ett problem i hj\u00e4rnans och nervsystemets funktioner i v\u00e4gen. Men n\u00e4r hon koncentrerar sig p\u00e5 det v\u00e4nstra benet s\u00e5 kommer de automatiska r\u00f6relsem\u00f6nstren tillbaka, vilket visar att svagheten inte beror p\u00e5 en skada i nervsystemet. Du kan beh\u00f6va titta p\u00e5 klippet ett par g\u00e5nger f\u00f6r att f\u00f6rst\u00e5 hur det h\u00e4nger ihop.<\/p>\n\n\n\n<ul><li><strong>H\u00f6ftabduktortecknet <\/strong>&#8211; Det h\u00e4r tecknet \u00e4r positivt n\u00e4r n\u00e5gon f\u00f6rs\u00f6ker trycka ut sin ena h\u00f6ft men det inte fungerar lika bra som p\u00e5 den andra sidan (h\u00f6ftabduktorsvaghet). Men n\u00e4r personen f\u00f6rs\u00f6ker trycka ut sin friska sida s\u00e5 blir kraften <em>mycket b\u00e4ttre i den sida som f\u00f6rst var svag<\/em>. Titta p\u00e5 videon nedan med Rachel som har en funktionell svaghet som en del av FNS.<\/li><\/ul>\n\n\n\n<figure class=\"wp-block-embed-youtube wp-block-embed is-type-video is-provider-youtube wp-embed-aspect-16-9 wp-has-aspect-ratio\"><div class=\"wp-block-embed__wrapper\">\n<iframe loading=\"lazy\" title=\"Hip Abductor Sign of FND Leg Weakness\" width=\"745\" height=\"419\" src=\"https:\/\/www.youtube.com\/embed\/tT0eGTgJRQI?feature=oembed\" frameborder=\"0\" allow=\"accelerometer; autoplay; clipboard-write; encrypted-media; gyroscope; picture-in-picture; web-share\" allowfullscreen><\/iframe>\n<\/div><\/figure>\n\n\n\n<p><\/p>\n\n\n\n<p><\/p>\n\n\n\n<ul><li><strong>En sl\u00e4pande g\u00e5ngstil \u2013<\/strong> Patienter med funktionell bensvaghet har ibland en v\u00e4ldigt karakteristisk g\u00e5ngstil, d\u00e4r det svaga benet \u201csl\u00e4par\u201d i marken. Det h\u00e4r skiljer sig fr\u00e5n n\u00e5gon med ett svagt ben efter stroke eller MS, som pendlar sitt ben vid g\u00e5ng.&nbsp;<\/li><\/ul>\n\n\n\n<div class=\"wp-container-4 wp-block-group\"><div class=\"wp-block-group__inner-container\">\n<div class=\"wp-container-3 wp-block-group\"><div class=\"wp-block-group__inner-container\">\n<figure class=\"wp-container-2 wp-block-gallery-1 wp-block-gallery columns-2 is-cropped\"><ul class=\"blocks-gallery-grid\"><li class=\"blocks-gallery-item\"><figure><img loading=\"lazy\" width=\"182\" height=\"282\" src=\"https:\/\/pre-prod.neurosymptoms.org\/wp-content\/uploads\/2020\/11\/FG-Image-2.jpg\" alt=\"\" data-id=\"579\" data-full-url=\"https:\/\/pre-prod.neurosymptoms.org\/wp-content\/uploads\/2020\/11\/FG-Image-2.jpg\" data-link=\"https:\/\/pre-prod.neurosymptoms.org\/en_GB\/symptoms\/fnd-symptoms\/functional-gait-disorder\/fg-image-2\/\" class=\"wp-image-579\"\/><\/figure><\/li><li class=\"blocks-gallery-item\"><figure><img loading=\"lazy\" width=\"189\" height=\"282\" src=\"https:\/\/pre-prod.neurosymptoms.org\/wp-content\/uploads\/2020\/11\/FG-Image-1.jpg\" alt=\"\" data-id=\"578\" data-full-url=\"https:\/\/pre-prod.neurosymptoms.org\/wp-content\/uploads\/2020\/11\/FG-Image-1.jpg\" data-link=\"https:\/\/pre-prod.neurosymptoms.org\/en_GB\/symptoms\/fnd-symptoms\/functional-gait-disorder\/fg-image-1\/\" class=\"wp-image-578\"\/><\/figure><\/li><\/ul><\/figure>\n\n\n\n<p><strong>Patienter med funktionell bensvaghet drar ibland sitt ben bakom sig, vilket visas p\u00e5 de h\u00e4r tv\u00e5 bilderna.&nbsp;<\/strong><\/p>\n<\/div><\/div>\n\n\n\n<p><\/p>\n<\/div><\/div>\n\n\n\n<ul><li><strong>Skillnad mellan unders\u00f6kning av styrka i liggande och vid g\u00e5ng \u2013 <\/strong>vissa personer med funktionell svaghet har en relativt normal styrka vid liggande unders\u00f6kning, men svaga ben vid g\u00e5ng. Det omv\u00e4nda kan ocks\u00e5 ses. Detta beror <em>inte <\/em>p\u00e5 att de inte f\u00f6rs\u00f6ker att g\u00e5, utan variationen \u00e4r ett typiskt k\u00e4nnetecken f\u00f6r diagnosen.&nbsp;<\/li><\/ul>\n\n\n\n<p>Normala r\u00f6ntgenunders\u00f6kningar och prover hj\u00e4lper till i diagnostiken, men diagnosen st\u00e4lls oftast vid en neurologisk unders\u00f6kning vid ett l\u00e4karbes\u00f6k och byggs p\u00e5 de h\u00e4r positiva fynden.&nbsp;<\/p>\n\n\n\n<h3><strong>Hur uppst\u00e5r funktionell svaghet?&nbsp;<\/strong><\/h3>\n\n\n\n<p>Funktionell svaghet \u00e4r ett komplext problem. Det uppst\u00e5r av olika anledningar f\u00f6r olika personer. Ofta f\u00f6ljs symtomen av frustration, oro och nedst\u00e4mdhet men det \u00e4r inte orsaken till problemet.&nbsp;<\/p>\n\n\n\n<p>Vi k\u00e4nner till ett antal olika situationer d\u00e4r funktionell svaghet kan uppst\u00e5. Dina symtom kan passa in i n\u00e5gon av de h\u00e4r kategorierna, men det kan ocks\u00e5 vara s\u00e5 att ingen av dem \u00e4r relevant f\u00f6r dig:&nbsp;<\/p>\n\n\n\n<p>1.<strong> Efter en skada \/ med sm\u00e4rta <\/strong>\u2014M\u00e4nniskor verkar s\u00e4rskilt s\u00e5rbara f\u00f6r att utveckla funktionell svaghet efter en fysisk skada eller om de har mycket sm\u00e4rta (s\u00e4rskilt sv\u00e5r nack- eller ryggsm\u00e4rta). Ibland \u00f6verlappar funktionell svaghet med ett annat tillst\u00e5nd som heter <a href=\"https:\/\/www.neurosymptoms.org\/symptoms\/common-associated-symptoms\/complex-regional-pain-syndrome\/\">Complex Regional Pain Syndrome<\/a>. Klicka p\u00e5 l\u00e4nken f\u00f6r att f\u00e5 veta mer.&nbsp;<\/p>\n\n\n\n<p>2. <strong>En sjukdomsperiod med uttalad tr\u00f6tthet och s\u00e4ngvila <\/strong>\u2014 svaghet kan utvecklas l\u00e5ngsamt hos personer som drabbats av sv\u00e5r tr\u00f6tthet och utmattning. Hos vissa patienter kan f\u00f6r mycket vila starta symtomen. Det kan finnas \u00f6verlappning med <a href=\"https:\/\/www.neurosymptoms.org\/sv_SE\/symptoms\/common-associated-symptoms\/fatigue\/\" target=\"_blank\" rel=\"noreferrer noopener\">Kroniskt Tr\u00f6tthetssyndrom (ME\/CFS)<\/a>. Klicka p\u00e5 l\u00e4nken f\u00f6r att f\u00e5 veta mer.&nbsp;<\/p>\n\n\n\n<p>3. <strong>Att vakna upp fr\u00e5n narkos efter en operation, eller att vakna fr\u00e5n s\u00f6mn <\/strong>\u2014 detta beror inte p\u00e5 en skada fr\u00e5n narkosmedlet utan har att g\u00f6ra med den tillf\u00e4lliga f\u00f6r\u00e4ndring i hj\u00e4rnans tillst\u00e5nd som uppst\u00e5r n\u00e4r du vaknar till. Liknande saker kan ibland uppst\u00e5 n\u00e4r du vaknar fr\u00e5n vanlig s\u00f6mn.<\/p>\n\n\n\n<p>4. <strong>Efter en dissociativ episod eller panikattack&nbsp; <\/strong>Om din svaghet uppstod pl\u00f6tsligt kan det ha en koppling till andra symtom som yrsel eller dissociation (en k\u00e4nsla av att saker runt omkring dig \u00e4r avl\u00e4gsna eller fr\u00e5nkopplade). <a href=\"https:\/\/www.neurosymptoms.org\/symptoms\/common-associated-symptoms\/dissociative-symptoms-feeling-spaced-out\/\">Dissociation<\/a> \u00e4r lite som trans och beskrivs p\u00e5 annat h\u00e5ll p\u00e5 hemsidan. Ibland \u00e4r de h\u00e4r h\u00e4ndelserna v\u00e4ldigt skr\u00e4mmande, s\u00e4rskilt om de kommer \u201csom en blixt fr\u00e5n klar himmel\u201d och leder till en panikattack. Efter en <a href=\"https:\/\/www.neurosymptoms.org\/symptoms\/common-associated-symptoms\/worry-panic\/\">panikattack<\/a> kan det finnas kvar en k\u00e4nsla av att ena kroppshalvan k\u00e4nns \u201ckonstig\u201d, kanske tung eller stickande.<\/p>\n\n\n\n<p>Ibland uppst\u00e5r symtomen efter ett <a href=\"https:\/\/www.neurosymptoms.org\/symptoms\/fnd-symptoms\/dissociative-non-epileptic-attacks-blackouts\/\">funktionellt\/dissociativt anfall<\/a>.<\/p>\n\n\n\n<p>6<strong>. Triggat av ett migr\u00e4nanfall.<\/strong> Vid vissa typer av migr\u00e4n finns det en \u201caura\u201d som ger domningar, stickningar eller svaghet i ena kroppshalvan. S\u00e4rskilt om det \u00e4r f\u00f6rsta g\u00e5ngen du f\u00e5r det kan det vara skr\u00e4mmande och trigga FNS.&nbsp;<\/p>\n\n\n\n<p>5.<strong> Utan n\u00e5gon uppenbar utl\u00f6sande orsak.<\/strong> Precis som vid migr\u00e4n f\u00e5r vissa anfall bara n\u00e4r de \u00e4r tr\u00f6tta eller stressade, medan andra f\u00e5r dem utan n\u00e5got utl\u00f6sande.&nbsp;Klicka p\u00e5 <a href=\"https:\/\/www.neurosymptoms.org\/treatment-2\/\">Behandling<\/a> f\u00f6r att ta reda p\u00e5 mer om behandling i allm\u00e4nhet, eller g\u00e5 till den specifika sidan om behandling vid funktionell svaghet<\/p>\n","protected":false},"excerpt":{"rendered":"<p>Svaghet i en arm eller ett ben. <\/p>\n","protected":false},"author":65,"featured_media":1633,"parent":937,"menu_order":279,"comment_status":"closed","ping_status":"closed","template":"page-template\/symptom-details-page-template.php","meta":[],"_links":{"self":[{"href":"https:\/\/neurosymptoms.org\/sv_SE\/wp-json\/wp\/v2\/pages\/512"}],"collection":[{"href":"https:\/\/neurosymptoms.org\/sv_SE\/wp-json\/wp\/v2\/pages"}],"about":[{"href":"https:\/\/neurosymptoms.org\/sv_SE\/wp-json\/wp\/v2\/types\/page"}],"author":[{"embeddable":true,"href":"https:\/\/neurosymptoms.org\/sv_SE\/wp-json\/wp\/v2\/users\/65"}],"replies":[{"embeddable":true,"href":"https:\/\/neurosymptoms.org\/sv_SE\/wp-json\/wp\/v2\/comments?post=512"}],"version-history":[{"count":274,"href":"https:\/\/neurosymptoms.org\/sv_SE\/wp-json\/wp\/v2\/pages\/512\/revisions"}],"predecessor-version":[{"id":14834,"href":"https:\/\/neurosymptoms.org\/sv_SE\/wp-json\/wp\/v2\/pages\/512\/revisions\/14834"}],"up":[{"embeddable":true,"href":"https:\/\/neurosymptoms.org\/sv_SE\/wp-json\/wp\/v2\/pages\/937"}],"wp:featuredmedia":[{"embeddable":true,"href":"https:\/\/neurosymptoms.org\/sv_SE\/wp-json\/wp\/v2\/media\/1633"}],"wp:attachment":[{"href":"https:\/\/neurosymptoms.org\/sv_SE\/wp-json\/wp\/v2\/media?parent=512"}],"curies":[{"name":"wp","href":"https:\/\/api.w.org\/{rel}","templated":true}]}}