{"id":2836,"date":"2021-07-24T07:02:29","date_gmt":"2021-07-24T07:02:29","guid":{"rendered":"https:\/\/www.neurosymptoms.org\/?page_id=2836"},"modified":"2023-07-03T18:16:05","modified_gmt":"2023-07-03T18:16:05","slug":"home-disclaimer","status":"publish","type":"page","link":"https:\/\/neurosymptoms.org\/sv_SE\/home-2\/home-disclaimer\/","title":{"rendered":"Disclaimer"},"content":{"rendered":"\n<p class=\"has-small-font-size\">VARNING: Vi avr\u00e5der fr\u00e5n att f\u00f6rs\u00f6ka st\u00e4lla diagnos p\u00e5 sig sj\u00e4lv eller andra utifr\u00e5n den h\u00e4r hemsidan. Diagnostik av FNS kr\u00e4ver erfarenhet och kunskap om olika neurologiska sjukdomar. Detta \u00e4r inte en hemsida om ALLA neurologiska problem. \u00c5sikter som uttrycks p\u00e5 hemsidan \u00e4r enbart f\u00f6rfattarnas och skall inte tillskrivas NHS Lothian, The University of Edinburgh, Scottish Government, CogniHealth eller andra arbetsgivare eller l\u00e4ros\u00e4ten.<\/p>\n","protected":false},"excerpt":{"rendered":"<p><!-- wp:paragraph {\"fontSize\":\"small\"} --><\/p>\n<p class=\"has-small-font-size\">VARNING: Vi avr\u00e5der fr\u00e5n att f\u00f6rs\u00f6ka st\u00e4lla diagnos p\u00e5 sig sj\u00e4lv eller andra utifr\u00e5n den h\u00e4r hemsidan. Diagnostik av FNS kr\u00e4ver erfarenhet och kunskap om olika neurologiska sju&#8230;<\/p>\n","protected":false},"author":65,"featured_media":0,"parent":2782,"menu_order":144,"comment_status":"closed","ping_status":"closed","template":"","meta":[],"_links":{"self":[{"href":"https:\/\/neurosymptoms.org\/sv_SE\/wp-json\/wp\/v2\/pages\/2836"}],"collection":[{"href":"https:\/\/neurosymptoms.org\/sv_SE\/wp-json\/wp\/v2\/pages"}],"about":[{"href":"https:\/\/neurosymptoms.org\/sv_SE\/wp-json\/wp\/v2\/types\/page"}],"author":[{"embeddable":true,"href":"https:\/\/neurosymptoms.org\/sv_SE\/wp-json\/wp\/v2\/users\/65"}],"replies":[{"embeddable":true,"href":"https:\/\/neurosymptoms.org\/sv_SE\/wp-json\/wp\/v2\/comments?post=2836"}],"version-history":[{"count":47,"href":"https:\/\/neurosymptoms.org\/sv_SE\/wp-json\/wp\/v2\/pages\/2836\/revisions"}],"predecessor-version":[{"id":13768,"href":"https:\/\/neurosymptoms.org\/sv_SE\/wp-json\/wp\/v2\/pages\/2836\/revisions\/13768"}],"up":[{"embeddable":true,"href":"https:\/\/neurosymptoms.org\/sv_SE\/wp-json\/wp\/v2\/pages\/2782"}],"wp:attachment":[{"href":"https:\/\/neurosymptoms.org\/sv_SE\/wp-json\/wp\/v2\/media?parent=2836"}],"curies":[{"name":"wp","href":"https:\/\/api.w.org\/{rel}","templated":true}]}}