{"id":2799,"date":"2021-07-24T06:53:54","date_gmt":"2021-07-24T06:53:54","guid":{"rendered":"https:\/\/www.neurosymptoms.org\/?page_id=2799"},"modified":"2023-07-25T14:08:29","modified_gmt":"2023-07-25T14:08:29","slug":"home-treatment","status":"publish","type":"page","link":"https:\/\/neurosymptoms.org\/sv_SE\/home-2\/home-treatment\/","title":{"rendered":"Behandling"},"content":{"rendered":"\n<p>Behandling vid FNS handlar om rehabilitering, att f\u00f6rst\u00e5 tillst\u00e5ndet och att l\u00e4ra sig att \u00e5tertr\u00e4na hj\u00e4rnan s\u00e5 att den fungerar b\u00e4ttre igen. <\/p>\n","protected":false},"excerpt":{"rendered":"<p>https:\/\/www.youtube.com\/watch?v=peYJ-mhQ1IQ<\/p>\n","protected":false},"author":65,"featured_media":0,"parent":2782,"menu_order":149,"comment_status":"closed","ping_status":"closed","template":"","meta":[],"_links":{"self":[{"href":"https:\/\/neurosymptoms.org\/sv_SE\/wp-json\/wp\/v2\/pages\/2799"}],"collection":[{"href":"https:\/\/neurosymptoms.org\/sv_SE\/wp-json\/wp\/v2\/pages"}],"about":[{"href":"https:\/\/neurosymptoms.org\/sv_SE\/wp-json\/wp\/v2\/types\/page"}],"author":[{"embeddable":true,"href":"https:\/\/neurosymptoms.org\/sv_SE\/wp-json\/wp\/v2\/users\/65"}],"replies":[{"embeddable":true,"href":"https:\/\/neurosymptoms.org\/sv_SE\/wp-json\/wp\/v2\/comments?post=2799"}],"version-history":[{"count":56,"href":"https:\/\/neurosymptoms.org\/sv_SE\/wp-json\/wp\/v2\/pages\/2799\/revisions"}],"predecessor-version":[{"id":13809,"href":"https:\/\/neurosymptoms.org\/sv_SE\/wp-json\/wp\/v2\/pages\/2799\/revisions\/13809"}],"up":[{"embeddable":true,"href":"https:\/\/neurosymptoms.org\/sv_SE\/wp-json\/wp\/v2\/pages\/2782"}],"wp:attachment":[{"href":"https:\/\/neurosymptoms.org\/sv_SE\/wp-json\/wp\/v2\/media?parent=2799"}],"curies":[{"name":"wp","href":"https:\/\/api.w.org\/{rel}","templated":true}]}}