{"id":2782,"date":"2021-07-24T06:51:50","date_gmt":"2021-07-24T06:51:50","guid":{"rendered":"https:\/\/www.neurosymptoms.org\/?page_id=2782"},"modified":"2024-09-11T11:00:51","modified_gmt":"2024-09-11T11:00:51","slug":"home-2","status":"publish","type":"page","link":"https:\/\/neurosymptoms.org\/sv_SE\/home-2\/","title":{"rendered":"Hjem"},"content":{"rendered":"\n<h3>Funktionell Neurologisk Symtomst\u00f6rning (FNS):<\/h3>\n\n\n\n<p>FNS \u00e4r neurologiska symtom som svaghet i en kroppsdel, tremor (skakningar), domningar eller fr\u00e5nvaroattacker som har att g\u00f6ra med de delar av nervsystemet som sk\u00f6ter r\u00f6relse eller k\u00e4nsel, och som:<\/p>\n\n\n\n<ul><li>Har orsakats av ett PROBLEM med FUNKTIONEN i nervsystemet<\/li><li>\u00c4r ett problem med \u201cmjukvaran\u201d i hj\u00e4rnan, inte med \u201ch\u00e5rdvaran\u201d (som vid Stroke eller MS)<\/li><li>Har &#8220;positiva&#8221; diagnostiska k\u00e4nnetecken. typiska f\u00f6r FNS<\/li><li>Orsakar sv\u00e5righeter i vardagen f\u00f6r den person som drabbats<\/li><\/ul>\n\n\n\n<h3>Funktionella Neurologiska Symtom \u00e4r:<\/h3>\n\n\n\n<p>Besv\u00e4rliga symtom som man beh\u00f6ver kunna f\u00f6rst\u00e5 och f\u00f6rklara, utan att det n\u00f6dv\u00e4ndigtvis r\u00f6r sig om en \u201cst\u00f6rning\u201d kallas Funktionella neurologiska <em>symtom<\/em>, och den h\u00e4r hemsidan \u00e4r f\u00f6r dig ocks\u00e5.&nbsp;<\/p>\n\n\n\n<p>FNS och Funktionella neurologiska symtom \u00e4r f\u00f6rv\u00e5nansv\u00e4rt vanliga, men kan vara sv\u00e5ra f\u00f6r patienter och sjukv\u00e5rdspersonal att f\u00f6rst\u00e5.&nbsp;<\/p>\n\n\n\n<p>Den h\u00e4r hemsidan \u00e4r skapad av den brittiske \u00f6verl\u00e4karen och professorn i neurologi Jon Stone, som \u00e4r en av v\u00e4rldens mest publicerade forskare kring FNS. Originalet neurosymptoms.org \u00f6versattes till svenska 2011 p\u00e5 www.funktionellasymptom.se av neurolog Michael Mazya och psykolog Henrich Keselman. Hemsidan har haft stort genomslag b\u00e5de i Sverige och m\u00e5nga andra l\u00e4nder. 2021 gjordes en omfattande uppdatering av Jon Stone, och denna nya version har \u00f6versatts och anpassats till svenska f\u00f6rh\u00e5llanden av psykiater och rehabiliteringsl\u00e4kare Carl Sj\u00f6str\u00f6m och arbetsterapeut Sandra Hakkarainen under 2021-2022. N\u00e5gra delar av hemsidan har endast genomg\u00e5tt sm\u00e5 f\u00f6r\u00e4ndringar fr\u00e5n den f\u00f6rra versionen, men de flesta delar \u00e4r helt nya och uppdaterade. <\/p>\n\n\n\n<p>Hemsidan syftar till att ge dig en b\u00e4ttre f\u00f6rst\u00e5else f\u00f6r tillst\u00e5nden. Den har ingen reklam och \u00e4r gratis. Vi hoppas att du ska ha nytta av den.<\/p>\n","protected":false},"excerpt":{"rendered":"<p><!-- wp:heading {\"level\":3} --><\/p>\n<h3>Funktionell Neurologisk Symtomst\u00f6rning (FNS):<\/h3>\n<p><!-- \/wp:heading --><\/p>\n<p><!-- wp:paragraph --><\/p>\n<p>FNS \u00e4r neurologiska symtom som svaghet i en kroppsdel, tremor (skakningar), domningar eller fr\u00e5nvaroattacker som har&#8230;<\/p>\n","protected":false},"author":65,"featured_media":0,"parent":0,"menu_order":142,"comment_status":"closed","ping_status":"closed","template":"","meta":[],"_links":{"self":[{"href":"https:\/\/neurosymptoms.org\/sv_SE\/wp-json\/wp\/v2\/pages\/2782"}],"collection":[{"href":"https:\/\/neurosymptoms.org\/sv_SE\/wp-json\/wp\/v2\/pages"}],"about":[{"href":"https:\/\/neurosymptoms.org\/sv_SE\/wp-json\/wp\/v2\/types\/page"}],"author":[{"embeddable":true,"href":"https:\/\/neurosymptoms.org\/sv_SE\/wp-json\/wp\/v2\/users\/65"}],"replies":[{"embeddable":true,"href":"https:\/\/neurosymptoms.org\/sv_SE\/wp-json\/wp\/v2\/comments?post=2782"}],"version-history":[{"count":91,"href":"https:\/\/neurosymptoms.org\/sv_SE\/wp-json\/wp\/v2\/pages\/2782\/revisions"}],"predecessor-version":[{"id":15353,"href":"https:\/\/neurosymptoms.org\/sv_SE\/wp-json\/wp\/v2\/pages\/2782\/revisions\/15353"}],"wp:attachment":[{"href":"https:\/\/neurosymptoms.org\/sv_SE\/wp-json\/wp\/v2\/media?parent=2782"}],"curies":[{"name":"wp","href":"https:\/\/api.w.org\/{rel}","templated":true}]}}