{"id":2736,"date":"2021-07-15T08:14:14","date_gmt":"2021-07-15T08:14:14","guid":{"rendered":"https:\/\/www.neurosymptoms.org\/?page_id=2736"},"modified":"2025-09-08T15:19:56","modified_gmt":"2025-09-08T15:19:56","slug":"fnd-and-other-functional-disorders","status":"publish","type":"page","link":"https:\/\/neurosymptoms.org\/sv_SE\/causes\/fnd-and-other-functional-disorders\/","title":{"rendered":"FNS och andra Funktionella tillst\u00e5nd"},"content":{"rendered":"\n<p>F\u00f6r personer med FNS som har m\u00e5nga olika symtom kan det vara sv\u00e5rt att f\u00f6rst\u00e5 varf\u00f6r de f\u00e5r s\u00e5 m\u00e5nga olika diagnoser fr\u00e5n olika l\u00e4kare.&nbsp;<\/p>\n\n\n\n<p>Det \u00e4r vanligt att patienter som har FNS (vilket f\u00f6rklarar svaghet i ett ben eller anfall), ocks\u00e5 har andra diagnoser som Fibromyalgi (l\u00e5ngvarig spridd sm\u00e4rta) och Irritabel tarm (IBS).<\/p>\n\n\n\n<p>K\u00e4rnsymtomen vid FNS \u00e4r de som du kan se listade under huvudrubriken Symtom p\u00e5 den h\u00e4r hemsidan. Symtom som sm\u00e4rta, tr\u00f6tthet och magproblem som finns vid andra funktionella tillst\u00e5nd \u00e4r inte riktigt FNS. \u00c4ven om symtomen \u00e4r vanliga hos personer med FNS s\u00e5 kan l\u00e4kare anv\u00e4nda andra ben\u00e4mningar p\u00e5 dem.&nbsp;<\/p>\n\n\n\n<p>H\u00e4r \u00e4r n\u00e5gra vanliga Funktionella tillst\u00e5nd:<\/p>\n\n\n\n<ul><li>Fibromyalgi (L\u00e5ngvarig spridd sm\u00e4rta)<\/li><li>Irritabel tarm (IBS)<\/li><li>Kronisk b\u00e4ckensm\u00e4rta<\/li><li>Dysfunktionell andning<\/li><li>Funktionell dyspepsi&nbsp;<\/li><li>M.E\/Kroniskt tr\u00f6tthetssyndrom<\/li><li>\u00d6veraktiv bl\u00e5sa<\/li><\/ul>\n\n\n\n<p>Det som alla dessa tillst\u00e5nd har gemensamt \u00e4r en st\u00f6rning i nervsystemets funktioner som inte kan styras av den som drabbats.<\/p>\n\n\n\n<p>M\u00e5nga med de h\u00e4r tillst\u00e5nden har m\u00e4rkt att de h\u00e4r olika funktionella tillst\u00e5nden h\u00e4nger ihop; n\u00e4r man \u00e4r d\u00e5lig i det ena blir man s\u00e4mre i det andra ocks\u00e5.&nbsp;<\/p>\n\n\n\n<p>S\u00e5 hur h\u00e4nger FNS ihop med andra funktionella tillst\u00e5nd? Svaret \u00e4r att det r\u00f6r sig om starkt \u00f6verlappande tillst\u00e5nd. M\u00e5nga har ett \u201cFunktionellt tillst\u00e5nd\u201d, som kan ses som ETT tillst\u00e5nd med olika delar, varav FNS kan vara en.<\/p>\n\n\n\n<figure class=\"wp-block-image size-large is-resized\"><img loading=\"lazy\" src=\"https:\/\/pre-prod.neurosymptoms.org\/wp-content\/uploads\/2022\/02\/Den-storre-bilden-1-671x1024.jpg\" alt=\"\" class=\"wp-image-6126\" width=\"390\" height=\"595\" srcset=\"https:\/\/neurosymptoms.org\/wp-content\/uploads\/2022\/02\/Den-storre-bilden-1-671x1024.jpg 671w, https:\/\/neurosymptoms.org\/wp-content\/uploads\/2022\/02\/Den-storre-bilden-1-197x300.jpg 197w, https:\/\/neurosymptoms.org\/wp-content\/uploads\/2022\/02\/Den-storre-bilden-1-768x1172.jpg 768w, https:\/\/neurosymptoms.org\/wp-content\/uploads\/2022\/02\/Den-storre-bilden-1-1007x1536.jpg 1007w, https:\/\/neurosymptoms.org\/wp-content\/uploads\/2022\/02\/Den-storre-bilden-1.jpg 1139w\" sizes=\"(max-width: 390px) 100vw, 390px\" \/><figcaption><em>Funktionella symtom och tillst\u00e5nd uppst\u00e5r ofta i flera delar av kroppen, men kan ses som delar av samma sjukdom<\/em><\/figcaption><\/figure>\n\n\n\n<h3><strong>Funktionella tillst\u00e5nd &#8211; att f\u00f6rst\u00e5 \u00f6verlappning<\/strong><\/h3>\n\n\n\n<p>En FNS-diagnos kan v\u00e4cka m\u00e5nga olika k\u00e4nslor och reaktioner. F\u00f6r vissa \u00e4r det en l\u00e4ttnad att f\u00e5 reda p\u00e5 att det finns en f\u00f6rklaring till vad som \u00e4r fel, att andra m\u00e4nniskor har det och att det \u00e4r P\u00c5 RIKTIGT.<\/p>\n\n\n\n<p>Men f\u00f6r n\u00e5gon som redan har andra diagnoser som Fibromyalgi kan det k\u00e4nnas som \u201cInte en sak till som \u00e4r fel p\u00e5 mig\u201d.<\/p>\n\n\n\n<p>D\u00e4rf\u00f6r \u00e4r det viktigt att f\u00f6rst\u00e5 att f\u00f6r m\u00e5nga kan ett Funktionellt tillst\u00e5nd ses som ETT tillst\u00e5nd med olika best\u00e5ndsdelar.&nbsp;<\/p>\n\n\n\n<p>N\u00e4r vi f\u00f6rst\u00e5r mer om <a href=\"https:\/\/www.neurosymptoms.org\/en_US\/causes\/how-has-it-happened\/\">mekanismerna <\/a>bakom funktionella tillst\u00e5nd uppt\u00e4cker vi att de ocks\u00e5 \u00f6verlappar varandra starkt. S\u00e5 n\u00e4r forskningsstudier visar p\u00e5 f\u00f6r\u00e4ndringar i hj\u00e4rnans funktion vid Fibromyalgi, s\u00e5 \u00f6verlappar de mycket med f\u00f6r\u00e4ndringar som kan ses vid FNS och IBS. Det finns ocks\u00e5 \u00f6verlappning i vilka typer av <a href=\"https:\/\/www.neurosymptoms.org\/en_US\/treatment-2\/\">behandlingar<\/a> som har visat sig hj\u00e4lpa, s\u00e5som <a href=\"https:\/\/www.neurosymptoms.org\/en_US\/treatment-2\/physiotherapy-exercise\/\">fysioterapeutiska<\/a> och <a href=\"https:\/\/www.neurosymptoms.org\/en_US\/treatment-2\/psychological-therapy\/\">psykologiska<\/a> rehabiliteringstekniker, och viss typ av <a href=\"https:\/\/www.neurosymptoms.org\/en_US\/treatment-2\/medication\/\">medicinering<\/a>.<\/p>\n\n\n\n<p>I slut\u00e4ndan \u00e4r alla lite olika med olika \u00f6verlappningar till olika funktionella tillst\u00e5nd och symtom.&nbsp;<\/p>\n\n\n\n<p>Att f\u00f6rst\u00e5 att man har en l\u00e5ngvarig s\u00e5rbarhet f\u00f6r funktionella tillst\u00e5nd i allm\u00e4nhet kan g\u00f6ra att m\u00e5nga f\u00f6rvirrande sjukdomssymtom blir begripliga.<\/p>\n\n\n\n<p>\u00c4ven om det kan vara sv\u00e5rt att f\u00f6rst\u00e5 att samma problem yttrar sig p\u00e5 olika s\u00e4tt, s\u00e5 \u00e4r det i grunden inte annorlunda \u00e4n att ha n\u00e5got annat kroniskt tillst\u00e5nd som astma eller diabetes, vilket man kan l\u00e4ra sig att hantera och kontrollera b\u00e4ttre.<\/p>\n\n\n\n<p>Det kan ocks\u00e5 skapa hopp. Om du har haft ett funktionellt tillst\u00e5nd tidigare och tillfrisknat, hur gjorde du d\u00e5? Finns det l\u00e4rdomar du kan dra kring hur du kan bem\u00e4stra det h\u00e4r nya funktionella tillst\u00e5ndet eller din FNS?<\/p>\n\n\n\n<p>H\u00e4r kommer n\u00e5gra exempel:<\/p>\n\n\n\n<p><strong>Exempel 1. En person har \u00f6verlappning av FNS (bensvaghet), sm\u00e4rta och IBS<\/strong> i ungef\u00e4r lika omfattning.&nbsp;<\/p>\n\n\n\n<figure class=\"wp-block-image size-large is-resized\"><img loading=\"lazy\" src=\"https:\/\/pre-prod.neurosymptoms.org\/wp-content\/uploads\/2022\/02\/Swedish-Cirklar-lika-1024x967.jpg\" alt=\"\" class=\"wp-image-6127\" width=\"374\" height=\"352\" srcset=\"https:\/\/neurosymptoms.org\/wp-content\/uploads\/2022\/02\/Swedish-Cirklar-lika-1024x967.jpg 1024w, https:\/\/neurosymptoms.org\/wp-content\/uploads\/2022\/02\/Swedish-Cirklar-lika-300x283.jpg 300w, https:\/\/neurosymptoms.org\/wp-content\/uploads\/2022\/02\/Swedish-Cirklar-lika-768x725.jpg 768w, https:\/\/neurosymptoms.org\/wp-content\/uploads\/2022\/02\/Swedish-Cirklar-lika-1536x1450.jpg 1536w, https:\/\/neurosymptoms.org\/wp-content\/uploads\/2022\/02\/Swedish-Cirklar-lika.jpg 2025w\" sizes=\"(max-width: 374px) 100vw, 374px\" \/><\/figure>\n\n\n\n<p><strong>Exempel 2. H\u00e4r \u00e4r huvudproblemet l\u00e5ngvarig sm\u00e4rta\/Fibromyalgi<\/strong><strong>. <\/strong>Men det finns ocks\u00e5 en l\u00e4tt svaghet i ett ben ibland och lite mildare IBS-problem. Det handlar fortfarande om samma \u00f6verlappning, men en typ av funktionell st\u00f6rning dominerar.<\/p>\n\n\n\n<figure class=\"wp-block-image size-large is-resized\"><img loading=\"lazy\" src=\"https:\/\/pre-prod.neurosymptoms.org\/wp-content\/uploads\/2022\/02\/Swedish-Cirklar-smarta-storre-1024x760.jpg\" alt=\"\" class=\"wp-image-6128\" width=\"374\" height=\"277\" srcset=\"https:\/\/neurosymptoms.org\/wp-content\/uploads\/2022\/02\/Swedish-Cirklar-smarta-storre-1024x760.jpg 1024w, https:\/\/neurosymptoms.org\/wp-content\/uploads\/2022\/02\/Swedish-Cirklar-smarta-storre-300x223.jpg 300w, https:\/\/neurosymptoms.org\/wp-content\/uploads\/2022\/02\/Swedish-Cirklar-smarta-storre-768x570.jpg 768w, https:\/\/neurosymptoms.org\/wp-content\/uploads\/2022\/02\/Swedish-Cirklar-smarta-storre-1536x1140.jpg 1536w, https:\/\/neurosymptoms.org\/wp-content\/uploads\/2022\/02\/Swedish-Cirklar-smarta-storre-2048x1520.jpg 2048w\" sizes=\"(max-width: 374px) 100vw, 374px\" \/><\/figure>\n\n\n\n<p><strong>Exempel 3.<\/strong> <strong>Den h\u00e4r personen har m\u00e5nga olika funktionella tillst\u00e5nd. <\/strong>Du kanske blir f\u00f6rv\u00e5nad \u00f6ver att se att Migr\u00e4n st\u00e5r med. Vissa l\u00e4kare uppfattar detta som kontroversiellt, men migr\u00e4n handlar ocks\u00e5 om en st\u00f6rning i funktioner i nervsystemet. Man kan t\u00e4nka p\u00e5 migr\u00e4n som en av flera funktionella rubbningar man kan ha.&nbsp;<\/p>\n\n\n\n<figure class=\"wp-block-image size-large is-resized\"><img loading=\"lazy\" src=\"https:\/\/pre-prod.neurosymptoms.org\/wp-content\/uploads\/2022\/02\/Swedish-Cirklar-fler-1024x713.jpg\" alt=\"\" class=\"wp-image-6129\" width=\"373\" height=\"259\" srcset=\"https:\/\/neurosymptoms.org\/wp-content\/uploads\/2022\/02\/Swedish-Cirklar-fler-1024x713.jpg 1024w, https:\/\/neurosymptoms.org\/wp-content\/uploads\/2022\/02\/Swedish-Cirklar-fler-300x209.jpg 300w, https:\/\/neurosymptoms.org\/wp-content\/uploads\/2022\/02\/Swedish-Cirklar-fler-768x535.jpg 768w, https:\/\/neurosymptoms.org\/wp-content\/uploads\/2022\/02\/Swedish-Cirklar-fler-1536x1070.jpg 1536w, https:\/\/neurosymptoms.org\/wp-content\/uploads\/2022\/02\/Swedish-Cirklar-fler-2048x1427.jpg 2048w\" sizes=\"(max-width: 373px) 100vw, 373px\" \/><\/figure>\n\n\n\n<h3><strong>Hur \u00e4r det med \u00f6verlappning till psykologiska problem?&nbsp;<\/strong><\/h3>\n\n\n\n<p>Psykologiska problem som \u00e5ngest och depression \u00e4r vanliga vid FNS, precis som de \u00e4r vid n\u00e4stan alla tillst\u00e5nd som man ser inom neurologin, som Epilepsi eller Multipel skleros.<\/p>\n\n\n\n<p>\u00c5ngest och Depression definieras inte bara genom psykologiska symtom som konstant oro eller att k\u00e4nna sig l\u00e5g f\u00f6r det mesta, utan ocks\u00e5 genom fysiska symtom som tr\u00f6tthet och s\u00f6mnsv\u00e5righeter, vilket \u00e4ven ses vid FNS och de flesta andra funktionella tillst\u00e5nd.&nbsp;<\/p>\n\n\n\n<p>Du beh\u00f6ver inte ha ett psykologiskt problem f\u00f6r att ha FNS (som vi upprepar p\u00e5 den h\u00e4r hemsidan), men om du har det s\u00e5 kan det hj\u00e4lpa att f\u00f6rst\u00e5 hur detta \u00f6verlappar och samverkar med ditt tillst\u00e5nd.<\/p>\n\n\n\n<p><strong>Exempel 4. PPPY, Dissociation och \u00c5ngest.<\/strong> Alla \u00e4r olika. Den h\u00e4r personen har en blandning av PPPY, Dissociation och \u00c5ngest. Du kan ha enbart PPPY, men som vid de flesta typer av FNS s\u00e5 kommer det oftast tillsammans med andra symtom.&nbsp;<\/p>\n\n\n\n<figure class=\"wp-block-image size-large is-resized\"><img loading=\"lazy\" src=\"https:\/\/pre-prod.neurosymptoms.org\/wp-content\/uploads\/2022\/02\/Swedish-Cirklar-PPPY-1024x966.jpg\" alt=\"\" class=\"wp-image-6130\" width=\"373\" height=\"352\" srcset=\"https:\/\/neurosymptoms.org\/wp-content\/uploads\/2022\/02\/Swedish-Cirklar-PPPY-1024x966.jpg 1024w, https:\/\/neurosymptoms.org\/wp-content\/uploads\/2022\/02\/Swedish-Cirklar-PPPY-300x283.jpg 300w, https:\/\/neurosymptoms.org\/wp-content\/uploads\/2022\/02\/Swedish-Cirklar-PPPY-768x725.jpg 768w, https:\/\/neurosymptoms.org\/wp-content\/uploads\/2022\/02\/Swedish-Cirklar-PPPY-1536x1449.jpg 1536w, https:\/\/neurosymptoms.org\/wp-content\/uploads\/2022\/02\/Swedish-Cirklar-PPPY.jpg 1961w\" sizes=\"(max-width: 373px) 100vw, 373px\" \/><\/figure>\n\n\n\n<p><strong>Exempel 5. Funktionella anfall.<\/strong> Den h\u00e4r personen har funktionella anfall, men ocks\u00e5 l\u00e5ngvarig b\u00e4ckensm\u00e4rta som hennes gynekolog bed\u00f6mer relaterat till ett funktionellt tillst\u00e5nd. Personen har ocks\u00e5 posttraumatiskt stresstillst\u00e5nd, som interagerar ganska mycket med b\u00e5da tillst\u00e5nden.<\/p>\n\n\n\n<figure class=\"wp-block-image size-large is-resized\"><img loading=\"lazy\" src=\"https:\/\/pre-prod.neurosymptoms.org\/wp-content\/uploads\/2022\/02\/Swedish-Cirklar-PTSD-1024x682.jpg\" alt=\"\" class=\"wp-image-6131\" width=\"374\" height=\"249\" srcset=\"https:\/\/neurosymptoms.org\/wp-content\/uploads\/2022\/02\/Swedish-Cirklar-PTSD-1024x682.jpg 1024w, https:\/\/neurosymptoms.org\/wp-content\/uploads\/2022\/02\/Swedish-Cirklar-PTSD-300x200.jpg 300w, https:\/\/neurosymptoms.org\/wp-content\/uploads\/2022\/02\/Swedish-Cirklar-PTSD-768x512.jpg 768w, https:\/\/neurosymptoms.org\/wp-content\/uploads\/2022\/02\/Swedish-Cirklar-PTSD-1536x1023.jpg 1536w, https:\/\/neurosymptoms.org\/wp-content\/uploads\/2022\/02\/Swedish-Cirklar-PTSD-2048x1365.jpg 2048w\" sizes=\"(max-width: 374px) 100vw, 374px\" \/><\/figure>\n\n\n\n<h3><strong>Hur \u00e4r det med \u00f6verlappning till andra neurologiska och medicinska tillst\u00e5nd?<\/strong><\/h3>\n\n\n\n<p>Andra neurologiska och medicinska tillst\u00e5nd \u00e4r en av de vanligaste riskfaktorerna f\u00f6r FNS. Vi diskuterar det mer p\u00e5 <a href=\"https:\/\/www.neurosymptoms.org\/en_US\/causes\/misdiagnosis\/\">den h\u00e4r sidan<\/a>. Men vid \u00f6verlappning \u00e4r det ibland viktigt att ta med \u00e4nnu ett medicinskt tillst\u00e5nd f\u00f6r att f\u00f6rst\u00e5 bilden. Tillst\u00e5nd som Artritsjukdomar, Multipel skleros eller Ehlers Danlos syndrom kan orsaka sm\u00e4rta och tr\u00f6tthet, vilket kan \u00f6verlappa med ditt funktionella tillst\u00e5nd, och kanske med en psykologisk problematik, ocks\u00e5.<\/p>\n\n\n\n<figure class=\"wp-block-image size-large is-resized\"><img loading=\"lazy\" src=\"https:\/\/pre-prod.neurosymptoms.org\/wp-content\/uploads\/2022\/02\/Swedish-Cirklar-MS-1024x682.jpg\" alt=\"\" class=\"wp-image-6132\" width=\"373\" height=\"248\" srcset=\"https:\/\/neurosymptoms.org\/wp-content\/uploads\/2022\/02\/Swedish-Cirklar-MS-1024x682.jpg 1024w, https:\/\/neurosymptoms.org\/wp-content\/uploads\/2022\/02\/Swedish-Cirklar-MS-300x200.jpg 300w, https:\/\/neurosymptoms.org\/wp-content\/uploads\/2022\/02\/Swedish-Cirklar-MS-768x512.jpg 768w, https:\/\/neurosymptoms.org\/wp-content\/uploads\/2022\/02\/Swedish-Cirklar-MS-1536x1023.jpg 1536w, https:\/\/neurosymptoms.org\/wp-content\/uploads\/2022\/02\/Swedish-Cirklar-MS-2048x1365.jpg 2048w\" sizes=\"(max-width: 373px) 100vw, 373px\" \/><\/figure>\n","protected":false},"excerpt":{"rendered":"<p>Hur FNS \u00f6verlappar med andra funktionella tillst\u00e5nd som Fibromyalgi och IBS. <\/p>\n","protected":false},"author":65,"featured_media":0,"parent":1010,"menu_order":158,"comment_status":"closed","ping_status":"closed","template":"page-template\/symptom-details-page-template.php","meta":[],"_links":{"self":[{"href":"https:\/\/neurosymptoms.org\/sv_SE\/wp-json\/wp\/v2\/pages\/2736"}],"collection":[{"href":"https:\/\/neurosymptoms.org\/sv_SE\/wp-json\/wp\/v2\/pages"}],"about":[{"href":"https:\/\/neurosymptoms.org\/sv_SE\/wp-json\/wp\/v2\/types\/page"}],"author":[{"embeddable":true,"href":"https:\/\/neurosymptoms.org\/sv_SE\/wp-json\/wp\/v2\/users\/65"}],"replies":[{"embeddable":true,"href":"https:\/\/neurosymptoms.org\/sv_SE\/wp-json\/wp\/v2\/comments?post=2736"}],"version-history":[{"count":223,"href":"https:\/\/neurosymptoms.org\/sv_SE\/wp-json\/wp\/v2\/pages\/2736\/revisions"}],"predecessor-version":[{"id":15791,"href":"https:\/\/neurosymptoms.org\/sv_SE\/wp-json\/wp\/v2\/pages\/2736\/revisions\/15791"}],"up":[{"embeddable":true,"href":"https:\/\/neurosymptoms.org\/sv_SE\/wp-json\/wp\/v2\/pages\/1010"}],"wp:attachment":[{"href":"https:\/\/neurosymptoms.org\/sv_SE\/wp-json\/wp\/v2\/media?parent=2736"}],"curies":[{"name":"wp","href":"https:\/\/api.w.org\/{rel}","templated":true}]}}