{"id":2697,"date":"2021-06-30T23:51:33","date_gmt":"2021-06-30T23:51:33","guid":{"rendered":"https:\/\/prod.neurosymptoms.org\/?page_id=2697"},"modified":"2024-11-01T03:30:04","modified_gmt":"2024-11-01T03:30:04","slug":"ten-myths-of-fnd","status":"publish","type":"page","link":"https:\/\/neurosymptoms.org\/sv_SE\/causes\/ten-myths-of-fnd\/","title":{"rendered":"Tio myter om FNS"},"content":{"rendered":"\n<p>Det h\u00e4r \u00e4r en \u00e5tergivning av en tweet Jon Stone skrev 2020 i anslutning till en <a href=\"https:\/\/onlinelibrary.wiley.com\/doi\/abs\/10.1111\/ene.14310\">artikel<\/a> i The European Journal of Neurology.&nbsp;<\/p>\n\n\n\n<div class=\"wp-block-image\"><figure class=\"alignright is-resized\"><img loading=\"lazy\" src=\"https:\/\/lh5.googleusercontent.com\/uTeCzgPn0NuArItKU38ufeWFXsMLWm8AM0x2homN8GoVCr5GMHW9XES6tgtJFs4w0MJPidRzDtfziW8wiPK-8u7Uvauhj-5X27nhtZDhRN5XSr04EbrWHcO3udzXzBxPfQZSCraQ\" alt=\"\" width=\"380\" height=\"418\"\/><\/figure><\/div>\n\n\n\n<p>Personer med FNS f\u00e5r st\u00f6ta p\u00e5 en hel del av de h\u00e4r myterna i samband med diagnostik och behandling.<\/p>\n\n\n\n<p>Bilden av FNS h\u00e5ller fortfarande p\u00e5 att klarna efter en l\u00e5ng period i vetenskaplig och klinisk skymundan. M\u00e5nga kliniskt verksamma inom sjukv\u00e5rden \u00e4r inte uppdaterade p\u00e5 den senaste tidens framsteg i handl\u00e4ggning, forskning och attityder till tillst\u00e5ndet.<\/p>\n\n\n\n<h3><strong>Myt 1<\/strong><\/h3>\n\n\n\n<p>FNS \u00e4r en uteslutningsdiagnos. Nej! Det \u00e4r en \u201cinklusionsdiagnos\u201d som baseras p\u00e5 typiska fynd som Hoovers tecken eller yttre p\u00e5verkan p\u00e5 tremor.&nbsp;<\/p>\n\n\n\n<figure class=\"wp-block-image size-large is-resized\"><img loading=\"lazy\" src=\"https:\/\/pre-prod.neurosymptoms.org\/wp-content\/uploads\/2022\/02\/Swedish-Hoovers-tecken-1024x596.jpg\" alt=\"\" class=\"wp-image-6122\" width=\"474\" height=\"275\" srcset=\"https:\/\/neurosymptoms.org\/wp-content\/uploads\/2022\/02\/Swedish-Hoovers-tecken-1024x596.jpg 1024w, https:\/\/neurosymptoms.org\/wp-content\/uploads\/2022\/02\/Swedish-Hoovers-tecken-300x175.jpg 300w, https:\/\/neurosymptoms.org\/wp-content\/uploads\/2022\/02\/Swedish-Hoovers-tecken-768x447.jpg 768w, https:\/\/neurosymptoms.org\/wp-content\/uploads\/2022\/02\/Swedish-Hoovers-tecken-1536x894.jpg 1536w, https:\/\/neurosymptoms.org\/wp-content\/uploads\/2022\/02\/Swedish-Hoovers-tecken-2048x1192.jpg 2048w\" sizes=\"(max-width: 474px) 100vw, 474px\" \/><figcaption><em>Bild ursprungligen fr\u00e5n <a href=\"https:\/\/jamanetwork.com\/journals\/jamaneurology\/article-abstract\/2682656\">jamanetwork.com\/journals\/jaman\u2026<\/a>&nbsp;<\/em><\/figcaption><\/figure>\n\n\n\n<p><\/p>\n\n\n\n<h3><strong>Myt 2<\/strong><\/h3>\n\n\n\n<p>Patienter har antingen FNS eller en annan neurologisk sjukdom. Nej! Att ha en annan neurologisk sjukdom som epilepsi eller Parkinsons sjukdom \u00e4r en av de starkaste riskfaktorerna f\u00f6r FNS (omkring 10-20%).&nbsp;<\/p>\n\n\n\n<h3><strong>Myt 3<\/strong><\/h3>\n\n\n\n<p><strong> <\/strong>Att det \u201cser m\u00e4rkligt ut\u201d talar f\u00f6r FNS. Nej! Det finns m\u00e5nga exempel p\u00e5 ovanliga kliniska uttryck vid andra neurologiska sjukdomar. FNS \u00e4r inte automatiskt mer m\u00e4rkligt.&nbsp;&nbsp;<\/p>\n\n\n\n<h3><strong>Myt 4<\/strong><\/h3>\n\n\n\n<p>Olika fenotyper (symtomuttryck) av FNS best\u00e5r av olika tillst\u00e5nd. Nej (typ)! \u00c4ven om ett anfall \u00e4r ett helt annat symtom \u00e4n en f\u00f6rlamning s\u00e5 finns det gemensamma mekanismer och samsjuklighet som sm\u00e4rta och tr\u00f6tthet hos alla patienter med FNS.&nbsp;<\/p>\n\n\n\n<h3><strong>Myt 5<\/strong><\/h3>\n\n\n\n<p>Symtom vid FNS \u00e4r frivilliga. Nej! Symtom vid FNS \u00e4r ofrivilliga; patienter hittar inte p\u00e5 dem och det \u00e4r s\u00e4llsynt att man fejkar. Det st\u00f6ds av neurofysiologiska studier, studier p\u00e5 \u00e5terh\u00e4mtning, samst\u00e4mmighet i uttryck och samsjuklighet i olika kulturer och i olika tider.&nbsp;<\/p>\n\n\n\n<h3><strong>Myt 6<\/strong><\/h3>\n\n\n\n<p>Utredningar ska undvikas vid FNS. Nej! Andra neurologiska tillst\u00e5nd \u00e4r en v\u00e4ldigt stark riskfaktor f\u00f6r FNS &#8211; t\u00e4nk &#8211; vad mer skulle den h\u00e4r patienten kunna ha? Vissa unders\u00f6kningar som Tremoranalys kan hj\u00e4lpa till vid positiv diagnostik av FNS.<\/p>\n\n\n\n<h3><strong>Myt 7<\/strong><\/h3>\n\n\n\n<p> Det \u00e4r mindre skadligt att missa att diagnostisera FNS \u00e4n att missa andra neurologiska tillst\u00e5nd. Nej! All feldiagnostik \u00e4r problematisk, men att felaktigt diagnostisera FNS &#8211; en potentiellt behandlingsbar sjukdom &#8211; som en annan neurologisk sjukdom kan vara lika skadligt som det motsatta.<\/p>\n\n\n\n<h3><strong>Myt 8<\/strong><\/h3>\n\n\n\n<p>FNS \u00e4r ett uteslutande psykologiskt problem. Nej! Psykologiska faktorer \u00e4r en av m\u00e5nga m\u00f6jliga riskfaktorer f\u00f6r FNS, och ska inte betraktas som den enda orsaksfaktorn. F\u00f6r vissa \u00e4r det den viktigaste, f\u00f6r andra \u00e4r det inte relevant.<\/p>\n\n\n\n<h3><strong>Myt 9<\/strong><\/h3>\n\n\n\n<p>Prognosen f\u00f6r FNS \u00e4r i regel god. Nej! Patienter med FNS har lika mycket funktionsneds\u00e4ttning och p\u00e5verkad livskvalitet som patienter med andra neurologiska tillst\u00e5nd. Vissa blir helt \u00e5terst\u00e4llda, andra har besv\u00e4r under l\u00e5ng tid. Anta inte bara att \u201cpatienten troligen bara kommer bli b\u00e4ttre\u201d.<\/p>\n\n\n\n<h3><strong>Myt 10<\/strong><\/h3>\n\n\n\n<p>Behandlingen vid FNS \u00e4r ENBART psykologisk. Nej (typ)! FNS kr\u00e4ver individualiserad multidisciplin\u00e4r behandling. Patientutbildning, fysisk och psykologisk rehabilitering kan alla ha en roll. Psykologisk behandling kan vara den huvudsakliga behandlingen f\u00f6r vissa med FNS, s\u00e4rskilt funktionella anfall.<\/p>\n\n\n\n<p>Attityder och handl\u00e4ggning kring FNS f\u00f6r\u00e4ndras, men alla missuppfattningar runt det forts\u00e4tter att f\u00f6rhindra att patienterna f\u00e5r god medicinsk v\u00e5rd.<\/p>\n\n\n\n<p>Tack <a href=\"https:\/\/twitter.com\/basbloem\">@basbloem<\/a> f\u00f6r id\u00e9n, och <a href=\"https:\/\/twitter.com\/SarahLidstone\">@SarahLidstone<\/a> och <a href=\"https:\/\/twitter.com\/rmmaraujo\">@rmmaraujo<\/a> f\u00f6r skrivhj\u00e4lp. SLUT!&nbsp;<\/p>\n","protected":false},"excerpt":{"rendered":"<p>Exempel p\u00e5 vanliga myter om FNS. <\/p>\n","protected":false},"author":65,"featured_media":0,"parent":1010,"menu_order":159,"comment_status":"closed","ping_status":"closed","template":"page-template\/symptom-details-page-template.php","meta":[],"_links":{"self":[{"href":"https:\/\/neurosymptoms.org\/sv_SE\/wp-json\/wp\/v2\/pages\/2697"}],"collection":[{"href":"https:\/\/neurosymptoms.org\/sv_SE\/wp-json\/wp\/v2\/pages"}],"about":[{"href":"https:\/\/neurosymptoms.org\/sv_SE\/wp-json\/wp\/v2\/types\/page"}],"author":[{"embeddable":true,"href":"https:\/\/neurosymptoms.org\/sv_SE\/wp-json\/wp\/v2\/users\/65"}],"replies":[{"embeddable":true,"href":"https:\/\/neurosymptoms.org\/sv_SE\/wp-json\/wp\/v2\/comments?post=2697"}],"version-history":[{"count":125,"href":"https:\/\/neurosymptoms.org\/sv_SE\/wp-json\/wp\/v2\/pages\/2697\/revisions"}],"predecessor-version":[{"id":15590,"href":"https:\/\/neurosymptoms.org\/sv_SE\/wp-json\/wp\/v2\/pages\/2697\/revisions\/15590"}],"up":[{"embeddable":true,"href":"https:\/\/neurosymptoms.org\/sv_SE\/wp-json\/wp\/v2\/pages\/1010"}],"wp:attachment":[{"href":"https:\/\/neurosymptoms.org\/sv_SE\/wp-json\/wp\/v2\/media?parent=2697"}],"curies":[{"name":"wp","href":"https:\/\/api.w.org\/{rel}","templated":true}]}}