{"id":2537,"date":"2021-06-30T14:33:14","date_gmt":"2021-06-30T14:33:14","guid":{"rendered":"https:\/\/prod.neurosymptoms.org\/?page_id=2537"},"modified":"2023-01-16T19:09:55","modified_gmt":"2023-01-16T19:09:55","slug":"isnt-fnd-just-a-name-for-something-when-doctors-dont-know-what-it-is","status":"publish","type":"page","link":"https:\/\/neurosymptoms.org\/sv_SE\/faq-2\/isnt-fnd-just-a-name-for-something-when-doctors-dont-know-what-it-is\/","title":{"rendered":"\u00c4r FNS inte bara ett namn f\u00f6r n\u00e4r l\u00e4karna inte vet vad det \u00e4r?"},"content":{"rendered":"\n<p>Det \u00e4r ett vanligt missf\u00f6rst\u00e5nd att FNS \u00e4r en diagnos som l\u00e4kare st\u00e4ller bara f\u00f6r att man har neurologiska symtom, som ett svagt ben, tremor eller anfall, och unders\u00f6kningarna \u00e4r normala. S\u00e5 \u00e4r det INTE. Om din l\u00e4kare har diagnostiserat p\u00e5 det s\u00e4ttet s\u00e5 kan hen, med all respekt, ha gjort fel. FNS skall diagnostiseras f\u00f6r att man har de typiska uttrycken f\u00f6r tillst\u00e5ndet, vanligtvis vid fysisk unders\u00f6kning &#8211; t.ex. Hoovers tecken eller ett positivt Tremor entrainment test eller typiska uttryck f\u00f6r funktionella\/dissociativa anfall.&nbsp;<\/p>\n\n\n\n<p>Det finns m\u00e5nga neurologiska tillst\u00e5nd d\u00e4r neurologiska unders\u00f6kningar som r\u00f6ntgenunders\u00f6kningar kan vara normala.<\/p>\n\n\n\n<p>H\u00e4r \u00e4r en kort sammanfattning av \u201cpositiv diagnostik\u201d vid FNS fr\u00e5n en artikel Jon Stone skrev f\u00f6r The British Medical Journal tillsammans med Professor Alan Carson (Neuropsykiater) och Professor Chris Burton (Allm\u00e4nl\u00e4kare) i november 2020.<\/p>\n\n\n\n<p><a href=\"https:\/\/www.bmj.com\/content\/371\/bmj.m3745\/infographic\">https:\/\/www.bmj.com\/content\/371\/bmj.m3745\/infographic<\/a><\/p>\n\n\n\n<h3><\/h3>\n\n\n\n<figure class=\"wp-block-image size-large\"><img loading=\"lazy\" width=\"1024\" height=\"701\" src=\"https:\/\/pre-prod.neurosymptoms.org\/wp-content\/uploads\/2022\/03\/Positiva-tecken-ny-1024x701.jpg\" alt=\"\" class=\"wp-image-7295\" srcset=\"https:\/\/neurosymptoms.org\/wp-content\/uploads\/2022\/03\/Positiva-tecken-ny-1024x701.jpg 1024w, https:\/\/neurosymptoms.org\/wp-content\/uploads\/2022\/03\/Positiva-tecken-ny-300x205.jpg 300w, https:\/\/neurosymptoms.org\/wp-content\/uploads\/2022\/03\/Positiva-tecken-ny-768x526.jpg 768w, https:\/\/neurosymptoms.org\/wp-content\/uploads\/2022\/03\/Positiva-tecken-ny-1536x1052.jpg 1536w, https:\/\/neurosymptoms.org\/wp-content\/uploads\/2022\/03\/Positiva-tecken-ny-2048x1402.jpg 2048w\" sizes=\"(max-width: 1024px) 100vw, 1024px\" \/><\/figure>\n","protected":false},"excerpt":{"rendered":"<p><!-- wp:paragraph --><\/p>\n<p>Det \u00e4r ett vanligt missf\u00f6rst\u00e5nd att FNS \u00e4r en diagnos som l\u00e4kare st\u00e4ller bara f\u00f6r att man har neurologiska symtom, som ett svagt ben, tremor eller anfall, och unders\u00f6kningarna \u00e4r normala. S\u00e5 \u00e4r det INTE. Om din l\u00e4kare har dia&#8230;<\/p>\n","protected":false},"author":7,"featured_media":0,"parent":1654,"menu_order":29,"comment_status":"closed","ping_status":"closed","template":"page-template\/faq-details-template.php","meta":[],"_links":{"self":[{"href":"https:\/\/neurosymptoms.org\/sv_SE\/wp-json\/wp\/v2\/pages\/2537"}],"collection":[{"href":"https:\/\/neurosymptoms.org\/sv_SE\/wp-json\/wp\/v2\/pages"}],"about":[{"href":"https:\/\/neurosymptoms.org\/sv_SE\/wp-json\/wp\/v2\/types\/page"}],"author":[{"embeddable":true,"href":"https:\/\/neurosymptoms.org\/sv_SE\/wp-json\/wp\/v2\/users\/7"}],"replies":[{"embeddable":true,"href":"https:\/\/neurosymptoms.org\/sv_SE\/wp-json\/wp\/v2\/comments?post=2537"}],"version-history":[{"count":18,"href":"https:\/\/neurosymptoms.org\/sv_SE\/wp-json\/wp\/v2\/pages\/2537\/revisions"}],"predecessor-version":[{"id":12055,"href":"https:\/\/neurosymptoms.org\/sv_SE\/wp-json\/wp\/v2\/pages\/2537\/revisions\/12055"}],"up":[{"embeddable":true,"href":"https:\/\/neurosymptoms.org\/sv_SE\/wp-json\/wp\/v2\/pages\/1654"}],"wp:attachment":[{"href":"https:\/\/neurosymptoms.org\/sv_SE\/wp-json\/wp\/v2\/media?parent=2537"}],"curies":[{"name":"wp","href":"https:\/\/api.w.org\/{rel}","templated":true}]}}