{"id":2208,"date":"2021-06-17T08:31:09","date_gmt":"2021-06-17T08:31:09","guid":{"rendered":"https:\/\/ftd.cognihealth.in\/?page_id=2208"},"modified":"2023-01-03T22:09:56","modified_gmt":"2023-01-03T22:09:56","slug":"unreal-depersonalisation-derealisation","status":"publish","type":"page","link":"https:\/\/neurosymptoms.org\/sv_SE\/media\/other-media\/unreal-depersonalisation-derealisation\/","title":{"rendered":"Unreal (overkligt) - Depersonalisation\/Derealisation"},"content":{"rendered":"\n<figure class=\"wp-block-embed-youtube wp-block-embed is-type-video is-provider-youtube wp-embed-aspect-16-9 wp-has-aspect-ratio\"><div class=\"wp-block-embed__wrapper\">\n<iframe loading=\"lazy\" title=\"Unrealities: Illustrating Depersonalisation and Derealisation Disorder\" width=\"745\" height=\"419\" src=\"https:\/\/www.youtube.com\/embed\/ahQnzjzqSRM?feature=oembed\" frameborder=\"0\" allow=\"accelerometer; autoplay; clipboard-write; encrypted-media; gyroscope; picture-in-picture\" allowfullscreen><\/iframe>\n<\/div><\/figure>\n\n\n\n<p>Unreal \u00e4r en brittisk v\u00e4lg\u00f6renhetsorganisation f\u00f6r personer som har ih\u00e5llande depersonalisation eller derealisation. Det h\u00e4r \u00e4r olika slags dissociation, som ocks\u00e5 ofta upplevs av personer med FNS.<\/p>\n\n\n\n<p>Unreal har samarbetat med illustrat\u00f6ren Jodie Howard f\u00f6r att skapa en serie med bilder som visar vad m\u00e5nga med depersonalisation och derealisation upplever. Jodie, som har ett Depersonalisations- och derealisationsyndrom, har anv\u00e4nt sin och andras erfarenheter f\u00f6r att skapa de h\u00e4r illustrationerna.<\/p>\n\n\n\n<p>Vi rekommenderar ocks\u00e5&nbsp;<a href=\"https:\/\/www.unrealuk.org\/\">Unreals<\/a> YouTube&nbsp;<a href=\"https:\/\/www.youtube.com\/unrealcharity\">kanal<\/a>.<\/p>\n","protected":false},"excerpt":{"rendered":"<p>https:\/\/www.youtube.com\/watch?v=ahQnzjzqSRM<\/p>\n","protected":false},"author":7,"featured_media":0,"parent":1273,"menu_order":192,"comment_status":"closed","ping_status":"closed","template":"page-template\/media-details-template.php","meta":[],"_links":{"self":[{"href":"https:\/\/neurosymptoms.org\/sv_SE\/wp-json\/wp\/v2\/pages\/2208"}],"collection":[{"href":"https:\/\/neurosymptoms.org\/sv_SE\/wp-json\/wp\/v2\/pages"}],"about":[{"href":"https:\/\/neurosymptoms.org\/sv_SE\/wp-json\/wp\/v2\/types\/page"}],"author":[{"embeddable":true,"href":"https:\/\/neurosymptoms.org\/sv_SE\/wp-json\/wp\/v2\/users\/7"}],"replies":[{"embeddable":true,"href":"https:\/\/neurosymptoms.org\/sv_SE\/wp-json\/wp\/v2\/comments?post=2208"}],"version-history":[{"count":19,"href":"https:\/\/neurosymptoms.org\/sv_SE\/wp-json\/wp\/v2\/pages\/2208\/revisions"}],"predecessor-version":[{"id":11802,"href":"https:\/\/neurosymptoms.org\/sv_SE\/wp-json\/wp\/v2\/pages\/2208\/revisions\/11802"}],"up":[{"embeddable":true,"href":"https:\/\/neurosymptoms.org\/sv_SE\/wp-json\/wp\/v2\/pages\/1273"}],"wp:attachment":[{"href":"https:\/\/neurosymptoms.org\/sv_SE\/wp-json\/wp\/v2\/media?parent=2208"}],"curies":[{"name":"wp","href":"https:\/\/api.w.org\/{rel}","templated":true}]}}