{"id":2193,"date":"2021-06-15T09:54:38","date_gmt":"2021-06-15T09:54:38","guid":{"rendered":"https:\/\/ftd.cognihealth.in\/?page_id=2193"},"modified":"2024-02-02T12:28:57","modified_gmt":"2024-02-02T12:28:57","slug":"speech-and-language-therapy","status":"publish","type":"page","link":"https:\/\/neurosymptoms.org\/sv_SE\/treatment\/speech-and-language-therapy\/","title":{"rendered":"Tal- och spr\u00e5kterapi"},"content":{"rendered":"\n<p>I juli 2021 kom en internationell konsensusrekommendation f\u00f6r tal- och spr\u00e5k terapi vid FNS. Du kan hitta dokumentet <a href=\"https:\/\/t.co\/3f9Laerc5P?amp=1\">h\u00e4r <\/a>(engelska).&nbsp;<\/p>\n\n\n\n<p>Den h\u00e4r sidan \u00e4r skriven av Laura McWhirter, University of Edinburgh och Jan Baker, Flinders University, Australien, vilket vi \u00e4r mycket tacksamma f\u00f6r.&nbsp;<\/p>\n\n\n\n<h3><strong>Vad \u00e4r tal- och spr\u00e5kterapi?<\/strong><\/h3>\n\n\n\n<p>Logopeder och foniatrer \u00e4r sjukv\u00e5rdspersonal. De bed\u00f6mer och behandlar en bred skala av sv\u00e5righeter med kommunikation, med att \u00e4ta, dricka och sv\u00e4lja.&nbsp;<\/p>\n\n\n\n<h3><strong>Tal- och spr\u00e5kspecialister vid FNS-diagnos<\/strong>tik<\/h3>\n\n\n\n<p>Logopeder och foniatrer \u00e4r experter p\u00e5 att unders\u00f6ka munnens och svalgets struktur och r\u00f6relsem\u00f6nster under tal och sv\u00e4ljning. De kan exempelvis anv\u00e4nda speciell utrustning som hj\u00e4lper dem att se st\u00e4mbanden i halsen. Logopeder \u00e4r \u00e4ven experter p\u00e5 att lyssna till och f\u00f6rst\u00e5 orsaken till ljud-, ord- och spr\u00e5ksv\u00e5righeter.&nbsp;<\/p>\n\n\n\n<p>Det skiljer sig runt om i v\u00e4rlden hur mycket tal- och spr\u00e5kspecialister \u00e4r involverade vid diagnostik av FNS. I vissa fall kan en logoped som arbetar ensam st\u00e4lla en diagnos vid FNS. I andra fall inneb\u00e4r deras specifika kompetens att de kan hj\u00e4lpa en neurolog (eller \u00d6ron-N\u00e4sa-Hals-l\u00e4kare eller Lungl\u00e4kare) att st\u00e4lla diagnosen vid FNS.<\/p>\n\n\n\n<h3><strong>Behandling av tal- och sv\u00e4ljningssv\u00e5righeter vid FNS<\/strong><\/h3>\n\n\n\n<p>Behandlingen \u00e4r olika beroende av vilka typer symtom du har.&nbsp;&nbsp;<\/p>\n\n\n\n<p>Du kan bli ombedd att g\u00f6ra enklare ljud som logopeden sedan hj\u00e4lper dig att forma till ord. Logopeden kan hj\u00e4lpa dig att l\u00e4gga m\u00e4rke till felaktiga andningsm\u00f6nster eller muskelsp\u00e4nningar som kan ligga i v\u00e4gen f\u00f6r normalt tal eller sv\u00e4ljning. L\u00e4ngre fram kan logopeden hj\u00e4lpa dig att anv\u00e4nda din mer normala r\u00f6st, tal, eller sv\u00e4ljf\u00f6rm\u00e5ga i vardagliga situationer.<\/p>\n\n\n\n<p>Ibland kan tal- och r\u00f6st symtom vid FNS f\u00f6rb\u00e4ttras v\u00e4ldigt snabbt, \u00e4ven under den f\u00f6rsta behandlingssessionen. I andra fall kan det beh\u00f6vas fler behandlingstillf\u00e4llen. Mot slutet av behandlingen kan det hj\u00e4lpa att tillsammans med din logoped g\u00f6ra en plan f\u00f6r strategier som hj\u00e4lper dig om symtomen skulle uppkomma igen.&nbsp;<\/p>\n\n\n\n<h3><strong>Tal- och spr\u00e5kspecialister som en del av det kliniska teamet<\/strong><\/h3>\n\n\n\n<p>Logopeder arbetar tillsammans med andra teammedlemmar. Om du har andra FNS-symtom kan du tr\u00e4ffa en logoped lika v\u00e4l som en neurolog, fysioterapeut, arbetsterapeut eller psykiater. I vissa fall kan det vara b\u00e4st att tr\u00e4ffa en logoped f\u00f6rst, s\u00e5 att du kan ta del av \u00f6vriga behandlingar s\u00e5som psykologisk behandling. Andra kanske bara tr\u00e4ffar en logoped.&nbsp;<\/p>\n\n\n\n<h3><strong>G\u00f6r upp en plan ifall symtomen skulle \u00e5terkomm<\/strong>a<\/h3>\n\n\n\n<p>Ibland (men inte alltid) kan symtomen \u00e5terkomma efter att ha blivit f\u00f6rb\u00e4ttrade. Om tal- och spr\u00e5ktr\u00e4ning hj\u00e4lpte dig fr\u00e5n b\u00f6rjan att bli b\u00e4ttre, kan du ofta anv\u00e4nda samma metoder och strategier f\u00f6r att komma tillbaka p\u00e5 banan igen. Ibland kan det hj\u00e4lpa att tr\u00e4ffa en logoped igen f\u00f6r ytterligare behandling.&nbsp;<\/p>\n\n\n\n<h2><strong><\/strong><\/h2>\n","protected":false},"excerpt":{"rendered":"<p>Tal- och spr\u00e5kspecialister kan ha en viktig roll vid funktionella tal- och sv\u00e4ljsymtom.<\/p>\n","protected":false},"author":19,"featured_media":2724,"parent":1012,"menu_order":301,"comment_status":"closed","ping_status":"closed","template":"page-template\/symptom-details-page-template.php","meta":[],"_links":{"self":[{"href":"https:\/\/neurosymptoms.org\/sv_SE\/wp-json\/wp\/v2\/pages\/2193"}],"collection":[{"href":"https:\/\/neurosymptoms.org\/sv_SE\/wp-json\/wp\/v2\/pages"}],"about":[{"href":"https:\/\/neurosymptoms.org\/sv_SE\/wp-json\/wp\/v2\/types\/page"}],"author":[{"embeddable":true,"href":"https:\/\/neurosymptoms.org\/sv_SE\/wp-json\/wp\/v2\/users\/19"}],"replies":[{"embeddable":true,"href":"https:\/\/neurosymptoms.org\/sv_SE\/wp-json\/wp\/v2\/comments?post=2193"}],"version-history":[{"count":62,"href":"https:\/\/neurosymptoms.org\/sv_SE\/wp-json\/wp\/v2\/pages\/2193\/revisions"}],"predecessor-version":[{"id":14311,"href":"https:\/\/neurosymptoms.org\/sv_SE\/wp-json\/wp\/v2\/pages\/2193\/revisions\/14311"}],"up":[{"embeddable":true,"href":"https:\/\/neurosymptoms.org\/sv_SE\/wp-json\/wp\/v2\/pages\/1012"}],"wp:featuredmedia":[{"embeddable":true,"href":"https:\/\/neurosymptoms.org\/sv_SE\/wp-json\/wp\/v2\/media\/2724"}],"wp:attachment":[{"href":"https:\/\/neurosymptoms.org\/sv_SE\/wp-json\/wp\/v2\/media?parent=2193"}],"curies":[{"name":"wp","href":"https:\/\/api.w.org\/{rel}","templated":true}]}}