{"id":2152,"date":"2021-06-08T08:23:46","date_gmt":"2021-06-08T08:23:46","guid":{"rendered":"https:\/\/ftd.cognihealth.in\/?page_id=2152"},"modified":"2023-01-03T22:30:26","modified_gmt":"2023-01-03T22:30:26","slug":"migraine-how-does-it-work","status":"publish","type":"page","link":"https:\/\/neurosymptoms.org\/sv_SE\/media\/pain-videos\/migraine-how-does-it-work\/","title":{"rendered":"Migr\u00e4n - hur funkar det?"},"content":{"rendered":"\n<figure class=\"wp-block-embed-youtube wp-block-embed is-type-video is-provider-youtube wp-embed-aspect-16-9 wp-has-aspect-ratio\"><div class=\"wp-block-embed__wrapper\">\n<iframe loading=\"lazy\" title=\"Headache Relief Guide - Chapter 4\" width=\"745\" height=\"419\" src=\"https:\/\/www.youtube.com\/embed\/yYeepKft1jY?feature=oembed\" frameborder=\"0\" allow=\"accelerometer; autoplay; clipboard-write; encrypted-media; gyroscope; picture-in-picture\" allowfullscreen><\/iframe>\n<\/div><\/figure>\n\n\n\n<p>Den h\u00e4r videon fr\u00e5n headachereliefguide.com f\u00f6rklarar hur migr\u00e4n orsakar sm\u00e4rta. <\/p>\n","protected":false},"excerpt":{"rendered":"<p>https:\/\/www.youtube.com\/watch?v=g8cr0O5MvJw<\/p>\n","protected":false},"author":7,"featured_media":0,"parent":1224,"menu_order":207,"comment_status":"closed","ping_status":"closed","template":"page-template\/media-details-template.php","meta":[],"_links":{"self":[{"href":"https:\/\/neurosymptoms.org\/sv_SE\/wp-json\/wp\/v2\/pages\/2152"}],"collection":[{"href":"https:\/\/neurosymptoms.org\/sv_SE\/wp-json\/wp\/v2\/pages"}],"about":[{"href":"https:\/\/neurosymptoms.org\/sv_SE\/wp-json\/wp\/v2\/types\/page"}],"author":[{"embeddable":true,"href":"https:\/\/neurosymptoms.org\/sv_SE\/wp-json\/wp\/v2\/users\/7"}],"replies":[{"embeddable":true,"href":"https:\/\/neurosymptoms.org\/sv_SE\/wp-json\/wp\/v2\/comments?post=2152"}],"version-history":[{"count":25,"href":"https:\/\/neurosymptoms.org\/sv_SE\/wp-json\/wp\/v2\/pages\/2152\/revisions"}],"predecessor-version":[{"id":11837,"href":"https:\/\/neurosymptoms.org\/sv_SE\/wp-json\/wp\/v2\/pages\/2152\/revisions\/11837"}],"up":[{"embeddable":true,"href":"https:\/\/neurosymptoms.org\/sv_SE\/wp-json\/wp\/v2\/pages\/1224"}],"wp:attachment":[{"href":"https:\/\/neurosymptoms.org\/sv_SE\/wp-json\/wp\/v2\/media?parent=2152"}],"curies":[{"name":"wp","href":"https:\/\/api.w.org\/{rel}","templated":true}]}}