{"id":2142,"date":"2021-06-06T08:27:51","date_gmt":"2021-06-06T08:27:51","guid":{"rendered":"https:\/\/ftd.cognihealth.in\/?page_id=2142"},"modified":"2022-03-05T13:45:45","modified_gmt":"2022-03-05T13:45:45","slug":"cathys-story","status":"publish","type":"page","link":"https:\/\/neurosymptoms.org\/sv_SE\/stories\/functional-cognitive-disorder\/cathys-story\/","title":{"rendered":"Cathys ber\u00e4ttelse"},"content":{"rendered":"\n<p><em>Cathy beskriver problem med kognitiva symtom och sensorisk k\u00e4nslighet. Som m\u00e5nga andra har hon f\u00e5tt dubbla budskap fr\u00e5n l\u00e4kare, inklusive en beskrivning av hennes symtom som \u201cof\u00f6rklarade\u201d, ist\u00e4llet f\u00f6r att man identifierat dem p\u00e5 ett positivt s\u00e4tt och kopplat dem till ett funktionellt tillst\u00e5nd. Hennes ber\u00e4ttelse beskriver hur hon f\u00f6rlikar sig vid sin situation.<\/em><\/p>\n\n\n\n<p>Jag h\u00e5ller fortfarande p\u00e5 att f\u00f6rst\u00e5 de senaste tio m\u00e5naderna.<\/p>\n\n\n\n<p>Jag hade haft of\u00f6rklarade neurologiska symtom, vilka hade varit: l\u00e5ngsammare kognitiv bearbetning, l\u00e5ngsammare k\u00e4nslom\u00e4ssig bearbetning och talsv\u00e5righeter. De kognitiva symtomen b\u00f6rjade med att jag m\u00e4rkte att jag hade sv\u00e5rt att sk\u00f6ta uppdrag och s\u00e4tta samman information. Sedan m\u00e4rkte jag att saker jag tidigare skrivit hade blivit fel, vilket var ovanligt. Det tog mycket l\u00e4ngre tid att slutf\u00f6ra mer komplicerade uppgifter. Jag m\u00e4rkte ocks\u00e5 att det blev sv\u00e5rare och mer uttr\u00f6ttande att vara i stora grupper, vilket det inte brukade vara. Efter att ha f\u00f6rs\u00f6kt att k\u00e4mpa h\u00e5rdare under m\u00e5nader informerade jag till slut motvilligt min chef om att n\u00e5got inte stod r\u00e4tt till. Efter att ha varit sjukskriven och haft olika bes\u00f6k i sjukv\u00e5rden var jag tvungen att acceptera att jag inte l\u00e4ngre var kapabel att klara av mina arbetsuppgifter.<\/p>\n\n\n\n<p>Min f\u00f6rm\u00e5ga att bearbeta mina k\u00e4nslor var ocks\u00e5 annorlunda. Under de senaste tio m\u00e5naderna hade det funnits tillf\u00e4llen d\u00e5 mina beteenden och k\u00e4nslom\u00e4ssiga reaktioner i en typisk situation blivit helt i otakt. Det var flera tillf\u00e4llen d\u00e5 jag hade reagerat p\u00e5 s\u00e4tt som var olikt mig, en del definitivt av det udda slaget. Jag tolkade detta som udda \u201ch\u00e4ndelser\u201d, inte att jag var i ett \u201ckontinuerligt udda tillst\u00e5nd\u201d.&nbsp; Jag f\u00f6rstod att oljud var en sak som p\u00e5verkade mina bearbetningsf\u00f6rm\u00e5gor negativt. Ibland var jag tvungen att s\u00e4tta h\u00e4nderna f\u00f6r \u00f6gonen f\u00f6r att st\u00e4nga ute intryck runt omkring mig. Jag visste att jag bearbetade mina k\u00e4nslor annorlunda. Jag kunde tydligt f\u00f6rklara de h\u00e4r h\u00e4ndelserna och hur jag k\u00e4nde f\u00f6r mina v\u00e4nner och min familj &#8211; s\u00e5 mitt f\u00f6rst\u00e5nd verkade intakt. Jag sk\u00e4mdes inte, utan var mer f\u00f6rvirrad och nyfiken p\u00e5 vad som h\u00e4nde.<\/p>\n\n\n\n<p>Under den h\u00e4r tiden kunde ocks\u00e5 talet f\u00f6rs\u00e4mras. Jag blandade ihop ord, bytte ut ord mot andra, stammade, och det blev allt mer uttr\u00f6ttande och frustrerande att uttrycka mig verbalt. Telefonen har varit en verklig utmaning i perioder. I hemmets lugna vr\u00e5 kunde mitt tal leda till munterhet f\u00f6r min ton\u00e5rsdotter &#8211; och f\u00f6r mig.&nbsp;<\/p>\n\n\n\n<p>Jag b\u00f6rjade att organisera om aktiviteter i mitt liv: f\u00f6renklade min garderob eftersom att v\u00e4lja kl\u00e4der tog on\u00f6dig mental energi, begr\u00e4nsade sociala aktiviteter, minskade p\u00e5 telefonsamtal, gick bara p\u00e5 lugna caf\u00e9er och k\u00f6rde inte bil n\u00e4r det var mycket trafik. Tyst tid blev mer viktigt. Jag hoppades att om jag kunde styra hur mycket databearbetning min hj\u00e4rna skulle hantera, s\u00e5 skulle jag bli mindre tr\u00f6tt och ha mindre ont i huvudet. Jag tog pragmatiska beslut f\u00f6r att vardagen skulle fungera; jag var trots allt fortfarande en mamma.&nbsp;<\/p>\n\n\n\n<p>Jag var 53 \u00e5r och hade aldrig upplevt de h\u00e4r symtomen tidigare. Jag gick igenom en typisk \u201clekmannalista\u201d: Var jag deprimerad? Hade jag \u00e5ngest? Var jag stressad? Kanske h\u00f6ll jag p\u00e5 att utveckla n\u00e5gon psykiatrisk sjukdom &#8211; schizofreni? Min familj \u00e4r lagd \u00e5t det medicinska h\u00e5llet, s\u00e5 s\u00e5klart f\u00f6rs\u00f6kte vi f\u00f6rst\u00e5 vad det handlade om. Jag tyckte att min tankeverksamhet, om \u00e4n l\u00e5ngsam, oftast fortfarande fungerade ganska bra. Missade jag n\u00e5got hos mig som andra s\u00e5g? Jag fr\u00e5gade dem som k\u00e4nde mig v\u00e4l: \u201cTycker du att jag verkar vara deprimerad, ha \u00e5ngest, v\u00e4ldigt stressad, manisk eller f\u00f6rvirrad?\u201d \u00c4ven om mina n\u00e4ra och k\u00e4ra noterade en del av de saker jag sj\u00e4lv m\u00e4rkt som jag n\u00e4mnt ovan, tyckte de att jag fortfarande verkade ganska klarsynt.<\/p>\n\n\n\n<p>Jag beskriver den k\u00e4nsla jag ofta upplever som att jag ibland \u00e4r inuti en tratt, och som att jag l\u00e5ngsamt dras under vatten, inte att jag drunknar eller \u00e4r olycklig p\u00e5 n\u00e5got s\u00e4tt utan mer neds\u00e4nkt, som att jag befinner mig i ett annat slags utrymme. Att kommunicera med m\u00e4nniskor p\u00e5 torra land blir en anstr\u00e4ngning. Ju l\u00e4ngre ned under vattnet jag kommer, desto sv\u00e5rare blir det att tydligt relatera till dem runt omkring mig. Och ja, jag vet hur m\u00e4rkligt eller k\u00e4nslom\u00e4ssigt konstigt det l\u00e5ter. N\u00e5got som har varit mer st\u00f6rande \u00e4r att f\u00f6rs\u00f6ka f\u00f6rst\u00e5 det faktum att det finns stunder d\u00e5 jag inte \u00e4r under vatten alls, och k\u00e4nner mig helt klar, och t\u00e4nker \u201cDet d\u00e4r var en ganska bisarr tid, sk\u00f6nt, nu ligger det bakom mig\u2026\u201d men sedan kommer det tillbaka, i alla fall \u00e4n s\u00e5 l\u00e4nge.<\/p>\n\n\n\n<p>S\u00e5, vi gick till familjel\u00e4karen. Jag remitterades till neurolog och det gjordes en MRT-unders\u00f6kning. MRT:n var normal, bara n\u00e5gra sm\u00e5 avvikelser. Man f\u00f6reslog familjer\u00e5dgivning. Den medicinska unders\u00f6kningen togs inte emot v\u00e4l. Jag antar att jag hoppades p\u00e5 att kunna f\u00f6rst\u00e5 de fysiologiska mekanismerna bakom det som h\u00e4nde i min kropp, eftersom jag hade best\u00e4mt mig f\u00f6r att tr\u00e4ffa en neurolog. En ny remiss skrevs till neurolog, och efter ett telefonsamtal f\u00f6reslog man att det kanske kunde vara frontallobsdemens. Det var skr\u00e4mmande, men med tanke p\u00e5 typen av symtom var det begripligt.&nbsp; En PET-unders\u00f6kning gjordes, och efter 4 m\u00e5nader fick jag svar att den var normal. Det var goda nyheter som jag hade sett fram emot l\u00e4nge, men jag hade inte blivit klokare p\u00e5 vad som h\u00e4nde fysiologiskt.<\/p>\n\n\n\n<p>Vid uppf\u00f6ljning hos neurologen f\u00f6reslogs det att det var mer troligt att det r\u00f6rde sig ett \u201cmjukvaruproblem\u201d. Tyv\u00e4rr kan jag inte s\u00e5 mycket om datorer, s\u00e5 liknelsen hj\u00e4lpte mig inte. Det talades ocks\u00e5 om att det skulle vara bra om jag tr\u00e4ffade en psykolog. Jag tyckte att jag hade b\u00e4ttre f\u00f6rst\u00e5else f\u00f6r min familjel\u00e4kares resonemang, kanske beroende p\u00e5 att vi hade k\u00e4nt varann l\u00e4ngre \u00e4n i 20 minuter. Han pratade specifikt om Funktionell Neurologisk Symtomst\u00f6rning och gav mig en vetenskaplig artikel om \u00e4mnet. Han tog mina symtom p\u00e5 allvar och erk\u00e4nde att l\u00e4kare ibland inte vet orsaken men att symtomen \u00e4r p\u00e5 riktigt. Jag accepterar det. Men det bekymrar mig att man, i fr\u00e5nvaro av att veta svaret, alltid hamnar i en psykologisk diagnos &#8211; oavsett om det s\u00e4gs \u00f6ppet eller antyds. Skadan som den typen av bem\u00f6tande kan g\u00f6ra kan diskuteras i ett annat forum. Min l\u00e4kare st\u00f6ttade mig i att utforska andra f\u00f6rs\u00f6k att f\u00f6rst\u00e5 och g\u00f6ra n\u00e5got \u00e5t de psykologiska f\u00f6r\u00e4ndringar jag upplevde.<\/p>\n\n\n\n<p>Tio m\u00e5nader senare, d\u00e5 man nyligen helt avf\u00e4rdat demens som f\u00f6rklaring men inte hittat n\u00e5gon annan k\u00e4nd orsak till symtomen, hur kan jag f\u00f6rst\u00e5 min situation? Ja, det \u00e4r ett p\u00e5g\u00e5ende arbete, det \u00e4r ett som \u00e4r s\u00e4kert.<\/p>\n\n\n\n<p>Det viktigaste f\u00f6r mig \u00e4r att f\u00f6rs\u00f6ka att inte tvivla p\u00e5 min egen upplevelse eller t\u00e4nka att symtomen sitter i huvudet, \u00e4r p\u00e5hittade eller bara stress. Den b\u00e4sta liknelsen jag kan komma p\u00e5 kring att nervfunktionen g\u00f6r s\u00e5 att min hj\u00e4rna inte fungerar som de ska handlar om lampan p\u00e5 min veranda p\u00e5 baksidan:<\/p>\n\n\n\n<p>Lampan p\u00e5 verandan p\u00e5 baksidan brukade fungera helt perfekt. Men nuf\u00f6rtiden fungerar lampan ibland, och ibland inte. Ibland bara flimrar den. Jag vet inte varf\u00f6r den ibland inte fungerar, eller varf\u00f6r den flimrar. Lampan \u00e4r inte trasig, men den fungerar inte som den ska heller. Mina andra lampor fungerar som de ska. Det jag m\u00e5ste p\u00e5minna mig \u00e4r att jag inte inbillar mig att lampan p\u00e5 verandan p\u00e5 baksidan inte fungerar som den ska, och jag inbillar mig inte att vissa delar av min hj\u00e4rna inte fungera som de ska, heller.<\/p>\n\n\n\n<p>De n\u00e4st viktigaste sakerna \u00e4r: Utforska en ny inst\u00e4llning till sjukdom-h\u00e4lsa-friskv\u00e5rd. Traditionell kinesisk medicin och akupunktur \u00e4r intressant f\u00f6r mig; ett nytt s\u00e4tt att f\u00f6rst\u00e5 sammankopplingar mellan olika kroppsorgan och k\u00e4nslor, inklusive nervsystemet.&nbsp;&nbsp;<\/p>\n\n\n\n<p>Trots att jag f\u00e5tt information om att den blodtrycksmedicin jag b\u00f6rjade med f\u00f6r 10 m\u00e5nader sedan inte borde orsaka mina symtom, vilket mycket v\u00e4l kan st\u00e4mma, har jag bett att f\u00e5 prova en annan medicinering.<\/p>\n\n\n\n<p>Jag f\u00f6rs\u00f6ker ocks\u00e5 att g\u00f6ra det b\u00e4sta av dagen, och l\u00e4ra mig vad som fungerar f\u00f6r mig och vad som inte fungerar. Jag beh\u00f6ver g\u00f6ra saker som ger min sj\u00e4l n\u00e4ring. Jag kommer att f\u00f6rs\u00f6ka att komma ih\u00e5g att, hur sinnesrubbade mina symtom \u00e4n \u00e4r, och hur galna de \u00e4n kan l\u00e5ta, och hur galet de \u00e4n f\u00f6rklaras, s\u00e5 verkar jag ha f\u00f6rst\u00e5ndet i beh\u00e5ll.<\/p>\n\n\n\n<p>Och jag kommer att st\u00f6tta forskning och l\u00e4sa p\u00e5 m\u00e5nga olika h\u00e5ll f\u00f6r att f\u00f6rs\u00f6ka f\u00f6rst\u00e5 vetenskapen bakom of\u00f6rklarade neurologiska symtom. Jag kommer ocks\u00e5 lyssna noggrant till m\u00e4nniskors ber\u00e4ttelser och l\u00e4gga m\u00e4rke till hur m\u00e5nga som f\u00e5tt h\u00f6ra, eller blivit behandlade som, att deras of\u00f6rklarade symtom \u201cbara \u00e4r psykologiska\u201d.<\/p>\n\n\n\n<p>Jag kommer ocks\u00e5 att komma ih\u00e5g historien, f\u00f6rest\u00e4llningen om <em>den vandrande livmodern. <\/em>Som n\u00e4r det g\u00e4ller annat s\u00e5 har ibland terminologin moderniserats, men den bakmliggande ideologin och hur man g\u00f6r i praktiken har man inte riktigt gjort sig av med. Det \u00e4r viktigt att skilja mellan s\u00e4gner och vetenskapliga bevis.<\/p>\n\n\n\n<p>Slutligen en h\u00e4lsning till mina k\u00e4ra, \u00e4lskade och t\u00e5lmodiga v\u00e4nner och min familj. Tack s\u00e5 mycket f\u00f6r ert st\u00f6d; ocks\u00e5 en h\u00e4lsning till de medicinska experter som vill forska om de fysiologiska aspekterna av of\u00f6rklarade neurologiska symtom. Det uppskattas.<\/p>\n","protected":false},"excerpt":{"rendered":"<p>Cathy beskriver kognitiva sv\u00e5righeter. <\/p>\n","protected":false},"author":7,"featured_media":0,"parent":1467,"menu_order":216,"comment_status":"closed","ping_status":"closed","template":"page-template\/story-details-page-template.php","meta":[],"_links":{"self":[{"href":"https:\/\/neurosymptoms.org\/sv_SE\/wp-json\/wp\/v2\/pages\/2142"}],"collection":[{"href":"https:\/\/neurosymptoms.org\/sv_SE\/wp-json\/wp\/v2\/pages"}],"about":[{"href":"https:\/\/neurosymptoms.org\/sv_SE\/wp-json\/wp\/v2\/types\/page"}],"author":[{"embeddable":true,"href":"https:\/\/neurosymptoms.org\/sv_SE\/wp-json\/wp\/v2\/users\/7"}],"replies":[{"embeddable":true,"href":"https:\/\/neurosymptoms.org\/sv_SE\/wp-json\/wp\/v2\/comments?post=2142"}],"version-history":[{"count":12,"href":"https:\/\/neurosymptoms.org\/sv_SE\/wp-json\/wp\/v2\/pages\/2142\/revisions"}],"predecessor-version":[{"id":7017,"href":"https:\/\/neurosymptoms.org\/sv_SE\/wp-json\/wp\/v2\/pages\/2142\/revisions\/7017"}],"up":[{"embeddable":true,"href":"https:\/\/neurosymptoms.org\/sv_SE\/wp-json\/wp\/v2\/pages\/1467"}],"wp:attachment":[{"href":"https:\/\/neurosymptoms.org\/sv_SE\/wp-json\/wp\/v2\/media?parent=2142"}],"curies":[{"name":"wp","href":"https:\/\/api.w.org\/{rel}","templated":true}]}}