{"id":2024,"date":"2021-04-28T22:17:17","date_gmt":"2021-04-28T22:17:17","guid":{"rendered":"https:\/\/ftd.cognihealth.in\/?page_id=2024"},"modified":"2023-01-03T22:09:32","modified_gmt":"2023-01-03T22:09:32","slug":"not-there-a-graphic-novel-about-functional-seizures","status":"publish","type":"page","link":"https:\/\/neurosymptoms.org\/sv_SE\/media\/other-media\/not-there-a-graphic-novel-about-functional-seizures\/","title":{"rendered":"\"Not there\" - en tecknad novell om Funktionella anfall"},"content":{"rendered":"\n<p>&#8220;Not there&#8221; \u00e4r en tecknad novell om att l\u00e4ra sig att leva med funktionella anfall som en del av FNS. Den har skapats av <a href=\"http:\/\/www.gavininglis.com\/\">Gavin Inglis<\/a> tillsammans med Edinburghartisten  <a href=\"https:\/\/fincramb.com\/\">Fin Cramb<\/a> som en del av Konst- och Terapeutisk designprogrammet f\u00f6r Department of Clinical Neurosciences, Edinburgh. <\/p>\n\n\n\n<figure class=\"wp-block-image size-large\"><img loading=\"lazy\" width=\"1024\" height=\"503\" src=\"https:\/\/pre-prod.neurosymptoms.org\/wp-content\/uploads\/2021\/04\/Not-there-1024x503.jpg\" alt=\"\" class=\"wp-image-2027\" srcset=\"https:\/\/neurosymptoms.org\/wp-content\/uploads\/2021\/04\/Not-there-1024x503.jpg 1024w, https:\/\/neurosymptoms.org\/wp-content\/uploads\/2021\/04\/Not-there-300x147.jpg 300w, https:\/\/neurosymptoms.org\/wp-content\/uploads\/2021\/04\/Not-there-768x377.jpg 768w, https:\/\/neurosymptoms.org\/wp-content\/uploads\/2021\/04\/Not-there.jpg 1323w\" sizes=\"(max-width: 1024px) 100vw, 1024px\" \/><\/figure>\n\n\n\n<p>Gavin Inglis: <em>&#8220;Jag ville skapa n\u00e5got som kunde hj\u00e4lpa patienter. Att k\u00e4nna igen och f\u00f6rst\u00e5 en Funktionell Neurologisk Symtomst\u00f6rning \u00e4r en n\u00f6dv\u00e4ndig del av behandlingen. Eftersom FNS blir missf\u00f6rst\u00e5tt till och med av vissa neurologer, s\u00e5g jag ett tillf\u00e4lle att skapa en ber\u00e4ttelse som kunde vara b\u00e5de informativ och terapeutisk&#8221;. <\/em><\/p>\n\n\n\n<p>Historien genomgick en l\u00e5ng utvecklingsprocess med input fr\u00e5n sjukv\u00e5rdspersonal. Jon Stone konsulterades genom hela projektet fr\u00e5n manus till de sista finjusteringarna, och bidrog till introduktionen. <\/p>\n\n\n\n<p><em>Not there<\/em> kan l\u00e4sas med en PDF-l\u00e4sare, eller med en speciell <a href=\"https:\/\/www.howtogeek.com\/321394\/the-best-comic-book-readers-for-windows-mac-and-linux\/\">comic book reader software<\/a>. <\/p>\n\n\n\n<p>Du kan ladda ned en l\u00e5guppl\u00f6st PDF-version (7 MB) <a href=\"https:\/\/static1.squarespace.com\/static\/5c472c6f5cfd79a4108ddbdd\/t\/6016aa5b31367d7eb9b83111\/1612098153660\/NotThere-lowQ.pdf\">h\u00e4r<\/a> eller en h\u00f6guppl\u00f6st PDF-version (15 MB) <a href=\"https:\/\/static1.squarespace.com\/static\/5c472c6f5cfd79a4108ddbdd\/t\/6016aaa8f444774bdfca0458\/1612098247500\/NotThere.pdf\">h\u00e4r<\/a>. <\/p>\n","protected":false},"excerpt":{"rendered":"<p><!-- wp:paragraph --><\/p>\n<p>&#8220;Not there&#8221; \u00e4r en tecknad novell om att l\u00e4ra sig att leva med funktionella anfall som en del av FNS. Den har skapats av <a href=\"http:\/\/www.gavininglis.com\/\">Gavin Inglis<\/a> tillsammans med Edinburghartisten  <a href=\"https:...\n<\/p>\n","protected":false},"author":7,"featured_media":2039,"parent":1273,"menu_order":195,"comment_status":"closed","ping_status":"closed","template":"page-template\/symptom-details-page-template.php","meta":[],"_links":{"self":[{"href":"https:\/\/neurosymptoms.org\/sv_SE\/wp-json\/wp\/v2\/pages\/2024"}],"collection":[{"href":"https:\/\/neurosymptoms.org\/sv_SE\/wp-json\/wp\/v2\/pages"}],"about":[{"href":"https:\/\/neurosymptoms.org\/sv_SE\/wp-json\/wp\/v2\/types\/page"}],"author":[{"embeddable":true,"href":"https:\/\/neurosymptoms.org\/sv_SE\/wp-json\/wp\/v2\/users\/7"}],"replies":[{"embeddable":true,"href":"https:\/\/neurosymptoms.org\/sv_SE\/wp-json\/wp\/v2\/comments?post=2024"}],"version-history":[{"count":14,"href":"https:\/\/neurosymptoms.org\/sv_SE\/wp-json\/wp\/v2\/pages\/2024\/revisions"}],"predecessor-version":[{"id":11798,"href":"https:\/\/neurosymptoms.org\/sv_SE\/wp-json\/wp\/v2\/pages\/2024\/revisions\/11798"}],"up":[{"embeddable":true,"href":"https:\/\/neurosymptoms.org\/sv_SE\/wp-json\/wp\/v2\/pages\/1273"}],"wp:featuredmedia":[{"embeddable":true,"href":"https:\/\/neurosymptoms.org\/sv_SE\/wp-json\/wp\/v2\/media\/2039"}],"wp:attachment":[{"href":"https:\/\/neurosymptoms.org\/sv_SE\/wp-json\/wp\/v2\/media?parent=2024"}],"curies":[{"name":"wp","href":"https:\/\/api.w.org\/{rel}","templated":true}]}}