{"id":1701,"date":"2021-04-07T02:48:25","date_gmt":"2021-04-07T02:48:25","guid":{"rendered":"https:\/\/ftd.cognihealth.in\/?page_id=1701"},"modified":"2023-02-17T21:01:20","modified_gmt":"2023-02-17T21:01:20","slug":"about","status":"publish","type":"page","link":"https:\/\/neurosymptoms.org\/sv_SE\/about\/","title":{"rendered":"Om"},"content":{"rendered":"\n<figure class=\"wp-block-image size-large is-resized\"><img loading=\"lazy\" src=\"\/wp-content\/uploads\/2022\/01\/a7ad8d7a-b235-4cac-b3c4-493b536c76be-758x1024.jpg\" alt=\"\" class=\"wp-image-5255\" width=\"363\" height=\"490\" srcset=\"https:\/\/neurosymptoms.org\/wp-content\/uploads\/2022\/01\/a7ad8d7a-b235-4cac-b3c4-493b536c76be-758x1024.jpg 758w, https:\/\/neurosymptoms.org\/wp-content\/uploads\/2022\/01\/a7ad8d7a-b235-4cac-b3c4-493b536c76be-222x300.jpg 222w, https:\/\/neurosymptoms.org\/wp-content\/uploads\/2022\/01\/a7ad8d7a-b235-4cac-b3c4-493b536c76be-768x1038.jpg 768w, https:\/\/neurosymptoms.org\/wp-content\/uploads\/2022\/01\/a7ad8d7a-b235-4cac-b3c4-493b536c76be-1137x1536.jpg 1137w, https:\/\/neurosymptoms.org\/wp-content\/uploads\/2022\/01\/a7ad8d7a-b235-4cac-b3c4-493b536c76be.jpg 1184w\" sizes=\"(max-width: 363px) 100vw, 363px\" \/><figcaption><em>Jon Stone&nbsp;(Professor)<br \/>MBChB FRCP PhD<br \/>Consultant Neurologist (NHS Lothian) &amp; Honorary Professor in Neurology (University of Edinburgh)<\/em><\/figcaption><\/figure>\n\n\n\n<p>Jon Stone startade denna hemsida 2009 f\u00f6r personer med funktionella neurologiska st\u00f6rningar och symtom (FNS). Stone \u00e4r neurolog i Edinburgh, Skottland och har varit involverad i forskning inom FNS-omr\u00e5det med Alan Carson i Edinburgh och andra kollegor runt om i Storbritannien och v\u00e4rlden sedan 1999. Deras forskning har mestadels handlat om att beskriva den kliniska bilden vid FNS och dess behandling. Jon Stone och hans kollegor drivs av en str\u00e4van att f\u00f6rb\u00e4ttra kunskap, f\u00f6rst\u00e5else och attityd kring funktionella symtom.&nbsp;<\/p>\n\n\n\n<p>Du kan l\u00e4sa mer om Jon Stones forskargrupp och deras <a href=\"https:\/\/www.ed.ac.uk\/profile\/prof-jon-stone\">publikationer<\/a> p\u00e5 universitetet p\u00e5 denna l\u00e4nk <a href=\"https:\/\/www.ed.ac.uk\/clinical-brain-sciences\/research\/diagnoses-disease-targets\/functional-disorders\">University of Edinburgh<\/a>.<\/p>\n\n\n\n<p>Jon Stones twittrar ofta om FNS p\u00e5 <a href=\"https:\/\/twitter.com\/jonstoneneuro\">@jonstoneneuro<\/a><\/p>\n\n\n\n<p>Jon \u00e4r \u00e4ven medgrundare, tillsammans med Mark Hallett och Alan Carson, till det internationella FNS-s\u00e4llskapet \u2013 <a href=\"http:\/\/www.fndsociety.org\/\">www.fndsociety.org<\/a> \u2013 som finns f\u00f6r att f\u00f6rb\u00e4ttra h\u00e4lso- och sjukv\u00e5rdspersonals kunskap och utbildning kring FNS<\/p>\n\n\n\n<p>Vi kan tyv\u00e4rr inte dela med oss av Jons eller v\u00e5ra mailadresser till patienter och hemsidan kan inte hantera h\u00e4nvisningar till v\u00e5rden. Vi h\u00e4nvisar till sjukv\u00e5rdsregionernas ordinarie v\u00e4gar att s\u00f6ka hj\u00e4lp. Vi hoppas att denna information kan vara till hj\u00e4lp f\u00f6r dig.<\/p>\n\n\n\n<h3><strong>Medf\u00f6rfattare<\/strong><\/h3>\n\n\n\n<p>Vi \u00e4r tacksamma f\u00f6r den stora och v\u00e4xande gemenskap av m\u00e4nniskor med FNS som tillsammans med v\u00e5rdpersonal engagerat driver utvecklingen f\u00f6r att f\u00f6rb\u00e4ttra v\u00e5r f\u00f6rst\u00e5else och behandling av FNS runt om i v\u00e4rlden.<\/p>\n\n\n\n<p>Personer som har skrivit material f\u00f6r denna hemsida tillsammans med Jon Stone:<\/p>\n\n\n\n<ul><li>Prof Alan Carson, Neuropsykiater, Royal Infirmary i Edinburgh<\/li><li>Dr Ingrid Hoeritzauer, Neurolog, Royal Infirmary i Edinburgh<\/li><li>Dr Laura McWhirter, Neuropsykiater, Royal Infirmary i Edinburgh<\/li><li>Clare Nicholson, Arbetsterapeut, National Hospital f\u00f6r neurologi och neurokirurgi, London<\/li><li>Jan Baker, Foniater, Flinders University, South Australia<\/li><li>Prof Isobel Heyman, Barn- och ungdomspsykiater, Great Ormond St, London<\/li><li>Dr Tammy Hedderley, Barnneurolog, St Thomas sjukhus, London<\/li><li>Dr Christos Ganos, Neurolog, Charite sjukhus, Berlin<\/li><li>Glenn Nielsen, Fysioterapeut, St Georges sjukhus, London<\/li><li>Dr Biba Stanton, Neurolog, Kings College sjukhus, London<\/li><\/ul>\n\n\n\n<h3><strong>Neurosymptoms.org \u2013 historia och  uppdatering<\/strong> 2022<\/h3>\n\n\n\n<p>Jon Stone startade denna hemsida 2009, frustrerad \u00f6ver att det inte fanns N\u00c5GON information f\u00f6r patienter med FNS p\u00e5 internet. Sedan dess har FNS-omr\u00e5det dramatiskt f\u00f6r\u00e4ndrats. Det finns nu patientorganisationer och FNS-s\u00e4llskap f\u00f6r h\u00e4lso- och sjukv\u00e5rdspersonal.<\/p>\n\n\n\n<p>Neurosymptoms anv\u00e4nds av runt 50 000 personer i m\u00e5naden runt om i v\u00e4rlden och rekommenderas ofta av h\u00e4lso- och sjukv\u00e5rdspersonal. Hemsidan \u00e4r ingen behandling f\u00f6r FNS <strong>i sig<\/strong>, det har visats i en <a href=\"https:\/\/n.neurology.org\/content\/95\/13\/e1883\/tab-article-info\">studie<\/a>, men vi hoppas p\u00e5 att det kan vara en bra startpunkt.&nbsp;<\/p>\n\n\n\n<p>Den gamla hemsidan, som s\u00e5g V\u00c4LDIGT gammal ut, fungerade ocks\u00e5 d\u00e5ligt att g\u00e5 in p\u00e5 med mobiltelefon. I oktober 2020 gjorde bidrag fr\u00e5n <a href=\"https:\/\/bit.ly\/3h34Da8\">Scottish Government Neurological Framework funding<\/a> det m\u00f6jligt f\u00f6r Jon Stone att arbeta med Pooja Jain och hennes team p\u00e5 CogniHealth f\u00f6r att f\u00f6rb\u00e4ttra hemsidan.&nbsp;<\/p>\n\n\n\n<p>Mycket av det nya inneh\u00e5llet har skrivits av Jon Stone tillsammans med kollegor. S\u00e4rskilt tack till (twitternamn) @AlanCarson15 @IngridHoeritza1 @lauramcw @BibaStanton @CNicholsonOT @ChristosGanos och m\u00e5nga andra som antingen bidragit till eller skrivit avsnitt.<\/p>\n\n\n\n<p>Tack ocks\u00e5 till de 434 personer som fyllde i en enk\u00e4t om hemsidan 2020 (65% personer med FNS, 24% sjukv\u00e5rdspersonal). Vi kan inte g\u00f6ra allt vi vill \u00e4nnu, men ni gav oss m\u00e5nga bra r\u00e5d.<\/p>\n\n\n\n<p>Om du inte gillar f\u00f6r\u00e4ndring (eller den nya hemsidan), ingen fara &#8211; den gamla hemsidan g\u00e5r fortfarande att tillg\u00e5 p\u00e5 <a href=\"http:\/\/old.neurosymptoms.org\/\">http:\/\/old.neurosymptoms.org\/<\/a>. Andra spr\u00e5kversioner av hemsidan n\u00e5s fortfarande via den l\u00e4nken, men kommer ocks\u00e5 att uppdateras efterhand.&nbsp;<\/p>\n\n\n\n<h3>S\u00e5 vad \u00e4r nytt?<\/h3>\n\n\n\n<p>Den nya \u201cSpara\/Rekommendera\u201d-knappen g\u00f6r det m\u00f6jligt f\u00f6r patienter eller sjukv\u00e5rdspersonal att hitta delar som de tycker \u00e4r anv\u00e4ndbara och dela dem. Titta efter SPARA-ikonen p\u00e5 hemsidan eller i appen. Via den kommer du till \u201cRekommendera\u201d-sidan s\u00e5 att du kan spara delar och sedan dela dem via e post\/airdrop\/whatsapp till den du vill.<\/p>\n\n\n\n<p>Som alltid \u00e4r denna hemsida och allt inneh\u00e5ll gratis. Vi g\u00f6r detta f\u00f6r att vi tror att det beh\u00f6vs och ingen annan anledning.&nbsp;<\/p>\n\n\n\n<p>Vi vill st\u00f6tta och bist\u00e5 andra FNS-organisationer och f\u00f6retr\u00e4dare f\u00f6r patientgruppen. Vi vill s\u00e4rskilt tipsa om appen MyFND (p\u00e5 engelska) som utvecklats av <a href=\"https:\/\/twitter.com\/chris_sym\">@chris_sym<\/a>. Den hj\u00e4lper patienter med FNS att f\u00f6lja sina symtom och inneh\u00e5ller tips om hur symtomen kan hanteras.<\/p>\n\n\n\n<p>Alla i FNS-gemenskapen bidrar med olika viktiga saker. Vi hoppas att du har hj\u00e4lp av den h\u00e4r hemsidan.<\/p>\n\n\n\n<p>Professor Jon Stone 28 juni 2021<\/p>\n\n\n\n<figure class=\"wp-block-image size-large is-resized\"><img loading=\"lazy\" src=\"https:\/\/pre-prod.neurosymptoms.org\/wp-content\/uploads\/2022\/02\/Svensk-flagga.jpg\" alt=\"\" class=\"wp-image-5918\" width=\"30\" height=\"20\" srcset=\"https:\/\/neurosymptoms.org\/wp-content\/uploads\/2022\/02\/Svensk-flagga.jpg 510w, https:\/\/neurosymptoms.org\/wp-content\/uploads\/2022\/02\/Svensk-flagga-300x200.jpg 300w\" sizes=\"(max-width: 30px) 100vw, 30px\" \/><\/figure>\n\n\n\n<p>Svensk kommentar:&nbsp;<\/p>\n\n\n\n<p>I Sverige \u00e4r Funktionella Neurologiska Symtom ett omr\u00e5de d\u00e4r sjukv\u00e5rden ligger l\u00e5ngt efter kunskapsl\u00e4get i forskning och litteratur. Under de senaste 10 \u00e5ren har dock utvecklingen g\u00e5tt \u00e5t ett h\u00e5ll med st\u00f6rre intresse och fler sjukv\u00e5rdsinstanser som arbetar fokuserat med patientgruppen.&nbsp;<\/p>\n\n\n\n<p>\u00d6vers\u00e4ttarna vill rikta ett stort tack till neurologen Michael Mazya som tog initiativ till och gjorde den f\u00f6rsta svenska \u00f6vers\u00e4ttningen tillsammans med psykologen Henrich Keselman p\u00e5 hemsidan www.funktionellasymptom.se. En del av deras \u00f6vers\u00e4ttningar finns kvar i denna nya version. Ett stort tack ocks\u00e5 till neurolog och psykiater Anders Lundin, som \u00e4r den genom \u00e5ren som bidragit mest till att lyfta fr\u00e5gor om FNS i Sverige.&nbsp;<\/p>\n\n\n\n<p>M\u00e5nga patienter beskriver hur viktig hemsidan www.funktionellasymptom.se har varit f\u00f6r att f\u00f6rst\u00e5 och b\u00e4ttre kunna hantera sina funktionella besv\u00e4r. V\u00e5r f\u00f6rhoppning \u00e4r att \u00f6vers\u00e4ttningen av Jon Stones nya hemsida ska kunna g\u00f6ra det \u00e4nnu l\u00e4ttare f\u00f6r patienter, n\u00e4rst\u00e5ende och sjukv\u00e5rdspersonal att f\u00f6rst\u00e5 tillst\u00e5nden och kunna komma fram till bra hj\u00e4lp.&nbsp;<\/p>\n\n\n\n<p>Sandra Hakkarainen &amp; Carl Sj\u00f6str\u00f6m mars 2022<\/p>\n","protected":false},"excerpt":{"rendered":"<p><!-- wp:image {\"id\":5255,\"width\":363,\"height\":490,\"sizeSlug\":\"large\"} --><\/p>\n<figure class=\"wp-block-image size-large is-resized\"><img loading=\"lazy\" width=\"758\" height=\"1024\" src=\"\/wp-content\/uploads\/2022\/01\/a7ad8d7a-b235-4cac-b3c4-493b536c76be-758x1024.jpg\" alt=\"\" class=\"wp-image-5255\" width...\n<\/p srcset=\"https:\/\/neurosymptoms.org\/wp-content\/uploads\/2022\/01\/a7ad8d7a-b235-4cac-b3c4-493b536c76be-758x1024.jpg 758w, https:\/\/neurosymptoms.org\/wp-content\/uploads\/2022\/01\/a7ad8d7a-b235-4cac-b3c4-493b536c76be-222x300.jpg 222w, https:\/\/neurosymptoms.org\/wp-content\/uploads\/2022\/01\/a7ad8d7a-b235-4cac-b3c4-493b536c76be-768x1038.jpg 768w, https:\/\/neurosymptoms.org\/wp-content\/uploads\/2022\/01\/a7ad8d7a-b235-4cac-b3c4-493b536c76be-1137x1536.jpg 1137w, https:\/\/neurosymptoms.org\/wp-content\/uploads\/2022\/01\/a7ad8d7a-b235-4cac-b3c4-493b536c76be.jpg 1184w\" sizes=\"(max-width: 758px) 100vw, 758px\" \/>\n","protected":false},"author":1,"featured_media":0,"parent":0,"menu_order":212,"comment_status":"closed","ping_status":"closed","template":"page-template\/news.php","meta":[],"_links":{"self":[{"href":"https:\/\/neurosymptoms.org\/sv_SE\/wp-json\/wp\/v2\/pages\/1701"}],"collection":[{"href":"https:\/\/neurosymptoms.org\/sv_SE\/wp-json\/wp\/v2\/pages"}],"about":[{"href":"https:\/\/neurosymptoms.org\/sv_SE\/wp-json\/wp\/v2\/types\/page"}],"author":[{"embeddable":true,"href":"https:\/\/neurosymptoms.org\/sv_SE\/wp-json\/wp\/v2\/users\/1"}],"replies":[{"embeddable":true,"href":"https:\/\/neurosymptoms.org\/sv_SE\/wp-json\/wp\/v2\/comments?post=1701"}],"version-history":[{"count":46,"href":"https:\/\/neurosymptoms.org\/sv_SE\/wp-json\/wp\/v2\/pages\/1701\/revisions"}],"predecessor-version":[{"id":13357,"href":"https:\/\/neurosymptoms.org\/sv_SE\/wp-json\/wp\/v2\/pages\/1701\/revisions\/13357"}],"wp:attachment":[{"href":"https:\/\/neurosymptoms.org\/sv_SE\/wp-json\/wp\/v2\/media?parent=1701"}],"curies":[{"name":"wp","href":"https:\/\/api.w.org\/{rel}","templated":true}]}}