{"id":1678,"date":"2021-04-08T13:30:47","date_gmt":"2021-04-08T13:30:47","guid":{"rendered":"https:\/\/ftd.cognihealth.in\/?page_id=1678"},"modified":"2023-01-03T22:09:19","modified_gmt":"2023-01-03T22:09:19","slug":"podcasts-radio-shows","status":"publish","type":"page","link":"https:\/\/neurosymptoms.org\/sv_SE\/media\/other-media\/podcasts-radio-shows\/","title":{"rendered":"Podcasts & Radioprogram"},"content":{"rendered":"\n<p>Nedan finns l\u00e4nkar till podcasts och radioprogram d\u00e4r FNS ber\u00f6rts.&nbsp;<\/p>\n\n\n\n<figure class=\"wp-block-image size-large is-resized\"><img loading=\"lazy\" src=\"https:\/\/pre-prod.neurosymptoms.org\/wp-content\/uploads\/2022\/02\/Svensk-flagga.jpg\" alt=\"\" class=\"wp-image-5918\" width=\"30\" height=\"20\" srcset=\"https:\/\/neurosymptoms.org\/wp-content\/uploads\/2022\/02\/Svensk-flagga.jpg 510w, https:\/\/neurosymptoms.org\/wp-content\/uploads\/2022\/02\/Svensk-flagga-300x200.jpg 300w\" sizes=\"(max-width: 30px) 100vw, 30px\" \/><\/figure>\n\n\n\n<p>Den svenska tr\u00e4nings- och rehabpodden <strong><a href=\"https:\/\/tyngre.se\/podcast\/tyngre-rehab\/\">Tyngre Rehab Podcast<\/a> <\/strong>gjorde 2021 tre podcastavsnitt om Funktionella tillst\u00e5nd.&nbsp;<\/p>\n\n\n\n<p><a href=\"https:\/\/podcasts.google.com\/feed\/aHR0cHM6Ly90eW5ncmVyZWhhYi5saWJzeW4uY29tL3Jzcw\/episode\/YmNmMDdmMTctY2YxNi00OTcwLTkzNzUtYzZiNTQzOTFhZTA1?hl=sv&amp;ved=2ahUKEwiguJ6fst71AhUnSfEDHStBBSIQjrkEegQIAhAL&amp;ep=6\">Tyngre Rehab &#8211; 137. Funktionella tillst\u00e5nd med Carl Sj\u00f6str\u00f6m \u2013 del 1&nbsp;<\/a><\/p>\n\n\n\n<p><a href=\"https:\/\/podcasts.google.com\/feed\/aHR0cHM6Ly90eW5ncmVyZWhhYi5saWJzeW4uY29tL3Jzcw\/episode\/Nzc3NTdiZTMtZDU3OS00MWJmLWI5ODQtYzNkZGIxYTc1NjU0?hl=sv&amp;ved=2ahUKEwiguJ6fst71AhUnSfEDHStBBSIQjrkEegQIAhAI&amp;ep=6\">Tyngre Rehab &#8211; 138. Funktionella tillst\u00e5nd med Carl Sj\u00f6str\u00f6m \u2013 del 2&nbsp;<\/a><\/p>\n\n\n\n<p><a href=\"https:\/\/podcasts.google.com\/feed\/aHR0cHM6Ly90eW5ncmVyZWhhYi5saWJzeW4uY29tL3Jzcw\/episode\/NzRmNmYxNjMtMWE5Ni00NGVjLTk4YTEtNDAyYjY1NjM5N2Q0?hl=sv&amp;ved=2ahUKEwiguJ6fst71AhUnSfEDHStBBSIQjrkEegQIAhAF&amp;ep=6\">Tyngre Rehab &#8211; 139. Funktionella tillst\u00e5nd med Carl Sj\u00f6str\u00f6m \u2013 del 3&nbsp;<\/a><\/p>\n\n\n\n<p><strong>BBC Radio 4<\/strong><\/p>\n\n\n\n<p>2013 gjordes ett <a href=\"https:\/\/www.bbc.co.uk\/programmes\/b01n65zl\">&nbsp;avsnitt av BBC Radio 4 Inside Health<\/a> som inneh\u00f6ll en del om Funktionella tillst\u00e5nd, med en intervju av Lucy, vars videos finns med p\u00e5 den h\u00e4r hemsidan.<\/p>\n\n\n\n<p><strong>Andra podcasts<\/strong><\/p>\n\n\n\n<p>H\u00e4r \u00e4r n\u00e5gra andra podcasts:<\/p>\n\n\n\n<p><a href=\"https:\/\/www.health.qld.gov.au\/news-events\/podcast\/my-amazing-body-the-brain-2.0\">The Brain 2.0 <\/a>\u2013 Alex Lehn, Neurolog i Brisbane, diskuterar FNS tillsammans med Christine som \u00e4r en patient han behandlat.<\/p>\n\n\n\n<p>Medicine360 \u2013 En podcast av Medicine360 som drivs av Bristol Medical School och leds av l\u00e4karstudenten Vinay Mandagere. I de h\u00e4r tv\u00e5 avsnitten utforskas FNS tillsammans med <a href=\"http:\/\/katyrosebennett.com\/\">Katy Rose Bennett<\/a>, en musiker med FNS.<\/p>\n\n\n\n<p><a href=\"\nhttps:\/\/soundcloud.com\/user-774005517\/funcional-neurological-disorder-part-1-common-yet-misunderstood\">Medicine360\n Part 1<\/a><\/p>\n\n\n\n<p><a href=\"https:\/\/soundcloud.com\/user-774005517\/functional-neurological-disorder-part-2-my-mind-is-on-fire\">Medicine360 Part 2<\/a><\/p>\n\n\n\n<p><a href=\"\nhttps:\/\/www.youtube.com\/watch?v=z2sjFFVWl5Q\">FNS\n och encefalit <\/a>\u2013 En videopod fr\u00e5n juni 2021 med Jon Stone, Tim Nicholson och Ava Easton fr\u00e5n The Encephalitis Society d\u00e4r vi utforskar FNS &#8211; s\u00e4rskilt \u00f6verlappningen mellan de h\u00e4r tv\u00e5 diagnoserna.&nbsp;<\/p>\n\n\n\n<p><a href=\"https:\/\/www.youtube.com\/watch?v=yY1yyIJv7NY\">FND Braincast \u2013 med Pospo <\/a>\u2013 En videopod med Jon Stone och Professor Alan Carson, som gjorts med Dr Sotiris Posporelis, Neuropsykiater och The Maudsley Hospital. Det h\u00e4r \u00e4r gjort f\u00f6r l\u00e4kare (i synnerhet psykiatrer), men kan vara av allm\u00e4nt intresse.<\/p>\n\n\n\n<p><\/p>\n","protected":false},"excerpt":{"rendered":"<p><!-- wp:paragraph --><\/p>\n<p>Nedan finns l\u00e4nkar till podcasts och radioprogram d\u00e4r FNS ber\u00f6rts.&nbsp;<\/p>\n<p><!-- \/wp:paragraph --><\/p>\n<p><!-- wp:image {\"id\":5918,\"width\":30,\"height\":20,\"sizeSlug\":\"large\"} --><\/p>\n<figure class=\"wp-block-image size-large is-resized\"... \n\n","protected":false},"author":1,"featured_media":0,"parent":1273,"menu_order":194,"comment_status":"closed","ping_status":"closed","template":"page-template\/symptom-details-page-template.php","meta":[],"_links":{"self":[{"href":"https:\/\/neurosymptoms.org\/sv_SE\/wp-json\/wp\/v2\/pages\/1678"}],"collection":[{"href":"https:\/\/neurosymptoms.org\/sv_SE\/wp-json\/wp\/v2\/pages"}],"about":[{"href":"https:\/\/neurosymptoms.org\/sv_SE\/wp-json\/wp\/v2\/types\/page"}],"author":[{"embeddable":true,"href":"https:\/\/neurosymptoms.org\/sv_SE\/wp-json\/wp\/v2\/users\/1"}],"replies":[{"embeddable":true,"href":"https:\/\/neurosymptoms.org\/sv_SE\/wp-json\/wp\/v2\/comments?post=1678"}],"version-history":[{"count":36,"href":"https:\/\/neurosymptoms.org\/sv_SE\/wp-json\/wp\/v2\/pages\/1678\/revisions"}],"predecessor-version":[{"id":11797,"href":"https:\/\/neurosymptoms.org\/sv_SE\/wp-json\/wp\/v2\/pages\/1678\/revisions\/11797"}],"up":[{"embeddable":true,"href":"https:\/\/neurosymptoms.org\/sv_SE\/wp-json\/wp\/v2\/pages\/1273"}],"wp:attachment":[{"href":"https:\/\/neurosymptoms.org\/sv_SE\/wp-json\/wp\/v2\/media?parent=1678"}],"curies":[{"name":"wp","href":"https:\/\/api.w.org\/{rel}","templated":true}]}}