{"id":1606,"date":"2021-03-24T11:56:11","date_gmt":"2021-03-24T11:56:11","guid":{"rendered":"https:\/\/ftd.cognihealth.in\/?page_id=1606"},"modified":"2022-03-05T13:53:40","modified_gmt":"2022-03-05T13:53:40","slug":"lorettas-story","status":"publish","type":"page","link":"https:\/\/neurosymptoms.org\/sv_SE\/stories\/functional-limb-weakness-pain\/lorettas-story\/","title":{"rendered":"Lorettas ber\u00e4ttelse"},"content":{"rendered":"\n<p><em>Loretta beskriver symtom med bensvaghet och domningar som f\u00f6rv\u00e4rrades under 18 m\u00e5nader. Hon beskriver sv\u00e5righeter att hitta sjukv\u00e5rdspersonal som kunde erbjuda f\u00f6rst\u00e5else eller hopp. P\u00e5 senare tid har hon utvecklat bl\u00e5sproblem.<\/em><\/p>\n\n\n\n<p>Jag trodde att det gick bra f\u00f6r mig, sade jag till min chef. Han sade att om ett till ett och ett halvt \u00e5r kunde jag vara redo f\u00f6r befordran, men inte nu. Jag var v\u00e4ldigt uppr\u00f6rd, l\u00e4mnade jobbet och \u00e5kte hem, sent igen. Jag var verkligen uppr\u00f6rd, och min man m\u00e4rkte det p\u00e5 mig.<\/p>\n\n\n\n<p>Den natten vaknade jag och kunde inte k\u00e4nna mitt v\u00e4nstra ben; jag m\u00e5ste ha sovit konstigt p\u00e5 det, jag gick p\u00e5 toaletten och gick och lade mig igen. P\u00e5 morgonen vaknade jag och hela min v\u00e4nstra sida hade slutat fungera, mitt ben, arm, hand och halva ansiktet hade slutat att fungera.<\/p>\n\n\n\n<p>Hur som helst s\u00e5 hade jag mycket att g\u00f6ra p\u00e5 jobbet och var tvungen att \u00e5ka in. Jag \u00e5kte till jobbet och min man fick k\u00f6ra mig eftersom jag inte kunde k\u00f6ra sj\u00e4lv, och jag ringde och bokade en tid hos min allm\u00e4nl\u00e4kare senare. N\u00e4r min chef kom in tittade han p\u00e5 mig och sade \u201cVad g\u00f6r du h\u00e4r? \u00c5k hem, du m\u00e5r inte bra\u201d, och skickade hem mig.<\/p>\n\n\n\n<p>Jag trodde bara att jag hade f\u00e5tt ett virus eller n\u00e5got, men min allm\u00e4nl\u00e4kare skickade in mig direkt till sjukhuset. Jag b\u00f6rjade bli lite orolig. P\u00e5 akutmottagningen tog de direkt in mig, och b\u00f6rjade sedan prata om stroke. Jag t\u00e4nkte att det kan inte st\u00e4mma att jag hade f\u00e5tt en stroke?<\/p>\n\n\n\n<p>De tog i vilket fall blodprover och flyttade mig till en v\u00e5rdavdelning, och klockan 3 p\u00e5 morgonen v\u00e4ntade jag fortfarande p\u00e5 att l\u00e4karen skulle komma och tr\u00e4ffa mig. N\u00e4r de slutligen ber\u00e4ttade att de trodde att jag hade f\u00e5tt en stroke kunde jag inte tro p\u00e5 det. Under de kommande veckorna gjordes alla tester som fanns, en MRT, en CT, ett test av visual evoked potentials (VEP).<\/p>\n\n\n\n<p>Sedan efter 6 veckor hade jag k\u00e4nsel i min arm, men mitt v\u00e4nstra ben fungerade fortfarande inte. Sedan b\u00f6rjade de verkliga problemen. Jag kunde ha vissa dagar d\u00e5 b\u00e5da mina ben var helt stela. Min h\u00f6gra arm fungerade bara inte, 2 dagar i veckan, och jag kunde inte skriva eller h\u00e5lla i en penna. Jag kunde inte g\u00e5 l\u00e5ngt alls, och var helt fast hemma.<\/p>\n\n\n\n<p>Alla unders\u00f6kningar var normala, och ingen kunde hitta n\u00e5got fel. Det var d\u00e5 l\u00e4karen som tr\u00e4ffade mig p\u00e5 strokeavdelningen best\u00e4mde att jag beh\u00f6vde tr\u00e4ffa den neurolog som kommer till mitt lokala sjukhus en dag i veckan. Jag v\u00e4ntade p\u00e5 att f\u00e5 tr\u00e4ffa den man som skulle g\u00f6ra mig b\u00e4ttre, t\u00e4nkte jag. N\u00e4r han sedan kom gjorde han flera unders\u00f6kningar och satte sig sedan med min man, mamma och pappa f\u00f6r att ber\u00e4tta att han hade sett det f\u00f6rut, du har en funktionell g\u00e5ngrubbning. \u00c4ntligen n\u00e5gon som kunde f\u00e5 mig att bli b\u00e4ttre.<\/p>\n\n\n\n<p>Sedan sade han \u201cDet sitter i huvudet\u201d. Jag sade \u201cVa, s\u00e5 jag hittar p\u00e5 allt det h\u00e4r, jag hittar p\u00e5 att jag inte kan g\u00e5, att jag inte kan k\u00e4nna mina ben\u201d?\u201d Han sade \u201cnej, jag s\u00e4ger inte det men det \u00e4r n\u00e5got i ditt huvud som hindrar dig &#8211; vi m\u00e5ste titta p\u00e5 vad du har varit med om som kan har orsakat detta\u201d. Jag satt d\u00e4r n\u00e4r familjen och l\u00e4karen hade g\u00e5tt och bara snyftade och gr\u00e4t. Hur kan jag bli b\u00e4ttre fr\u00e5n n\u00e5got som jag inte ens vet hur jag kan f\u00f6rst\u00e5?<\/p>\n\n\n\n<p>M\u00e5nader kom och gick, fysioterapeuten b\u00f6rjade hemma och jag fick distanser jag skulle klara av genom att anv\u00e4nda en g\u00e5ngst\u00e4llning, jag s\u00e5g ut som 90, inte 35! Jag kunde g\u00e5 5 meter l\u00e5ngsamt, i 20 minuter, och bygga p\u00e5 det sedan. Jag gick och simmade, och jag sk\u00e4mtade med mina kollegor om att jag skulle m\u00e5 bra om jag kunde leva i vatten, eftersom jag kunde k\u00e4nna mina ben i vattnet!<\/p>\n\n\n\n<p>Varken mIn allm\u00e4nl\u00e4kare eller n\u00e5gon annan l\u00e4kare p\u00e5 min v\u00e5rdcentral hade h\u00f6rt talas om FNS (Funktionell neurologisk symtomst\u00f6rning). Sedan h\u00e4nde n\u00e5got annat, som om hela min kroppen upp till hakan hade blivit stel, ingen visste vad de skulle g\u00f6ra. S\u00e5 jag fick tabletter f\u00f6r min ryggsm\u00e4rta, tabletter f\u00f6r mina muskler, tabletter f\u00f6r depressionen, och tabletter f\u00f6r sm\u00e4rtan etc &#8211; 26 tabletter per dag!<\/p>\n\n\n\n<p>En ung allm\u00e4nl\u00e4kare som jag tr\u00e4ffade en g\u00e5ng sa till mig \u201cnu har du det h\u00e4r, jag vet inte vad du vill ha fr\u00e5n mig\u201d, \u201cdet sitter i ditt huvud &#8211; det finns inget jag kan g\u00f6ra f\u00f6r dig\u201d. Jag satt d\u00e4r och gr\u00e4t och gr\u00e4t, tack och lov kom min mamma in till mig, kom igen Loretta, bli inte uppr\u00f6rd men vad skulle jag kunna g\u00f6ra eftersom jag gick fr\u00e5n v\u00e5rdcentralen \u00e4nnu en g\u00e5ng utan svar.<\/p>\n\n\n\n<p>Sedan 8 m\u00e5nader efter att mitt tillst\u00e5nd hade b\u00f6rjat f\u00f6rsvann min bl\u00e5sa, jag kunde inte k\u00e4nna n\u00e5gonting n\u00e4r jag gick p\u00e5 toa. Jag hade slutligen f\u00f6rlorat all den kontroll jag hade kvar. Min stackars man, som hade en halvt fungerande fru, f\u00f6rlorade resten av mig eftersom vi inte l\u00e4ngre kunde ha en \u201cromantisk\u201d stund, om du f\u00f6rst\u00e5r vad jag menar.&nbsp;<\/p>\n\n\n\n<p>Sedan, ett \u00e5r efter att det h\u00e4r hemska tillst\u00e5ndet b\u00f6rjat, fick jag tr\u00e4ffa ett psykiatriskt team, och pratade igenom mina problem, tittade p\u00e5 mitt liv, och f\u00f6r\u00e4ndrade det som var fel som att ha tid f\u00f6r mig sj\u00e4lv och inte arbeta alla dygnets timmar. Jag tog ocks\u00e5 tid med familjen, n\u00e5got vi inte riktigt hade haft innan jag blev sjuk.<\/p>\n\n\n\n<p>Nu \u00e4r det 14 m\u00e5nader sedan jag blev d\u00e5lig. Jag kan inte k\u00f6ra, jag har precis klivit av min chefsroll eftersom jag beh\u00f6ver l\u00e4gga tid p\u00e5 att bli b\u00e4ttre, jag tar taxi till och fr\u00e5n jobbet och min man m\u00e5ste kl\u00e4 p\u00e5 mig vissa morgnar eftersom jag inte ens kan f\u00e5 p\u00e5 mig min beh\u00e5 med bara en hand.&nbsp;<\/p>\n\n\n\n<p>Det h\u00e4nder enstaka olyckor med min bl\u00e5sa, men mediciner hj\u00e4lper om jag f\u00f6rs\u00f6ker g\u00e5 p\u00e5 toa varje timme. Jag v\u00e4ntar nu p\u00e5 att f\u00e5 tr\u00e4ffa en neuropsykolog f\u00f6r att se om det g\u00e5r att hitta n\u00e5gra fler v\u00e4gar till f\u00f6rb\u00e4ttring. Den nya neurologen, jag har tr\u00e4ffat 4 olika neurologer totalt f\u00f6r att f\u00e5 \u201csecond, third och fourth\u201d18 m\u00e5nader till 2 \u00e5r.&nbsp;<\/p>\n\n\n\n<p>Nu har jag problem med min g\u00e5ng, problem med mina h\u00e4nder, muskler som inte fungerar, sm\u00e4rta i ryggen, migr\u00e4n, bl\u00e5skontrollen, och sm\u00e4rta i mina ben f\u00f6r det mesta. Jag kan bara hoppas och be om att det h\u00e4r tillst\u00e5ndet f\u00e5r den kunskap som beh\u00f6vs och f\u00f6rs\u00f6ker f\u00e5 s\u00e5 mycket hj\u00e4lp det g\u00e5r.&nbsp;<\/p>\n\n\n\n<p>Jag kan f\u00e5 en handikappbil f\u00f6r att jag ska kunna komma ut ur huset p\u00e5 egen hand och f\u00f6rhoppningsvis f\u00e5 tillbaka min sj\u00e4lvst\u00e4ndighet. Jag har en handikappscooter och en rullstol som jag kan anv\u00e4nda och de har blivit mina b\u00e4sta v\u00e4nner.&nbsp;<\/p>\n\n\n\n<p>S\u00e5 det h\u00e4r \u00e4r min ber\u00e4ttelse, jag hoppas bara att du som l\u00e4ser det h\u00e4r och g\u00e5r igenom den h\u00e4r mardr\u00f6mmen, jag bara hoppas och ber att du och jag ska bli b\u00e4ttre igen en dag.<\/p>\n\n\n\n<p><em><strong>Kommentar av Jon Stone<\/strong>: Tack Loretta f\u00f6r att du delar med dig av din ber\u00e4ttelse, som illustrerar hur f\u00f6rbryllande och handikappande de h\u00e4r symtomen kan vara. \u00c4ven om l\u00e4karen i den h\u00e4r ber\u00e4ttelsen sade att Funktionell g\u00e5ngrubbning \u201csitter i huvudet\u201d, s\u00e5 b\u00f6r den som l\u00e4ser den h\u00e4r ber\u00e4ttelsen l\u00e4sa igenom hemsidan noggrant f\u00f6r att f\u00f6rst\u00e5 att det inte \u00e4r s\u00e5 forskare inom omr\u00e5det ser p\u00e5 tillst\u00e5ndet. Psykologiska faktorer kan vara viktiga, men det g\u00e5r inte alltid att identifiera stress vid tidpunkten n\u00e4r symtomen b\u00f6rjar. Fysisk behandling kombinerat med en bra f\u00f6rst\u00e5else f\u00f6r tillst\u00e5ndet har ofta lika mycket eller mer att ge en patient med r\u00f6rlighetsproblem.<\/em><\/p>\n","protected":false},"excerpt":{"rendered":"<p>Loretta beskriver funktionell svaghet och multipla symtom.<\/p>\n","protected":false},"author":1,"featured_media":0,"parent":1465,"menu_order":230,"comment_status":"closed","ping_status":"closed","template":"page-template\/story-details-page-template.php","meta":[],"_links":{"self":[{"href":"https:\/\/neurosymptoms.org\/sv_SE\/wp-json\/wp\/v2\/pages\/1606"}],"collection":[{"href":"https:\/\/neurosymptoms.org\/sv_SE\/wp-json\/wp\/v2\/pages"}],"about":[{"href":"https:\/\/neurosymptoms.org\/sv_SE\/wp-json\/wp\/v2\/types\/page"}],"author":[{"embeddable":true,"href":"https:\/\/neurosymptoms.org\/sv_SE\/wp-json\/wp\/v2\/users\/1"}],"replies":[{"embeddable":true,"href":"https:\/\/neurosymptoms.org\/sv_SE\/wp-json\/wp\/v2\/comments?post=1606"}],"version-history":[{"count":10,"href":"https:\/\/neurosymptoms.org\/sv_SE\/wp-json\/wp\/v2\/pages\/1606\/revisions"}],"predecessor-version":[{"id":7021,"href":"https:\/\/neurosymptoms.org\/sv_SE\/wp-json\/wp\/v2\/pages\/1606\/revisions\/7021"}],"up":[{"embeddable":true,"href":"https:\/\/neurosymptoms.org\/sv_SE\/wp-json\/wp\/v2\/pages\/1465"}],"wp:attachment":[{"href":"https:\/\/neurosymptoms.org\/sv_SE\/wp-json\/wp\/v2\/media?parent=1606"}],"curies":[{"name":"wp","href":"https:\/\/api.w.org\/{rel}","templated":true}]}}