{"id":1604,"date":"2021-03-24T11:16:13","date_gmt":"2021-03-24T11:16:13","guid":{"rendered":"https:\/\/ftd.cognihealth.in\/?page_id=1604"},"modified":"2022-03-21T19:42:20","modified_gmt":"2022-03-21T19:42:20","slug":"hazels-story","status":"publish","type":"page","link":"https:\/\/neurosymptoms.org\/sv_SE\/stories\/functional-limb-weakness-pain\/hazels-story\/","title":{"rendered":"Hazels ber\u00e4ttelse"},"content":{"rendered":"\n<p><em>Hazels ber\u00e4ttelse visar att det \u00e4r m\u00f6jligt att tillfriskna fr\u00e5n Complex regional pain syndrome (CRPS). Hazel beskriver hur f\u00f6rst\u00e5else f\u00f6r att problemet satt i hj\u00e4rnan och nervsystemet, snarare \u00e4n ett hennes hand var skadad, tillsammans med r\u00e4tt fysioterapi och stor beslutsamhet var nyckelingredienser i hennes tillfrisknande.&nbsp;<\/em><\/p>\n\n\n\n<p>F\u00f6r ungef\u00e4r 7 \u00e5r sedan hade jag karpaltunnelsyndrom i min h\u00f6gra hand. Efter att jag opererats b\u00f6rjade min hand svullna och jag fick en intensiv br\u00e4nnande sm\u00e4rta. Jag kom tillbaka till sjukhuset och fick diagnosen Complex Regional Pain Syndrome (CRPS). Det oroade mig mycket eftersom jag aldrig hade h\u00f6rt talas om tillst\u00e5ndet f\u00f6rut.&nbsp; Man sade d\u00e5 \u201cuse it or lose it\u201d och r\u00e5ddes att b\u00f6rja med intensiv fysioterapi. Under ungef\u00e4r 6 m\u00e5nader gjorde jag intensiv fysioterapi men tillst\u00e5ndet verkade inte f\u00f6rb\u00e4ttras, inte heller f\u00f6rs\u00e4mras.<\/p>\n\n\n\n<p>Jag blev remitterad till en sm\u00e4rtklinik och jag fick n\u00e5gra sm\u00e4rtblockader. N\u00e5got jag m\u00e4rkte var att stress inte gjorde saken b\u00e4ttre. Tillst\u00e5ndet var helt nytt f\u00f6r mig, och \u00e4ven om jag l\u00e4ste om det f\u00f6rstod jag det fortfarande inte fullt ut. \u00c4ven om jag var medveten om att stress inte hj\u00e4lpte, s\u00e5 var det i min v\u00e4rld ett problem som r\u00f6rde min hand. Under n\u00e5gra \u00e5r \u00e5kte jag in och ut p\u00e5 sjukhus d\u00e4r jag fick fysioterapi och ganglionblockader vilket hj\u00e4lpte ett kort tag. Jag kunde f\u00e5 sm\u00e5 f\u00f6nster av l\u00e4ttnad s\u00e5 att jag kunde r\u00f6ra min hand. Min hand och handled k\u00e4ndes alltid stel och den br\u00e4nnande sm\u00e4rtan blossade upp i perioder.&nbsp;<\/p>\n\n\n\n<p>F\u00f6r tre \u00e5r sedan arbetade jag deltid, jag ramlade och slog skuldra och nacke; detta v\u00e4ckte upp min CRPS. Min hand svullnade mer och den br\u00e4nnande sm\u00e4rtan var intensiv. Jag hade kunnat hantera sm\u00e4rtan innan det h\u00e4och fick n\u00e5gra fler ganglionblockader. Han rekommenderade intensiv fysioterapi.<\/p>\n\n\n\n<p>Jag gick i fysioterapi i 18 m\u00e5nader. Under den h\u00e4r tiden fick jag ocks\u00e5 remiss till bass\u00e4ngtr\u00e4ning och jag m\u00e4rkte en stor skillnad i mitt tillst\u00e5nd. Jag satte upp en spegel s\u00e5 att jag flera g\u00e5nger per dag kunde g\u00f6ra r\u00f6relser med min friska v\u00e4nstra hand. Det kunde vara att vrida handleden och knyta n\u00e4ven. Jag klippte ut bilder fr\u00e5n tidningar f\u00f6r att avg\u00f6ra om det var h\u00f6ger eller v\u00e4nster hand.<\/p>\n\n\n\n<p>I maj 2011 tror jag att den st\u00f6rsta hj\u00e4lpen var n\u00e4r jag fick min hund, en Belgian Shepherd. Natt efter natt kunde jag klappa henne med min h\u00f6gra hand, inte h\u00e5rt utan bara mjuka r\u00f6relser. Att g\u00e5 promenader och tr\u00e4na henne gav mig en anledning att forts\u00e4tta att vara aktiv. Den h\u00e4r g\u00e5ngen hade jag best\u00e4mt mig f\u00f6r att pressa mig genom sm\u00e4rtgr\u00e4nserna. Runt den h\u00e4r tiden f\u00f6r\u00e4ndrade jag ocks\u00e5 hela mitt s\u00e4tt att t\u00e4nka. Medan jag tidigare trodde att det m\u00e5ste finnas n\u00e5gon slags skada i handen, trodde jag nu p\u00e5 att jag hade en v\u00e4lfungerande hand och jag var inte beredd att f\u00f6rlora den.<\/p>\n\n\n\n<p>N\u00e4r jag tr\u00e4ffade min neurolog r\u00e5dde han mig att bryta igenom den h\u00e4r sm\u00e4rtgr\u00e4nsen och l\u00e4sa igenom information om l\u00e5ngvarig sm\u00e4rta.<\/p>\n\n\n\n<p>MIn tolkning av CRPS nu \u00e4r att problemen sitter i hj\u00e4rnan, inte i armen eller handen (vilket jag trodde l\u00e4nge). Tillst\u00e5ndet \u00e4r n\u00e5got kraftfullt, men min ber\u00e4ttelse bekr\u00e4ftar att med r\u00e4tt st\u00f6d fr\u00e5n medicinska experter kan CRPS besegras.<\/p>\n\n\n\n<p>Mina r\u00e5d till personer som har det h\u00e4r f\u00f6rsvagande tillst\u00e5ndet \u00e4r att h\u00e5lla sinnet \u00f6ppet kring vad som orsakar det, att \u00e5teruppta n\u00e5gon form av fysisk aktivitet, att h\u00e5lla ned stressniv\u00e5n och prova en ny hobby f\u00f6r att p\u00e5 s\u00e5 s\u00e4tt distrahera sm\u00e4rtan.<\/p>\n\n\n\n<p>Jag var tvungen att arbeta h\u00e5rt f\u00f6r att f\u00f6rb\u00e4ttras i mina symtom. Jag tror inte att det skulle ha varit m\u00f6jligt utan en ordentlig f\u00f6rst\u00e5else av tillst\u00e5ndet, allt arbete jag lade ned i det och st\u00f6det fr\u00e5n min fysioterapeut.<\/p>\n\n\n\n<p>Jag har nu ingen sm\u00e4rta alls i min h\u00f6gra hand och jag kan anv\u00e4nda den till allt jag vill, \u00e4ven fast jag hade symtom i sju \u00e5r.<\/p>\n\n\n\n<p>Jag hoppas att detta hj\u00e4lper personer med CRPS att k\u00e4nna lite hopp om att deras symtom kan f\u00f6rb\u00e4ttras.<\/p>\n","protected":false},"excerpt":{"rendered":"<p>Hazels ber\u00e4ttelse om Complex regional pain syndrome (CRPS)  i 7 \u00e5r med helt tillfrisknande.<\/p>\n","protected":false},"author":1,"featured_media":0,"parent":1465,"menu_order":226,"comment_status":"closed","ping_status":"closed","template":"page-template\/story-details-page-template.php","meta":[],"_links":{"self":[{"href":"https:\/\/neurosymptoms.org\/sv_SE\/wp-json\/wp\/v2\/pages\/1604"}],"collection":[{"href":"https:\/\/neurosymptoms.org\/sv_SE\/wp-json\/wp\/v2\/pages"}],"about":[{"href":"https:\/\/neurosymptoms.org\/sv_SE\/wp-json\/wp\/v2\/types\/page"}],"author":[{"embeddable":true,"href":"https:\/\/neurosymptoms.org\/sv_SE\/wp-json\/wp\/v2\/users\/1"}],"replies":[{"embeddable":true,"href":"https:\/\/neurosymptoms.org\/sv_SE\/wp-json\/wp\/v2\/comments?post=1604"}],"version-history":[{"count":11,"href":"https:\/\/neurosymptoms.org\/sv_SE\/wp-json\/wp\/v2\/pages\/1604\/revisions"}],"predecessor-version":[{"id":7385,"href":"https:\/\/neurosymptoms.org\/sv_SE\/wp-json\/wp\/v2\/pages\/1604\/revisions\/7385"}],"up":[{"embeddable":true,"href":"https:\/\/neurosymptoms.org\/sv_SE\/wp-json\/wp\/v2\/pages\/1465"}],"wp:attachment":[{"href":"https:\/\/neurosymptoms.org\/sv_SE\/wp-json\/wp\/v2\/media?parent=1604"}],"curies":[{"name":"wp","href":"https:\/\/api.w.org\/{rel}","templated":true}]}}