{"id":1586,"date":"2021-03-23T16:29:04","date_gmt":"2021-03-23T16:29:04","guid":{"rendered":"https:\/\/ftd.cognihealth.in\/?page_id=1586"},"modified":"2022-03-21T20:01:15","modified_gmt":"2022-03-21T20:01:15","slug":"rodneys-story","status":"publish","type":"page","link":"https:\/\/neurosymptoms.org\/sv_SE\/stories\/functional-movement-disorders\/rodneys-story\/","title":{"rendered":"Rodneys ber\u00e4ttelse"},"content":{"rendered":"\n<p><em>Rodney beskriver hur en hj\u00e4rtsjukdom triggade hans funktionella g\u00e5ngrubbning. Till slut fick han en diagnos och en f\u00f6rklaring som gjorde att han kunde f\u00e5 nytta av fysioterapi.<\/em><\/p>\n\n\n\n<p>I mitten av 2015 fick jag tre perioder med ett nytt hj\u00e4rtproblem (F\u00f6rmaksflimmer). Det tog tid och kr\u00e4vde flera olika l\u00e4kemedel, men f\u00f6rmaksflimret har nu stabiliserats.<\/p>\n\n\n\n<p>Det som dr\u00f6jde sig kvar av den h\u00e4r sjukdomen var l\u00e5ngvarig sm\u00e4rta och inskr\u00e4nkt r\u00f6rlighet. Jag tyckte att det var s\u00e4rskilt sv\u00e5rt att g\u00e5 i l\u00e5nga sluttningar eller i trappor med fler \u00e4n 5 trappsteg. Min fru, som har progressiv MS och g\u00e5r med k\u00e4pp, kunde ofta ta sig runt b\u00e4ttre \u00e4n jag.<\/p>\n\n\n\n<p>Under tv\u00e5 \u00e5r genomgick jag en v\u00e4ldigt l\u00e5ng lista av unders\u00f6kningar och fick diagnos p\u00e5 vitt skilda och f\u00e4rgstarka diagnoser. Vissa unders\u00f6kningar var ganska invasiva som nervledningstest och muskelbiopsi. Efter den v\u00e4ldigt stora biopsin fr\u00e5n armen hade jag ont i n\u00e4stan ett \u00e5r. I vilket fall visade unders\u00f6kningarna alltid samma sak &#8211; inga av de konstiga och f\u00e4rgstarka diagnoserna kunde bekr\u00e4ftas av alla blodprover, antikroppsunders\u00f6kningar och annat.<\/p>\n\n\n\n<p>Topparna och dalarna blev sv\u00e5ra att hantera &#8211; f\u00f6rst tror de att du har n\u00e5nting, sedan &#8211; nej, det finns inget st\u00f6d f\u00f6r det &#8211; s\u00e5 tillbaka p\u00e5 ruta ett.<\/p>\n\n\n\n<p>Jag \u00e4r inte s\u00e4ker p\u00e5 hur och varf\u00f6r jag remitterades till min sista neurolog, men efter en l\u00e5ng och noggrann unders\u00f6kning kom han fram till att jag hade en Funktionell g\u00e5ngst\u00f6rning. Hemsidan han visade mig var mitt i prick, och gav mig \u00e4ntligen ett hopp om att vi hade kommit fram till vilken sjukdom jag hade och kanske en behandling. \u00c4nnu en irriterande v\u00e4ntetid, men jag fick ett datum f\u00f6r att p\u00e5b\u00f6rja fysioterapi vid hans suver\u00e4na fysioteam.<\/p>\n\n\n\n<p>N\u00e4sta sak \u00e4r sv\u00e5r att s\u00e4tta ord p\u00e5, men redan efter tv\u00e5 timmars fysioterapi var jag p\u00e5 b\u00e4ttringsv\u00e4gen. Det var s\u00e4ttet jag gick p\u00e5, r\u00f6rde mig och till och med reste mig fr\u00e5n en stol som beh\u00f6vde \u00e4ndras. Det \u00e4r helt fantastiskt att f\u00e5 mitt gamla liv tillbaka. Jag \u00e4r v\u00e4ldigt mycket en lekman, men det verkar som att bara mina egna signaler till hj\u00e4rnan \u00e4ndras lite grann, s\u00e5 kommer de r\u00e4tta signalerna nu fram.<\/p>\n\n\n\n<p>Jag har just haft det som kan vara mitt sista m\u00f6te med min neurolog. Han har gjort det tydligt att det kan komma upp- och nedg\u00e5ngar, men vilken fantastisk skillnad.<\/p>\n\n\n\n<p>S\u00e5 det var min ber\u00e4ttelse f\u00f6r att leta v\u00e4rlden veta att det finns alltid hopp, du beh\u00f6ver bara tr\u00e4ffa r\u00e4tt personer.<\/p>\n\n\n\n<p>Rodney<\/p>\n","protected":false},"excerpt":{"rendered":"<p>Rodneys ber\u00e4ttelse om funktionell g\u00e5ngrubbning.<\/p>\n","protected":false},"author":1,"featured_media":0,"parent":1463,"menu_order":248,"comment_status":"closed","ping_status":"closed","template":"page-template\/story-details-page-template.php","meta":[],"_links":{"self":[{"href":"https:\/\/neurosymptoms.org\/sv_SE\/wp-json\/wp\/v2\/pages\/1586"}],"collection":[{"href":"https:\/\/neurosymptoms.org\/sv_SE\/wp-json\/wp\/v2\/pages"}],"about":[{"href":"https:\/\/neurosymptoms.org\/sv_SE\/wp-json\/wp\/v2\/types\/page"}],"author":[{"embeddable":true,"href":"https:\/\/neurosymptoms.org\/sv_SE\/wp-json\/wp\/v2\/users\/1"}],"replies":[{"embeddable":true,"href":"https:\/\/neurosymptoms.org\/sv_SE\/wp-json\/wp\/v2\/comments?post=1586"}],"version-history":[{"count":10,"href":"https:\/\/neurosymptoms.org\/sv_SE\/wp-json\/wp\/v2\/pages\/1586\/revisions"}],"predecessor-version":[{"id":7395,"href":"https:\/\/neurosymptoms.org\/sv_SE\/wp-json\/wp\/v2\/pages\/1586\/revisions\/7395"}],"up":[{"embeddable":true,"href":"https:\/\/neurosymptoms.org\/sv_SE\/wp-json\/wp\/v2\/pages\/1463"}],"wp:attachment":[{"href":"https:\/\/neurosymptoms.org\/sv_SE\/wp-json\/wp\/v2\/media?parent=1586"}],"curies":[{"name":"wp","href":"https:\/\/api.w.org\/{rel}","templated":true}]}}