{"id":1582,"date":"2021-03-23T16:22:30","date_gmt":"2021-03-23T16:22:30","guid":{"rendered":"https:\/\/ftd.cognihealth.in\/?page_id=1582"},"modified":"2022-03-21T20:00:43","modified_gmt":"2022-03-21T20:00:43","slug":"matthews-story","status":"publish","type":"page","link":"https:\/\/neurosymptoms.org\/sv_SE\/stories\/functional-movement-disorders\/matthews-story\/","title":{"rendered":"Matthews ber\u00e4ttelse (brev till Jon Stone)"},"content":{"rendered":"\n<p><em>Matthews korta ber\u00e4ttelse f\u00f6rklarar hur r\u00e4tt diagnos och f\u00f6rklaring, \u00e4ven efter en l\u00e5ng tids symtom, kan leda till en f\u00f6rb\u00e4ttring som kan f\u00f6rv\u00e5na b\u00e5de patienten och l\u00e4karen.&nbsp;<\/em><\/p>\n\n\n\n<p>Jag heter Matthew, \u00e4r 53 \u00e5r och bor i USA. Under n\u00e4stan 10 \u00e5r hade jag anfallsliknande symtom som k\u00e4ndes som att jag fick en stark st\u00f6t. Efterhand \u00f6kade de tills det h\u00f6nde flera hundra g\u00e5nger per dag, och det var n\u00e4stan om\u00f6jligt f\u00f6r mig att sova. Jag tr\u00e4ffade 9 stycken utbildade neurologer d\u00e4r jag bor, och gjorde fler MRT-unders\u00f6kningar, EEG:n, s\u00f6mnunders\u00f6kningar och blodprover \u00e4n jag kan r\u00e4kna. Ingen av dem hade en aning om vad som var fel.&nbsp;<\/p>\n\n\n\n<p>I juli i \u00e5r tr\u00e4ffade jag en ny neurolog. Efter att ha tagit upp en v\u00e4ldigt l\u00e5ng sjukhistoria och l\u00e4st igenom en h\u00f6g med journaler sa hon \u201cJag tror att jag vet vad du har, och jag tror att vi kan fixa det\u201d. Jag var helt of\u00f6rberedd p\u00e5 det. Hon gick vidare med att ber\u00e4tta att jag hade en Funktionell neurologisk st\u00f6rning, och det var d\u00e4rf\u00f6r alla unders\u00f6kningar var normala. Hon best\u00e4llde n\u00e5gra ytterligare unders\u00f6kningar under de f\u00f6ljande veckorna f\u00f6r att bekr\u00e4fta diagnosen .<\/p>\n\n\n\n<p>Natten efter att hon st\u00e4llt diagnosen var den enskilt v\u00e4rsta natt jag n\u00e5gonsin haft. Mina symtom var s\u00e5 sv\u00e5ra att jag s\u00f6kte p\u00e5 akutmottagningen eftersom jag var r\u00e4dd att jag h\u00f6ll p\u00e5 att f\u00e5 en stroke eller en hj\u00e4rtinfarkt.&nbsp;<\/p>\n\n\n\n<p>Med b\u00f6rjan dagen efter b\u00f6rjade mina symtom att dra sig tillbaka, och n\u00e4r det var dags f\u00f6r mitt avslutande bes\u00f6k hos l\u00e4karen 8 dagar senare var symtomen helt borta. Det har nu g\u00e5tt tre veckor sedan det bes\u00f6ket, och \u00e4ven om mina symtom inte \u00e4r helt borta s\u00e5 \u00e4r de \u00e5tminstone 98% b\u00e4ttre, och k\u00e4nslan av att n\u00e5got hemskt skulle h\u00e4nda som pl\u00e5gade mig i \u00e5ratal \u00e4r helt borta.<\/p>\n\n\n\n<p>Jag skriver till dig med anledning av din artikel \u201cFunctional neurological disorder: The neurological assessment as treatment\u201d (\u201cFunktionell neurologisk st\u00f6rning: Den neurologiska unders\u00f6kningen som behandling\u201d). Jag t\u00e4nkte att det kunde vara intressant f\u00f6r dig att, i mitt fall \u00e5tminstone, verkar den neurologiska unders\u00f6kningen ha varit en botande behandling. Jag s\u00e5g inte det n\u00e4mnas i din artikel.<\/p>\n\n\n\n<p>Jag vill skynda mig att till\u00e4gga att min nya l\u00e4kare gjorde en n\u00e4rmast perfekt insats n\u00e4r hon f\u00f6rklarade det h\u00e4r f\u00f6r mig. N\u00e4r hon presenterade diagnosen hade vi pratat i mer \u00e4n en timme, och hon hade f\u00e5tt mitt fulla f\u00f6rtroende. Hennes ord \u201cJag tror att jag vet vad du har, och jag tror att vi kan fixa det\u201d inneh\u00f6ll de avg\u00f6rande delarna, i alla fall f\u00f6r mig.&nbsp;<\/p>\n\n\n\n<p>Jag vill ocks\u00e5 tacka f\u00f6r att du skrev artikeln. Den hj\u00e4lpte mig mycket som patient och fyllde ut n\u00e5gra luckor. Jag har fortfarande inte hittat n\u00e5gon f\u00f6rklaring till hur unders\u00f6kningen kan ha behandlingseffekt. Jag kan bara f\u00f6rmoda att hj\u00e4rnan \u00e4r kapabel att ta bearbeta informationen och anpassa sig p\u00e5 n\u00e5gon omedveten niv\u00e5. Vad som \u00e4n h\u00e4nde mig s\u00e5 var det garanterat inte en medveten handling.&nbsp;<\/p>\n\n\n\n<p>Som en person med FNS har jag uppskattat all de artiklar du skrivit p\u00e5 omr\u00e5det. Tack.<\/p>\n\n\n\n<p><strong>Svar fr\u00e5n Dr Jon Stone:<\/strong><\/p>\n\n\n\n<p>K\u00e4re Matthew<\/p>\n\n\n\n<p>Stort tack f\u00f6r ditt intressanta och gl\u00e4djande email.<\/p>\n\n\n\n<p>Jag \u00e4r verkligen glad \u00f6ver att du tr\u00e4ffat en duktig l\u00e4kare och att en del av mitt material har vait till hj\u00e4lp.<\/p>\n\n\n\n<p>Jag har faktiskt patienter som blivit helt \u00e5terst\u00e4llda efter att ha f\u00e5tt reda p\u00e5 vad som \u00e4r fel och kunnat f\u00f6r\u00e4ndra sin syn p\u00e5 det. Jag antar att jag inte ville framst\u00e5 som arrogant och skriva om det, eller skapa f\u00f6r h\u00f6ga f\u00f6rv\u00e4ntningar eftersom m\u00e5nga patienter beh\u00f6ver mycket mer tid.&nbsp;<\/p>\n\n\n\n<p>Du st\u00e4ller en v\u00e4ldigt vikt fr\u00e5ga om hur det h\u00e4r fungerar. Jag ber ofta mina patienter som har f\u00f6rb\u00e4ttrats att fundera \u00f6ver vad som skedde. V\u00e4ldigt ofta \u00e4r de lika f\u00f6rv\u00e5nade som jag, men vissa har uppt\u00e4ckt att det har skett en grundl\u00e4ggande f\u00f6r\u00e4ndring i hur de ser p\u00e5 symtomen och vad de kommer av. De har som en f\u00f6ljd av detta reagerat p\u00e5 ett nytt s\u00e4tt p\u00e5 symtomen. P\u00e5 ett s\u00e4tt handlar det om Kognitiv beteendeterapi d\u00e4r och d\u00e5. N\u00e4r v\u00e4l uppfattningar har f\u00f6r\u00e4ndrats tror jag att det \u00e4r sv\u00e5rt f\u00f6r m\u00e4nniskor att g\u00e5 tillbaka och bli s\u00e4mre. Till exempel, kan du komma ih\u00e5g en tid d\u00e5 du inte visste att 10+15=25? N\u00e4r grundl\u00e4ggande f\u00f6ruts\u00e4gelser som hj\u00e4rnan g\u00f6r om r\u00f6relser f\u00f6r\u00e4ndras, s\u00e5 sker en f\u00f6r\u00e4ndring i nervsystemets funktioner p\u00e5 cellniv\u00e5, som st\u00e4mmer \u00f6verens med de f\u00f6r\u00e4ndringarna. Den h\u00e4r processen \u00e4r enligt mig lika mycket neurologisk som kognitiv.<\/p>\n\n\n\n<p>Det h\u00e4r \u00e4r ett fantastiskt TED Talk av Anil Seth, en neuroforskare som arbetar inom metvedandef\u00e4ltet, om hur hj\u00e4rnan f\u00f6ruts\u00e4ger v\u00e4rlden. Det kan hj\u00e4lpa f\u00f6r att f\u00f6rst\u00e5 hur det h\u00e4r kan bli fel.<\/p>\n\n\n\n<p>Tack f\u00f6r att du delade med dig &#8211; och jag hoppas att du forts\u00e4tter att m\u00e5 bra &#8211; 3 veckor \u00e4r inte l\u00e5ng tid, och bakslag \u00e4r vanligt &#8211; men det l\u00e5ter som att du \u00e4r p\u00e5 god v\u00e4g redan nu.<\/p>\n\n\n\n<p><a href=\"\nhttps:\/\/www.ted.com\/talks\/anil_seth_your_brain_hallucinates_your_conscious_reality\"\n target=\"_blank\" rel=\"noreferrer noopener\">Anil Seth: Your brain hallucinates your conscious<\/a><a href=\"\nhttps:\/\/www.ted.com\/talks\/anil_seth_your_brain_hallucinates_your_conscious_reality\"> reality | TED Talk<\/a>&nbsp;<\/p>\n","protected":false},"excerpt":{"rendered":"<p>Matthews ber\u00e4ttelse om att ha funktionella ryckningar.<\/p>\n","protected":false},"author":1,"featured_media":0,"parent":1463,"menu_order":247,"comment_status":"closed","ping_status":"closed","template":"page-template\/story-details-page-template.php","meta":[],"_links":{"self":[{"href":"https:\/\/neurosymptoms.org\/sv_SE\/wp-json\/wp\/v2\/pages\/1582"}],"collection":[{"href":"https:\/\/neurosymptoms.org\/sv_SE\/wp-json\/wp\/v2\/pages"}],"about":[{"href":"https:\/\/neurosymptoms.org\/sv_SE\/wp-json\/wp\/v2\/types\/page"}],"author":[{"embeddable":true,"href":"https:\/\/neurosymptoms.org\/sv_SE\/wp-json\/wp\/v2\/users\/1"}],"replies":[{"embeddable":true,"href":"https:\/\/neurosymptoms.org\/sv_SE\/wp-json\/wp\/v2\/comments?post=1582"}],"version-history":[{"count":11,"href":"https:\/\/neurosymptoms.org\/sv_SE\/wp-json\/wp\/v2\/pages\/1582\/revisions"}],"predecessor-version":[{"id":7394,"href":"https:\/\/neurosymptoms.org\/sv_SE\/wp-json\/wp\/v2\/pages\/1582\/revisions\/7394"}],"up":[{"embeddable":true,"href":"https:\/\/neurosymptoms.org\/sv_SE\/wp-json\/wp\/v2\/pages\/1463"}],"wp:attachment":[{"href":"https:\/\/neurosymptoms.org\/sv_SE\/wp-json\/wp\/v2\/media?parent=1582"}],"curies":[{"name":"wp","href":"https:\/\/api.w.org\/{rel}","templated":true}]}}