{"id":1511,"date":"2021-03-21T15:14:12","date_gmt":"2021-03-21T15:14:12","guid":{"rendered":"https:\/\/ftd.cognihealth.in\/?page_id=1511"},"modified":"2022-03-05T13:52:27","modified_gmt":"2022-03-05T13:52:27","slug":"kens-story","status":"publish","type":"page","link":"https:\/\/neurosymptoms.org\/sv_SE\/stories\/functional-limb-weakness-pain\/kens-story\/","title":{"rendered":"Kens ber\u00e4ttelse"},"content":{"rendered":"\n<p>1963 n\u00e4r jag var 5 \u00e5r h\u00e4nde en olycka som gjorde att jag fick spasticitet i v\u00e4nster arm och ben p\u00e5 grund av en hj\u00e4rnskada. Jag har l\u00e4rt mig att leva med detta sedan jag var liten.<\/p>\n\n\n\n<p>Att vara \u201cannorlunda\u201d j\u00e4mf\u00f6rt med andra barn i samma \u00e5lder hindrade mig inte, och p\u00e5 gymnasiet t\u00e4vlade jag i m\u00e5nga sporter som basket, rugby och terr\u00e4ngl\u00f6pning. Senare i livet t\u00e4vlade jag i segling och hj\u00e4lpte till med ett berg- och grottkl\u00e4ttringsteam.<\/p>\n\n\n\n<p>Jag klarade ocks\u00e5 att ta k\u00f6rkort f\u00f6r manuell bil. (Jag k\u00f6rde s\u00e4kert fram till 1994 d\u00e5 jag frivilligt slutade k\u00f6ra p\u00e5 grund av den m\u00e4ng mediciner jag tog). 1984 var min fru, dotter och jag inblandade i en allvarlig frontalkrock som var v\u00e4ldigt traumatisk f\u00f6r oss alla, jag k\u00e4rde och br\u00f6t min v\u00e4nstra handled. Min fru var gravid vid tillf\u00e4llet f\u00f6r olyckan, vilket ledde till att v\u00e5r son f\u00f6ddes f\u00f6r tidigt. N\u00e5gra m\u00e5nader senare dog v\u00e5r son efter en operation.<\/p>\n\n\n\n<p>Jag arbetade som j\u00e4rnhandlare och l\u00e5ssmed innan olyckan och efter att ha \u00e5terh\u00e4mtat mig \u00e5terv\u00e4nde jag till arbetet. Jag m\u00e4rkte dock att min v\u00e4nstra hand och ben blev mer spastiska, och min allm\u00e4nl\u00e4kare skrev ut muskelavslappnande. Det h\u00e4r hj\u00e4lpte ett tag, \u00e4ven om min hand och mitt ben kunde krampa lite ibland.<\/p>\n\n\n\n<p>!993 efter period med h\u00e4lsoproblem kontaktade jag min allm\u00e4nl\u00e4kare d\u00e5 jag m\u00e4rkt att det b\u00f6rjade f\u00e5 sv\u00e5rt att klara av vanliga arbetsdagar. jag kunde sitta i firmabilen och sova i timmar, och n\u00e4r jag kom hem var det likadant. Till slut var jag tvungen att sluta arbeta 1994. Varje dag fick min fru hj\u00e4lpa mig ur s\u00e4ngen och till badrummet, och fick hj\u00e4lpa mig att kl\u00e4 p\u00e5 och tv\u00e4tta mig, s\u00e5 uttalad var tr\u00f6ttheten och energibristen.&nbsp;<\/p>\n\n\n\n<p>Alla mina muskler v\u00e4rkte och alla leder gjorde ont. Senare 1993 fick jag diagnosen Kroniskt Tr\u00f6tthetstillst\u00e5nd (CFS). Jag fick diagnosen CFS i en tid d\u00e5 den betraktades som \u201cYuppiesjukan\u201d och de flesta t\u00e4nkte att det var \u201cpsykiskt och depression\u201d. Tack och lov \u00e4r nu CFS erk\u00e4nd som en genuin sjukdom.&nbsp;<\/p>\n\n\n\n<p>2000 m\u00e4rkte min fru och familj att det kom stunder under dagen d\u00e5 jag bara \u201cstirrade tomt framf\u00f6r mig\u201d och var helt okontaktbar. Jag fick diagnosen temporallobsepilepsi och fick anti-epilepsimediciner. Episoderna f\u00f6r\u00e4ndrades och \u00f6kade i l\u00e4ngd fr\u00e5n 1-2 minuter upp till 45 minuter, jag b\u00f6rjade f\u00e5 en sv\u00e5r huvudv\u00e4rk och jag kom inte ih\u00e5g n\u00e5got fr\u00e5n 2-3 timmar innan.&nbsp;&nbsp;<\/p>\n\n\n\n<p>Spasmerna i min hand och fot \u00f6kade och det blev sv\u00e5rare att g\u00e5. Saker f\u00f6rv\u00e4rrades mycket i november 2008 och jag blev rullstolsbunden. Jag har senare f\u00f6rst\u00e5tt att de h\u00e4r blackouterna egentligen var dissociativa attacker och inte epilepsi.<\/p>\n\n\n\n<p>Sedan jag fick diagnosen i mars 2009 har det g\u00e5tt fram\u00e5t med stormsteg. Med min l\u00e4kares hj\u00e4lp har jag gradvis slutat med mediciner. Resultatet \u00e4r otroligt. Jag har inte f\u00e5tt n\u00e5gon st\u00f6rre blackout sedan i februari och har inte beh\u00f6vt rullstol eller k\u00e4pp. Jag till och med k\u00f6r bil igen!<\/p>\n\n\n\n<p>Funktionell v\u00e4nstersidig svaghet och r\u00f6relserubbning tillsammans med tr\u00f6tthet l\u00e5ter som en utmaning. En varning \u00e4r p\u00e5 sin plats i den h\u00e4r ber\u00e4ttelsen, eftersom jag k\u00e4nner att anv\u00e4nda \u201cpacing\u201d \u00e4r v\u00e4ldigt viktigt. Om jag g\u00f6r f\u00f6r mycket en dag och inte vilar n\u00e4sta blir jag d\u00e5lig. Det \u00e4r en sv\u00e5r balansg\u00e5ng och frustrerande, men \u201cpacing\u201d fungerar. Man har sagt mig att bakslag \u00e4r vanliga, men jag tycker att det har hj\u00e4lpt att l\u00e4sa den h\u00e4r hemsidans sj\u00e4lvhj\u00e4lpsr\u00e5d.<\/p>\n\n\n\n<p>Sammanfattningsvis skulle jag s\u00e4ga att om du kan l\u00e4gga lite tid i taget p\u00e5 att l\u00e4sa igenom den h\u00e4r hemsidan, s\u00e5 finns det alltid ett ljus i slutet av tunneln. T\u00e4nk positivt.&nbsp;<\/p>\n","protected":false},"excerpt":{"rendered":"<p>Ken fick problem med funktionell svaghet ut\u00f6ver en nervskada fr\u00e5n barndomen.<\/p>\n","protected":false},"author":1,"featured_media":0,"parent":1465,"menu_order":229,"comment_status":"closed","ping_status":"closed","template":"page-template\/story-details-page-template.php","meta":[],"_links":{"self":[{"href":"https:\/\/neurosymptoms.org\/sv_SE\/wp-json\/wp\/v2\/pages\/1511"}],"collection":[{"href":"https:\/\/neurosymptoms.org\/sv_SE\/wp-json\/wp\/v2\/pages"}],"about":[{"href":"https:\/\/neurosymptoms.org\/sv_SE\/wp-json\/wp\/v2\/types\/page"}],"author":[{"embeddable":true,"href":"https:\/\/neurosymptoms.org\/sv_SE\/wp-json\/wp\/v2\/users\/1"}],"replies":[{"embeddable":true,"href":"https:\/\/neurosymptoms.org\/sv_SE\/wp-json\/wp\/v2\/comments?post=1511"}],"version-history":[{"count":13,"href":"https:\/\/neurosymptoms.org\/sv_SE\/wp-json\/wp\/v2\/pages\/1511\/revisions"}],"predecessor-version":[{"id":7020,"href":"https:\/\/neurosymptoms.org\/sv_SE\/wp-json\/wp\/v2\/pages\/1511\/revisions\/7020"}],"up":[{"embeddable":true,"href":"https:\/\/neurosymptoms.org\/sv_SE\/wp-json\/wp\/v2\/pages\/1465"}],"wp:attachment":[{"href":"https:\/\/neurosymptoms.org\/sv_SE\/wp-json\/wp\/v2\/media?parent=1511"}],"curies":[{"name":"wp","href":"https:\/\/api.w.org\/{rel}","templated":true}]}}