{"id":1494,"date":"2021-03-21T14:34:18","date_gmt":"2021-03-21T14:34:18","guid":{"rendered":"https:\/\/ftd.cognihealth.in\/?page_id=1494"},"modified":"2022-03-17T02:47:21","modified_gmt":"2022-03-17T02:47:21","slug":"ians-first-letter-1","status":"publish","type":"page","link":"https:\/\/neurosymptoms.org\/sv_SE\/stories\/sensory-dizziness-and-health-anxiety\/ians-first-letter-1\/","title":{"rendered":"Ians f\u00f6rsta brev"},"content":{"rendered":"\n<p><em>Ians tv\u00e5 brev talar f\u00f6r sig sj\u00e4lva. Han skrev det f\u00f6rsta n\u00e4r han var p\u00e5 v\u00e4g att bli riktigt desperat p\u00e5 grund av \u00f6kande neurologiska symtom. Han hade tr\u00e4ffat tv\u00e5 neurologer och hade m\u00e5nga tr\u00e4ffar med sin allm\u00e4nl\u00e4kare s\u00e5v\u00e4l som bes\u00f6k p\u00e5 akutmottagningar och hans symtom blev v\u00e4rre. Han m\u00e5dde s\u00e5 d\u00e5ligt att han inte kunde arbeta p\u00e5 m\u00e5nga m\u00e5nader.<\/em>&nbsp;<\/p>\n\n\n\n<p>16 juli 2007<\/p>\n\n\n\n<p>Jag f\u00f6rst\u00e5r att min l\u00e4kare har skrivit till dig tv\u00e5 g\u00e5nger f\u00f6r att rapportera och uppdatera om mitt tillst\u00e5nd i f\u00f6rv\u00e4g innan jag ska tr\u00e4ffa dig. Jag t\u00e4nkte att det kunde vara bra om jag beskrev med egna ord ocks\u00e5 &#8211; inte minst f\u00f6r att jag alltid g\u00e5r fr\u00e5n m\u00f6ten och \u00f6nskar att jag hade kommit ih\u00e5g att ber\u00e4tta det h\u00e4r och det h\u00e4r f\u00f6r l\u00e4karen!&nbsp;<\/p>\n\n\n\n<p>Tyv\u00e4rr vet jag inte vad som \u00e4r relevant och vad som inte \u00e4r det, s\u00e5 jag b\u00f6rjar fr\u00e5n b\u00f6rjan.&nbsp;<\/p>\n\n\n\n<p>F\u00f6r ungef\u00e4r tre \u00e5r sedan var jag med om en skall kollision n\u00e4r jag spelade fotboll. Jag fick ingen hj\u00e4rnskakning, men jag br\u00f6t tv\u00e5 t\u00e4nder och det slutade med att jag fick ett titanimplantat f\u00f6r att ers\u00e4tta en av dem och en ny krona p\u00e5 den andra. Jag fick inga problem med det h\u00e4r implantatet. F\u00f6rra \u00e5ret fick jag hur som helst en abscess vid roten p\u00e5 en av de n\u00e4rliggande t\u00e4nderna. Efter att en rotfyllning misslyckats fick den tanden dras ut och ett till titanimplantat sattes in som ers\u00e4ttning. Tyv\u00e4rr \u00e5terkom infektionen h\u00f6gt uppe i gommen och verkade sitta runt titanskruven. Den 9 februari 2007 \u00e5kte jag f\u00f6r en unders\u00f6kning d\u00e4r man skulle f\u00f6rs\u00f6ka hitta k\u00e4llan till infektionen. Ingreppet fick avbrytas efter att jag fick en \u201cvasovagal\u201d reaktion strax efter att jag f\u00e5tt lokalbed\u00f6vningsmedel. Jag k\u00e4nde mig yr, och hade en period p\u00e5 tv\u00e5 timmar med yrselattacker och infektionen ledde nu till att titanimplantatet beh\u00f6vdes tas bort n\u00e4r jag var s\u00f6vd. Efter det utvecklades en till infektion ovanf\u00f6r kronan som jag n\u00e4mnde tidigare. Man tror inte att det h\u00e4nger ihop med infektionen runt implantatet, men den tanden beh\u00f6ver tas bort p\u00e5 samma s\u00e4tt. B\u00e5da infektionerna \u00e4r i \u00f6vre fr\u00e4mre delen av munnen och \u201cunder n\u00e4sgolvet\u201d.<\/p>\n\n\n\n<p>Den 14 februari 2007 fick jag en yrselattack n\u00e4r jag satt framf\u00f6r datorn p\u00e5 jobbet. Rummet verkade r\u00f6ra sig och jag m\u00e5dde v\u00e4ldigt illa. Efter ett bes\u00f6k hos l\u00e4karen f\u00f6reslogs \u201cvirus p\u00e5 balansnerven\u201d eller vestibularisneurit. Under de kommande veckorna fick jag sv\u00e5r huvudv\u00e4rk, skakningar och tremor i mina armar och ben. I mars fick jag tr\u00e4ffa en l\u00e4kare, som ber\u00e4ttade att jag inte hade riktiga symtom p\u00e5 \u201cvirus p\u00e5 balansnerven\u201d och misst\u00e4nkte en m\u00f6jlig inflammation i nervsystemet. Jag remitterades till sjukhus f\u00f6r ett par dagars unders\u00f6kningar. Det gjordes en MRT-unders\u00f6kning som vad jag f\u00f6rst\u00e5r var normal. Jag skrevs ut med diagnosen \u201cVirus p\u00e5 balansnerven\u201d med \u00e5ngest.<\/p>\n\n\n\n<p>Sedans dess har symtomen \u00e4ndrats. Jag har haft en konstant k\u00e4nsla av yrsel och ostadighet, och inte bara attackerna med vertigo. Med konstant menar jag hela dagen varje dag. Hela dagen varje dag k\u00e4nns det som att jag druckit tv\u00e5 glas vin p\u00e5 fastande mage. Jag har en konstant k\u00e4nsla av tryck uppe p\u00e5 och framtill p\u00e5 huvudet (det k\u00e4nns som att det kommer fr\u00e5n bakom bih\u00e5lorna snarare \u00e4n fr\u00e5n sj\u00e4lva bih\u00e5lorna). Jag m\u00e5ste p\u00e5peka att jag inte skulle beskriva den tryckande k\u00e4nslan som sm\u00e4rta &#8211; mer som en k\u00e4nsla av svullnad eller v\u00e4tska eller tr\u00e4ngsel i huvudet. N\u00e4r jag trycker mot bakhuvudet \u00f6kar det den tryckande k\u00e4nslan uppe p\u00e5 huvudet och s\u00e4rskilt framtill i huvudet. Jag har en konstant stel nacke ocks\u00e5.&nbsp;<\/p>\n\n\n\n<p>I juni tr\u00e4ffade jag en l\u00e4kare p\u00e5 mottagningen i 20 minuter. L\u00e4karen trodde att sp\u00e4nningen i huvudet och tryckk\u00e4nslan kom fr\u00e5n stela nackmuskler.&nbsp;<\/p>\n\n\n\n<p>Jag har f\u00e5tt fysioterapi och djup massage f\u00f6r att l\u00e4tta p\u00e5 detta men blev sedan avslutad hos fysioterapeuten efter att det blivit b\u00e4ttre med de sp\u00e4nda musklerna. Sm\u00e4rtan och stelheten i nacken finns kvar. Jag k\u00e4nner ofta ett svullet omr\u00e5de baktill i nacken och vid skallbasen. Vid tre tillf\u00e4llen n\u00e4r jag har tryckt p\u00e5 svullnaden s\u00e5 har det resulterat i yrselattacker och en stickande k\u00e4nsla upp\u00e5t i huvudet och l\u00e4ngs ryggraden. Det \u00e4r som om min nacke och huvud hamnar i kramp &#8211; det \u00e4r en v\u00e4ldigt konstig och f\u00f6rvirrande k\u00e4nsla som \u00e4r sv\u00e5r att beskriva.<\/p>\n\n\n\n<p>Jag hade b\u00f6rjat att tr\u00e4ffa en kiropraktor f\u00f6r ryggsm\u00e4rtor och nacksm\u00e4rta mellan december 2006 och b\u00f6rjan av februari 2007. Kiropraktorn gjorde ett antal justeringar av min rygg och nacke och jag har funderat \u00f6ver om hon skadat min nacke p\u00e5 n\u00e5got s\u00e4tt. Jag har inte g\u00e5tt till kiropraktorn sedan min f\u00f6rsta yrselattack. Jag har ocks\u00e5 ofta domningar och stickningar i mina skuldror och ner i armarna.<\/p>\n\n\n\n<p>Tillsammans med ostadigheten har jag ocks\u00e5 vad jag uppfattar som en viss sv\u00e5righet att fokusera min syn. Dimsyn \u00e4r f\u00f6r starkt uttryck, men fokuset verkar vara lite fel. Jag bes\u00f6kte en optiker f\u00f6r att kolla upp mina \u00f6gon men det s\u00e5g bra ut och trycket i \u00f6gat testade ocks\u00e5 och det s\u00e5g bra ut. K\u00e4nslan finns \u00e4nd\u00e5 kvar ibland.<\/p>\n\n\n\n<p>Under de senaste 5 m\u00e5naderna har jag mer och mer f\u00e5tt ont i leder och armar och ben. Det b\u00f6rjade med att jag fick ont i armh\u00e5lorna och i kn\u00e4na. Mina kn\u00e4n k\u00e4ndes svullna \u00e4ven om det inte syntes p\u00e5 dem. Under de sista m\u00e5naderna hade jag utvecklat krampliknande sm\u00e4rta i mina ben, nack- och ryggmuskler utan att de verkligen krampade. Jag k\u00e4nner mig ofta svag och \u201cutmattad\u201d och v\u00e4ldigt l\u00e5g i energi &#8211; s\u00e4rskilt n\u00e4r jag har den h\u00e4r tryckande k\u00e4nslan i huvudet. Jag vaknar n\u00e4stan varje natt mellan 02 och 04 och kan vara vaken mellan 20 min upp till 2 timmar. Jag har inga problem att somna och jag kan alltid somna om. Jag \u00e4r oftast stel i nacken och ryggen n\u00e4r jag vaknar. Jag har en ortopedisk madrass vilket har hj\u00e4lpt lite med stelheten.<\/p>\n\n\n\n<p>Jag har br\u00f6stm\u00e4rta ofta, men har gjort 2 EKG:n p\u00e5 sjukhuset och b\u00e5da var normala, s\u00e5 jag antar att den sm\u00e4rtan ocks\u00e5 \u00e4r muskul\u00e4r.<\/p>\n\n\n\n<p>Jag f\u00e5r ofta en k\u00e4nsla i mina \u00f6ron som jag b\u00e4st kan beskriva som att det \u201cbrusar upp\u201d. Det liknar kn\u00e4ppningar i \u00f6ronen i ett flygplan eller p\u00e5 h\u00f6g h\u00f6jd men \u00e4r inte lika tydligt. Det \u00e4r som minikn\u00e4ppningar i \u00f6ronen. Jag f\u00e5r ocks\u00e5 ett tryck eller en tr\u00e5nghetsk\u00e4nsla i gomtaket och vad jag b\u00e4st kan beskriva som l\u00e4ngst bak i halsen och munnen och bakom n\u00e4san. Jag har haft en konstant svullen k\u00f6rtel i underk\u00e4ken som v\u00e4xer och g\u00e5r tillbaka.<\/p>\n\n\n\n<p>Jag s\u00f6kte p\u00e5 sjukhuset 14 juli 2007 med sv\u00e5r tryckk\u00e4nsla i huvudet och sv\u00e5ra yrselsymtom. De kom n\u00e4r jag tittade p\u00e5 TV. Jag kan b\u00e4st beskriva det som k\u00e4nslan n\u00e4r du reser dig f\u00f6r snabbt &#8211; bultandet framtill i huvudet och yrseln &#8211; bara det att det varade i en och halv timme ist\u00e4llet f\u00f6r n\u00e5gra sekunder. Jag fick Imigran av en jourl\u00e4kare, men det hj\u00e4lpte inte s\u00e5 de skickade mig till sjukhuset. Jag skrevs ut utan behandling. Det togs blodprover som var normala. Jag har faktiskt tagit blodprover regelbundet under de senaste fem m\u00e5naderna och alla har visat sig vara normala.<\/p>\n\n\n\n<p>Ut\u00f6ver detta fick jag prostatit f\u00f6r n\u00e5gra m\u00e5nader sedan och fick en 6 veckors antibiotikakur f\u00f6r att bli av med det. Tyv\u00e4rr har det utvecklats till kronisk prostatit (ingen infektion \u00e4r kvar) och \u201cb\u00e4ckenbottendysfunktion\u201d. Jag f\u00f6ljs nu upp p\u00e5 urologen var 3:e m\u00e5nad.<\/p>\n\n\n\n<p>Trycket och den tr\u00e5nga k\u00e4nslan i huvudet, och yrseln och ostadigheten \u00e4r outh\u00e4rdliga och inte n\u00e5got jag kan l\u00e4ra mig att leva med. Jag upplever det v\u00e4ldigt hindrande och jag kan inte ta mig igenom detta. Jag har k\u00e4nt s\u00e5 h\u00e4r i sex m\u00e5nader nu, utan n\u00e5gon egentlig l\u00e4ttnad. All hj\u00e4lp f\u00f6r att komma till r\u00e4tta med det h\u00e4r vore v\u00e4ldigt uppskattad. Ut\u00f6ver detta har min l\u00e4kare bett mig att h\u00f6ra om din \u00e5sikt om huruvida det \u00e4r s\u00e4kert f\u00f6r mig att bli s\u00f6vd.<\/p>\n\n\n\n<p>V\u00e4nliga h\u00e4lsningar<\/p>\n","protected":false},"excerpt":{"rendered":"<p>Ian skrev ett f\u00f6rsta brev n\u00e4r han b\u00f6rjade bli desperat p\u00e5 grund av \u00f6kande symtom.<\/p>\n","protected":false},"author":1,"featured_media":0,"parent":1469,"menu_order":254,"comment_status":"closed","ping_status":"closed","template":"page-template\/story-details-page-template.php","meta":[],"_links":{"self":[{"href":"https:\/\/neurosymptoms.org\/sv_SE\/wp-json\/wp\/v2\/pages\/1494"}],"collection":[{"href":"https:\/\/neurosymptoms.org\/sv_SE\/wp-json\/wp\/v2\/pages"}],"about":[{"href":"https:\/\/neurosymptoms.org\/sv_SE\/wp-json\/wp\/v2\/types\/page"}],"author":[{"embeddable":true,"href":"https:\/\/neurosymptoms.org\/sv_SE\/wp-json\/wp\/v2\/users\/1"}],"replies":[{"embeddable":true,"href":"https:\/\/neurosymptoms.org\/sv_SE\/wp-json\/wp\/v2\/comments?post=1494"}],"version-history":[{"count":13,"href":"https:\/\/neurosymptoms.org\/sv_SE\/wp-json\/wp\/v2\/pages\/1494\/revisions"}],"predecessor-version":[{"id":7342,"href":"https:\/\/neurosymptoms.org\/sv_SE\/wp-json\/wp\/v2\/pages\/1494\/revisions\/7342"}],"up":[{"embeddable":true,"href":"https:\/\/neurosymptoms.org\/sv_SE\/wp-json\/wp\/v2\/pages\/1469"}],"wp:attachment":[{"href":"https:\/\/neurosymptoms.org\/sv_SE\/wp-json\/wp\/v2\/media?parent=1494"}],"curies":[{"name":"wp","href":"https:\/\/api.w.org\/{rel}","templated":true}]}}