{"id":1485,"date":"2021-03-21T14:25:30","date_gmt":"2021-03-21T14:25:30","guid":{"rendered":"https:\/\/ftd.cognihealth.in\/?page_id=1485"},"modified":"2022-03-17T02:50:19","modified_gmt":"2022-03-17T02:50:19","slug":"annas-story","status":"publish","type":"page","link":"https:\/\/neurosymptoms.org\/sv_SE\/stories\/functional-movement-disorders\/annas-story\/","title":{"rendered":"Annas ber\u00e4ttelse"},"content":{"rendered":"\n<p><em>Anna vaknade upp en morgon med tremor (skakningar) i huvudet. Hon blev ostadig p\u00e5 f\u00f6tterna och fick sv\u00e5rt att g\u00e5. Lyckligtvis kunde hon hitta s\u00e4tt att \u00e5terf\u00e5 kontrollen \u00f6ver sina symtom ganska snabbt.<\/em><\/p>\n\n\n\n<p>Jag \u00e4r en 43-\u00e5rig kvinna som lever ett hektiskt familjeliv. Jag hade haft ett fullsp\u00e4ckat \u00e5r, och under 2-3 m\u00e5nader k\u00e4nde jag att energin tog slut, och jag k\u00e4nde mig olik mitt vanliga \u201chyper\u201d-jag. Jag fick huvudv\u00e4rk som satt rakt \u00f6ver pannan. Det blev v\u00e4rre under 4 dagar, och n\u00e4r jag vaknade p\u00e5 den 5:e hade det spridit sig till nacken och n\u00e4r jag reste mig fr\u00e5n s\u00e4ngen m\u00e4rkte jag att jag inte kunde g\u00e5 ordentligt.<\/p>\n\n\n\n<p>Inom ett par timmar s\u00f6kte jag hos min allm\u00e4nl\u00e4kare, och d\u00e5 k\u00e4nde jag mig fr\u00e5nvarande och hade som ett tryck fr\u00e5n gommen och mina k\u00e4kar skakade. Sedan b\u00f6rjade mitt huvud vingla och jag skakade i \u00f6verkroppen. Min g\u00e5ng blev s\u00e4mre med en krampk\u00e4nsla i nedre ryggen och stelhet i l\u00e5ren som gjorde att jag sl\u00e4pade benet.<\/p>\n\n\n\n<p>Min sambo och jag var s\u00e5klart oroliga \u00f6ver att jag hade f\u00e5tt en stroke. Jag skickades in till en utredningsavdelning d\u00e4r olika l\u00e4kare direkt gjorde en massa unders\u00f6kningar, inklusive en datortomografi som var normal. Inom ett par timmar hade de kommit fram till att de inte kunde hitta n\u00e5gon uppenbar orsak till mina nu \u00e4nnu v\u00e4rre ofrivilliga r\u00f6relser i armar och ben, skakningar i \u00f6verkroppen etc. Jag blev erbjuden att komma tillbaka 4 dagar senare f\u00f6r att tr\u00e4ffa en neurolog f\u00f6r ny bed\u00f6mning.<\/p>\n\n\n\n<p>Under 2 dagar och n\u00e4tter fortsatte mina symtom att v\u00e5lla mig och min familj stor oro. S\u00e4rskilt som mina r\u00f6relser var s\u00e5 onaturliga och dramatiska att se p\u00e5. Men det gjorde inte ont, och det k\u00e4ndes sk\u00f6nare att f\u00f6lja med i r\u00f6relserna \u00e4n att f\u00f6rs\u00f6ka h\u00e5lla tillbaka ryckningarna.<\/p>\n\n\n\n<p>Efter lite vila hade symtomen minskat p\u00e5 den 3:e dagen, det kunde g\u00e5 en timme d\u00e5 allt var normalt och huvudv\u00e4rken kunde vara borta korta stunder. P\u00e5 den 4:e dagen gick jag p\u00e5 mitt bes\u00f6k hos neurologen. N\u00e4r jag hade kommit fram till sjukhusavdelningen hade mina symtom kommit tillbaka med full kraft. Jag f\u00f6rstod nu att bara att g\u00e5 en kort str\u00e4cka, tillsammans med min \u00e5ngest, kunde f\u00e5 symtomen att starta.<\/p>\n\n\n\n<p>Efter att ha g\u00e5tt igenom mina symtom ordentligt kom han fram till att jag hade en Funktionell R\u00f6relserubbning. Jag var \u00f6verlycklig \u00f6ver att ha f\u00e5tt en diagnos inom 4 dagar efter att det b\u00f6rjade. Han f\u00f6rklarade att \u00e4ven om det inte fanns n\u00e5gon organisk skada eller sjukdom, s\u00e5 var mina symtom v\u00e4ldigt mycket p\u00e5 riktigt. Men med tiden kunde symtomen f\u00f6rb\u00e4ttras, vilket gav mig stort hopp. Han f\u00f6rklarade att jag beh\u00f6vde fokusera p\u00e5 stunderna med normala r\u00f6relser, och fokusera mindre p\u00e5 de onormala r\u00f6relserna. Efter vidare diskussion och en broschyr att ta med hem gick jag d\u00e4rifr\u00e5n v\u00e4ldigt upplyft. P\u00e5 v\u00e4g fr\u00e5n sjukhuset f\u00f6rsvann mina symtom och n\u00e4r jag var hemma var jag helt bra igen.<\/p>\n\n\n\n<p>Efter att ha tillbringat 4 dagar hemma och vilat, inte k\u00f6rt bil och handlat och alla andra saker jag tog f\u00f6r givet, var jag s\u00e4ker p\u00e5 att den h\u00e4r r\u00f6relserubbningen inte skulle f\u00e5 styra \u00f6ver mig. Efter 2 dagar k\u00e4nde jag mig tryggare eftersom jag inte hade n\u00e5gra symtom, och jag kunde k\u00f6ra bil en kort sv\u00e4ng. Det visade sig vara enkelt, eftersom jag inte fokuserade p\u00e5 n\u00e5gra onormala r\u00f6relser. Jag fortsatte att komma ut p\u00e5 korta turer under de n\u00e4rmsta dagarna, \u00e4ven om jag gick lite l\u00e5ngsamt f\u00f6r att f\u00f6rhindra att symtomen skulle komma tillbaka.<\/p>\n\n\n\n<p>Det gick 6 dagar utan n\u00e5gra st\u00f6rre symtom, bara n\u00e5gra enstaka sm\u00e5 huvudgungningar. N\u00e4sta dag fick jag ett bakslag men bara under n\u00e5gra minuter, det startade av ett starkt k\u00e4nslop\u00e5slag n\u00e4r jag tr\u00e4ffade n\u00e5gra n\u00e4ra v\u00e4nner.<\/p>\n\n\n\n<p>Sedan tr\u00e4ffade jag neurologen igen f\u00f6r ett uppf\u00f6ljande bes\u00f6k 11 dagar fr\u00e5n att besv\u00e4ren startade, och en vecka fr\u00e5n att jag fick diagnosen. Jag satt i v\u00e4ntrummet utan en antydan till ryckning eller tremor. Jag visste att jag var mindre orolig \u00e4n vid mitt f\u00f6rra bes\u00f6k, och k\u00e4nde mig trygg med att jag skulle kunna g\u00e5 p\u00e5 bes\u00f6ket utan att symtomen kom tillbaka.<\/p>\n\n\n\n<p>Vi diskuterade min v\u00e4ldigt snabba och positiva utveckling. Jag \u00e4r helt s\u00e4ker p\u00e5 att det var tack vare den snabba diagnosen, och s\u00e4ttet den f\u00f6rklarades f\u00f6r mig. Diagnosen f\u00f6rklarades f\u00f6r mig p\u00e5 ett s\u00e4tt som gjorde att jag inte trodde att det \u201cbara satt i huvudet\u201d, utan jag kunde p\u00e5verka tillst\u00e5ndet med min inst\u00e4llning till det. Neurologen gav mig verktyg f\u00f6r att b\u00f6rja jobba p\u00e5 det innan det fick tag i mig, eller min hj\u00e4rna!<\/p>\n\n\n\n<p>Jag \u00e4r s\u00e4ker p\u00e5 att den positiva utvecklingen kommer att forts\u00e4tta, \u00e4ven om jag f\u00f6rv\u00e4ntar mig enstaka bakslag l\u00e4ngs v\u00e4gen.<\/p>\n","protected":false},"excerpt":{"rendered":"<p>Annas ber\u00e4ttelse om tremor, ryckningar och sv\u00e5righeter att g\u00e5.<\/p>\n","protected":false},"author":1,"featured_media":0,"parent":1463,"menu_order":238,"comment_status":"closed","ping_status":"closed","template":"page-template\/story-details-page-template.php","meta":[],"_links":{"self":[{"href":"https:\/\/neurosymptoms.org\/sv_SE\/wp-json\/wp\/v2\/pages\/1485"}],"collection":[{"href":"https:\/\/neurosymptoms.org\/sv_SE\/wp-json\/wp\/v2\/pages"}],"about":[{"href":"https:\/\/neurosymptoms.org\/sv_SE\/wp-json\/wp\/v2\/types\/page"}],"author":[{"embeddable":true,"href":"https:\/\/neurosymptoms.org\/sv_SE\/wp-json\/wp\/v2\/users\/1"}],"replies":[{"embeddable":true,"href":"https:\/\/neurosymptoms.org\/sv_SE\/wp-json\/wp\/v2\/comments?post=1485"}],"version-history":[{"count":16,"href":"https:\/\/neurosymptoms.org\/sv_SE\/wp-json\/wp\/v2\/pages\/1485\/revisions"}],"predecessor-version":[{"id":7345,"href":"https:\/\/neurosymptoms.org\/sv_SE\/wp-json\/wp\/v2\/pages\/1485\/revisions\/7345"}],"up":[{"embeddable":true,"href":"https:\/\/neurosymptoms.org\/sv_SE\/wp-json\/wp\/v2\/pages\/1463"}],"wp:attachment":[{"href":"https:\/\/neurosymptoms.org\/sv_SE\/wp-json\/wp\/v2\/media?parent=1485"}],"curies":[{"name":"wp","href":"https:\/\/api.w.org\/{rel}","templated":true}]}}