{"id":1328,"date":"2021-03-07T17:24:00","date_gmt":"2021-03-07T17:24:00","guid":{"rendered":"https:\/\/ftd.cognihealth.in\/?page_id=1328"},"modified":"2023-01-03T22:25:07","modified_gmt":"2023-01-03T22:25:07","slug":"your-brain-hallucinates-your-conscious-reality","status":"publish","type":"page","link":"https:\/\/neurosymptoms.org\/sv_SE\/media\/neuroscience-films\/your-brain-hallucinates-your-conscious-reality\/","title":{"rendered":"Din hj\u00e4rna hallucinerar din medvetna verklighet"},"content":{"rendered":"\n<figure class=\"wp-block-embed-youtube wp-block-embed is-type-video is-provider-youtube wp-embed-aspect-16-9 wp-has-aspect-ratio\"><div class=\"wp-block-embed__wrapper\">\n<iframe loading=\"lazy\" title=\"Your brain hallucinates your conscious reality | Anil Seth\" width=\"745\" height=\"419\" src=\"https:\/\/www.youtube.com\/embed\/lyu7v7nWzfo?feature=oembed\" frameborder=\"0\" allow=\"accelerometer; autoplay; clipboard-write; encrypted-media; gyroscope; picture-in-picture\" allowfullscreen><\/iframe>\n<\/div><\/figure>\n\n\n\n<p>Just i detta \u00f6gonblick arbetar miljarder neuron i din hj\u00e4rna tillsammans f\u00f6r att skapa en medveten upplevelse &#8211; och inte bara vilken upplevelse som helst, utan upplevelsen av v\u00e4rlden runt omkring dig och dig sj\u00e4lv i den verkligheten. Hur g\u00e5r det till? Neuroforskaren <a rel=\"noreferrer noopener\" href=\"https:\/\/www.anilseth.com\/\" target=\"_blank\">Anil Seth<\/a> f\u00f6rklarar varf\u00f6r vi alla &#8220;hallucinerar&#8221; hela tiden; n\u00e4r vi \u00e4r \u00f6verens om v\u00e5ra hallucinationer kallar vi det &#8220;verklighet&#8221;.<\/p>\n\n\n\n<p>V\u00e5r f\u00f6rst\u00e5else f\u00f6r hur hj\u00e4rnan &#8220;skapar&#8221; eller &#8220;f\u00f6ruts\u00e4ger&#8221; verklighet inklusive kroppsupplevelser och r\u00f6relser har gjort det m\u00f6jligt att f\u00f6rst\u00e5 att FNS kan vara ett tillst\u00e5nd d\u00e4r processen med f\u00f6ruts\u00e4gelser blir fel.<\/p>\n","protected":false},"excerpt":{"rendered":"<p>https:\/\/www.youtube.com\/watch?v=lyu7v7nWzfo<\/p>\n","protected":false},"author":3,"featured_media":0,"parent":1275,"menu_order":198,"comment_status":"closed","ping_status":"closed","template":"page-template\/media-details-template.php","meta":[],"_links":{"self":[{"href":"https:\/\/neurosymptoms.org\/sv_SE\/wp-json\/wp\/v2\/pages\/1328"}],"collection":[{"href":"https:\/\/neurosymptoms.org\/sv_SE\/wp-json\/wp\/v2\/pages"}],"about":[{"href":"https:\/\/neurosymptoms.org\/sv_SE\/wp-json\/wp\/v2\/types\/page"}],"author":[{"embeddable":true,"href":"https:\/\/neurosymptoms.org\/sv_SE\/wp-json\/wp\/v2\/users\/3"}],"replies":[{"embeddable":true,"href":"https:\/\/neurosymptoms.org\/sv_SE\/wp-json\/wp\/v2\/comments?post=1328"}],"version-history":[{"count":16,"href":"https:\/\/neurosymptoms.org\/sv_SE\/wp-json\/wp\/v2\/pages\/1328\/revisions"}],"predecessor-version":[{"id":11818,"href":"https:\/\/neurosymptoms.org\/sv_SE\/wp-json\/wp\/v2\/pages\/1328\/revisions\/11818"}],"up":[{"embeddable":true,"href":"https:\/\/neurosymptoms.org\/sv_SE\/wp-json\/wp\/v2\/pages\/1275"}],"wp:attachment":[{"href":"https:\/\/neurosymptoms.org\/sv_SE\/wp-json\/wp\/v2\/media?parent=1328"}],"curies":[{"name":"wp","href":"https:\/\/api.w.org\/{rel}","templated":true}]}}