{"id":1326,"date":"2021-03-07T17:22:48","date_gmt":"2021-03-07T17:22:48","guid":{"rendered":"https:\/\/ftd.cognihealth.in\/?page_id=1326"},"modified":"2023-01-03T22:09:42","modified_gmt":"2023-01-03T22:09:42","slug":"still-ill","status":"publish","type":"page","link":"https:\/\/neurosymptoms.org\/sv_SE\/media\/other-media\/still-ill\/","title":{"rendered":"Still  ill"},"content":{"rendered":"\n<figure class=\"wp-block-embed-youtube wp-block-embed is-type-video is-provider-youtube wp-embed-aspect-16-9 wp-has-aspect-ratio\"><div class=\"wp-block-embed__wrapper\">\n<iframe loading=\"lazy\" title=\"Still ill - by Kandinsky\" width=\"745\" height=\"419\" src=\"https:\/\/www.youtube.com\/embed\/ieP2dv2BHNw?feature=oembed\" frameborder=\"0\" allow=\"accelerometer; autoplay; clipboard-write; encrypted-media; gyroscope; picture-in-picture\" allowfullscreen><\/iframe>\n<\/div><\/figure>\n\n\n\n<p>Still Ill var en teaterproduktion av Kandinsky, som sattes upp i London i januari 2018 <a href=\"http:\/\/kandinsky-online.com\">http:\/\/kandinsky-online.com<\/a><\/p>\n\n\n\n<p>Det \u00e4r en pj\u00e4s som tar sig an FNS p\u00e5 ett nytt s\u00e4tt.  <\/p>\n","protected":false},"excerpt":{"rendered":"<p>https:\/\/www.youtube.com\/watch?v=ieP2dv2BHNw<\/p>\n","protected":false},"author":3,"featured_media":0,"parent":1273,"menu_order":193,"comment_status":"closed","ping_status":"closed","template":"page-template\/media-details-template.php","meta":[],"_links":{"self":[{"href":"https:\/\/neurosymptoms.org\/sv_SE\/wp-json\/wp\/v2\/pages\/1326"}],"collection":[{"href":"https:\/\/neurosymptoms.org\/sv_SE\/wp-json\/wp\/v2\/pages"}],"about":[{"href":"https:\/\/neurosymptoms.org\/sv_SE\/wp-json\/wp\/v2\/types\/page"}],"author":[{"embeddable":true,"href":"https:\/\/neurosymptoms.org\/sv_SE\/wp-json\/wp\/v2\/users\/3"}],"replies":[{"embeddable":true,"href":"https:\/\/neurosymptoms.org\/sv_SE\/wp-json\/wp\/v2\/comments?post=1326"}],"version-history":[{"count":15,"href":"https:\/\/neurosymptoms.org\/sv_SE\/wp-json\/wp\/v2\/pages\/1326\/revisions"}],"predecessor-version":[{"id":11799,"href":"https:\/\/neurosymptoms.org\/sv_SE\/wp-json\/wp\/v2\/pages\/1326\/revisions\/11799"}],"up":[{"embeddable":true,"href":"https:\/\/neurosymptoms.org\/sv_SE\/wp-json\/wp\/v2\/pages\/1273"}],"wp:attachment":[{"href":"https:\/\/neurosymptoms.org\/sv_SE\/wp-json\/wp\/v2\/media?parent=1326"}],"curies":[{"name":"wp","href":"https:\/\/api.w.org\/{rel}","templated":true}]}}