{"id":1318,"date":"2021-03-07T17:18:39","date_gmt":"2021-03-07T17:18:39","guid":{"rendered":"https:\/\/ftd.cognihealth.in\/?page_id=1318"},"modified":"2023-01-03T22:29:09","modified_gmt":"2023-01-03T22:29:09","slug":"fibromyalgia-living-with-chronic-pain","status":"publish","type":"page","link":"https:\/\/neurosymptoms.org\/sv_SE\/media\/pain-videos\/fibromyalgia-living-with-chronic-pain\/","title":{"rendered":"Fibromyalgi - att leva med l\u00e5ngvarig sm\u00e4rta"},"content":{"rendered":"\n<figure class=\"wp-block-embed-youtube wp-block-embed is-type-video is-provider-youtube wp-embed-aspect-16-9 wp-has-aspect-ratio\"><div class=\"wp-block-embed__wrapper\">\n<iframe loading=\"lazy\" title=\"Fibromyalgia: Living with chronic pain - BBC Stories\" width=\"745\" height=\"419\" src=\"https:\/\/www.youtube.com\/embed\/1CBULIcf9MU?feature=oembed\" frameborder=\"0\" allow=\"accelerometer; autoplay; clipboard-write; encrypted-media; gyroscope; picture-in-picture\" allowfullscreen><\/iframe>\n<\/div><\/figure>\n\n\n\n<p>Det h\u00e4r \u00e4r en kort film om kvinnor med Fibromyalgi fr\u00e5n BBC. <\/p>\n\n\n\n<p>De enda inv\u00e4ndningarna: det kan vara reversibelt och vi h\u00e5ller inte med om att det \u00e4r of\u00f6rklarat. Vi har l\u00e4rt oss mycket om hur Fibromyalgi fungerar under de senaste \u00e5ren. Och m\u00e4n kan ocks\u00e5 f\u00e5 det!<\/p>\n\n\n\n<p><\/p>\n\n\n\n<p>Se sidan om <a href=\"http:\/\/neurosymptoms.org\/pain\/4594358001\">Sm\u00e4rta <\/a>f\u00f6r mer.<\/p>\n","protected":false},"excerpt":{"rendered":"<p>https:\/\/www.youtube.com\/watch?v=1CBULIcf9MU<\/p>\n","protected":false},"author":3,"featured_media":0,"parent":1224,"menu_order":203,"comment_status":"closed","ping_status":"closed","template":"page-template\/media-details-template.php","meta":[],"_links":{"self":[{"href":"https:\/\/neurosymptoms.org\/sv_SE\/wp-json\/wp\/v2\/pages\/1318"}],"collection":[{"href":"https:\/\/neurosymptoms.org\/sv_SE\/wp-json\/wp\/v2\/pages"}],"about":[{"href":"https:\/\/neurosymptoms.org\/sv_SE\/wp-json\/wp\/v2\/types\/page"}],"author":[{"embeddable":true,"href":"https:\/\/neurosymptoms.org\/sv_SE\/wp-json\/wp\/v2\/users\/3"}],"replies":[{"embeddable":true,"href":"https:\/\/neurosymptoms.org\/sv_SE\/wp-json\/wp\/v2\/comments?post=1318"}],"version-history":[{"count":22,"href":"https:\/\/neurosymptoms.org\/sv_SE\/wp-json\/wp\/v2\/pages\/1318\/revisions"}],"predecessor-version":[{"id":11832,"href":"https:\/\/neurosymptoms.org\/sv_SE\/wp-json\/wp\/v2\/pages\/1318\/revisions\/11832"}],"up":[{"embeddable":true,"href":"https:\/\/neurosymptoms.org\/sv_SE\/wp-json\/wp\/v2\/pages\/1224"}],"wp:attachment":[{"href":"https:\/\/neurosymptoms.org\/sv_SE\/wp-json\/wp\/v2\/media?parent=1318"}],"curies":[{"name":"wp","href":"https:\/\/api.w.org\/{rel}","templated":true}]}}