{"id":1316,"date":"2021-03-07T17:17:55","date_gmt":"2021-03-07T17:17:55","guid":{"rendered":"https:\/\/ftd.cognihealth.in\/?page_id=1316"},"modified":"2023-01-03T22:30:42","modified_gmt":"2023-01-03T22:30:42","slug":"the-mystery-of-chronic-pain","status":"publish","type":"page","link":"https:\/\/neurosymptoms.org\/sv_SE\/media\/pain-videos\/the-mystery-of-chronic-pain\/","title":{"rendered":"Mysteriet med l\u00e5ngvarig sm\u00e4rta"},"content":{"rendered":"\n<figure class=\"wp-block-embed-youtube wp-block-embed is-type-video is-provider-youtube wp-embed-aspect-16-9 wp-has-aspect-ratio\"><div class=\"wp-block-embed__wrapper\">\n<iframe loading=\"lazy\" title=\"The mystery of chronic pain - Elliot Krane\" width=\"745\" height=\"419\" src=\"https:\/\/www.youtube.com\/embed\/CZ0gIiwjk_0?feature=oembed\" frameborder=\"0\" allow=\"accelerometer; autoplay; clipboard-write; encrypted-media; gyroscope; picture-in-picture\" allowfullscreen><\/iframe>\n<\/div><\/figure>\n\n\n\n<p>Ett bra, kort TED-talk med barnl\u00e4karen och narkosl\u00e4karen Elliot Krane som f\u00f6rklarar att l\u00e5ngvarig sm\u00e4rta \u00e4r annorlunda \u00e4n akut sm\u00e4rta, och precis som FNS \u00e4r en konsekvens av att nervsystemet signalerar p\u00e5 ett onormalt s\u00e4tt. Ju mer du f\u00f6rst\u00e5r om det h\u00e4r, desto mer nytta kan du ha av behandlingar som &#8220;\u00e5tertr\u00e4nar hj\u00e4rnan&#8221;.<\/p>\n","protected":false},"excerpt":{"rendered":"<p>https:\/\/www.youtube.com\/watch?v=J6&#8211;CMhcCfQ<\/p>\n","protected":false},"author":3,"featured_media":0,"parent":1224,"menu_order":209,"comment_status":"closed","ping_status":"closed","template":"page-template\/media-details-template.php","meta":[],"_links":{"self":[{"href":"https:\/\/neurosymptoms.org\/sv_SE\/wp-json\/wp\/v2\/pages\/1316"}],"collection":[{"href":"https:\/\/neurosymptoms.org\/sv_SE\/wp-json\/wp\/v2\/pages"}],"about":[{"href":"https:\/\/neurosymptoms.org\/sv_SE\/wp-json\/wp\/v2\/types\/page"}],"author":[{"embeddable":true,"href":"https:\/\/neurosymptoms.org\/sv_SE\/wp-json\/wp\/v2\/users\/3"}],"replies":[{"embeddable":true,"href":"https:\/\/neurosymptoms.org\/sv_SE\/wp-json\/wp\/v2\/comments?post=1316"}],"version-history":[{"count":19,"href":"https:\/\/neurosymptoms.org\/sv_SE\/wp-json\/wp\/v2\/pages\/1316\/revisions"}],"predecessor-version":[{"id":11838,"href":"https:\/\/neurosymptoms.org\/sv_SE\/wp-json\/wp\/v2\/pages\/1316\/revisions\/11838"}],"up":[{"embeddable":true,"href":"https:\/\/neurosymptoms.org\/sv_SE\/wp-json\/wp\/v2\/pages\/1224"}],"wp:attachment":[{"href":"https:\/\/neurosymptoms.org\/sv_SE\/wp-json\/wp\/v2\/media?parent=1316"}],"curies":[{"name":"wp","href":"https:\/\/api.w.org\/{rel}","templated":true}]}}