{"id":1314,"date":"2021-03-07T17:17:14","date_gmt":"2021-03-07T17:17:14","guid":{"rendered":"https:\/\/ftd.cognihealth.in\/?page_id=1314"},"modified":"2023-01-03T22:29:53","modified_gmt":"2023-01-03T22:29:53","slug":"the-mysterious-science-of-pain","status":"publish","type":"page","link":"https:\/\/neurosymptoms.org\/sv_SE\/media\/pain-videos\/the-mysterious-science-of-pain\/","title":{"rendered":"\"Den mystiska vetenskapen om sm\u00e4rta\""},"content":{"rendered":"\n<figure class=\"wp-block-embed-youtube wp-block-embed is-type-video is-provider-youtube wp-embed-aspect-16-9 wp-has-aspect-ratio\"><div class=\"wp-block-embed__wrapper\">\n<iframe loading=\"lazy\" title=\"The mysterious science of pain - Joshua W. Pate\" width=\"745\" height=\"419\" src=\"https:\/\/www.youtube.com\/embed\/eakyDiXX6Uc?feature=oembed\" frameborder=\"0\" allow=\"accelerometer; autoplay; clipboard-write; encrypted-media; gyroscope; picture-in-picture\" allowfullscreen><\/iframe>\n<\/div><\/figure>\n\n\n\n<p>Den h\u00e4r korta filmen f\u00f6rklarar hur l\u00e5ngvarig sm\u00e4rta skiljer sig fr\u00e5n akut sm\u00e4rta, och att v\u00e4vnadsskada inte beh\u00f6vs f\u00f6r sm\u00e4rta. <\/p>\n\n\n\n<p>VARNING: Det \u00e4r en animerad film, men den har animationer av m\u00e4nniskor med stark sm\u00e4rta!<\/p>\n","protected":false},"excerpt":{"rendered":"<p>https:\/\/www.youtube.com\/watch?v=eakyDiXX6Uc<\/p>\n","protected":false},"author":3,"featured_media":0,"parent":1224,"menu_order":208,"comment_status":"closed","ping_status":"closed","template":"page-template\/media-details-template.php","meta":[],"_links":{"self":[{"href":"https:\/\/neurosymptoms.org\/sv_SE\/wp-json\/wp\/v2\/pages\/1314"}],"collection":[{"href":"https:\/\/neurosymptoms.org\/sv_SE\/wp-json\/wp\/v2\/pages"}],"about":[{"href":"https:\/\/neurosymptoms.org\/sv_SE\/wp-json\/wp\/v2\/types\/page"}],"author":[{"embeddable":true,"href":"https:\/\/neurosymptoms.org\/sv_SE\/wp-json\/wp\/v2\/users\/3"}],"replies":[{"embeddable":true,"href":"https:\/\/neurosymptoms.org\/sv_SE\/wp-json\/wp\/v2\/comments?post=1314"}],"version-history":[{"count":18,"href":"https:\/\/neurosymptoms.org\/sv_SE\/wp-json\/wp\/v2\/pages\/1314\/revisions"}],"predecessor-version":[{"id":11836,"href":"https:\/\/neurosymptoms.org\/sv_SE\/wp-json\/wp\/v2\/pages\/1314\/revisions\/11836"}],"up":[{"embeddable":true,"href":"https:\/\/neurosymptoms.org\/sv_SE\/wp-json\/wp\/v2\/pages\/1224"}],"wp:attachment":[{"href":"https:\/\/neurosymptoms.org\/sv_SE\/wp-json\/wp\/v2\/media?parent=1314"}],"curies":[{"name":"wp","href":"https:\/\/api.w.org\/{rel}","templated":true}]}}