{"id":1308,"date":"2021-03-07T17:15:11","date_gmt":"2021-03-07T17:15:11","guid":{"rendered":"https:\/\/ftd.cognihealth.in\/?page_id=1308"},"modified":"2023-01-03T22:25:17","modified_gmt":"2023-01-03T22:25:17","slug":"tame-the-beast","status":"publish","type":"page","link":"https:\/\/neurosymptoms.org\/sv_SE\/media\/pain-videos\/tame-the-beast\/","title":{"rendered":"Tame the Beast"},"content":{"rendered":"\n<figure class=\"wp-block-embed-youtube wp-block-embed is-type-video is-provider-youtube wp-embed-aspect-16-9 wp-has-aspect-ratio\"><div class=\"wp-block-embed__wrapper\">\n<iframe loading=\"lazy\" title=\"Tame The Beast \u2014\u00a0It&#039;s time to rethink persistent pain\" width=\"745\" height=\"419\" src=\"https:\/\/www.youtube.com\/embed\/ikUzvSph7Z4?feature=oembed\" frameborder=\"0\" allow=\"accelerometer; autoplay; clipboard-write; encrypted-media; gyroscope; picture-in-picture\" allowfullscreen><\/iframe>\n<\/div><\/figure>\n\n\n\n<p>Fr\u00e5n <a href=\"http:\/\/neurosymptoms.org\/pain-videos\/tamethebeast.org.\">tamethebeast.org.<\/a>&nbsp;Detta \u00e4r \u00e4nnu en fantastisk video av Lorimer Moseley \u2013 en sm\u00e4rtforskare och kliniker i Australien.<\/p>\n\n\n\n<p>Den syftar till att f\u00f6rklara hur l\u00e5ngvarig sm\u00e4rta skiljer sig fr\u00e5n akut (kortvarig) sm\u00e4rta.<\/p>\n","protected":false},"excerpt":{"rendered":"<p>https:\/\/www.youtube.com\/watch?v=ikUzvSph7Z4<\/p>\n","protected":false},"author":3,"featured_media":0,"parent":1224,"menu_order":201,"comment_status":"closed","ping_status":"closed","template":"page-template\/media-details-template.php","meta":[],"_links":{"self":[{"href":"https:\/\/neurosymptoms.org\/sv_SE\/wp-json\/wp\/v2\/pages\/1308"}],"collection":[{"href":"https:\/\/neurosymptoms.org\/sv_SE\/wp-json\/wp\/v2\/pages"}],"about":[{"href":"https:\/\/neurosymptoms.org\/sv_SE\/wp-json\/wp\/v2\/types\/page"}],"author":[{"embeddable":true,"href":"https:\/\/neurosymptoms.org\/sv_SE\/wp-json\/wp\/v2\/users\/3"}],"replies":[{"embeddable":true,"href":"https:\/\/neurosymptoms.org\/sv_SE\/wp-json\/wp\/v2\/comments?post=1308"}],"version-history":[{"count":19,"href":"https:\/\/neurosymptoms.org\/sv_SE\/wp-json\/wp\/v2\/pages\/1308\/revisions"}],"predecessor-version":[{"id":11819,"href":"https:\/\/neurosymptoms.org\/sv_SE\/wp-json\/wp\/v2\/pages\/1308\/revisions\/11819"}],"up":[{"embeddable":true,"href":"https:\/\/neurosymptoms.org\/sv_SE\/wp-json\/wp\/v2\/pages\/1224"}],"wp:attachment":[{"href":"https:\/\/neurosymptoms.org\/sv_SE\/wp-json\/wp\/v2\/media?parent=1308"}],"curies":[{"name":"wp","href":"https:\/\/api.w.org\/{rel}","templated":true}]}}