{"id":1306,"date":"2021-03-07T17:14:26","date_gmt":"2021-03-07T17:14:26","guid":{"rendered":"https:\/\/ftd.cognihealth.in\/?page_id=1306"},"modified":"2023-01-03T22:29:32","modified_gmt":"2023-01-03T22:29:32","slug":"neuroplasticity-you-can-rewire-your-brain","status":"publish","type":"page","link":"https:\/\/neurosymptoms.org\/sv_SE\/media\/pain-videos\/neuroplasticity-you-can-rewire-your-brain\/","title":{"rendered":"Neuroplasticitet - du kan koppla om din hj\u00e4rna!"},"content":{"rendered":"\n<figure class=\"wp-block-embed-youtube wp-block-embed is-type-video is-provider-youtube wp-embed-aspect-16-9 wp-has-aspect-ratio\"><div class=\"wp-block-embed__wrapper\">\n<iframe loading=\"lazy\" title=\"Neuroplasticity\" width=\"745\" height=\"419\" src=\"https:\/\/www.youtube.com\/embed\/ELpfYCZa87g?feature=oembed\" frameborder=\"0\" allow=\"accelerometer; autoplay; clipboard-write; encrypted-media; gyroscope; picture-in-picture\" allowfullscreen><\/iframe>\n<\/div><\/figure>\n\n\n\n<p>Den h\u00e4r korta filmen fokuserar p\u00e5 fr\u00e5gan om hur du kan &#8220;koppla om&#8221; din hj\u00e4rna. <\/p>\n\n\n\n<p>Din hj\u00e4rna f\u00f6r\u00e4ndras beroende p\u00e5 vad du g\u00f6r med den. Att tr\u00e4na p\u00e5 alternativa s\u00e4tt att r\u00f6ra sig eller t\u00e4nka \u00e5stadkommer fysiska f\u00f6r\u00e4ndringar in hj\u00e4rnan &#8211; vilket kallas neuroplasticitet. <\/p>\n\n\n\n<p>Det \u00e4r s\u00e5 h\u00e4r behandling vid FNS kan hj\u00e4lpa. <\/p>\n","protected":false},"excerpt":{"rendered":"<p>https:\/\/www.youtube.com\/watch?v=ELpfYCZa87g<\/p>\n","protected":false},"author":3,"featured_media":0,"parent":1224,"menu_order":205,"comment_status":"closed","ping_status":"closed","template":"page-template\/media-details-template.php","meta":[],"_links":{"self":[{"href":"https:\/\/neurosymptoms.org\/sv_SE\/wp-json\/wp\/v2\/pages\/1306"}],"collection":[{"href":"https:\/\/neurosymptoms.org\/sv_SE\/wp-json\/wp\/v2\/pages"}],"about":[{"href":"https:\/\/neurosymptoms.org\/sv_SE\/wp-json\/wp\/v2\/types\/page"}],"author":[{"embeddable":true,"href":"https:\/\/neurosymptoms.org\/sv_SE\/wp-json\/wp\/v2\/users\/3"}],"replies":[{"embeddable":true,"href":"https:\/\/neurosymptoms.org\/sv_SE\/wp-json\/wp\/v2\/comments?post=1306"}],"version-history":[{"count":13,"href":"https:\/\/neurosymptoms.org\/sv_SE\/wp-json\/wp\/v2\/pages\/1306\/revisions"}],"predecessor-version":[{"id":11834,"href":"https:\/\/neurosymptoms.org\/sv_SE\/wp-json\/wp\/v2\/pages\/1306\/revisions\/11834"}],"up":[{"embeddable":true,"href":"https:\/\/neurosymptoms.org\/sv_SE\/wp-json\/wp\/v2\/pages\/1224"}],"wp:attachment":[{"href":"https:\/\/neurosymptoms.org\/sv_SE\/wp-json\/wp\/v2\/media?parent=1306"}],"curies":[{"name":"wp","href":"https:\/\/api.w.org\/{rel}","templated":true}]}}