{"id":1304,"date":"2021-03-07T17:13:14","date_gmt":"2021-03-07T17:13:14","guid":{"rendered":"https:\/\/ftd.cognihealth.in\/?page_id=1304"},"modified":"2023-01-03T22:25:27","modified_gmt":"2023-01-03T22:25:27","slug":"understanding-chronic-pain-in-5-minutes","status":"publish","type":"page","link":"https:\/\/neurosymptoms.org\/sv_SE\/media\/pain-videos\/understanding-chronic-pain-in-5-minutes\/","title":{"rendered":"Att f\u00f6rst\u00e5 l\u00e5ngvarig sm\u00e4rta p\u00e5 5 minuter"},"content":{"rendered":"\n<figure class=\"wp-block-embed-youtube wp-block-embed is-type-video is-provider-youtube wp-embed-aspect-16-9 wp-has-aspect-ratio\"><div class=\"wp-block-embed__wrapper\">\n<iframe loading=\"lazy\" title=\"Understanding Pain in less than 5 minutes, and what to do about it!\" width=\"745\" height=\"419\" src=\"https:\/\/www.youtube.com\/embed\/C_3phB93rvI?feature=oembed\" frameborder=\"0\" allow=\"accelerometer; autoplay; clipboard-write; encrypted-media; gyroscope; picture-in-picture\" allowfullscreen><\/iframe>\n<\/div><\/figure>\n\n\n\n<p>Det h\u00e4r \u00e4r video som introducerar viktiga id\u00e9er om l\u00e5ngvarig sm\u00e4rta.<\/p>\n\n\n\n<p>Den \u00e4r gjord av GP Access and the Hunter Integrated Pain Service, New South Wales, Australia<\/p>\n\n\n\n<p>Du kan ocks\u00e5 l\u00e4sa en utskrift av videon <a href=\"http:\/\/neurosymptoms.org\/download\/i\/mark_dl\/u\/4013612269\/4634740832\/Understanding_pain_transcript.pdf\">h\u00e4r<\/a>, och hitta andra spr\u00e5k och textade versioner&nbsp;<a href=\"https:\/\/www.youtube.com\/user\/gpaccess\/videos?shelf_id=1&amp;view=0&amp;sort=dd\">h\u00e4r.<\/a><\/p>\n","protected":false},"excerpt":{"rendered":"<p>https:\/\/www.youtube.com\/watch?v=C_3phB93rvI<\/p>\n","protected":false},"author":3,"featured_media":0,"parent":1224,"menu_order":202,"comment_status":"closed","ping_status":"closed","template":"page-template\/media-details-template.php","meta":[],"_links":{"self":[{"href":"https:\/\/neurosymptoms.org\/sv_SE\/wp-json\/wp\/v2\/pages\/1304"}],"collection":[{"href":"https:\/\/neurosymptoms.org\/sv_SE\/wp-json\/wp\/v2\/pages"}],"about":[{"href":"https:\/\/neurosymptoms.org\/sv_SE\/wp-json\/wp\/v2\/types\/page"}],"author":[{"embeddable":true,"href":"https:\/\/neurosymptoms.org\/sv_SE\/wp-json\/wp\/v2\/users\/3"}],"replies":[{"embeddable":true,"href":"https:\/\/neurosymptoms.org\/sv_SE\/wp-json\/wp\/v2\/comments?post=1304"}],"version-history":[{"count":17,"href":"https:\/\/neurosymptoms.org\/sv_SE\/wp-json\/wp\/v2\/pages\/1304\/revisions"}],"predecessor-version":[{"id":11821,"href":"https:\/\/neurosymptoms.org\/sv_SE\/wp-json\/wp\/v2\/pages\/1304\/revisions\/11821"}],"up":[{"embeddable":true,"href":"https:\/\/neurosymptoms.org\/sv_SE\/wp-json\/wp\/v2\/pages\/1224"}],"wp:attachment":[{"href":"https:\/\/neurosymptoms.org\/sv_SE\/wp-json\/wp\/v2\/media?parent=1304"}],"curies":[{"name":"wp","href":"https:\/\/api.w.org\/{rel}","templated":true}]}}