{"id":1291,"date":"2021-03-07T17:03:53","date_gmt":"2021-03-07T17:03:53","guid":{"rendered":"https:\/\/ftd.cognihealth.in\/?page_id=1291"},"modified":"2023-01-03T22:23:27","modified_gmt":"2023-01-03T22:23:27","slug":"my-fnd-recovery-story","status":"publish","type":"page","link":"https:\/\/neurosymptoms.org\/sv_SE\/media\/fnd-videos\/my-fnd-recovery-story\/","title":{"rendered":"Min ber\u00e4ttelse om \u00e5terh\u00e4mtning fr\u00e5n FNS"},"content":{"rendered":"\n<p><\/p>\n\n\n\n<figure class=\"wp-block-embed-youtube wp-block-embed is-type-video is-provider-youtube wp-embed-aspect-16-9 wp-has-aspect-ratio\"><div class=\"wp-block-embed__wrapper\">\n<iframe loading=\"lazy\" title=\"My Functional Neurological Disorder (FND) Recovery Story\" width=\"745\" height=\"419\" src=\"https:\/\/www.youtube.com\/embed\/9USepwToLqk?feature=oembed\" frameborder=\"0\" allow=\"accelerometer; autoplay; clipboard-write; encrypted-media; gyroscope; picture-in-picture\" allowfullscreen><\/iframe>\n<\/div><\/figure>\n\n\n\n<p>Jamie Lacelle delar med sig av sin ber\u00e4ttelse om FNS med sv\u00e5righeter att r\u00f6ra sig och sm\u00e4rta.<\/p>\n\n\n\n<p>Hon beskriver f\u00f6rdr\u00f6jningen innan hon fick sin diagnos, och hur hon sedan f\u00f6rb\u00e4ttrades med fysioterapi under l\u00e5ng tid.<\/p>\n\n\n\n<p>Det finns flera klipp d\u00e4r fysioterapeuten \u00e4r med, och Jamie ville skicka ett hoppfullt budskap till uppmuntran f\u00f6r andra.<\/p>\n\n\n\n<p>Tack Jamie f\u00f6r att du gjorde den h\u00e4r videon f\u00f6r att hj\u00e4lpa andra i samma situation.<\/p>\n","protected":false},"excerpt":{"rendered":"<p>https:\/\/www.youtube.com\/watch?v=9USepwToLqk<\/p>\n","protected":false},"author":3,"featured_media":0,"parent":1220,"menu_order":182,"comment_status":"closed","ping_status":"closed","template":"page-template\/media-details-template.php","meta":[],"_links":{"self":[{"href":"https:\/\/neurosymptoms.org\/sv_SE\/wp-json\/wp\/v2\/pages\/1291"}],"collection":[{"href":"https:\/\/neurosymptoms.org\/sv_SE\/wp-json\/wp\/v2\/pages"}],"about":[{"href":"https:\/\/neurosymptoms.org\/sv_SE\/wp-json\/wp\/v2\/types\/page"}],"author":[{"embeddable":true,"href":"https:\/\/neurosymptoms.org\/sv_SE\/wp-json\/wp\/v2\/users\/3"}],"replies":[{"embeddable":true,"href":"https:\/\/neurosymptoms.org\/sv_SE\/wp-json\/wp\/v2\/comments?post=1291"}],"version-history":[{"count":16,"href":"https:\/\/neurosymptoms.org\/sv_SE\/wp-json\/wp\/v2\/pages\/1291\/revisions"}],"predecessor-version":[{"id":11816,"href":"https:\/\/neurosymptoms.org\/sv_SE\/wp-json\/wp\/v2\/pages\/1291\/revisions\/11816"}],"up":[{"embeddable":true,"href":"https:\/\/neurosymptoms.org\/sv_SE\/wp-json\/wp\/v2\/pages\/1220"}],"wp:attachment":[{"href":"https:\/\/neurosymptoms.org\/sv_SE\/wp-json\/wp\/v2\/media?parent=1291"}],"curies":[{"name":"wp","href":"https:\/\/api.w.org\/{rel}","templated":true}]}}